{"id":4836,"date":"2023-03-31T17:35:45","date_gmt":"2023-03-31T17:35:45","guid":{"rendered":"https:\/\/100t.com.br\/?page_id=4836"},"modified":"2025-07-25T19:36:23","modified_gmt":"2025-07-25T19:36:23","slug":"about","status":"publish","type":"page","link":"https:\/\/100t.com.br\/tr\/about\/","title":{"rendered":"Hakk\u0131m\u0131zda"},"content":{"rendered":"<!--advertisement--><div class=\"mx-5 sm:mx-0 sm:text-3xl text-2xl font-medium title-font mb-4 text-gray-900 text-left\">\n<h2 id=\"h-informacao-inteligente-para-quem-quer-estar-sempre-a-frente\">\u00d6nde kalmak isteyenler i\u00e7in ak\u0131ll\u0131 bilgiler<\/h2>\n<\/div><div class=\"mx-5 sm:mx-0 prose leading-relaxed text-lg mb-5 text-left wp-paragraph\">\n<p>Teknoloji her yerde; rutin i\u015flerinizi kolayla\u015ft\u0131ran uygulamada, takip etti\u011finiz sporda, planlad\u0131\u011f\u0131n\u0131z seyahatte, hatta hayat\u0131n\u0131z\u0131 de\u011fi\u015ftirebilecek o i\u015f ilan\u0131nda bile. <strong>100 Teknoloji<\/strong> t\u00fcm bunlara basit, h\u0131zl\u0131 ve kullan\u0131\u015fl\u0131 bir \u015fekilde ba\u011flanman\u0131z\u0131 sa\u011flamak i\u00e7in var\u0131z.<\/p>\n<\/div><!--advertisement--><div class=\"mx-5 sm:mx-0 sm:text-3xl text-2xl font-medium title-font mb-4 text-gray-900 text-left\">\n<h2>Biz Kimiz?<\/h2>\n<\/div><div class=\"mx-5 sm:mx-0 prose leading-relaxed text-lg mb-5 text-left wp-paragraph\">\n<p>RubikTech, s\u00fcrekli olarak en iyi i\u00e7eri\u011fi a\u00e7\u0131k ve g\u00fcncel bir formatta sunmaya kendini adam\u0131\u015f bir i\u00e7erik ve bilgi \u015firketidir.<\/p>\n<\/div><div class=\"mx-5 sm:mx-0 prose leading-relaxed text-lg mb-5 text-left wp-paragraph\">\n<p>Uygulama d\u00fcnyas\u0131nda neler olup bitti\u011fini konu\u015fuyoruz, bo\u015f zaman, i\u015f veya rahatl\u0131k arayanlar i\u00e7in en iyi dijital ara\u00e7lar\u0131 \u00f6neriyoruz ve bug\u00fcn\u00fc ve gelece\u011fi \u015fekillendiren trendleri inceliyoruz.<\/p>\n<\/div><!--advertisement--><div class=\"mx-5 sm:mx-0 sm:text-3xl text-2xl font-medium title-font mb-4 text-gray-900 text-left\">\n<h2>Ne Yap\u0131yoruz<\/h2>\n<\/div><div class=\"mx-5 sm:mx-0 prose text-left mb-5\">\n<ul><div class=\"mx-5 sm:mx-0 prose text-left mb-5\">\n<li><strong>Kullan\u0131\u015fl\u0131 ve g\u00fcncel uygulamalar\u0131 \u00f6neriyoruz<\/strong>: verimlilik, sa\u011fl\u0131k, e\u011flence ve daha fazlas\u0131.<\/li>\n<\/div>\n\n<div class=\"mx-5 sm:mx-0 prose text-left mb-5\">\n<li><strong>Sizi spor ve e\u011flence d\u00fcnyas\u0131ndaki en son geli\u015fmelerle bulu\u015fturuyoruz<\/strong>Dijital platformlara odaklan\u0131yoruz.<\/li>\n<\/div>\n\n<div class=\"mx-5 sm:mx-0 prose text-left mb-5\">\n<li><strong>Teknolojinin \u00e7al\u0131\u015fmak, seyahat etmek veya i\u015f kurmak isteyenler i\u00e7in nas\u0131l kap\u0131lar a\u00e7t\u0131\u011f\u0131n\u0131 g\u00f6steriyoruz.<\/strong><\/li>\n<\/div>\n\n<div class=\"mx-5 sm:mx-0 prose text-left mb-5\">\n<li><strong>Her \u015feyi a\u00e7\u0131k\u00e7a a\u00e7\u0131kl\u0131yoruz<\/strong>: do\u011frudan, eri\u015filebilir ve g\u00fcvenilir i\u00e7erik.<\/li>\n<\/div><\/ul>\n<\/div><div class=\"mx-5 sm:mx-0 prose leading-relaxed text-lg mb-5 text-left wp-paragraph\">\n<p>Daha iyi kararlar alman\u0131za, zamandan tasarruf etmenize ve teknolojinin sundu\u011fu her \u015feyden en iyi \u015fekilde yararlanman\u0131za yard\u0131mc\u0131 olmaya kararl\u0131y\u0131z.<\/p>\n<\/div><!--advertisement--><div class=\"mx-5 sm:mx-0 sm:text-3xl text-2xl font-medium title-font mb-4 text-gray-900 text-left\">\n<h3>Yasal Uyar\u0131<\/h3>\n<\/div><div class=\"mx-5 sm:mx-0 prose leading-relaxed text-lg mb-5 text-left wp-paragraph\">\n<p>\u00d6 <strong>100 Teknoloji<\/strong> yaln\u0131zca bilgilendirme ama\u00e7l\u0131 bir portald\u0131r. \u0130\u00e7eri\u011fimizde ad\u0131 ge\u00e7en \u00fcr\u00fcn, uygulama veya \u015firketlerle hi\u00e7bir ticari ba\u011f\u0131m\u0131z yoktur. T\u00fcm \u00f6neriler, okuyucular\u0131m\u0131z\u0131n dijital d\u00fcnyada daha bilin\u00e7li ve bilin\u00e7li se\u00e7imler yapmalar\u0131na yard\u0131mc\u0131 olmak amac\u0131yla ba\u011f\u0131ms\u0131z olarak sunulmaktad\u0131r.<\/p>\n<\/div><!--advertisement--><div class=\"mx-5 sm:mx-0 sm:text-3xl text-2xl font-medium title-font mb-4 text-gray-900 text-left\">\n<h2>Geli\u015ftirmemize yard\u0131m edin<\/h2>\n<\/div><div class=\"mx-5 sm:mx-0 prose leading-relaxed text-lg mb-5 text-left wp-paragraph\">\n<p>Daha da geli\u015febilmemiz i\u00e7in fikir ve \u00f6nerilerinize de\u011fer veriyoruz. G\u00f6r\u00fc\u015flerinizi bizimle payla\u015f\u0131n!<\/p>\n<\/div>","protected":false},"excerpt":{"rendered":"<p>\u00d6nde kalmak isteyenler i\u00e7in ak\u0131ll\u0131 bilgiler. Teknoloji her yerde; rutininizi kolayla\u015ft\u0131ran uygulamada, takip etti\u011finiz sporda, planlad\u0131\u011f\u0131n\u0131z seyahatte, hatta hayat\u0131n\u0131z\u0131 de\u011fi\u015ftirebilecek o i\u015f f\u0131rsat\u0131nda. 100 Tech, sizi t\u00fcm bunlara basit ve h\u0131zl\u0131 bir \u015fekilde ba\u011flamak i\u00e7in var... <a class=\"more-link\" href=\"https:\/\/100t.com.br\/tr\/about\/\">Okumaya devam et <span class=\"screen-reader-text\">Hakk\u0131m\u0131zda<\/span><\/a><\/p>","protected":false},"author":4,"featured_media":0,"parent":0,"menu_order":0,"comment_status":"closed","ping_status":"closed","template":"","meta":[],"yoast_head":"<!-- This site is optimized with the Yoast SEO Premium plugin v18.7 (Yoast SEO v19.1) - https:\/\/yoast.com\/wordpress\/plugins\/seo\/ -->\n<title>Sobre N\u00f3s - 100 Tech<\/title>\n<meta name=\"robots\" content=\"index, follow, max-snippet:-1, max-image-preview:large, max-video-preview:-1\" \/>\n<link rel=\"canonical\" href=\"https:\/\/100t.com.br\/tr\/about\/\" \/>\n<meta property=\"og:locale\" content=\"tr_TR\" \/>\n<meta property=\"og:type\" content=\"article\" \/>\n<meta property=\"og:title\" content=\"Sobre N\u00f3s\" \/>\n<meta property=\"og:description\" content=\"Informa\u00e7\u00e3o inteligente para quem quer estar sempre \u00e0 frente A tecnologia est\u00e1 em tudo \u2014 no app que facilita sua rotina, no esporte que voc\u00ea acompanha, na viagem que planeja ou at\u00e9 naquela vaga de emprego que pode mudar sua vida. O 100 Tech existe para conectar voc\u00ea a tudo isso de forma simples, r\u00e1pida&hellip; Continue reading Sobre N\u00f3s\" \/>\n<meta property=\"og:url\" content=\"https:\/\/100t.com.br\/tr\/about\/\" \/>\n<meta property=\"og:site_name\" content=\"100 Tech\" \/>\n<meta property=\"article:modified_time\" content=\"2025-07-25T19:36:23+00:00\" \/>\n<meta name=\"twitter:card\" content=\"summary_large_image\" \/>\n<meta name=\"twitter:label1\" content=\"Est. reading time\" \/>\n\t<meta name=\"twitter:data1\" content=\"2 minutes\" \/>\n<script type=\"application\/ld+json\" class=\"yoast-schema-graph\">{\"@context\":\"https:\/\/schema.org\",\"@graph\":[{\"@type\":\"WebSite\",\"@id\":\"https:\/\/100t.com.br\/#website\",\"url\":\"https:\/\/100t.com.br\/\",\"name\":\"100 Tech\",\"description\":\"Tecnologia e Informa\u00e7\u00e3o\",\"potentialAction\":[{\"@type\":\"SearchAction\",\"target\":{\"@type\":\"EntryPoint\",\"urlTemplate\":\"https:\/\/100t.com.br\/?s={search_term_string}\"},\"query-input\":\"required name=search_term_string\"}],\"inLanguage\":\"tr-TR\"},{\"@type\":\"WebPage\",\"@id\":\"https:\/\/100t.com.br\/about\/#webpage\",\"url\":\"https:\/\/100t.com.br\/about\/\",\"name\":\"Sobre N\u00f3s - 100 Tech\",\"isPartOf\":{\"@id\":\"https:\/\/100t.com.br\/#website\"},\"datePublished\":\"2023-03-31T17:35:45+00:00\",\"dateModified\":\"2025-07-25T19:36:23+00:00\",\"breadcrumb\":{\"@id\":\"https:\/\/100t.com.br\/about\/#breadcrumb\"},\"inLanguage\":\"tr-TR\",\"potentialAction\":[{\"@type\":\"ReadAction\",\"target\":[\"https:\/\/100t.com.br\/about\/\"]}]},{\"@type\":\"BreadcrumbList\",\"@id\":\"https:\/\/100t.com.br\/about\/#breadcrumb\",\"itemListElement\":[{\"@type\":\"ListItem\",\"position\":1,\"name\":\"Home\",\"item\":\"https:\/\/100t.com.br\/tr\/\"},{\"@type\":\"ListItem\",\"position\":2,\"name\":\"Sobre N\u00f3s\"}]}]}<\/script>\n<!-- \/ Yoast SEO Premium plugin. -->","yoast_head_json":{"title":"Sobre N\u00f3s - 100 Tech","robots":{"index":"index","follow":"follow","max-snippet":"max-snippet:-1","max-image-preview":"max-image-preview:large","max-video-preview":"max-video-preview:-1"},"canonical":"https:\/\/100t.com.br\/tr\/about\/","og_locale":"tr_TR","og_type":"article","og_title":"Sobre N\u00f3s","og_description":"Informa\u00e7\u00e3o inteligente para quem quer estar sempre \u00e0 frente A tecnologia est\u00e1 em tudo \u2014 no app que facilita sua rotina, no esporte que voc\u00ea acompanha, na viagem que planeja ou at\u00e9 naquela vaga de emprego que pode mudar sua vida. O 100 Tech existe para conectar voc\u00ea a tudo isso de forma simples, r\u00e1pida&hellip; Continue reading Sobre N\u00f3s","og_url":"https:\/\/100t.com.br\/tr\/about\/","og_site_name":"100 Tech","article_modified_time":"2025-07-25T19:36:23+00:00","twitter_card":"summary_large_image","twitter_misc":{"Est. reading time":"2 minutes"},"schema":{"@context":"https:\/\/schema.org","@graph":[{"@type":"WebSite","@id":"https:\/\/100t.com.br\/#website","url":"https:\/\/100t.com.br\/","name":"100 Tech","description":"Tecnologia e Informa\u00e7\u00e3o","potentialAction":[{"@type":"SearchAction","target":{"@type":"EntryPoint","urlTemplate":"https:\/\/100t.com.br\/?s={search_term_string}"},"query-input":"required name=search_term_string"}],"inLanguage":"tr-TR"},{"@type":"WebPage","@id":"https:\/\/100t.com.br\/about\/#webpage","url":"https:\/\/100t.com.br\/about\/","name":"Sobre N\u00f3s - 100 Tech","isPartOf":{"@id":"https:\/\/100t.com.br\/#website"},"datePublished":"2023-03-31T17:35:45+00:00","dateModified":"2025-07-25T19:36:23+00:00","breadcrumb":{"@id":"https:\/\/100t.com.br\/about\/#breadcrumb"},"inLanguage":"tr-TR","potentialAction":[{"@type":"ReadAction","target":["https:\/\/100t.com.br\/about\/"]}]},{"@type":"BreadcrumbList","@id":"https:\/\/100t.com.br\/about\/#breadcrumb","itemListElement":[{"@type":"ListItem","position":1,"name":"Home","item":"https:\/\/100t.com.br\/tr\/"},{"@type":"ListItem","position":2,"name":"Sobre N\u00f3s"}]}]}},"_links":{"self":[{"href":"https:\/\/100t.com.br\/tr\/wp-json\/wp\/v2\/pages\/4836"}],"collection":[{"href":"https:\/\/100t.com.br\/tr\/wp-json\/wp\/v2\/pages"}],"about":[{"href":"https:\/\/100t.com.br\/tr\/wp-json\/wp\/v2\/types\/page"}],"author":[{"embeddable":true,"href":"https:\/\/100t.com.br\/tr\/wp-json\/wp\/v2\/users\/4"}],"replies":[{"embeddable":true,"href":"https:\/\/100t.com.br\/tr\/wp-json\/wp\/v2\/comments?post=4836"}],"version-history":[{"count":0,"href":"https:\/\/100t.com.br\/tr\/wp-json\/wp\/v2\/pages\/4836\/revisions"}],"wp:attachment":[{"href":"https:\/\/100t.com.br\/tr\/wp-json\/wp\/v2\/media?parent=4836"}],"curies":[{"name":"wp","href":"https:\/\/api.w.org\/{rel}","templated":true}]}}