{"id":4830,"date":"2023-03-31T16:29:55","date_gmt":"2023-03-31T16:29:55","guid":{"rendered":"https:\/\/100t.com.br\/?page_id=4830"},"modified":"2023-11-22T20:57:25","modified_gmt":"2023-11-22T20:57:25","slug":"terms","status":"publish","type":"page","link":"https:\/\/100t.com.br\/tr\/terms\/","title":{"rendered":"Kullan\u0131m Ko\u015fullar\u0131 \u2013 100 Teknoloji"},"content":{"rendered":"<div class=\"mx-5 sm:mx-0 prose leading-relaxed text-lg mb-5 text-left wp-paragraph\">\n<p>22 Kas\u0131m 2023&#039;te g\u00fcncellendi.<\/p>\n<\/div><div class=\"mx-5 sm:mx-0 prose leading-relaxed text-lg mb-5 text-left wp-paragraph\">\n<p>THE <strong>RubikTech O\u00dc<\/strong>Estonya&#039;da (LLC, O\u00dc olarak da bilinir) kurulmu\u015f, KDV EE102662223&#039;e kay\u0131tl\u0131 ve Tallinn&#039;de, Keemia Street tn 4, 10616, Harju, Estonya&#039;da yerle\u015fik bir limited \u015firket olan . adresinden eri\u015filebilen 100 Tech web sitesi <a style=\" color:;\" href=\"https:\/\/100t.com.br\/tr\/\">https:\/\/100t.com.br<\/a>.<\/p>\n<\/div><div class=\"mx-5 sm:mx-0 prose leading-relaxed text-lg mb-5 text-left wp-paragraph\">\n<p>S\u00f6z konusu portal 100 Tech taraf\u0131ndan y\u00f6netilmektedir. Bu belgede &#039;biz&#039;, &#039;bize&#039; ve &#039;bizim&#039; ifadeleri yaln\u0131zca 100 Tech&#039;e at\u0131fta bulunmaktad\u0131r. Mevcut t\u00fcm bilgiler, hizmetler ve i\u00e7erik dahil olmak \u00fczere bu portal, kullan\u0131c\u0131n\u0131n burada belirtilen t\u00fcm \u015fartlar\u0131, ko\u015fullar\u0131 ve politikalar\u0131 kabul etmesine tabi olarak 100 Tech taraf\u0131ndan sa\u011flanmaktad\u0131r. Hizmetlerimizi kullanmak, portal\u0131m\u0131za g\u00f6z atmay\u0131 ve portal\u0131m\u0131zla etkile\u015fim kurmay\u0131 i\u00e7erir.<\/p>\n<\/div><div class=\"mx-5 sm:mx-0 prose leading-relaxed text-lg mb-5 text-left wp-paragraph\">\n<p>100 Tech, ulusal ve uluslararas\u0131 kurulu\u015flar taraf\u0131ndan sunulan geni\u015f bir \u00fcr\u00fcn ve hizmet yelpazesi (uygulamalar, teknoloji, e\u011flence ve di\u011ferleri dahil) hakk\u0131nda bilgilendirici i\u00e7erik ve analiz olu\u015fturma konusunda uzmanla\u015fm\u0131\u015f bir web sitesi olarak \u00f6ne \u00e7\u0131k\u0131yor.<\/p>\n<\/div><div class=\"mx-5 sm:mx-0 prose leading-relaxed text-lg mb-5 text-left wp-paragraph\">\n<p>Bu web sitesinin kullan\u0131m\u0131n\u0131n hem bu Ko\u015fullara hem de https:\/\/100t.com.br\/privacy adresinden ba\u015fvurulabilecek 100 Tech Gizlilik Politikas\u0131na tabi oldu\u011funun ve ge\u00e7erli mevzuata uygun oldu\u011funun dikkate al\u0131nmas\u0131 \u00f6nemlidir. .<\/p>\n<\/div><div class=\"mx-5 sm:mx-0 prose leading-relaxed text-lg mb-5 text-left wp-paragraph\">\n<p>Bu nedenle Genel Kullan\u0131m H\u00fck\u00fcm ve Ko\u015fullar\u0131, 100 Tech web sitesine eri\u015fen ve\/veya onu kullanan t\u00fcm kullan\u0131c\u0131lar\u0131n sorumluluklar\u0131n\u0131, y\u00fck\u00fcml\u00fcl\u00fcklerini ve g\u00f6revlerini sonraki noktalarda ayr\u0131nt\u0131l\u0131 olarak a\u00e7\u0131kl\u0131\u011fa kavu\u015fturmay\u0131 ama\u00e7lamaktad\u0131r.<\/p>\n<\/div><div class=\"mx-5 sm:mx-0 prose leading-relaxed text-lg mb-5 text-left wp-paragraph\">\n<p><strong>Kullan\u0131m Ko\u015fullar\u0131m\u0131z\u0131 dikkatlice okuman\u0131z \u00f6nemlidir. Burada belirtilen ko\u015fullar\u0131 kabul etmiyorsan\u0131z 100 Tech taraf\u0131ndan sa\u011flanan hizmetleri kullanmaktan ka\u00e7\u0131nman\u0131z\u0131 rica ederiz.<\/strong><\/p>\n<\/div><!--advertisement--><div class=\"mx-5 sm:mx-0 sm:text-3xl text-2xl font-medium title-font mb-4 text-gray-900 text-left\">\n<h2 id=\"h-secao-i-admissao\">B\u00f6l\u00fcm I \u2013 Kabul<\/h2>\n<\/div><div class=\"mx-5 sm:mx-0 prose leading-relaxed text-lg mb-5 text-left wp-paragraph\">\n<p><strong>1.1 <\/strong>Kullan\u0131c\u0131, 100 Tech&#039;i kullan\u0131rken Genel Kullan\u0131m \u015eartlar\u0131 ve Ko\u015fullar\u0131na uymay\u0131 taahh\u00fct eder. <a style=\" color:;\" href=\"https:\/\/100t.com.br\/tr\/privacy\/\">Gizlilik Politikas\u0131<\/a> 100 Tech&#039;den.<\/p>\n<\/div><div class=\"mx-5 sm:mx-0 prose leading-relaxed text-lg mb-5 text-left wp-paragraph\">\n<p><strong>1.2 <\/strong>Kullan\u0131c\u0131, 100 Tech&#039;e eri\u015firken ve\/veya kullan\u0131rken, en az 18 (on sekiz) ya\u015f\u0131nda oldu\u011funu ve bu Kullan\u0131m H\u00fck\u00fcm ve Ko\u015fullar\u0131n\u0131 t\u00fcm yasal ama\u00e7larla kabul etme konusunda tam yasal ve a\u00e7\u0131k ehliyete sahip oldu\u011funu beyan eder.<\/p>\n<\/div><div class=\"mx-5 sm:mx-0 prose leading-relaxed text-lg mb-5 text-left wp-paragraph\">\n<p><strong>1.3 <\/strong>Kullan\u0131c\u0131 yukar\u0131da belirtilen kriterleri kar\u015f\u0131lam\u0131yorsa ve\/veya bu Kullan\u0131m \u015eartlar\u0131 ve Ko\u015fullar\u0131nda yer alan h\u00fck\u00fcm ve ko\u015fullar\u0131 k\u0131smen veya tamamen kabul etmiyorsa, hizmetlere eri\u015fmekten ve\/veya bunlar\u0131 kullanmaktan ka\u00e7\u0131nmal\u0131d\u0131r. 100 Tech&#039;in yan\u0131 s\u0131ra onun taraf\u0131ndan y\u00f6netilen web siteleri ve hizmetler taraf\u0131ndan kullan\u0131ma sunulmu\u015ftur.<\/p>\n<\/div><!--advertisement--><div class=\"mx-5 sm:mx-0 sm:text-3xl text-2xl font-medium title-font mb-4 text-gray-900 text-left\">\n<h2>B\u00f6l\u00fcm II \u2013 \u0130leti\u015fim<\/h2>\n<\/div><div class=\"mx-5 sm:mx-0 prose leading-relaxed text-lg mb-5 text-left wp-paragraph\">\n<p><strong>2.1 <\/strong>Kullan\u0131c\u0131 bu hizmeti herhangi bir \u015f\u00fcpheyi a\u00e7\u0131kl\u0131\u011fa kavu\u015fturmak, herhangi bir sorunu \u00e7\u00f6zmek ve 100 Tech&#039;te mevcut olan \u00fcr\u00fcnler\/hizmetler hakk\u0131nda \u015fikayet veya di\u011fer bilgileri g\u00f6ndermek i\u00e7in kullanabilir.<\/p>\n<\/div><div class=\"mx-5 sm:mx-0 prose leading-relaxed text-lg mb-5 text-left wp-paragraph\">\n<p><strong>2.2<\/strong> \u0130leti\u015fime ge\u00e7mek i\u00e7in Kullan\u0131c\u0131 \u015fu adresteki formu kullanabilir: <a style=\" color:;\" href=\"https:\/\/100t.com.br\/tr\/contact\/\">https:\/\/100t.com.br\/contact\/<\/a>.<\/p>\n<\/div><!--advertisement--><div class=\"mx-5 sm:mx-0 sm:text-3xl text-2xl font-medium title-font mb-4 text-gray-900 text-left\">\n<h2>B\u00f6l\u00fcm III \u2013 Taraflar\u0131n Sorumluluklar\u0131<\/h2>\n<\/div><div class=\"mx-5 sm:mx-0 prose leading-relaxed text-lg mb-5 text-left wp-paragraph\">\n<p><strong>3.1 <\/strong>Kullan\u0131c\u0131, 100 Tech web sitesinde yer alan hizmet ve \u00fcr\u00fcnlere eri\u015ferek ve bunlar\u0131 kullanarak, i\u015fbu Kullan\u0131m \u015eartlar\u0131 ve Gizlilik Politikas\u0131&#039;nda yer alan t\u00fcm h\u00fck\u00fcmleri okudu\u011funu, anlad\u0131\u011f\u0131n\u0131 ve kabul etti\u011fini beyan eder.<\/p>\n<\/div><div class=\"mx-5 sm:mx-0 prose leading-relaxed text-lg mb-5 text-left wp-paragraph\">\n<p><strong>3.2 <\/strong>100 Tech, hizmetlerin s\u00f6zle\u015fmeyle sat\u0131n al\u0131nabilece\u011fi ve \u00fcr\u00fcnlerin do\u011frudan ilgili \u015firketlerden sat\u0131n al\u0131nabilece\u011fi \u00fc\u00e7\u00fcnc\u00fc taraf web sitelerine ba\u011flant\u0131lar sa\u011flar ve Kullan\u0131c\u0131y\u0131 y\u00f6nlendirir. 100 Tech bu s\u00fcrece m\u00fcdahale etmez.<\/p>\n<\/div><div class=\"mx-5 sm:mx-0 prose leading-relaxed text-lg mb-5 text-left wp-paragraph\">\n<p><strong>3.3 <\/strong>Bir ortak \u015firketin web sitesine y\u00f6nlendirilirken Kullan\u0131c\u0131, ilgili \u015firketin kullan\u0131m ko\u015fullar\u0131n\u0131 ve gizlilik politikalar\u0131n\u0131 incelemeli ve a\u00e7\u0131k\u00e7a kabul etmelidir.<\/p>\n<\/div><div class=\"mx-5 sm:mx-0 prose leading-relaxed text-lg mb-5 text-left wp-paragraph\">\n<p><strong>3.4 <\/strong>100 Tech, \u00fc\u00e7\u00fcnc\u00fc taraf \u015firketlerin politikalar\u0131ndan ve kullan\u0131m ko\u015fullar\u0131ndan, hizmet bilgilerinden veya reklam\u0131 yap\u0131lan \u00fcr\u00fcnlerden veya bu \u015firketlerle yap\u0131lan herhangi bir teklif veya s\u00f6zle\u015fmeden sorumlu de\u011fildir.<\/p>\n<\/div><div class=\"mx-5 sm:mx-0 prose leading-relaxed text-lg mb-5 text-left wp-paragraph\">\n<p><strong>3.5 <\/strong>100 Tech, internette gezinirken veya veri aktar\u0131rken edinilen vir\u00fcslerin veya k\u00f6t\u00fc ama\u00e7l\u0131 yaz\u0131l\u0131mlar\u0131n neden oldu\u011fu zararlardan sorumlu de\u011fildir. Kullan\u0131c\u0131n\u0131n g\u00fcncel g\u00fcvenlik sistemlerine sahip olmas\u0131 tavsiye edilir.<\/p>\n<\/div><div class=\"mx-5 sm:mx-0 prose leading-relaxed text-lg mb-5 text-left wp-paragraph\">\n<p><strong>3.6 <\/strong>100 Tech, web sitesinin yanl\u0131\u015f kullan\u0131m\u0131ndan veya m\u00fccbir sebeplerden kaynaklanan zararlardan sorumlu olmayacakt\u0131r.<\/p>\n<\/div><div class=\"mx-5 sm:mx-0 prose leading-relaxed text-lg mb-5 text-left wp-paragraph\">\n<p><strong>3.7 <\/strong>100 Tech, finansal \u00fcr\u00fcnlerin onaylanmas\u0131 veya verilmesi i\u00e7in depozito veya banka havalesi talep etmez.<\/p>\n<\/div><div class=\"mx-5 sm:mx-0 prose leading-relaxed text-lg mb-5 text-left wp-paragraph\">\n<p><strong>3.8 <\/strong>100 Tech, ki\u015fisel veriler veya kay\u0131t verileri, y\u00fcr\u00fct\u00fclebilir ekler veya indirme ba\u011flant\u0131lar\u0131 isteyen e-postalar g\u00f6ndermez. Bu t\u00fcr ileti\u015fimler al\u0131rsan\u0131z l\u00fctfen a\u015fa\u011f\u0131daki ileti\u015fim formumuzu kullanarak bizi bilgilendirin: <a style=\" color:;\" href=\"https:\/\/100t.com.br\/tr\/contact\/\">https:\/\/100t.com.br\/contact\/<\/a>.<\/p>\n<\/div><!--advertisement--><div class=\"mx-5 sm:mx-0 sm:text-3xl text-2xl font-medium title-font mb-4 text-gray-900 text-left\">\n<h2>B\u00f6l\u00fcm IV \u2013 Kullan\u0131m Ko\u015fullar\u0131 ve K\u0131s\u0131tlamalar<\/h2>\n<\/div><div class=\"mx-5 sm:mx-0 prose leading-relaxed text-lg mb-5 text-left wp-paragraph\">\n<p>Hizmet Ko\u015fullar\u0131 kapsam\u0131nda web sitemizin ve i\u00e7eri\u011fimizin kullan\u0131m\u0131na kat\u0131 k\u0131s\u0131tlamalar getirdik. A\u00e7\u0131k\u00e7a yasakt\u0131r:<\/p>\n<\/div><div class=\"mx-5 sm:mx-0 prose text-left mb-5\">\n<ol><div class=\"mx-5 sm:mx-0 prose text-left mb-5\">\n<li>Web sitesini yasa d\u0131\u015f\u0131 ama\u00e7larla veya yasa d\u0131\u015f\u0131 faaliyetleri te\u015fvik etmek i\u00e7in kullanmak.<\/li>\n<\/div>\n\n<div class=\"mx-5 sm:mx-0 prose text-left mb-5\">\n<li>Yerel, eyalet, federal, b\u00f6lgesel veya uluslararas\u0131 yasa veya d\u00fczenlemeleri dikkate almay\u0131n.<\/li>\n<\/div>\n\n<div class=\"mx-5 sm:mx-0 prose text-left mb-5\">\n<li>Fikri m\u00fclkiyet haklar\u0131m\u0131z\u0131 veya \u00fc\u00e7\u00fcnc\u00fc taraflar\u0131n haklar\u0131n\u0131 ihlal etmek veya ihlal etmek.<\/li>\n<\/div>\n\n<div class=\"mx-5 sm:mx-0 prose text-left mb-5\">\n<li>Cinsiyet, cinsel y\u00f6nelim, din, etnik k\u00f6ken, \u0131rk, ya\u015f, ulusal k\u00f6ken veya engellili\u011fe dayal\u0131 taciz, istismar, karalama, korkutma veya ayr\u0131mc\u0131l\u0131k gibi davran\u0131\u015flarda bulunmak.<\/li>\n<\/div>\n\n<div class=\"mx-5 sm:mx-0 prose text-left mb-5\">\n<li>Yanl\u0131\u015f veya yan\u0131lt\u0131c\u0131 bilgi yaymak.<\/li>\n<\/div>\n\n<div class=\"mx-5 sm:mx-0 prose text-left mb-5\">\n<li>Hizmetin, ilgili sitelerin, di\u011fer sitelerin veya \u0130nternet&#039;in i\u015fleyi\u015fine zarar verebilecek vir\u00fcsleri veya di\u011fer kodlar\u0131 yaymak.<\/li>\n<\/div>\n\n<div class=\"mx-5 sm:mx-0 prose text-left mb-5\">\n<li>\u00dc\u00e7\u00fcnc\u00fc taraflar\u0131n ki\u015fisel verilerini izinsiz toplay\u0131n veya takip edin.<\/li>\n<\/div>\n\n<div class=\"mx-5 sm:mx-0 prose text-left mb-5\">\n<li>Spam, kimlik av\u0131, eczane, bahane, \u00f6r\u00fcmcek, tarama veya kaz\u0131ma i\u015flemlerini uygulay\u0131n.<\/li>\n<\/div>\n\n<div class=\"mx-5 sm:mx-0 prose text-left mb-5\">\n<li>Web sitesini m\u00fcstehcen veya ahlak d\u0131\u015f\u0131 ama\u00e7larla kullanmak.<\/li>\n<\/div>\n\n<div class=\"mx-5 sm:mx-0 prose text-left mb-5\">\n<li>Hizmetin, ilgili sitelerin, di\u011fer sitelerin veya \u0130nternet&#039;in g\u00fcvenlik \u00f6nlemlerine m\u00fcdahale etmek veya bunlar\u0131 a\u015fmak.<\/li>\n<\/div><\/ol>\n<\/div><div class=\"mx-5 sm:mx-0 prose leading-relaxed text-lg mb-5 text-left wp-paragraph\">\n<p><strong>Bu k\u0131s\u0131tlamalardan herhangi birini ihlal etmeniz durumunda Hizmetlerimizi ve ilgili web sitelerini kullan\u0131m\u0131n\u0131z\u0131 sonland\u0131rma veya ask\u0131ya alma hakk\u0131n\u0131 sakl\u0131 tutar\u0131z.<\/strong><\/p>\n<\/div><!--advertisement--><div class=\"mx-5 sm:mx-0 sm:text-3xl text-2xl font-medium title-font mb-4 text-gray-900 text-left\">\n<h2>B\u00f6l\u00fcm V \u2013 Sorumluluk ve Garantilerin S\u0131n\u0131rlamas\u0131<\/h2>\n<\/div><div class=\"mx-5 sm:mx-0 prose leading-relaxed text-lg mb-5 text-left wp-paragraph\">\n<p>Hizmetimizin kullan\u0131m\u0131n\u0131n s\u00fcrekli, tamamen g\u00fcvenli veya hatas\u0131z olmayabilece\u011finin bilincindeyiz. Hizmetten elde edilen sonu\u00e7lar\u0131n her zaman do\u011fru veya g\u00fcvenilir olaca\u011f\u0131n\u0131 garanti etmiyoruz.<\/p>\n<\/div><div class=\"mx-5 sm:mx-0 prose leading-relaxed text-lg mb-5 text-left wp-paragraph\">\n<p>Hizmete eri\u015fim, \u00f6nceden bildirimde bulunulmas\u0131na gerek kalmaks\u0131z\u0131n ara s\u0131ra ask\u0131ya al\u0131nabilir veya herhangi bir zamanda iptal edilebilir.<\/p>\n<\/div><div class=\"mx-5 sm:mx-0 prose leading-relaxed text-lg mb-5 text-left wp-paragraph\">\n<p>Hizmetin herhangi bir \u015fekilde kullan\u0131lmas\u0131 veya kullan\u0131lamamas\u0131 riskinin tamamen size ait oldu\u011funu kabul edersiniz. Hizmet, ticarete elveri\u015flilik, belirli bir amaca uygunluk veya ihlal etmeme garantileri dahil ancak bunlarla s\u0131n\u0131rl\u0131 olmamak \u00fczere, a\u00e7\u0131k veya z\u0131mni hi\u00e7bir garanti olmaks\u0131z\u0131n &quot;oldu\u011fu gibi&quot; ve &quot;mevcut oldu\u011fu \u015fekilde&quot; sa\u011flan\u0131r.<\/p>\n<\/div><div class=\"mx-5 sm:mx-0 prose leading-relaxed text-lg mb-5 text-left wp-paragraph\">\n<p>100 Tech, y\u00f6neticileri, \u00e7al\u0131\u015fanlar\u0131 veya ortaklar\u0131 hi\u00e7bir durumda Hizmetin kullan\u0131m\u0131ndan kaynaklanan hi\u00e7bir zarar, kay\u0131p veya iddiadan sorumlu olmayacakt\u0131r. Bu, Hizmet arac\u0131l\u0131\u011f\u0131yla elde edilen herhangi bir hizmet veya \u00fcr\u00fcn\u00fcn kullan\u0131m\u0131ndan veya hizmetin kullan\u0131m\u0131yla ilgili di\u011fer herhangi bir iddiadan kaynaklanan kar, veri veya di\u011fer maddi olmayan kay\u0131plar\u0131 i\u00e7erir ancak bunlarla s\u0131n\u0131rl\u0131 de\u011fildir.<\/p>\n<\/div><div class=\"mx-5 sm:mx-0 prose leading-relaxed text-lg mb-5 text-left wp-paragraph\">\n<p>Sonu\u00e7 olarak ortaya \u00e7\u0131kan veya ar\u0131zi zararlara ili\u015fkin sorumlulu\u011fun hari\u00e7 tutulmas\u0131na veya s\u0131n\u0131rland\u0131r\u0131lmas\u0131na izin verilmeyen yarg\u0131 b\u00f6lgelerinde, sorumlulu\u011fumuz ge\u00e7erli yasalar\u0131n izin verdi\u011fi maksimum \u00f6l\u00e7\u00fcde s\u0131n\u0131rl\u0131 olacakt\u0131r.<\/p>\n<\/div><!--advertisement--><div class=\"mx-5 sm:mx-0 sm:text-3xl text-2xl font-medium title-font mb-4 text-gray-900 text-left\">\n<h2>B\u00f6l\u00fcm VI \u2013 Ge\u00e7erlilik ve Son Tarih<\/h2>\n<\/div><div class=\"mx-5 sm:mx-0 prose leading-relaxed text-lg mb-5 text-left wp-paragraph\">\n<p>Bu Genel Kullan\u0131m H\u00fck\u00fcm ve Ko\u015fullar\u0131 s\u00fcresiz olarak ge\u00e7erlidir. Bu Genel Kullan\u0131m Ko\u015fullar\u0131 veya Gizlilik Politikas\u0131&#039;nda a\u00e7\u0131kland\u0131\u011f\u0131 \u015fekilde 100 Tech&#039;in kullan\u0131m\u0131na ili\u015fkin her t\u00fcrl\u00fc yasal veya idari i\u015flem, iddiaya yol a\u00e7an olaydan sonraki 90 g\u00fcn i\u00e7inde ba\u015flat\u0131lmal\u0131d\u0131r.<\/p>\n<\/div><!--advertisement--><div class=\"mx-5 sm:mx-0 sm:text-3xl text-2xl font-medium title-font mb-4 text-gray-900 text-left\">\n<h2>B\u00f6l\u00fcm VII \u2013 Mevzuat ve Se\u00e7im Forumu<\/h2>\n<\/div><div class=\"mx-5 sm:mx-0 prose leading-relaxed text-lg mb-5 text-left wp-paragraph\">\n<p><strong>7.1<\/strong> Bu \u015eart ve Genel Kullan\u0131m Ko\u015fullar\u0131, Gizlilik Politikas\u0131 ile birlikte anla\u015f\u0131lmal\u0131d\u0131r. Her ikisi de Federal Anayasa, Medeni Kanun, T\u00fcketiciyi Koruma Kanunu, \u0130nternet Medeni \u00c7er\u00e7evesi Genel Kanunu ve Genel Veri Koruma Kanunu dahil olmak \u00fczere Brezilya Federal Cumhuriyeti kanunlar\u0131na tabidir.<\/p>\n<\/div><div class=\"mx-5 sm:mx-0 prose leading-relaxed text-lg mb-5 text-left wp-paragraph\">\n<p><strong>7.2.<\/strong> Bu Ko\u015fullar\u0131n ve Gizlilik Politikas\u0131n\u0131n yorumlanmas\u0131 veya uygulanmas\u0131na ili\u015fkin sorular i\u00e7in taraflar, yaln\u0131zca Tallinn, Estonya Ticaret Odas\u0131&#039;n\u0131n (Estonya Ticaret ve Sanayi Odas\u0131 Tahkim Mahkemesi) yarg\u0131 yetkisine tabi olmay\u0131 kabul ederler. Buna, bu Kullan\u0131m Ko\u015fullar\u0131ndan kaynaklanan her t\u00fcrl\u00fc anla\u015fmazl\u0131k veya soru dahildir.<\/p>\n<\/div><!--advertisement--><div class=\"mx-5 sm:mx-0 sm:text-3xl text-2xl font-medium title-font mb-4 text-gray-900 text-left\">\n<h2>B\u00f6l\u00fcm VIII \u2013 \u0130\u00e7erik ve Fikri M\u00fclkiyet<\/h2>\n<\/div><div class=\"mx-5 sm:mx-0 prose leading-relaxed text-lg mb-5 text-left wp-paragraph\">\n<p><strong>8.1. \u0130\u00e7erik ve Fikri M\u00fclkiyet<\/strong><\/p>\n<\/div><div class=\"mx-5 sm:mx-0 prose leading-relaxed text-lg mb-5 text-left wp-paragraph\">\n<p>RubikTech O\u00dc ve ortaklar\u0131na ait olan 100 Tech web sitesinin i\u00e7eri\u011fi, telif haklar\u0131 ve fikri m\u00fclkiyet kanunlar\u0131 taraf\u0131ndan korunmaktad\u0131r. RubikTech O\u00dc&#039;n\u00fcn a\u00e7\u0131k yaz\u0131l\u0131 izni olmadan bu i\u00e7eri\u011fin \u00e7o\u011falt\u0131lmas\u0131, de\u011fi\u015ftirilmesi, da\u011f\u0131t\u0131lmas\u0131, g\u00f6r\u00fcnt\u00fclenmesi veya t\u00fcretilmi\u015f \u00e7al\u0131\u015fmalar\u0131n olu\u015fturulmas\u0131 yasakt\u0131r.<\/p>\n<\/div><div class=\"mx-5 sm:mx-0 prose leading-relaxed text-lg mb-5 text-left wp-paragraph\">\n<p><strong>8.2 Sorumluluk<\/strong><\/p>\n<\/div><div class=\"mx-5 sm:mx-0 prose leading-relaxed text-lg mb-5 text-left wp-paragraph\">\n<p>100 Tech, forumlarda veya sosyal a\u011flarda yap\u0131lan yorumlar ve g\u00f6nderiler gibi \u00fc\u00e7\u00fcnc\u00fc \u015fah\u0131slar taraf\u0131ndan \u00fcretilen i\u00e7eriklerden sorumlu de\u011fildir. Ayn\u0131 \u015fekilde, web sitesinin kullan\u0131m\u0131ndan kaynaklanan do\u011frudan, dolayl\u0131, ar\u0131zi veya sonu\u00e7 olarak ortaya \u00e7\u0131kan zararlardan da sorumlu de\u011fildir.<\/p>\n<\/div><div class=\"mx-5 sm:mx-0 prose leading-relaxed text-lg mb-5 text-left wp-paragraph\">\n<p><strong>8.3 \u0130hlaller<\/strong><\/p>\n<\/div><div class=\"mx-5 sm:mx-0 prose leading-relaxed text-lg mb-5 text-left wp-paragraph\">\n<p>100 Tech, bu \u015fartlar\u0131 ihlal eden, \u00f6zellikle yasa d\u0131\u015f\u0131, sald\u0131rgan, karalay\u0131c\u0131 veya \u00fc\u00e7\u00fcnc\u00fc taraflar\u0131n haklar\u0131n\u0131 ihlal eden i\u00e7erikleri kald\u0131rma hakk\u0131na sahiptir. RubikTech O\u00dc ayr\u0131ca bu \u015fartlara uymayan kullan\u0131c\u0131lar\u0131n hesaplar\u0131n\u0131 da sonland\u0131rabilir.<\/p>\n<\/div><!--advertisement--><div class=\"mx-5 sm:mx-0 sm:text-3xl text-2xl font-medium title-font mb-4 text-gray-900 text-left\">\n<h2>B\u00f6l\u00fcm IX \u2013 H\u00fck\u00fcm ve Ko\u015fullar\u0131n De\u011fi\u015ftirilmesi<\/h2>\n<\/div><div class=\"mx-5 sm:mx-0 prose leading-relaxed text-lg mb-5 text-left wp-paragraph\">\n<p>100 Tech, hizmetlerinin herhangi bir b\u00f6l\u00fcm\u00fcn\u00fc \u00f6nceden bildirimde bulunmaks\u0131z\u0131n herhangi bir zamanda de\u011fi\u015ftirme, ask\u0131ya alma veya sonland\u0131rma hakk\u0131n\u0131 sakl\u0131 tutar. Bu t\u00fcr de\u011fi\u015fikliklerin yap\u0131lmas\u0131 durumunda 100 Tech&#039;in size veya herhangi bir \u00fc\u00e7\u00fcnc\u00fc tarafa kar\u015f\u0131 hi\u00e7bir sorumlulu\u011fu olmayacakt\u0131r.<\/p>\n<\/div><div class=\"mx-5 sm:mx-0 prose leading-relaxed text-lg mb-5 text-left wp-paragraph\">\n<p><strong>100 Tech web sitesinin kullan\u0131lmas\u0131, bu \u015eartlar ve Ko\u015fullar\u0131n zorunlu ve ba\u011flay\u0131c\u0131 olarak kabul edildi\u011fi anlam\u0131na gelir. Bu Ko\u015fullar\u0131 kabul etmeyen herkes web sitesini kullanmaktan ka\u00e7\u0131nmal\u0131d\u0131r.<\/strong><\/p>\n<\/div><!--advertisement--><div class=\"mx-5 sm:mx-0 sm:text-3xl text-2xl font-medium title-font mb-4 text-gray-900 text-left\">\n<h2>B\u00f6l\u00fcm X \u2013 \u0130leti\u015fim Bilgileri<\/h2>\n<\/div><div class=\"mx-5 sm:mx-0 prose leading-relaxed text-lg mb-5 text-left wp-paragraph\">\n<p>Hizmetlerimizle ilgili her t\u00fcrl\u00fc soru veya \u00f6neriniz i\u00e7in m\u00fc\u015fteri hizmetleri ekibimizle ileti\u015fime ge\u00e7menizi \u00f6neririz. L\u00fctfen mesaj\u0131n\u0131z\u0131 e-posta adresine g\u00f6nderin: <a style=\" color:;\" href=\"mailto:contato@100t.com.br\">contato@100t.com.br<\/a>.<\/p>\n<\/div>","protected":false},"excerpt":{"rendered":"<p>22 Kas\u0131m 2023 tarihinde g\u00fcncellendi. Estonya&#039;da bir limited \u015firket olan (LLC, ayr\u0131ca O\u00dc olarak da bilinir), EE102662223 KDV numaras\u0131yla kay\u0131tl\u0131 ve Tallinn, Keemia tn 4, 10616, Harju, Estonya adresinde bulunan RubikTech O\u00dc, 100 Tech web sitesinin olu\u015fturulmas\u0131, m\u00fclkiyeti ve y\u00f6netiminden sorumlu kurulu\u015ftur. Web sitesine \u015fu adresten eri\u015filebilir\u2026 <a class=\"more-link\" href=\"https:\/\/100t.com.br\/tr\/terms\/\">Okumaya devam et <span class=\"screen-reader-text\">Kullan\u0131m Ko\u015fullar\u0131 \u2013 100 Teknoloji<\/span><\/a><\/p>","protected":false},"author":4,"featured_media":0,"parent":0,"menu_order":0,"comment_status":"closed","ping_status":"closed","template":"","meta":[],"yoast_head":"<!-- This site is optimized with the Yoast SEO Premium plugin v18.7 (Yoast SEO v19.1) - https:\/\/yoast.com\/wordpress\/plugins\/seo\/ -->\n<title>Termos de Uso - 100 Tech - 100 Tech<\/title>\n<meta name=\"robots\" content=\"index, follow, max-snippet:-1, max-image-preview:large, max-video-preview:-1\" \/>\n<link rel=\"canonical\" href=\"https:\/\/100t.com.br\/tr\/terms\/\" \/>\n<meta property=\"og:locale\" content=\"tr_TR\" \/>\n<meta property=\"og:type\" content=\"article\" \/>\n<meta property=\"og:title\" content=\"Termos de Uso - 100 Tech\" \/>\n<meta property=\"og:description\" content=\"Atualizado em 22 de Novembro de 2023. A RubikTech O\u00dc, uma companhia de responsabilidade limitada estabelecida na Estonia (LLC, tamb\u00e9m conhecida por O\u00dc), registada com o VAT EE102662223 e localizada em Tallinn, na Rua Keemia tn 4, 10616, Harju, Est\u00f3nia, \u00e9 a entidade respons\u00e1vel pela cria\u00e7\u00e3o, titularidade e gest\u00e3o do website 100 Tech, acess\u00edvel atrav\u00e9s&hellip; Continue reading Termos de Uso &#8211; 100 Tech\" \/>\n<meta property=\"og:url\" content=\"https:\/\/100t.com.br\/tr\/terms\/\" \/>\n<meta property=\"og:site_name\" content=\"100 Tech\" \/>\n<meta property=\"article:modified_time\" content=\"2023-11-22T20:57:25+00:00\" \/>\n<meta name=\"twitter:card\" content=\"summary_large_image\" \/>\n<meta name=\"twitter:label1\" content=\"Est. reading time\" \/>\n\t<meta name=\"twitter:data1\" content=\"9 minutes\" \/>\n<script type=\"application\/ld+json\" class=\"yoast-schema-graph\">{\"@context\":\"https:\/\/schema.org\",\"@graph\":[{\"@type\":\"WebSite\",\"@id\":\"https:\/\/100t.com.br\/#website\",\"url\":\"https:\/\/100t.com.br\/\",\"name\":\"100 Tech\",\"description\":\"Tecnologia e Informa\u00e7\u00e3o\",\"potentialAction\":[{\"@type\":\"SearchAction\",\"target\":{\"@type\":\"EntryPoint\",\"urlTemplate\":\"https:\/\/100t.com.br\/?s={search_term_string}\"},\"query-input\":\"required name=search_term_string\"}],\"inLanguage\":\"tr-TR\"},{\"@type\":\"WebPage\",\"@id\":\"https:\/\/100t.com.br\/terms\/#webpage\",\"url\":\"https:\/\/100t.com.br\/terms\/\",\"name\":\"Termos de Uso - 100 Tech - 100 Tech\",\"isPartOf\":{\"@id\":\"https:\/\/100t.com.br\/#website\"},\"datePublished\":\"2023-03-31T16:29:55+00:00\",\"dateModified\":\"2023-11-22T20:57:25+00:00\",\"breadcrumb\":{\"@id\":\"https:\/\/100t.com.br\/terms\/#breadcrumb\"},\"inLanguage\":\"tr-TR\",\"potentialAction\":[{\"@type\":\"ReadAction\",\"target\":[\"https:\/\/100t.com.br\/terms\/\"]}]},{\"@type\":\"BreadcrumbList\",\"@id\":\"https:\/\/100t.com.br\/terms\/#breadcrumb\",\"itemListElement\":[{\"@type\":\"ListItem\",\"position\":1,\"name\":\"Home\",\"item\":\"https:\/\/100t.com.br\/tr\/\"},{\"@type\":\"ListItem\",\"position\":2,\"name\":\"Termos de Uso &#8211; 100 Tech\"}]}]}<\/script>\n<!-- \/ Yoast SEO Premium plugin. -->","yoast_head_json":{"title":"Termos de Uso - 100 Tech - 100 Tech","robots":{"index":"index","follow":"follow","max-snippet":"max-snippet:-1","max-image-preview":"max-image-preview:large","max-video-preview":"max-video-preview:-1"},"canonical":"https:\/\/100t.com.br\/tr\/terms\/","og_locale":"tr_TR","og_type":"article","og_title":"Termos de Uso - 100 Tech","og_description":"Atualizado em 22 de Novembro de 2023. A RubikTech O\u00dc, uma companhia de responsabilidade limitada estabelecida na Estonia (LLC, tamb\u00e9m conhecida por O\u00dc), registada com o VAT EE102662223 e localizada em Tallinn, na Rua Keemia tn 4, 10616, Harju, Est\u00f3nia, \u00e9 a entidade respons\u00e1vel pela cria\u00e7\u00e3o, titularidade e gest\u00e3o do website 100 Tech, acess\u00edvel atrav\u00e9s&hellip; Continue reading Termos de Uso &#8211; 100 Tech","og_url":"https:\/\/100t.com.br\/tr\/terms\/","og_site_name":"100 Tech","article_modified_time":"2023-11-22T20:57:25+00:00","twitter_card":"summary_large_image","twitter_misc":{"Est. reading time":"9 minutes"},"schema":{"@context":"https:\/\/schema.org","@graph":[{"@type":"WebSite","@id":"https:\/\/100t.com.br\/#website","url":"https:\/\/100t.com.br\/","name":"100 Tech","description":"Tecnologia e Informa\u00e7\u00e3o","potentialAction":[{"@type":"SearchAction","target":{"@type":"EntryPoint","urlTemplate":"https:\/\/100t.com.br\/?s={search_term_string}"},"query-input":"required name=search_term_string"}],"inLanguage":"tr-TR"},{"@type":"WebPage","@id":"https:\/\/100t.com.br\/terms\/#webpage","url":"https:\/\/100t.com.br\/terms\/","name":"Termos de Uso - 100 Tech - 100 Tech","isPartOf":{"@id":"https:\/\/100t.com.br\/#website"},"datePublished":"2023-03-31T16:29:55+00:00","dateModified":"2023-11-22T20:57:25+00:00","breadcrumb":{"@id":"https:\/\/100t.com.br\/terms\/#breadcrumb"},"inLanguage":"tr-TR","potentialAction":[{"@type":"ReadAction","target":["https:\/\/100t.com.br\/terms\/"]}]},{"@type":"BreadcrumbList","@id":"https:\/\/100t.com.br\/terms\/#breadcrumb","itemListElement":[{"@type":"ListItem","position":1,"name":"Home","item":"https:\/\/100t.com.br\/tr\/"},{"@type":"ListItem","position":2,"name":"Termos de Uso &#8211; 100 Tech"}]}]}},"_links":{"self":[{"href":"https:\/\/100t.com.br\/tr\/wp-json\/wp\/v2\/pages\/4830"}],"collection":[{"href":"https:\/\/100t.com.br\/tr\/wp-json\/wp\/v2\/pages"}],"about":[{"href":"https:\/\/100t.com.br\/tr\/wp-json\/wp\/v2\/types\/page"}],"author":[{"embeddable":true,"href":"https:\/\/100t.com.br\/tr\/wp-json\/wp\/v2\/users\/4"}],"replies":[{"embeddable":true,"href":"https:\/\/100t.com.br\/tr\/wp-json\/wp\/v2\/comments?post=4830"}],"version-history":[{"count":0,"href":"https:\/\/100t.com.br\/tr\/wp-json\/wp\/v2\/pages\/4830\/revisions"}],"wp:attachment":[{"href":"https:\/\/100t.com.br\/tr\/wp-json\/wp\/v2\/media?parent=4830"}],"curies":[{"name":"wp","href":"https:\/\/api.w.org\/{rel}","templated":true}]}}