{"id":4830,"date":"2023-03-31T16:29:55","date_gmt":"2023-03-31T16:29:55","guid":{"rendered":"https:\/\/100t.com.br\/?page_id=4830"},"modified":"2023-11-22T20:57:25","modified_gmt":"2023-11-22T20:57:25","slug":"terms","status":"publish","type":"page","link":"https:\/\/100t.com.br\/ro\/terms\/","title":{"rendered":"Termeni de utilizare \u2013 100 Tech"},"content":{"rendered":"<div class=\"mx-5 sm:mx-0 prose leading-relaxed text-lg mb-5 text-left wp-paragraph\">\n<p>Actualizat la 22 noiembrie 2023.<\/p>\n<\/div><div class=\"mx-5 sm:mx-0 prose leading-relaxed text-lg mb-5 text-left wp-paragraph\">\n<p>A <strong>RubikTech O\u00dc<\/strong>, o societate cu r\u0103spundere limitat\u0103 stabilit\u0103 \u00een Estonia (LLC, cunoscut\u0103 \u0219i ca O\u00dc), \u00eenregistrat\u0103 cu TVA EE102662223 \u0219i cu sediul \u00een Tallinn, pe strada Keemia tn 4, 10616, Harju, Estonia, este entitatea responsabil\u0103 pentru crearea, de\u021binerea \u0219i gestionarea site-ul 100 Tech, accesibil prin adresa <a style=\" color:;\" href=\"https:\/\/100t.com.br\/ro\/\">https:\/\/100t.com.br<\/a>.<\/p>\n<\/div><div class=\"mx-5 sm:mx-0 prose leading-relaxed text-lg mb-5 text-left wp-paragraph\">\n<p>Portalul men\u021bionat mai sus este gestionat de 100 Tech. Referin\u021bele la \u201enoi\u201d, \u201enoi\u201d \u0219i \u201enostru\u201d \u00een acest document se refer\u0103 numai la 100 Tech. Acest portal, inclusiv toate informa\u021biile, serviciile \u0219i con\u021binutul disponibile, este furnizat de 100 Tech, sub rezerva accept\u0103rii de c\u0103tre utilizator a tuturor termenilor, condi\u021biilor \u0219i politicilor stipulate aici. Utilizarea serviciilor noastre implic\u0103 navigarea \u0219i interac\u021biunea cu portalul nostru.<\/p>\n<\/div><div class=\"mx-5 sm:mx-0 prose leading-relaxed text-lg mb-5 text-left wp-paragraph\">\n<p>100 Tech se distinge ca un site web specializat \u00een crearea de con\u021binut informativ \u0219i analiza unei game largi de produse \u0219i servicii (inclusiv aplica\u021bii, tehnologie, divertisment \u0219i altele), oferite de entit\u0103\u021bi na\u021bionale \u0219i interna\u021bionale.<\/p>\n<\/div><div class=\"mx-5 sm:mx-0 prose leading-relaxed text-lg mb-5 text-left wp-paragraph\">\n<p>Este important de re\u021binut c\u0103 utilizarea acestui site web este supus\u0103 at\u00e2t acestor Termeni, c\u00e2t \u0219i Politicii de confiden\u021bialitate 100 Tech, care pot fi consultate la https:\/\/100t.com.br\/privacy, pe l\u00e2ng\u0103 faptul c\u0103 sunt \u00een conformitate cu legisla\u021bia aplicabil\u0103 .<\/p>\n<\/div><div class=\"mx-5 sm:mx-0 prose leading-relaxed text-lg mb-5 text-left wp-paragraph\">\n<p>Prin urmare, Termenii \u0219i Condi\u021biile Generale de Utilizare au scopul de a clarifica responsabilit\u0103\u021bile, obliga\u021biile \u0219i \u00eendatoririle tuturor utilizatorilor care acceseaz\u0103 \u0219i\/sau utilizeaz\u0103 site-ul web 100 Tech, a\u0219a cum se detaliaz\u0103 \u00een punctele urm\u0103toare.<\/p>\n<\/div><div class=\"mx-5 sm:mx-0 prose leading-relaxed text-lg mb-5 text-left wp-paragraph\">\n<p><strong>Este esen\u021bial s\u0103 citi\u021bi cu aten\u021bie Termenii no\u0219tri de utilizare. Dac\u0103 nu sunte\u021bi de acord cu termenii stabili\u021bi aici, v\u0103 rug\u0103m s\u0103 v\u0103 ab\u021bine\u021bi de la utilizarea serviciilor oferite de 100 Tech.<\/strong><\/p>\n<\/div><!--advertisement--><div class=\"mx-5 sm:mx-0 sm:text-3xl text-2xl font-medium title-font mb-4 text-gray-900 text-left\">\n<h2 id=\"h-secao-i-admissao\">Sec\u021biunea I \u2013 Admitere<\/h2>\n<\/div><div class=\"mx-5 sm:mx-0 prose leading-relaxed text-lg mb-5 text-left wp-paragraph\">\n<p><strong>1.1 <\/strong>Atunci c\u00e2nd folose\u0219te 100 Tech, Utilizatorul se oblig\u0103 s\u0103 respecte Termenii \u0219i Condi\u021biile Generale de Utilizare, precum \u0219i <a style=\" color:;\" href=\"https:\/\/100t.com.br\/ro\/privacy\/\">Politica de confiden\u021bialitate<\/a> de la 100 Tech.<\/p>\n<\/div><div class=\"mx-5 sm:mx-0 prose leading-relaxed text-lg mb-5 text-left wp-paragraph\">\n<p><strong>1.2 <\/strong>Utilizatorul, la accesarea \u0219i\/sau utilizarea 100 Tech, declar\u0103 c\u0103 are cel pu\u021bin 18 (optsprezece) ani \u0219i c\u0103 are capacitatea legal\u0103 \u0219i expres\u0103 deplin\u0103 de a accepta ace\u0219ti Termeni \u0219i Condi\u021bii de utilizare \u00een toate scopurile legale.<\/p>\n<\/div><div class=\"mx-5 sm:mx-0 prose leading-relaxed text-lg mb-5 text-left wp-paragraph\">\n<p><strong>1.3 <\/strong>In cazul in care Utilizatorul nu indeplineste criteriile mentionate mai sus si\/sau nu este de acord, in totalitate sau in parte, cu termenii si conditiile prezente in acesti Termeni si Conditii de Utilizare, el sau ea trebuie sa se abtina de la accesarea si\/sau utilizarea serviciilor puse la dispozi\u021bie de 100 Tech, precum \u0219i site-urile web \u0219i serviciile gestionate de aceasta.<\/p>\n<\/div><!--advertisement--><div class=\"mx-5 sm:mx-0 sm:text-3xl text-2xl font-medium title-font mb-4 text-gray-900 text-left\">\n<h2>Sec\u021biunea II \u2013 Contact<\/h2>\n<\/div><div class=\"mx-5 sm:mx-0 prose leading-relaxed text-lg mb-5 text-left wp-paragraph\">\n<p><strong>2.1 <\/strong>Utilizatorul poate folosi acest serviciu pentru a clarifica orice \u00eendoieli, a rezolva orice probleme \u0219i a trimite reclama\u021bii sau alte informa\u021bii despre produsele\/serviciile disponibile pe 100 Tech.<\/p>\n<\/div><div class=\"mx-5 sm:mx-0 prose leading-relaxed text-lg mb-5 text-left wp-paragraph\">\n<p><strong>2.2<\/strong> Pentru a lua leg\u0103tura, Utilizatorul poate folosi formularul disponibil la adresa <a style=\" color:;\" href=\"https:\/\/100t.com.br\/ro\/contact\/\">https:\/\/100t.com.br\/contact\/<\/a>.<\/p>\n<\/div><!--advertisement--><div class=\"mx-5 sm:mx-0 sm:text-3xl text-2xl font-medium title-font mb-4 text-gray-900 text-left\">\n<h2>Sec\u021biunea III \u2013 Responsabilit\u0103\u021bile p\u0103r\u021bilor<\/h2>\n<\/div><div class=\"mx-5 sm:mx-0 prose leading-relaxed text-lg mb-5 text-left wp-paragraph\">\n<p><strong>3.1 <\/strong>Prin accesarea \u0219i utilizarea serviciilor \u0219i produselor de pe site-ul 100 Tech, Utilizatorul ia la cuno\u0219tin\u021b\u0103 c\u0103 a citit, \u00een\u021beles \u0219i acceptat toate prevederile cuprinse \u00een ace\u0219ti Termeni \u0219i Condi\u021bii de utilizare, precum \u0219i \u00een Politica de confiden\u021bialitate.<\/p>\n<\/div><div class=\"mx-5 sm:mx-0 prose leading-relaxed text-lg mb-5 text-left wp-paragraph\">\n<p><strong>3.2 <\/strong>100 Tech furnizeaz\u0103 link-uri \u0219i redirec\u021bioneaz\u0103 Utilizatorul c\u0103tre site-uri web ale ter\u021bilor, de unde pot fi contractate servicii \u0219i produse achizi\u021bionate direct de la companiile corespunz\u0103toare. 100 Tech nu intervine \u00een acest proces.<\/p>\n<\/div><div class=\"mx-5 sm:mx-0 prose leading-relaxed text-lg mb-5 text-left wp-paragraph\">\n<p><strong>3.3 <\/strong>Atunci c\u00e2nd este redirec\u021bionat c\u0103tre site-ul web al unei companii partenere, Utilizatorul trebuie s\u0103 examineze \u0219i s\u0103 fie de acord \u00een mod explicit cu termenii de utilizare \u0219i politicile de confiden\u021bialitate ale companiei respective.<\/p>\n<\/div><div class=\"mx-5 sm:mx-0 prose leading-relaxed text-lg mb-5 text-left wp-paragraph\">\n<p><strong>3.4 <\/strong>100 Tech nu este responsabil pentru politicile \u0219i termenii de utilizare ai companiilor ter\u021be, informa\u021biile despre servicii sau produsele promovate \u0219i nici pentru nicio ofert\u0103 sau contract \u00eencheiat cu aceste companii.<\/p>\n<\/div><div class=\"mx-5 sm:mx-0 prose leading-relaxed text-lg mb-5 text-left wp-paragraph\">\n<p><strong>3.5 <\/strong>100 Tech nu este responsabil pentru daunele cauzate de viru\u0219i sau programe malware dob\u00e2ndite \u00een timpul navig\u0103rii sau transferului de date pe internet. Se recomand\u0103 ca Utilizatorul s\u0103 men\u021bin\u0103 sisteme de securitate la zi.<\/p>\n<\/div><div class=\"mx-5 sm:mx-0 prose leading-relaxed text-lg mb-5 text-left wp-paragraph\">\n<p><strong>3.6 <\/strong>100 Tech nu va fi responsabil\u0103 pentru pierderile rezultate din utilizarea gre\u0219it\u0103 a site-ului sau evenimente de for\u021b\u0103 major\u0103.<\/p>\n<\/div><div class=\"mx-5 sm:mx-0 prose leading-relaxed text-lg mb-5 text-left wp-paragraph\">\n<p><strong>3.7 <\/strong>100 Tech nu solicit\u0103 depozite sau transferuri bancare pentru aprobarea sau acordarea de produse financiare.<\/p>\n<\/div><div class=\"mx-5 sm:mx-0 prose leading-relaxed text-lg mb-5 text-left wp-paragraph\">\n<p><strong>3.8 <\/strong>100 Tech nu trimite e-mailuri care solicit\u0103 date personale sau de \u00eenregistrare, nici ata\u0219amente executabile sau link-uri de desc\u0103rcare. Dac\u0103 primi\u021bi astfel de comunic\u0103ri, v\u0103 rug\u0103m s\u0103 ne informa\u021bi prin formularul nostru de contact la adresa <a style=\" color:;\" href=\"https:\/\/100t.com.br\/ro\/contact\/\">https:\/\/100t.com.br\/contact\/<\/a>.<\/p>\n<\/div><!--advertisement--><div class=\"mx-5 sm:mx-0 sm:text-3xl text-2xl font-medium title-font mb-4 text-gray-900 text-left\">\n<h2>Sec\u021biunea IV \u2013 Condi\u021bii de utilizare \u0219i restric\u021bii<\/h2>\n<\/div><div class=\"mx-5 sm:mx-0 prose leading-relaxed text-lg mb-5 text-left wp-paragraph\">\n<p>Conform Termenilor \u0219i condi\u021biilor, am impus restric\u021bii stricte privind utilizarea site-ului \u0219i a con\u021binutului nostru. Este expres interzis:<\/p>\n<\/div><div class=\"mx-5 sm:mx-0 prose text-left mb-5\">\n<ol><div class=\"mx-5 sm:mx-0 prose text-left mb-5\">\n<li>Utiliza\u021bi site-ul web \u00een scopuri ilegale sau pentru a promova activit\u0103\u021bi ilegale.<\/li>\n<\/div>\n\n<div class=\"mx-5 sm:mx-0 prose text-left mb-5\">\n<li>Ignora\u021bi orice lege sau reglementare local\u0103, statal\u0103, federal\u0103, provincial\u0103 sau interna\u021bional\u0103.<\/li>\n<\/div>\n\n<div class=\"mx-5 sm:mx-0 prose text-left mb-5\">\n<li>\u00cenc\u0103lcarea sau \u00eenc\u0103lcarea drepturilor noastre de proprietate intelectual\u0103 sau ale unor ter\u021bi.<\/li>\n<\/div>\n\n<div class=\"mx-5 sm:mx-0 prose text-left mb-5\">\n<li>Implicarea \u00een comportamente precum h\u0103r\u021buirea, abuzul, def\u0103imarea, intimidarea sau discriminarea pe criterii de sex, orientare sexual\u0103, religie, etnie, ras\u0103, v\u00e2rst\u0103, origine na\u021bional\u0103 sau dizabilitate.<\/li>\n<\/div>\n\n<div class=\"mx-5 sm:mx-0 prose text-left mb-5\">\n<li>Diseminarea informa\u021bii false sau \u00een\u0219el\u0103toare.<\/li>\n<\/div>\n\n<div class=\"mx-5 sm:mx-0 prose text-left mb-5\">\n<li>R\u0103sp\u00e2ndi\u021bi viru\u0219i sau orice alt cod care poate afecta func\u021bionarea Serviciului, a site-urilor conexe, a altor site-uri sau a internetului.<\/li>\n<\/div>\n\n<div class=\"mx-5 sm:mx-0 prose text-left mb-5\">\n<li>Colecta\u021bi sau urm\u0103ri\u021bi datele personale ale ter\u021bilor f\u0103r\u0103 consim\u021b\u0103m\u00e2nt.<\/li>\n<\/div>\n\n<div class=\"mx-5 sm:mx-0 prose text-left mb-5\">\n<li>Practica\u021bi spam, phishing, pharm, pretext, spider, crawl sau scrape.<\/li>\n<\/div>\n\n<div class=\"mx-5 sm:mx-0 prose text-left mb-5\">\n<li>Utilizarea site-ului web \u00een scopuri obscene sau imorale.<\/li>\n<\/div>\n\n<div class=\"mx-5 sm:mx-0 prose text-left mb-5\">\n<li>Interferi\u021bi sau eluda\u021bi m\u0103surile de securitate ale Serviciului, ale site-urilor conexe, ale altor site-uri sau ale Internetului.<\/li>\n<\/div><\/ol>\n<\/div><div class=\"mx-5 sm:mx-0 prose leading-relaxed text-lg mb-5 text-left wp-paragraph\">\n<p><strong>Ne rezerv\u0103m dreptul de a rezilia sau suspenda utilizarea Serviciilor noastre \u0219i a oric\u0103rui site web aferent dac\u0103 \u00eenc\u0103lca\u021bi oricare dintre aceste restric\u021bii.<\/strong><\/p>\n<\/div><!--advertisement--><div class=\"mx-5 sm:mx-0 sm:text-3xl text-2xl font-medium title-font mb-4 text-gray-900 text-left\">\n<h2>Sec\u021biunea V \u2013 Limit\u0103ri de r\u0103spundere \u0219i garan\u021bii<\/h2>\n<\/div><div class=\"mx-5 sm:mx-0 prose leading-relaxed text-lg mb-5 text-left wp-paragraph\">\n<p>Recunoa\u0219tem c\u0103 utilizarea Serviciului nostru poate s\u0103 nu fie continu\u0103, complet sigur\u0103 sau f\u0103r\u0103 erori. Nu garant\u0103m c\u0103 rezultatele ob\u021binute din Serviciu vor fi \u00eentotdeauna exacte sau de \u00eencredere.<\/p>\n<\/div><div class=\"mx-5 sm:mx-0 prose leading-relaxed text-lg mb-5 text-left wp-paragraph\">\n<p>Accesul la Serviciu poate fi ocazional suspendat sau chiar anulat \u00een orice moment, f\u0103r\u0103 a fi necesar\u0103 o notificare prealabil\u0103.<\/p>\n<\/div><div class=\"mx-5 sm:mx-0 prose leading-relaxed text-lg mb-5 text-left wp-paragraph\">\n<p>Sunte\u021bi de acord c\u0103 orice utilizare a Serviciului sau imposibilitatea de a utiliza este pe riscul dumneavoastr\u0103 exclusiv. Serviciul este furnizat \u201eca atare\u201d \u0219i \u201ea\u0219a cum este disponibil\u201d f\u0103r\u0103 garan\u021bii, exprese sau implicite, inclusiv, dar f\u0103r\u0103 a se limita la, garan\u021bii de vandabilitate, adecvare pentru un anumit scop sau ne\u00eenc\u0103lcare.<\/p>\n<\/div><div class=\"mx-5 sm:mx-0 prose leading-relaxed text-lg mb-5 text-left wp-paragraph\">\n<p>\u00cen nici un caz 100 Tech, directorii, angaja\u021bii sau partenerii s\u0103i nu vor fi responsabili pentru orice daune, pierderi sau preten\u021bii care decurg din utilizarea Serviciului. Aceasta include, f\u0103r\u0103 limitare, pierderea de profituri, date sau alte pierderi intangibile, rezultate din utilizarea oric\u0103rui serviciu sau produs ob\u021binut prin intermediul Serviciului sau pentru orice alt\u0103 reclama\u021bie legat\u0103 de utilizarea serviciului.<\/p>\n<\/div><div class=\"mx-5 sm:mx-0 prose leading-relaxed text-lg mb-5 text-left wp-paragraph\">\n<p>\u00cen jurisdic\u021biile \u00een care excluderea sau limitarea r\u0103spunderii pentru daune indirecte sau incidentale nu este permis\u0103, r\u0103spunderea noastr\u0103 va fi limitat\u0103 \u00een m\u0103sura maxim\u0103 permis\u0103 de legea aplicabil\u0103.<\/p>\n<\/div><!--advertisement--><div class=\"mx-5 sm:mx-0 sm:text-3xl text-2xl font-medium title-font mb-4 text-gray-900 text-left\">\n<h2>Sec\u021biunea VI \u2013 Valabilitate \u0219i Termen limit\u0103<\/h2>\n<\/div><div class=\"mx-5 sm:mx-0 prose leading-relaxed text-lg mb-5 text-left wp-paragraph\">\n<p>Ace\u0219ti Termeni \u0219i Condi\u021bii Generale de Utilizare sunt valabile pe o perioad\u0103 nedeterminat\u0103 de timp. Orice ac\u021biune juridic\u0103 sau administrativ\u0103 legat\u0103 de utilizarea 100 Tech, a\u0219a cum este descris\u0103 \u00een ace\u0219ti Termeni generali de utilizare sau \u00een Politica de confiden\u021bialitate, trebuie s\u0103 fie ini\u021biat\u0103 \u00een termen de 90 de zile de la evenimentul care a dat na\u0219tere reclama\u021biei.<\/p>\n<\/div><!--advertisement--><div class=\"mx-5 sm:mx-0 sm:text-3xl text-2xl font-medium title-font mb-4 text-gray-900 text-left\">\n<h2>Sec\u021biunea VII \u2013 Legisla\u021bie \u0219i Forum Electoral<\/h2>\n<\/div><div class=\"mx-5 sm:mx-0 prose leading-relaxed text-lg mb-5 text-left wp-paragraph\">\n<p><strong>7.1<\/strong> Acest Termen \u0219i Condi\u021biile Generale de Utilizare trebuie \u00een\u021belese \u00eempreun\u0103 cu Politica de confiden\u021bialitate. Ambele sunt guvernate de legile Republicii Federative Brazilia, inclusiv Constitu\u021bia Federal\u0103, Codul civil, Codul de protec\u021bie a consumatorilor, Legea general\u0103 a cadrului civil al internetului \u0219i Legea general\u0103 privind protec\u021bia datelor.<\/p>\n<\/div><div class=\"mx-5 sm:mx-0 prose leading-relaxed text-lg mb-5 text-left wp-paragraph\">\n<p><strong>7.2.<\/strong> Pentru \u00eentreb\u0103ri legate de interpretarea sau punerea \u00een aplicare a acestor Termeni \u0219i a Politicii de confiden\u021bialitate, p\u0103r\u021bile sunt de acord s\u0103 se supun\u0103 exclusiv jurisdic\u021biei Camerei de Comer\u021b din Tallinn, Estonia (Curtea de Arbitraj a Camerei de Comer\u021b \u0219i Industrie Estoniei). Aceasta include orice dispute sau \u00eentreb\u0103ri care decurg din ace\u0219ti Termeni de utilizare.<\/p>\n<\/div><!--advertisement--><div class=\"mx-5 sm:mx-0 sm:text-3xl text-2xl font-medium title-font mb-4 text-gray-900 text-left\">\n<h2>Sec\u021biunea VIII \u2013 Con\u021binut \u0219i proprietate intelectual\u0103<\/h2>\n<\/div><div class=\"mx-5 sm:mx-0 prose leading-relaxed text-lg mb-5 text-left wp-paragraph\">\n<p><strong>8.1. Con\u021binut \u0219i proprietate intelectual\u0103<\/strong><\/p>\n<\/div><div class=\"mx-5 sm:mx-0 prose leading-relaxed text-lg mb-5 text-left wp-paragraph\">\n<p>Con\u021binutul site-ului web 100 Tech, de\u021binut de RubikTech O\u00dc \u0219i partenerii s\u0103i, este protejat de legile privind drepturile de autor \u0219i proprietatea intelectual\u0103. Reproducerea, modificarea, distribuirea, afi\u0219area sau crearea de lucr\u0103ri derivate din acest con\u021binut f\u0103r\u0103 permisiunea scris\u0103 expres\u0103 a RubikTech O\u00dc este interzis\u0103.<\/p>\n<\/div><div class=\"mx-5 sm:mx-0 prose leading-relaxed text-lg mb-5 text-left wp-paragraph\">\n<p><strong>8.2 Responsabilitate<\/strong><\/p>\n<\/div><div class=\"mx-5 sm:mx-0 prose leading-relaxed text-lg mb-5 text-left wp-paragraph\">\n<p>100 Tech nu este responsabil pentru con\u021binutul produs de ter\u021bi, cum ar fi comentariile \u0219i post\u0103rile de pe forumuri sau re\u021bele sociale. De asemenea, nu este responsabil\u0103 pentru daunele cauzate de utilizarea site-ului, fie c\u0103 sunt directe, indirecte, incidentale sau \u00een consecin\u021b\u0103.<\/p>\n<\/div><div class=\"mx-5 sm:mx-0 prose leading-relaxed text-lg mb-5 text-left wp-paragraph\">\n<p><strong>8.3 \u00cenc\u0103lc\u0103ri<\/strong><\/p>\n<\/div><div class=\"mx-5 sm:mx-0 prose leading-relaxed text-lg mb-5 text-left wp-paragraph\">\n<p>100 Tech are dreptul de a elimina con\u021binutul care \u00eencalc\u0103 ace\u0219ti termeni, \u00een special pe cele care sunt ilegale, ofensatoare, def\u0103im\u0103toare sau care \u00eencalc\u0103 drepturile ter\u021bilor. De asemenea, RubikTech O\u00dc poate \u00eenchide conturile utilizatorilor care nu respect\u0103 ace\u0219ti termeni.<\/p>\n<\/div><!--advertisement--><div class=\"mx-5 sm:mx-0 sm:text-3xl text-2xl font-medium title-font mb-4 text-gray-900 text-left\">\n<h2>Sec\u021biunea IX \u2013 Modificarea Termenilor \u0219i Condi\u021biilor<\/h2>\n<\/div><div class=\"mx-5 sm:mx-0 prose leading-relaxed text-lg mb-5 text-left wp-paragraph\">\n<p>100 Tech \u00ee\u0219i rezerv\u0103 dreptul de a modifica, suspenda sau rezilia orice parte a serviciilor sale \u00een orice moment, f\u0103r\u0103 notificare prealabil\u0103. F\u0103c\u00e2nd astfel de modific\u0103ri, 100 Tech nu va avea nicio r\u0103spundere fa\u021b\u0103 de dumneavoastr\u0103 sau fa\u021b\u0103 de orice ter\u021b\u0103 parte.<\/p>\n<\/div><div class=\"mx-5 sm:mx-0 prose leading-relaxed text-lg mb-5 text-left wp-paragraph\">\n<p><strong>Utilizarea site-ului web 100 Tech implic\u0103 acceptarea obligatorie \u0219i obligatorie a acestor Termeni \u0219i Condi\u021bii. Oricine nu este de acord cu ace\u0219ti Termeni trebuie s\u0103 se ab\u021bin\u0103 de la utilizarea site-ului web.<\/strong><\/p>\n<\/div><!--advertisement--><div class=\"mx-5 sm:mx-0 sm:text-3xl text-2xl font-medium title-font mb-4 text-gray-900 text-left\">\n<h2>Sec\u021biunea X \u2013 Informa\u021bii de contact<\/h2>\n<\/div><div class=\"mx-5 sm:mx-0 prose leading-relaxed text-lg mb-5 text-left wp-paragraph\">\n<p>Pentru orice \u00eentreb\u0103ri sau sugestii cu privire la serviciile noastre, v\u0103 \u00eencuraj\u0103m s\u0103 contacta\u021bi echipa noastr\u0103 de servicii pentru clien\u021bi. V\u0103 rug\u0103m s\u0103 trimite\u021bi mesajul dvs. la adresa de e-mail: <a style=\" color:;\" href=\"mailto:contato@100t.com.br\">contato@100t.com.br<\/a>.<\/p>\n<\/div>","protected":false},"excerpt":{"rendered":"<p>Actualizat la 22 noiembrie 2023. RubikTech O\u00dc, o societate cu r\u0103spundere limitat\u0103 stabilit\u0103 \u00een Estonia (LLC, cunoscut\u0103 \u0219i ca O\u00dc), \u00eenregistrat\u0103 cu TVA EE102662223 \u0219i situat\u0103 \u00een Tallinn, la adresa Keemia Street 10616 tn 4, Harju, Estonia, este entitatea responsabil\u0103 pentru crearea, de\u021binerea \u0219i gestionarea site-ului web 100 Tech, accesibil prin... <a class=\"more-link\" href=\"https:\/\/100t.com.br\/ro\/terms\/\">Continua\u021bi lectur\u0103 <span class=\"screen-reader-text\">Termeni de utilizare \u2013 100 Tech<\/span><\/a><\/p>","protected":false},"author":4,"featured_media":0,"parent":0,"menu_order":0,"comment_status":"closed","ping_status":"closed","template":"","meta":[],"yoast_head":"<!-- This site is optimized with the Yoast SEO Premium plugin v18.7 (Yoast SEO v19.1) - https:\/\/yoast.com\/wordpress\/plugins\/seo\/ -->\n<title>Termos de Uso - 100 Tech - 100 Tech<\/title>\n<meta name=\"robots\" content=\"index, follow, max-snippet:-1, max-image-preview:large, max-video-preview:-1\" \/>\n<link rel=\"canonical\" href=\"https:\/\/100t.com.br\/ro\/terms\/\" \/>\n<meta property=\"og:locale\" content=\"ro_RO\" \/>\n<meta property=\"og:type\" content=\"article\" \/>\n<meta property=\"og:title\" content=\"Termos de Uso - 100 Tech\" \/>\n<meta property=\"og:description\" content=\"Atualizado em 22 de Novembro de 2023. A RubikTech O\u00dc, uma companhia de responsabilidade limitada estabelecida na Estonia (LLC, tamb\u00e9m conhecida por O\u00dc), registada com o VAT EE102662223 e localizada em Tallinn, na Rua Keemia tn 4, 10616, Harju, Est\u00f3nia, \u00e9 a entidade respons\u00e1vel pela cria\u00e7\u00e3o, titularidade e gest\u00e3o do website 100 Tech, acess\u00edvel atrav\u00e9s&hellip; Continue reading Termos de Uso &#8211; 100 Tech\" \/>\n<meta property=\"og:url\" content=\"https:\/\/100t.com.br\/ro\/terms\/\" \/>\n<meta property=\"og:site_name\" content=\"100 Tech\" \/>\n<meta property=\"article:modified_time\" content=\"2023-11-22T20:57:25+00:00\" \/>\n<meta name=\"twitter:card\" content=\"summary_large_image\" \/>\n<meta name=\"twitter:label1\" content=\"Est. reading time\" \/>\n\t<meta name=\"twitter:data1\" content=\"9 minutes\" \/>\n<script type=\"application\/ld+json\" class=\"yoast-schema-graph\">{\"@context\":\"https:\/\/schema.org\",\"@graph\":[{\"@type\":\"WebSite\",\"@id\":\"https:\/\/100t.com.br\/#website\",\"url\":\"https:\/\/100t.com.br\/\",\"name\":\"100 Tech\",\"description\":\"Tecnologia e Informa\u00e7\u00e3o\",\"potentialAction\":[{\"@type\":\"SearchAction\",\"target\":{\"@type\":\"EntryPoint\",\"urlTemplate\":\"https:\/\/100t.com.br\/?s={search_term_string}\"},\"query-input\":\"required name=search_term_string\"}],\"inLanguage\":\"ro-RO\"},{\"@type\":\"WebPage\",\"@id\":\"https:\/\/100t.com.br\/terms\/#webpage\",\"url\":\"https:\/\/100t.com.br\/terms\/\",\"name\":\"Termos de Uso - 100 Tech - 100 Tech\",\"isPartOf\":{\"@id\":\"https:\/\/100t.com.br\/#website\"},\"datePublished\":\"2023-03-31T16:29:55+00:00\",\"dateModified\":\"2023-11-22T20:57:25+00:00\",\"breadcrumb\":{\"@id\":\"https:\/\/100t.com.br\/terms\/#breadcrumb\"},\"inLanguage\":\"ro-RO\",\"potentialAction\":[{\"@type\":\"ReadAction\",\"target\":[\"https:\/\/100t.com.br\/terms\/\"]}]},{\"@type\":\"BreadcrumbList\",\"@id\":\"https:\/\/100t.com.br\/terms\/#breadcrumb\",\"itemListElement\":[{\"@type\":\"ListItem\",\"position\":1,\"name\":\"Home\",\"item\":\"https:\/\/100t.com.br\/ro\/\"},{\"@type\":\"ListItem\",\"position\":2,\"name\":\"Termos de Uso &#8211; 100 Tech\"}]}]}<\/script>\n<!-- \/ Yoast SEO Premium plugin. -->","yoast_head_json":{"title":"Termos de Uso - 100 Tech - 100 Tech","robots":{"index":"index","follow":"follow","max-snippet":"max-snippet:-1","max-image-preview":"max-image-preview:large","max-video-preview":"max-video-preview:-1"},"canonical":"https:\/\/100t.com.br\/ro\/terms\/","og_locale":"ro_RO","og_type":"article","og_title":"Termos de Uso - 100 Tech","og_description":"Atualizado em 22 de Novembro de 2023. A RubikTech O\u00dc, uma companhia de responsabilidade limitada estabelecida na Estonia (LLC, tamb\u00e9m conhecida por O\u00dc), registada com o VAT EE102662223 e localizada em Tallinn, na Rua Keemia tn 4, 10616, Harju, Est\u00f3nia, \u00e9 a entidade respons\u00e1vel pela cria\u00e7\u00e3o, titularidade e gest\u00e3o do website 100 Tech, acess\u00edvel atrav\u00e9s&hellip; Continue reading Termos de Uso &#8211; 100 Tech","og_url":"https:\/\/100t.com.br\/ro\/terms\/","og_site_name":"100 Tech","article_modified_time":"2023-11-22T20:57:25+00:00","twitter_card":"summary_large_image","twitter_misc":{"Est. reading time":"9 minutes"},"schema":{"@context":"https:\/\/schema.org","@graph":[{"@type":"WebSite","@id":"https:\/\/100t.com.br\/#website","url":"https:\/\/100t.com.br\/","name":"100 Tech","description":"Tecnologia e Informa\u00e7\u00e3o","potentialAction":[{"@type":"SearchAction","target":{"@type":"EntryPoint","urlTemplate":"https:\/\/100t.com.br\/?s={search_term_string}"},"query-input":"required name=search_term_string"}],"inLanguage":"ro-RO"},{"@type":"WebPage","@id":"https:\/\/100t.com.br\/terms\/#webpage","url":"https:\/\/100t.com.br\/terms\/","name":"Termos de Uso - 100 Tech - 100 Tech","isPartOf":{"@id":"https:\/\/100t.com.br\/#website"},"datePublished":"2023-03-31T16:29:55+00:00","dateModified":"2023-11-22T20:57:25+00:00","breadcrumb":{"@id":"https:\/\/100t.com.br\/terms\/#breadcrumb"},"inLanguage":"ro-RO","potentialAction":[{"@type":"ReadAction","target":["https:\/\/100t.com.br\/terms\/"]}]},{"@type":"BreadcrumbList","@id":"https:\/\/100t.com.br\/terms\/#breadcrumb","itemListElement":[{"@type":"ListItem","position":1,"name":"Home","item":"https:\/\/100t.com.br\/ro\/"},{"@type":"ListItem","position":2,"name":"Termos de Uso &#8211; 100 Tech"}]}]}},"_links":{"self":[{"href":"https:\/\/100t.com.br\/ro\/wp-json\/wp\/v2\/pages\/4830"}],"collection":[{"href":"https:\/\/100t.com.br\/ro\/wp-json\/wp\/v2\/pages"}],"about":[{"href":"https:\/\/100t.com.br\/ro\/wp-json\/wp\/v2\/types\/page"}],"author":[{"embeddable":true,"href":"https:\/\/100t.com.br\/ro\/wp-json\/wp\/v2\/users\/4"}],"replies":[{"embeddable":true,"href":"https:\/\/100t.com.br\/ro\/wp-json\/wp\/v2\/comments?post=4830"}],"version-history":[{"count":0,"href":"https:\/\/100t.com.br\/ro\/wp-json\/wp\/v2\/pages\/4830\/revisions"}],"wp:attachment":[{"href":"https:\/\/100t.com.br\/ro\/wp-json\/wp\/v2\/media?parent=4830"}],"curies":[{"name":"wp","href":"https:\/\/api.w.org\/{rel}","templated":true}]}}