{"id":4830,"date":"2023-03-31T16:29:55","date_gmt":"2023-03-31T16:29:55","guid":{"rendered":"https:\/\/100t.com.br\/?page_id=4830"},"modified":"2023-11-22T20:57:25","modified_gmt":"2023-11-22T20:57:25","slug":"terms","status":"publish","type":"page","link":"https:\/\/100t.com.br\/pt\/terms\/","title":{"rendered":"Termos de Uso &#8211; 100 Tech"},"content":{"rendered":"<div class=\"mx-5 sm:mx-0 prose leading-relaxed text-lg mb-5 text-left wp-paragraph\">\n<p>Atualizado em 22 de Novembro de 2023.<\/p>\n<\/div><div class=\"mx-5 sm:mx-0 prose leading-relaxed text-lg mb-5 text-left wp-paragraph\">\n<p>A <strong>RubikTech O\u00dc<\/strong>, uma companhia de responsabilidade limitada estabelecida na Estonia (LLC, tamb\u00e9m conhecida por O\u00dc), registada com o VAT EE102662223 e localizada em Tallinn, na Rua Keemia tn 4, 10616, Harju, Est\u00f3nia, \u00e9 a entidade respons\u00e1vel pela cria\u00e7\u00e3o, titularidade e gest\u00e3o do website 100 Tech, acess\u00edvel atrav\u00e9s do endere\u00e7o <a style=\" color:;\" href=\"https:\/\/100t.com.br\/pt\/\">https:\/\/100t.com.br<\/a>.<\/p>\n<\/div><div class=\"mx-5 sm:mx-0 prose leading-relaxed text-lg mb-5 text-left wp-paragraph\">\n<p>O referido portal \u00e9 gerido pelo 100 Tech. As men\u00e7\u00f5es a &#8216;n\u00f3s&#8217;, &#8216;nos&#8217; e &#8216;nosso&#8217; ao longo deste documento referem-se unicamente ao 100 Tech. Este portal, incluindo todas as informa\u00e7\u00f5es, servi\u00e7os e conte\u00fados dispon\u00edveis, \u00e9 fornecido pelo 100 Tech, sob a condi\u00e7\u00e3o de aceita\u00e7\u00e3o, por parte do usu\u00e1rio, de todos os termos, condi\u00e7\u00f5es e pol\u00edticas aqui estipulados. A utiliza\u00e7\u00e3o dos nossos servi\u00e7os implica a navega\u00e7\u00e3o e intera\u00e7\u00e3o com o nosso portal.<\/p>\n<\/div><div class=\"mx-5 sm:mx-0 prose leading-relaxed text-lg mb-5 text-left wp-paragraph\">\n<p>O 100 Tech distingue-se como um website especializado na elabora\u00e7\u00e3o de conte\u00fados informativos e de an\u00e1lise de uma vasta gama de produtos e servi\u00e7os (incluindo aplicativos, tecnologia, entretenimento e outros), oferecidos por entidades nacionais e internacionais.<\/p>\n<\/div><div class=\"mx-5 sm:mx-0 prose leading-relaxed text-lg mb-5 text-left wp-paragraph\">\n<p>Importa referir que a utiliza\u00e7\u00e3o deste site est\u00e1 sujeita tanto aos presentes Termos como \u00e0 Pol\u00edtica de Privacidade do 100 Tech, que pode ser consultada em https:\/\/100t.com.br\/privacy, al\u00e9m de estar em conformidade com a legisla\u00e7\u00e3o aplic\u00e1vel.<\/p>\n<\/div><div class=\"mx-5 sm:mx-0 prose leading-relaxed text-lg mb-5 text-left wp-paragraph\">\n<p>Assim sendo, os Termos e Condi\u00e7\u00f5es Gerais de Uso tem como prop\u00f3sito esclarecer as responsabilidades, obriga\u00e7\u00f5es e deveres de todos os utilizadores que acedem e\/ou fazem uso do site do 100 Tech, conforme detalhado nos pontos subsequentes.<\/p>\n<\/div><div class=\"mx-5 sm:mx-0 prose leading-relaxed text-lg mb-5 text-left wp-paragraph\">\n<p><strong>\u00c9 fundamental que leia atentamente os nossos Termos de Uso. Caso n\u00e3o esteja de acordo com os termos aqui estabelecidos, solicitamos que se abstenha de utilizar os servi\u00e7os providenciados pelo 100 Tech.<\/strong><\/p>\n<\/div><!--advertisement--><div class=\"mx-5 sm:mx-0 sm:text-3xl text-2xl font-medium title-font mb-4 text-gray-900 text-left\">\n<h2 id=\"h-secao-i-admissao\">Se\u00e7\u00e3o I \u2013 Admiss\u00e3o<\/h2>\n<\/div><div class=\"mx-5 sm:mx-0 prose leading-relaxed text-lg mb-5 text-left wp-paragraph\">\n<p><strong>1.1 <\/strong>Ao utilizar o 100 Tech, o Usu\u00e1rio compromete-se a cumprir os Termos e Condi\u00e7\u00f5es Gerais de Uso, bem como a <a style=\" color:;\" href=\"https:\/\/100t.com.br\/pt\/privacy\/\">Pol\u00edtica de Privacidade<\/a> do 100 Tech.<\/p>\n<\/div><div class=\"mx-5 sm:mx-0 prose leading-relaxed text-lg mb-5 text-left wp-paragraph\">\n<p><strong>1.2 <\/strong>O Usu\u00e1rio, ao aceder e\/ou utilizar o 100 Tech, afirma ter no m\u00ednimo 18 (dezoito) anos de idade e possuir plena capacidade legal e expressa para aceitar estes Termos e Condi\u00e7\u00f5es de Uso para todas as finalidades legais.<\/p>\n<\/div><div class=\"mx-5 sm:mx-0 prose leading-relaxed text-lg mb-5 text-left wp-paragraph\">\n<p><strong>1.3 <\/strong>Se o Usu\u00e1rio n\u00e3o corresponder aos crit\u00e9rios mencionados acima e\/ou n\u00e3o concordar, total ou parcialmente, com os termos e condi\u00e7\u00f5es presentes nestes Termos e Condi\u00e7\u00f5es de Uso, deve abster-se de aceder e\/ou utilizar os servi\u00e7os disponibilizados pelo 100 Tech, assim como os websites e servi\u00e7os geridos por este.<\/p>\n<\/div><!--advertisement--><div class=\"mx-5 sm:mx-0 sm:text-3xl text-2xl font-medium title-font mb-4 text-gray-900 text-left\">\n<h2>Se\u00e7\u00e3o II \u2013 Contato<\/h2>\n<\/div><div class=\"mx-5 sm:mx-0 prose leading-relaxed text-lg mb-5 text-left wp-paragraph\">\n<p><strong>2.1 <\/strong>O Usu\u00e1rio pode recorrer a este servi\u00e7o para esclarecer quaisquer d\u00favidas, resolver eventuais problemas e apresentar reclama\u00e7\u00f5es ou outras informa\u00e7\u00f5es sobre os produtos\/servi\u00e7os dispon\u00edveis no 100 Tech.<\/p>\n<\/div><div class=\"mx-5 sm:mx-0 prose leading-relaxed text-lg mb-5 text-left wp-paragraph\">\n<p><strong>2.2<\/strong> Para entrar em contato, o Usu\u00e1rio pode utilizar o formul\u00e1rio dispon\u00edvel em <a style=\" color:;\" href=\"https:\/\/100t.com.br\/pt\/contact\/\">https:\/\/100t.com.br\/contact\/<\/a>.<\/p>\n<\/div><!--advertisement--><div class=\"mx-5 sm:mx-0 sm:text-3xl text-2xl font-medium title-font mb-4 text-gray-900 text-left\">\n<h2>Se\u00e7\u00e3o III \u2013 Responsabilidades das Partes<\/h2>\n<\/div><div class=\"mx-5 sm:mx-0 prose leading-relaxed text-lg mb-5 text-left wp-paragraph\">\n<p><strong>3.1 <\/strong>Ao acessar e utilizar os servi\u00e7os e produtos no site 100 Tech, o Usu\u00e1rio reconhece que leu, compreendeu e aceitou todas as disposi\u00e7\u00f5es presentes neste Termo e nas Condi\u00e7\u00f5es de Uso, bem como na Pol\u00edtica de Privacidade.<\/p>\n<\/div><div class=\"mx-5 sm:mx-0 prose leading-relaxed text-lg mb-5 text-left wp-paragraph\">\n<p><strong>3.2 <\/strong>O 100 Tech fornece links e redireciona o Usu\u00e1rio para sites terceiros, onde servi\u00e7os podem ser contratados e produtos adquiridos diretamente das empresas correspondentes. O 100 Tech n\u00e3o interfere neste processo.<\/p>\n<\/div><div class=\"mx-5 sm:mx-0 prose leading-relaxed text-lg mb-5 text-left wp-paragraph\">\n<p><strong>3.3 <\/strong>Ao ser redirecionado para o site de uma empresa parceira, o Usu\u00e1rio deve revisar e concordar explicitamente com os termos de uso e pol\u00edticas de privacidade da respectiva empresa.<\/p>\n<\/div><div class=\"mx-5 sm:mx-0 prose leading-relaxed text-lg mb-5 text-left wp-paragraph\">\n<p><strong>3.4 <\/strong>O 100 Tech n\u00e3o \u00e9 respons\u00e1vel pelas pol\u00edticas e termos de uso de empresas terceiras, informa\u00e7\u00f5es de servi\u00e7os ou produtos anunciados, nem por qualquer oferta ou contrato realizado com estas empresas.<\/p>\n<\/div><div class=\"mx-5 sm:mx-0 prose leading-relaxed text-lg mb-5 text-left wp-paragraph\">\n<p><strong>3.5 <\/strong>O 100 Tech n\u00e3o se responsabiliza por danos causados por v\u00edrus ou malwares adquiridos durante a navega\u00e7\u00e3o ou transfer\u00eancia de dados na internet. Recomenda-se que o Usu\u00e1rio mantenha sistemas de seguran\u00e7a atualizados.<\/p>\n<\/div><div class=\"mx-5 sm:mx-0 prose leading-relaxed text-lg mb-5 text-left wp-paragraph\">\n<p><strong>3.6 <\/strong>O 100 Tech n\u00e3o ser\u00e1 respons\u00e1vel por preju\u00edzos resultantes do uso indevido do site ou por eventos de for\u00e7a maior.<\/p>\n<\/div><div class=\"mx-5 sm:mx-0 prose leading-relaxed text-lg mb-5 text-left wp-paragraph\">\n<p><strong>3.7 <\/strong>O 100 Tech n\u00e3o solicita dep\u00f3sitos ou transfer\u00eancias banc\u00e1rias para a aprova\u00e7\u00e3o ou concess\u00e3o de produtos financeiros.<\/p>\n<\/div><div class=\"mx-5 sm:mx-0 prose leading-relaxed text-lg mb-5 text-left wp-paragraph\">\n<p><strong>3.8 <\/strong>O 100 Tech n\u00e3o envia e-mails solicitando dados pessoais ou cadastrais, nem anexos execut\u00e1veis ou links para downloads. Em caso de receber tais comunica\u00e7\u00f5es, informe-nos atrav\u00e9s do nosso formul\u00e1rio de contato em <a style=\" color:;\" href=\"https:\/\/100t.com.br\/pt\/contact\/\">https:\/\/100t.com.br\/contact\/<\/a>.<\/p>\n<\/div><!--advertisement--><div class=\"mx-5 sm:mx-0 sm:text-3xl text-2xl font-medium title-font mb-4 text-gray-900 text-left\">\n<h2>Se\u00e7\u00e3o IV \u2013 Condi\u00e7\u00f5es de Uso e Restri\u00e7\u00f5es<\/h2>\n<\/div><div class=\"mx-5 sm:mx-0 prose leading-relaxed text-lg mb-5 text-left wp-paragraph\">\n<p>No \u00e2mbito dos Termos de Servi\u00e7o, estabelecemos restri\u00e7\u00f5es rigorosas sobre o uso do nosso site e conte\u00fado. \u00c9 expressamente proibido:<\/p>\n<\/div><div class=\"mx-5 sm:mx-0 prose text-left mb-5\">\n<ol><div class=\"mx-5 sm:mx-0 prose text-left mb-5\">\n<li>Utilizar o site para fins ilegais ou para promover atividades il\u00edcitas.<\/li>\n<\/div>\n\n<div class=\"mx-5 sm:mx-0 prose text-left mb-5\">\n<li>Desrespeitar quaisquer leis ou regulamentos locais, estaduais, federais, provinciais ou internacionais.<\/li>\n<\/div>\n\n<div class=\"mx-5 sm:mx-0 prose text-left mb-5\">\n<li>Infringir ou violar nossos direitos de propriedade intelectual ou de terceiros.<\/li>\n<\/div>\n\n<div class=\"mx-5 sm:mx-0 prose text-left mb-5\">\n<li>Engajar-se em comportamentos como ass\u00e9dio, abuso, difama\u00e7\u00e3o, intimida\u00e7\u00e3o ou discrimina\u00e7\u00e3o baseada em g\u00eanero, orienta\u00e7\u00e3o sexual, religi\u00e3o, etnia, ra\u00e7a, idade, nacionalidade ou defici\u00eancia.<\/li>\n<\/div>\n\n<div class=\"mx-5 sm:mx-0 prose text-left mb-5\">\n<li>Divulgar informa\u00e7\u00f5es falsas ou enganosas.<\/li>\n<\/div>\n\n<div class=\"mx-5 sm:mx-0 prose text-left mb-5\">\n<li>Disseminar v\u00edrus ou qualquer outro c\u00f3digo que possa prejudicar a opera\u00e7\u00e3o do Servi\u00e7o, de sites relacionados, de outros sites ou da Internet.<\/li>\n<\/div>\n\n<div class=\"mx-5 sm:mx-0 prose text-left mb-5\">\n<li>Coletar ou rastrear dados pessoais de terceiros sem consentimento.<\/li>\n<\/div>\n\n<div class=\"mx-5 sm:mx-0 prose text-left mb-5\">\n<li>Praticar spam, phishing, pharm, pretext, spider, crawl ou scrape.<\/li>\n<\/div>\n\n<div class=\"mx-5 sm:mx-0 prose text-left mb-5\">\n<li>Utilizar o site para prop\u00f3sitos obscenos ou imorais.<\/li>\n<\/div>\n\n<div class=\"mx-5 sm:mx-0 prose text-left mb-5\">\n<li>Interferir ou contornar as medidas de seguran\u00e7a do Servi\u00e7o, de sites relacionados, de outros sites ou da Internet.<\/li>\n<\/div><\/ol>\n<\/div><div class=\"mx-5 sm:mx-0 prose leading-relaxed text-lg mb-5 text-left wp-paragraph\">\n<p><strong>Reservamo-nos o direito de encerrar ou suspender o uso de nossos Servi\u00e7os e qualquer site relacionado, em caso de viola\u00e7\u00e3o de quaisquer destas restri\u00e7\u00f5es.<\/strong><\/p>\n<\/div><!--advertisement--><div class=\"mx-5 sm:mx-0 sm:text-3xl text-2xl font-medium title-font mb-4 text-gray-900 text-left\">\n<h2>Se\u00e7\u00e3o V \u2013 Limita\u00e7\u00f5es de Responsabilidade e Garantias<\/h2>\n<\/div><div class=\"mx-5 sm:mx-0 prose leading-relaxed text-lg mb-5 text-left wp-paragraph\">\n<p>Reconhecemos que o uso do nosso Servi\u00e7o pode n\u00e3o ser cont\u00ednuo, totalmente seguro ou isento de erros. N\u00e3o garantimos que os resultados obtidos pelo Servi\u00e7o sejam sempre precisos ou confi\u00e1veis.<\/p>\n<\/div><div class=\"mx-5 sm:mx-0 prose leading-relaxed text-lg mb-5 text-left wp-paragraph\">\n<p>O acesso ao Servi\u00e7o pode ser ocasionalmente suspenso ou mesmo cancelado a qualquer momento, sem a necessidade de notifica\u00e7\u00e3o pr\u00e9via.<\/p>\n<\/div><div class=\"mx-5 sm:mx-0 prose leading-relaxed text-lg mb-5 text-left wp-paragraph\">\n<p>Voc\u00ea concorda que qualquer uso ou incapacidade de usar o servi\u00e7o \u00e9 de sua responsabilidade exclusiva. O servi\u00e7o \u00e9 oferecido &#8220;como est\u00e1&#8221; e &#8220;conforme dispon\u00edvel&#8221;, sem garantias expressas ou impl\u00edcitas, incluindo, mas n\u00e3o limitado a, garantias de comercializa\u00e7\u00e3o, adequa\u00e7\u00e3o para um prop\u00f3sito espec\u00edfico, ou n\u00e3o viola\u00e7\u00e3o de direitos.<\/p>\n<\/div><div class=\"mx-5 sm:mx-0 prose leading-relaxed text-lg mb-5 text-left wp-paragraph\">\n<p>Em nenhum caso o 100 Tech, seus diretores, funcion\u00e1rios ou parceiros ser\u00e3o respons\u00e1veis por quaisquer danos, perdas ou reivindica\u00e7\u00f5es decorrentes do uso do Servi\u00e7o. Isso inclui, sem limita\u00e7\u00e3o, perda de lucros, dados, ou outras perdas intang\u00edveis, resultantes do uso de qualquer servi\u00e7o ou produto obtido atrav\u00e9s do Servi\u00e7o, ou por qualquer outra reivindica\u00e7\u00e3o relacionada ao uso do servi\u00e7o.<\/p>\n<\/div><div class=\"mx-5 sm:mx-0 prose leading-relaxed text-lg mb-5 text-left wp-paragraph\">\n<p>Em jurisdi\u00e7\u00f5es onde a exclus\u00e3o ou limita\u00e7\u00e3o de responsabilidade por danos consequentes ou incidentais n\u00e3o \u00e9 permitida, nossa responsabilidade ser\u00e1 limitada na medida m\u00e1xima permitida pela lei aplic\u00e1vel.<\/p>\n<\/div><!--advertisement--><div class=\"mx-5 sm:mx-0 sm:text-3xl text-2xl font-medium title-font mb-4 text-gray-900 text-left\">\n<h2>Se\u00e7\u00e3o VI \u2013 Vig\u00eancia e Prazo Decadencial<\/h2>\n<\/div><div class=\"mx-5 sm:mx-0 prose leading-relaxed text-lg mb-5 text-left wp-paragraph\">\n<p>Estes Termos e Condi\u00e7\u00f5es Gerais de Uso s\u00e3o v\u00e1lidos por tempo indeterminado. Qualquer a\u00e7\u00e3o judicial ou administrativa relacionada ao uso do 100 Tech, conforme descrito nestes Termos Gerais de Uso ou na Pol\u00edtica de Privacidade, deve ser iniciada dentro de 90 dias a partir do evento causador da reclama\u00e7\u00e3o.<\/p>\n<\/div><!--advertisement--><div class=\"mx-5 sm:mx-0 sm:text-3xl text-2xl font-medium title-font mb-4 text-gray-900 text-left\">\n<h2>Se\u00e7\u00e3o VII \u2013 Legisla\u00e7\u00e3o e Foro de Elei\u00e7\u00e3o<\/h2>\n<\/div><div class=\"mx-5 sm:mx-0 prose leading-relaxed text-lg mb-5 text-left wp-paragraph\">\n<p><strong>7.1<\/strong> Este Termo e as Condi\u00e7\u00f5es Gerais de Uso devem ser compreendidos em conjunto com a Pol\u00edtica de Privacidade. Ambos s\u00e3o regidos pelas leis da Rep\u00fablica Federativa do Brasil, incluindo a Constitui\u00e7\u00e3o Federal, o C\u00f3digo Civil, o C\u00f3digo de Defesa do Consumidor, a Lei Geral do Marco Civil da Internet e a Lei Geral de Prote\u00e7\u00e3o de Dados.<\/p>\n<\/div><div class=\"mx-5 sm:mx-0 prose leading-relaxed text-lg mb-5 text-left wp-paragraph\">\n<p><strong>7.2.<\/strong> Para quest\u00f5es relacionadas \u00e0 interpreta\u00e7\u00e3o ou cumprimento destes Termos e da Pol\u00edtica de Privacidade, as partes concordam em se submeter exclusivamente \u00e0 jurisdi\u00e7\u00e3o da C\u00e2mara de Com\u00e9rcio de Tallinn, Est\u00f4nia (The Arbitration Court of the Estonian Chamber of Commerce and Industry). Isto inclui quaisquer disputas ou d\u00favidas oriundas destes Termos de Uso.<\/p>\n<\/div><!--advertisement--><div class=\"mx-5 sm:mx-0 sm:text-3xl text-2xl font-medium title-font mb-4 text-gray-900 text-left\">\n<h2>Se\u00e7\u00e3o VIII \u2013 Conte\u00fado e Propriedade Intelectual<\/h2>\n<\/div><div class=\"mx-5 sm:mx-0 prose leading-relaxed text-lg mb-5 text-left wp-paragraph\">\n<p><strong>8.1. Conte\u00fado e Propriedade Intelectual<\/strong><\/p>\n<\/div><div class=\"mx-5 sm:mx-0 prose leading-relaxed text-lg mb-5 text-left wp-paragraph\">\n<p>O conte\u00fado do site 100 Tech, propriedade da RubikTech O\u00dc e seus parceiros, \u00e9 protegido por direitos autorais e leis de propriedade intelectual. \u00c9 proibida a reprodu\u00e7\u00e3o, altera\u00e7\u00e3o, distribui\u00e7\u00e3o, exibi\u00e7\u00e3o ou cria\u00e7\u00e3o de trabalhos derivados deste conte\u00fado sem autoriza\u00e7\u00e3o expressa por escrito da RubikTech O\u00dc.<\/p>\n<\/div><div class=\"mx-5 sm:mx-0 prose leading-relaxed text-lg mb-5 text-left wp-paragraph\">\n<p><strong>8.2 Responsabilidade<\/strong><\/p>\n<\/div><div class=\"mx-5 sm:mx-0 prose leading-relaxed text-lg mb-5 text-left wp-paragraph\">\n<p>A 100 Tech n\u00e3o se responsabiliza por conte\u00fados produzidos por terceiros, como coment\u00e1rios e publica\u00e7\u00f5es em f\u00f3runs ou redes sociais. Da mesma forma, n\u00e3o \u00e9 respons\u00e1vel por danos causados pelo uso do site, sejam eles diretos, indiretos, incidentais ou consequenciais.<\/p>\n<\/div><div class=\"mx-5 sm:mx-0 prose leading-relaxed text-lg mb-5 text-left wp-paragraph\">\n<p><strong>8.3 Viola\u00e7\u00f5es<\/strong><\/p>\n<\/div><div class=\"mx-5 sm:mx-0 prose leading-relaxed text-lg mb-5 text-left wp-paragraph\">\n<p>A 100 Tech tem o direito de remover conte\u00fados que violem estes termos, especialmente aqueles que sejam ilegais, ofensivos, difamat\u00f3rios ou infrinjam direitos de terceiros. A RubikTech O\u00dc tamb\u00e9m pode encerrar contas de usu\u00e1rios que descumpram estes termos.<\/p>\n<\/div><!--advertisement--><div class=\"mx-5 sm:mx-0 sm:text-3xl text-2xl font-medium title-font mb-4 text-gray-900 text-left\">\n<h2>Se\u00e7\u00e3o IX \u2013 Modifica\u00e7\u00e3o dos Termos e Condi\u00e7\u00f5es<\/h2>\n<\/div><div class=\"mx-5 sm:mx-0 prose leading-relaxed text-lg mb-5 text-left wp-paragraph\">\n<p>O 100 Tech reserva-se o direito de modificar, suspender ou encerrar qualquer parte de seus servi\u00e7os a qualquer momento, sem necessidade de aviso pr\u00e9vio. Ao fazer tais altera\u00e7\u00f5es, o 100 Tech n\u00e3o ter\u00e1 responsabilidade perante voc\u00ea ou terceiros.<\/p>\n<\/div><div class=\"mx-5 sm:mx-0 prose leading-relaxed text-lg mb-5 text-left wp-paragraph\">\n<p><strong>A utiliza\u00e7\u00e3o do site 100 Tech implica a aceita\u00e7\u00e3o obrigat\u00f3ria e vinculativa destes Termos e Condi\u00e7\u00f5es. Quem n\u00e3o concordar com estes Termos deve se abster de usar o site.<\/strong><\/p>\n<\/div><!--advertisement--><div class=\"mx-5 sm:mx-0 sm:text-3xl text-2xl font-medium title-font mb-4 text-gray-900 text-left\">\n<h2>Se\u00e7\u00e3o X \u2013 Informa\u00e7\u00f5es de Contato<\/h2>\n<\/div><div class=\"mx-5 sm:mx-0 prose leading-relaxed text-lg mb-5 text-left wp-paragraph\">\n<p>Para quaisquer d\u00favidas ou sugest\u00f5es relacionadas aos nossos servi\u00e7os, encorajamos voc\u00ea a entrar em contato com nossa equipe de atendimento ao cliente. Por favor, envie sua mensagem para o endere\u00e7o de e-mail: <a style=\" color:;\" href=\"mailto:contato@100t.com.br\">contato@100t.com.br<\/a>.<\/p>\n<\/div>","protected":false},"excerpt":{"rendered":"<p>Atualizado em 22 de Novembro de 2023. A RubikTech O\u00dc, uma companhia de responsabilidade limitada estabelecida na Estonia (LLC, tamb\u00e9m conhecida por O\u00dc), registada com o VAT EE102662223 e localizada em Tallinn, na Rua Keemia tn 4, 10616, Harju, Est\u00f3nia, \u00e9 a entidade respons\u00e1vel pela cria\u00e7\u00e3o, titularidade e gest\u00e3o do website 100 Tech, acess\u00edvel atrav\u00e9s&hellip; <a class=\"more-link\" href=\"https:\/\/100t.com.br\/pt\/terms\/\">Continue reading <span class=\"screen-reader-text\">Termos de Uso &#8211; 100 Tech<\/span><\/a><\/p>","protected":false},"author":4,"featured_media":0,"parent":0,"menu_order":0,"comment_status":"closed","ping_status":"closed","template":"","meta":[],"yoast_head":"<!-- This site is optimized with the Yoast SEO Premium plugin v18.7 (Yoast SEO v19.1) - https:\/\/yoast.com\/wordpress\/plugins\/seo\/ -->\n<title>Termos de Uso - 100 Tech - 100 Tech<\/title>\n<meta name=\"robots\" content=\"index, follow, max-snippet:-1, max-image-preview:large, max-video-preview:-1\" \/>\n<link rel=\"canonical\" href=\"https:\/\/100t.com.br\/pt\/terms\/\" \/>\n<meta property=\"og:locale\" content=\"pt_PT\" \/>\n<meta property=\"og:type\" content=\"article\" \/>\n<meta property=\"og:title\" content=\"Termos de Uso - 100 Tech\" \/>\n<meta property=\"og:description\" content=\"Atualizado em 22 de Novembro de 2023. A RubikTech O\u00dc, uma companhia de responsabilidade limitada estabelecida na Estonia (LLC, tamb\u00e9m conhecida por O\u00dc), registada com o VAT EE102662223 e localizada em Tallinn, na Rua Keemia tn 4, 10616, Harju, Est\u00f3nia, \u00e9 a entidade respons\u00e1vel pela cria\u00e7\u00e3o, titularidade e gest\u00e3o do website 100 Tech, acess\u00edvel atrav\u00e9s&hellip; Continue reading Termos de Uso &#8211; 100 Tech\" \/>\n<meta property=\"og:url\" content=\"https:\/\/100t.com.br\/pt\/terms\/\" \/>\n<meta property=\"og:site_name\" content=\"100 Tech\" \/>\n<meta property=\"article:modified_time\" content=\"2023-11-22T20:57:25+00:00\" \/>\n<meta name=\"twitter:card\" content=\"summary_large_image\" \/>\n<meta name=\"twitter:label1\" content=\"Est. reading time\" \/>\n\t<meta name=\"twitter:data1\" content=\"9 minutes\" \/>\n<script type=\"application\/ld+json\" class=\"yoast-schema-graph\">{\"@context\":\"https:\/\/schema.org\",\"@graph\":[{\"@type\":\"WebSite\",\"@id\":\"https:\/\/100t.com.br\/#website\",\"url\":\"https:\/\/100t.com.br\/\",\"name\":\"100 Tech\",\"description\":\"Tecnologia e Informa\u00e7\u00e3o\",\"potentialAction\":[{\"@type\":\"SearchAction\",\"target\":{\"@type\":\"EntryPoint\",\"urlTemplate\":\"https:\/\/100t.com.br\/?s={search_term_string}\"},\"query-input\":\"required name=search_term_string\"}],\"inLanguage\":\"pt-PT\"},{\"@type\":\"WebPage\",\"@id\":\"https:\/\/100t.com.br\/terms\/#webpage\",\"url\":\"https:\/\/100t.com.br\/terms\/\",\"name\":\"Termos de Uso - 100 Tech - 100 Tech\",\"isPartOf\":{\"@id\":\"https:\/\/100t.com.br\/#website\"},\"datePublished\":\"2023-03-31T16:29:55+00:00\",\"dateModified\":\"2023-11-22T20:57:25+00:00\",\"breadcrumb\":{\"@id\":\"https:\/\/100t.com.br\/terms\/#breadcrumb\"},\"inLanguage\":\"pt-PT\",\"potentialAction\":[{\"@type\":\"ReadAction\",\"target\":[\"https:\/\/100t.com.br\/terms\/\"]}]},{\"@type\":\"BreadcrumbList\",\"@id\":\"https:\/\/100t.com.br\/terms\/#breadcrumb\",\"itemListElement\":[{\"@type\":\"ListItem\",\"position\":1,\"name\":\"Home\",\"item\":\"https:\/\/100t.com.br\/pt\/\"},{\"@type\":\"ListItem\",\"position\":2,\"name\":\"Termos de Uso &#8211; 100 Tech\"}]}]}<\/script>\n<!-- \/ Yoast SEO Premium plugin. -->","yoast_head_json":{"title":"Termos de Uso - 100 Tech - 100 Tech","robots":{"index":"index","follow":"follow","max-snippet":"max-snippet:-1","max-image-preview":"max-image-preview:large","max-video-preview":"max-video-preview:-1"},"canonical":"https:\/\/100t.com.br\/pt\/terms\/","og_locale":"pt_PT","og_type":"article","og_title":"Termos de Uso - 100 Tech","og_description":"Atualizado em 22 de Novembro de 2023. A RubikTech O\u00dc, uma companhia de responsabilidade limitada estabelecida na Estonia (LLC, tamb\u00e9m conhecida por O\u00dc), registada com o VAT EE102662223 e localizada em Tallinn, na Rua Keemia tn 4, 10616, Harju, Est\u00f3nia, \u00e9 a entidade respons\u00e1vel pela cria\u00e7\u00e3o, titularidade e gest\u00e3o do website 100 Tech, acess\u00edvel atrav\u00e9s&hellip; Continue reading Termos de Uso &#8211; 100 Tech","og_url":"https:\/\/100t.com.br\/pt\/terms\/","og_site_name":"100 Tech","article_modified_time":"2023-11-22T20:57:25+00:00","twitter_card":"summary_large_image","twitter_misc":{"Est. reading time":"9 minutes"},"schema":{"@context":"https:\/\/schema.org","@graph":[{"@type":"WebSite","@id":"https:\/\/100t.com.br\/#website","url":"https:\/\/100t.com.br\/","name":"100 Tech","description":"Tecnologia e Informa\u00e7\u00e3o","potentialAction":[{"@type":"SearchAction","target":{"@type":"EntryPoint","urlTemplate":"https:\/\/100t.com.br\/?s={search_term_string}"},"query-input":"required name=search_term_string"}],"inLanguage":"pt-PT"},{"@type":"WebPage","@id":"https:\/\/100t.com.br\/terms\/#webpage","url":"https:\/\/100t.com.br\/terms\/","name":"Termos de Uso - 100 Tech - 100 Tech","isPartOf":{"@id":"https:\/\/100t.com.br\/#website"},"datePublished":"2023-03-31T16:29:55+00:00","dateModified":"2023-11-22T20:57:25+00:00","breadcrumb":{"@id":"https:\/\/100t.com.br\/terms\/#breadcrumb"},"inLanguage":"pt-PT","potentialAction":[{"@type":"ReadAction","target":["https:\/\/100t.com.br\/terms\/"]}]},{"@type":"BreadcrumbList","@id":"https:\/\/100t.com.br\/terms\/#breadcrumb","itemListElement":[{"@type":"ListItem","position":1,"name":"Home","item":"https:\/\/100t.com.br\/pt\/"},{"@type":"ListItem","position":2,"name":"Termos de Uso &#8211; 100 Tech"}]}]}},"_links":{"self":[{"href":"https:\/\/100t.com.br\/pt\/wp-json\/wp\/v2\/pages\/4830"}],"collection":[{"href":"https:\/\/100t.com.br\/pt\/wp-json\/wp\/v2\/pages"}],"about":[{"href":"https:\/\/100t.com.br\/pt\/wp-json\/wp\/v2\/types\/page"}],"author":[{"embeddable":true,"href":"https:\/\/100t.com.br\/pt\/wp-json\/wp\/v2\/users\/4"}],"replies":[{"embeddable":true,"href":"https:\/\/100t.com.br\/pt\/wp-json\/wp\/v2\/comments?post=4830"}],"version-history":[{"count":0,"href":"https:\/\/100t.com.br\/pt\/wp-json\/wp\/v2\/pages\/4830\/revisions"}],"wp:attachment":[{"href":"https:\/\/100t.com.br\/pt\/wp-json\/wp\/v2\/media?parent=4830"}],"curies":[{"name":"wp","href":"https:\/\/api.w.org\/{rel}","templated":true}]}}