{"id":4828,"date":"2023-03-31T16:22:41","date_gmt":"2023-03-31T16:22:41","guid":{"rendered":"https:\/\/100t.com.br\/?page_id=4828"},"modified":"2026-01-15T14:15:08","modified_gmt":"2026-01-15T14:15:08","slug":"privacy","status":"publish","type":"page","link":"https:\/\/100t.com.br\/pt\/privacy\/","title":{"rendered":"Pol\u00edtica de Privacidade &#8211; 100 Tecnologia"},"content":{"rendered":"<div class=\"mx-5 sm:mx-0 prose leading-relaxed text-lg mb-5 text-left wp-paragraph\">\n<p>Atualizada em 17 de Novembro de 2023.<\/p>\n<\/div><!--advertisement--><div class=\"mx-5 sm:mx-0 sm:text-3xl text-2xl font-medium title-font mb-4 text-gray-900 text-left\">\n<h2 id=\"h-introducao-e-sumario\">Introdu\u00e7\u00e3o e Sum\u00e1rio<\/h2>\n<\/div><div class=\"mx-5 sm:mx-0 prose leading-relaxed text-lg mb-5 text-left wp-paragraph\">\n<p>O site \u00e9 propriedade e operado pela Rubiktech O\u00dc, uma empresa registrada na Est\u00f4nia sob o n\u00famero de registro 16826788.<\/p>\n<\/div><div class=\"mx-5 sm:mx-0 prose leading-relaxed text-lg mb-5 text-left wp-paragraph\">\n<p>O site 100 Tecnologia, acess\u00edvel em <a style=\" color:;\" href=\"https:\/\/100t.com.br\/pt\/\">https:\/\/100t.com.br<\/a>, oferece uma ampla gama de conte\u00fados, incluindo not\u00edcias atualizadas e promo\u00e7\u00f5es de diversos produtos e servi\u00e7os. Al\u00e9m disso, apresenta ofertas de parceiros, encaminhando os usu\u00e1rios para sites relevantes aos seus interesses.<\/p>\n<\/div><div class=\"mx-5 sm:mx-0 prose leading-relaxed text-lg mb-5 text-left wp-paragraph\">\n<p>Temos como foco principal conectar os usu\u00e1rios com os servi\u00e7os mais apropriados, abrangendo \u00e1reas como aplicativos, entretenimento, dicas e avan\u00e7os tecnol\u00f3gicos.<\/p>\n<\/div><div class=\"mx-5 sm:mx-0 prose leading-relaxed text-lg mb-5 text-left wp-paragraph\">\n<p>Damos grande import\u00e2ncia \u00e0 seguran\u00e7a dos seus dados pessoais. Nossa Pol\u00edtica de Privacidade reflete o nosso compromisso em proteger sua privacidade e a seguran\u00e7a das suas informa\u00e7\u00f5es.<\/p>\n<\/div><div class=\"mx-5 sm:mx-0 prose leading-relaxed text-lg mb-5 text-left wp-paragraph\">\n<p>Para esclarecimentos ou informa\u00e7\u00f5es adicionais sobre seus direitos e op\u00e7\u00f5es, os usu\u00e1rios podem acessar nossa pol\u00edtica de privacidade ou contatar-nos atrav\u00e9s do e-mail contato@100t.com.br.<\/p>\n<\/div><!--advertisement--><div class=\"mx-5 sm:mx-0 sm:text-3xl text-2xl font-medium title-font mb-4 text-gray-900 text-left\">\n<h2 id=\"h-escopo-da-politica-de-privacidade\">Escopo da Pol\u00edtica de Privacidade<\/h2>\n<\/div><div class=\"mx-5 sm:mx-0 prose leading-relaxed text-lg mb-5 text-left wp-paragraph\">\n<p>O 100 Tecnologia atua como uma plataforma dedicada ao conte\u00fado e \u00e0 promo\u00e7\u00e3o de produtos e servi\u00e7os, especialmente em \u00e1reas como aplicativos e inova\u00e7\u00f5es tecnol\u00f3gicas. Sua fun\u00e7\u00e3o \u00e9 estritamente promocional, sem estabelecer contratos diretos com os usu\u00e1rios.<\/p>\n<\/div><div class=\"mx-5 sm:mx-0 prose leading-relaxed text-lg mb-5 text-left wp-paragraph\">\n<p>Qualquer intera\u00e7\u00e3o comercial entre os usu\u00e1rios e os anunciantes parceiros acontece em ambientes externos ao 100 Tecnologia, que n\u00e3o solicita nem armazena dados banc\u00e1rios ou financeiros dos usu\u00e1rios. A rela\u00e7\u00e3o do site com os usu\u00e1rios \u00e9 baseada apenas na informa\u00e7\u00e3o.<\/p>\n<\/div><div class=\"mx-5 sm:mx-0 prose leading-relaxed text-lg mb-5 text-left wp-paragraph\">\n<p>\u00c9 importante que os usu\u00e1rios notifiquem o 100 Tecnologia atrav\u00e9s do e-mail contato@100t.com.br caso recebam solicita\u00e7\u00f5es de dados pessoais. A plataforma n\u00e3o assume responsabilidade por tentativas de fraude realizadas por entidades externas.<\/p>\n<\/div><!--advertisement--><div class=\"mx-5 sm:mx-0 sm:text-3xl text-2xl font-medium title-font mb-4 text-gray-900 text-left\">\n<h2 id=\"h-sobre-consentimento\">Sobre Consentimento<\/h2>\n<\/div><div class=\"mx-5 sm:mx-0 prose leading-relaxed text-lg mb-5 text-left wp-paragraph\">\n<p>Ao utilizar o 100 Tecnologia, os usu\u00e1rios concordam implicitamente com a nossa Pol\u00edtica de Privacidade, que \u00e9 fundamental para a prote\u00e7\u00e3o de todas as partes envolvidas. <strong>Caso n\u00e3o concorde com estas pol\u00edticas, recomendamos n\u00e3o usar nossos servi\u00e7os<\/strong>.<\/p>\n<\/div><div class=\"mx-5 sm:mx-0 prose leading-relaxed text-lg mb-5 text-left wp-paragraph\">\n<p>\u00c9 importante que esta Pol\u00edtica seja considerada juntamente com os <a style=\" color:;\" href=\"https:\/\/100t.com.br\/pt\/terms\/\">Termos de Uso<\/a>, devido a aspectos legais. Esses documentos, em conjunto, estabelecem as pr\u00e1ticas do 100 Tecnologia em rela\u00e7\u00e3o \u00e0 coleta de dados e \u00e0s obriga\u00e7\u00f5es correspondentes, abrangendo tanto a gest\u00e3o do site quanto o uso por parte dos usu\u00e1rios.<\/p>\n<\/div><!--advertisement--><div class=\"mx-5 sm:mx-0 sm:text-3xl text-2xl font-medium title-font mb-4 text-gray-900 text-left\">\n<h2 id=\"h-i-informacoes-que-coletamos\">I. Informa\u00e7\u00f5es Que Coletamos<\/h2>\n<\/div><div class=\"mx-5 sm:mx-0 prose leading-relaxed text-lg mb-5 text-left wp-paragraph\">\n<p><strong>A. INFORMA\u00c7\u00d5ES COLETADAS DE FORMA DIRETA<\/strong><\/p>\n<\/div><div class=\"mx-5 sm:mx-0 prose leading-relaxed text-lg mb-5 text-left wp-paragraph\">\n<p>A navega\u00e7\u00e3o no 100 Tecnologia n\u00e3o implica em coleta autom\u00e1tica de dados pessoais. Por\u00e9m, para acessar conte\u00fados exclusivos, os usu\u00e1rios podem se registrar, fornecendo informa\u00e7\u00f5es como nome, e-mail, telefone e endere\u00e7o.<\/p>\n<\/div><div class=\"mx-5 sm:mx-0 prose leading-relaxed text-lg mb-5 text-left wp-paragraph\">\n<p>Essa coleta de dados em \u00e1reas restritas permite ao 100 Tecnologia oferecer conte\u00fados personalizados e verificar a identidade dos usu\u00e1rios, sejam eles indiv\u00edduos ou empresas. Isso tamb\u00e9m ajuda a criar estrat\u00e9gias personalizadas para cada usu\u00e1rio.<\/p>\n<\/div><div class=\"mx-5 sm:mx-0 prose leading-relaxed text-lg mb-5 text-left wp-paragraph\">\n<p>Adicionalmente, coletamos dados pessoais quando usu\u00e1rios contatam o 100 Tecnologia para pedidos de informa\u00e7\u00e3o ou para reportar problemas. Esses dados s\u00e3o armazenados para administra\u00e7\u00e3o e controle do site.<\/p>\n<\/div><div class=\"mx-5 sm:mx-0 prose leading-relaxed text-lg mb-5 text-left wp-paragraph\">\n<p><strong>B. INFORMA\u00c7\u00d5ES COLETADAS DE FORMA AUTOM\u00c1TICA<\/strong><\/p>\n<\/div><div class=\"mx-5 sm:mx-0 prose leading-relaxed text-lg mb-5 text-left wp-paragraph\">\n<p>O 100 Tecnologia coleta n\u00e3o apenas dados pessoais fornecidos voluntariamente durante o registro ou contato direto, mas tamb\u00e9m dados n\u00e3o pessoais durante a navega\u00e7\u00e3o no site. Essa coleta aprimora a experi\u00eancia do usu\u00e1rio e orienta as campanhas dos nossos sites parceiros.<\/p>\n<\/div><div class=\"mx-5 sm:mx-0 prose leading-relaxed text-lg mb-5 text-left wp-paragraph\">\n<p>Registros de acesso (Log Files) capturam informa\u00e7\u00f5es como endere\u00e7os IP, tipos de navegador, provedores de servi\u00e7os de Internet, datas e hor\u00e1rios de acesso, p\u00e1ginas de entrada e sa\u00edda, e cliques realizados.<\/p>\n<\/div><div class=\"mx-5 sm:mx-0 prose leading-relaxed text-lg mb-5 text-left wp-paragraph\">\n<p>Usamos Cookies para entender as prefer\u00eancias dos usu\u00e1rios. Cookies rastreiam atividades como cliques para formar perfis de consumo. Isso nos ajuda a personalizar ofertas e experi\u00eancias, aumentando a relev\u00e2ncia e aceita\u00e7\u00e3o por parte dos usu\u00e1rios. Cookies podem ser desativados nas configura\u00e7\u00f5es dos sistemas operacionais dos usu\u00e1rios; <strong>a n\u00e3o desativa\u00e7\u00e3o implica consentimento para seu uso<\/strong>.<\/p>\n<\/div><div class=\"mx-5 sm:mx-0 prose leading-relaxed text-lg mb-5 text-left wp-paragraph\">\n<p><strong>C. INFORMA\u00c7\u00d5ES DE FONTES EXTERNAS<\/strong><\/p>\n<\/div><div class=\"mx-5 sm:mx-0 prose leading-relaxed text-lg mb-5 text-left wp-paragraph\">\n<p>O 100 Tecnologia emprega o Google Analytics para analisar o uso do site e aprimorar a experi\u00eancia do usu\u00e1rio. Cookies monitoram informa\u00e7\u00f5es como dura\u00e7\u00e3o da visita e p\u00e1ginas acessadas, com mais detalhes dispon\u00edveis na p\u00e1gina oficial do <a style=\" color:;\" href=\"https:\/\/developers.google.com\/analytics\/devguides\/collection\/gajs\/cookie-usage?hl=pt-br\">Google Analytics<\/a>.<\/p>\n<\/div><div class=\"mx-5 sm:mx-0 prose leading-relaxed text-lg mb-5 text-left wp-paragraph\">\n<p>Utilizamos tamb\u00e9m an\u00e1lises de terceiros e Cookies para gerar conte\u00fado atrativo, monitorando o tempo no site e as p\u00e1ginas visitadas. Em fases de teste de novas funcionalidades, Cookies ajudam a manter uma experi\u00eancia consistente e a avaliar as otimiza\u00e7\u00f5es necess\u00e1rias.<\/p>\n<\/div><div class=\"mx-5 sm:mx-0 prose leading-relaxed text-lg mb-5 text-left wp-paragraph\">\n<p>Para publicidade, adotamos o Google AdSense, que usa cookies para mostrar an\u00fancios pertinentes e limitar a repeti\u00e7\u00e3o destes. Mais informa\u00e7\u00f5es podem ser encontradas nas FAQs do <a style=\" color:;\" href=\"https:\/\/support.google.com\/adsense\/answer\/3394713?hl=pt-BR\">Google AdSense<\/a>.<\/p>\n<\/div><div class=\"mx-5 sm:mx-0 prose leading-relaxed text-lg mb-5 text-left wp-paragraph\">\n<p>A publicidade \u00e9 uma fonte de financiamento para o site e desenvolvimentos futuros. Os Cookies de publicidade comportamental visam apresentar an\u00fancios relevantes. Al\u00e9m disso, os Cookies de rastreamento de afiliados nos ajudam a identificar se um usu\u00e1rio chegou atrav\u00e9s de um parceiro, permitindo o cr\u00e9dito apropriado.<\/p>\n<\/div><div class=\"mx-5 sm:mx-0 prose leading-relaxed text-lg mb-5 text-left wp-paragraph\">\n<p>Os Cookies de parceiros n\u00e3o s\u00e3o gerenciados por n\u00f3s, mas os usu\u00e1rios podem desativ\u00e1-los nas configura\u00e7\u00f5es de seus sistemas operacionais. Redirecionamentos para p\u00e1ginas de parceiros n\u00e3o implicam em rela\u00e7\u00e3o direta. Nossa pol\u00edtica de privacidade \u00e9 v\u00e1lida apenas para visitas ao 100 Tecnologia.<\/p>\n<\/div><!--advertisement--><div class=\"mx-5 sm:mx-0 sm:text-3xl text-2xl font-medium title-font mb-4 text-gray-900 text-left\">\n<h2 id=\"h-ii-como-usamos-suas-informacoes\">II. Como Usamos Suas Informa\u00e7\u00f5es<\/h2>\n<\/div><div class=\"mx-5 sm:mx-0 prose leading-relaxed text-lg mb-5 text-left wp-paragraph\">\n<p>O 100 Tecnologia utiliza as informa\u00e7\u00f5es obtidas atrav\u00e9s do site para melhorar a experi\u00eancia do usu\u00e1rio e a efici\u00eancia operacional. Isso inclui:<\/p>\n<\/div><div class=\"mx-5 sm:mx-0 prose text-left mb-5\">\n<ul><div class=\"mx-5 sm:mx-0 prose text-left mb-5\">\n<li>Manter o site para assegurar sua funcionalidade eficiente.<\/li>\n<\/div>\n\n<div class=\"mx-5 sm:mx-0 prose text-left mb-5\">\n<li>Personalizar e ampliar as ofertas do site, atendendo \u00e0s necessidades e prefer\u00eancias dos usu\u00e1rios.<\/li>\n<\/div>\n\n<div class=\"mx-5 sm:mx-0 prose text-left mb-5\">\n<li>Analisar padr\u00f5es de uso dos usu\u00e1rios para ajustar a funcionalidade e o conte\u00fado do site.<\/li>\n<\/div>\n\n<div class=\"mx-5 sm:mx-0 prose text-left mb-5\">\n<li>Desenvolver novos produtos, servi\u00e7os e funcionalidades, alinhados com as demandas crescentes dos usu\u00e1rios e inova\u00e7\u00f5es tecnol\u00f3gicas.<\/li>\n<\/div>\n\n<div class=\"mx-5 sm:mx-0 prose text-left mb-5\">\n<li>Interagir diretamente com os usu\u00e1rios ou atrav\u00e9s de parceiros, proporcionando suporte ao cliente, atualiza\u00e7\u00f5es do site e informa\u00e7\u00f5es para marketing e promo\u00e7\u00f5es.<\/li>\n<\/div>\n\n<div class=\"mx-5 sm:mx-0 prose text-left mb-5\">\n<li>Enviar e-mails sobre assuntos de interesse, como newsletters, promo\u00e7\u00f5es e outros an\u00fancios.<\/li>\n<\/div>\n\n<div class=\"mx-5 sm:mx-0 prose text-left mb-5\">\n<li>Identificar e prevenir atividades fraudulentas para proteger a seguran\u00e7a do site e a integridade das informa\u00e7\u00f5es pessoais dos usu\u00e1rios.<\/li>\n<\/div><\/ul>\n<\/div><!--advertisement--><div class=\"mx-5 sm:mx-0 sm:text-3xl text-2xl font-medium title-font mb-4 text-gray-900 text-left\">\n<h2 id=\"h-iii-comprometimento-em-proteger-suas-informacoes\">III. Comprometimento em Proteger Suas Informa\u00e7\u00f5es<\/h2>\n<\/div><div class=\"mx-5 sm:mx-0 prose leading-relaxed text-lg mb-5 text-left wp-paragraph\">\n<p>O 100 Tecnologia n\u00e3o pratica a venda de informa\u00e7\u00f5es dos usu\u00e1rios. Contudo, como j\u00e1 mencionado, podemos compartilhar dados com parceiros para melhorar a experi\u00eancia do usu\u00e1rio e desenvolver estrat\u00e9gias para nossos produtos e servi\u00e7os. Os usu\u00e1rios podem optar por n\u00e3o ter suas informa\u00e7\u00f5es compartilhadas, conforme a Lei Geral de Prote\u00e7\u00e3o de Dados (LGPD).<\/p>\n<\/div><div class=\"mx-5 sm:mx-0 prose leading-relaxed text-lg mb-5 text-left wp-paragraph\">\n<p>Reiteramos nosso compromisso com a seguran\u00e7a na coleta e armazenamento de dados, visando aprimorar a experi\u00eancia do usu\u00e1rio e desenvolver estrat\u00e9gias, servi\u00e7os e produtos para o site.<\/p>\n<\/div><div class=\"mx-5 sm:mx-0 prose leading-relaxed text-lg mb-5 text-left wp-paragraph\">\n<p>Reconhecemos que a seguran\u00e7a total de dados na internet n\u00e3o \u00e9 garantida. Assim, o 100 Tecnologia se reserva o direito de responder legalmente a qualquer viola\u00e7\u00e3o de dados por terceiros mal-intencionados.<\/p>\n<\/div><!--advertisement--><div class=\"mx-5 sm:mx-0 sm:text-3xl text-2xl font-medium title-font mb-4 text-gray-900 text-left\">\n<h2 id=\"h-iv-exercitando-os-seus-direitos\">IV. Exercitando os Seus Direitos<\/h2>\n<\/div><div class=\"mx-5 sm:mx-0 prose leading-relaxed text-lg mb-5 text-left wp-paragraph\">\n<p><strong>1. Seus Direitos<\/strong><\/p>\n<\/div><div class=\"mx-5 sm:mx-0 prose leading-relaxed text-lg mb-5 text-left wp-paragraph\">\n<p>As informa\u00e7\u00f5es pessoais s\u00e3o coletadas pelo 100 Tecnologia somente quando essenciais para fornecer um servi\u00e7o espec\u00edfico. Essa coleta \u00e9 feita de forma justa e legal, com total transpar\u00eancia e consentimento do usu\u00e1rio, e esclarecemos o prop\u00f3sito e o uso desses dados.<\/p>\n<\/div><div class=\"mx-5 sm:mx-0 prose leading-relaxed text-lg mb-5 text-left wp-paragraph\">\n<p>Voc\u00ea pode escolher n\u00e3o fornecer suas informa\u00e7\u00f5es pessoais, mas isso pode limitar nossa capacidade de oferecer certos servi\u00e7os. N\u00e3o divulgamos suas informa\u00e7\u00f5es pessoais publicamente nem a terceiros, exceto se exigido legalmente. Caso deseje que seus dados pessoais sejam exclu\u00eddos de nossos registros, entre em contato conosco.<\/p>\n<\/div><div class=\"mx-5 sm:mx-0 prose leading-relaxed text-lg mb-5 text-left wp-paragraph\">\n<p><strong>2. Pol\u00edtica de Reten\u00e7\u00e3o de Informa\u00e7\u00f5es<\/strong><\/p>\n<\/div><div class=\"mx-5 sm:mx-0 prose leading-relaxed text-lg mb-5 text-left wp-paragraph\">\n<p>O 100 Tecnologia armazena as informa\u00e7\u00f5es coletadas somente pelo per\u00edodo necess\u00e1rio para fornecer o servi\u00e7o solicitado. Os dados s\u00e3o guardados com medidas de seguran\u00e7a eficazes para evitar perda, roubo, acesso, divulga\u00e7\u00e3o, c\u00f3pia, uso ou altera\u00e7\u00e3o n\u00e3o autorizada.<\/p>\n<\/div><!--advertisement--><div class=\"mx-5 sm:mx-0 sm:text-3xl text-2xl font-medium title-font mb-4 text-gray-900 text-left\">\n<h2 id=\"h-v-lei-geral-de-protecao-de-dados-lgpd\">V. Lei Geral de Prote\u00e7\u00e3o de Dados (LGPD)<\/h2>\n<\/div><div class=\"mx-5 sm:mx-0 prose leading-relaxed text-lg mb-5 text-left wp-paragraph\">\n<p>No Brasil, a Lei Geral de Prote\u00e7\u00e3o de Dados (LGPD) assegura a prote\u00e7\u00e3o dos dados dos usu\u00e1rios na internet. Segundo a LGPD, os usu\u00e1rios t\u00eam o direito de acessar seus dados coletados, solicitar sua exclus\u00e3o e tomar medidas legais contra empresas, se necess\u00e1rio.<\/p>\n<\/div><div class=\"mx-5 sm:mx-0 prose leading-relaxed text-lg mb-5 text-left wp-paragraph\">\n<p>O 100 Tecnologia se compromete a fornecer todas as informa\u00e7\u00f5es necess\u00e1rias e facilitar os procedimentos adequados para que os usu\u00e1rios possam exercer seus direitos conforme a LGPD. Para isso, disponibilizamos um canal de contato direto pelo e-mail contato@100t.com.br.<\/p>\n<\/div><!--advertisement--><div class=\"mx-5 sm:mx-0 sm:text-3xl text-2xl font-medium title-font mb-4 text-gray-900 text-left\">\n<h2 id=\"h-vi-avisos-parentais\">VI. Avisos Parentais<\/h2>\n<\/div><div class=\"mx-5 sm:mx-0 prose leading-relaxed text-lg mb-5 text-left wp-paragraph\">\n<p>O 100 Tecnologia, em conformidade com a LGPD, n\u00e3o visa coletar dados de menores de 18 anos e encoraja pais e respons\u00e1veis a monitorarem o uso da internet por crian\u00e7as e adolescentes.<\/p>\n<\/div><div class=\"mx-5 sm:mx-0 prose leading-relaxed text-lg mb-5 text-left wp-paragraph\">\n<p>Reconhecendo a dificuldade em verificar as idades dos usu\u00e1rios, nos comprometemos a excluir imediatamente quaisquer dados pessoais de menores assim que identificados.<\/p>\n<\/div><div class=\"mx-5 sm:mx-0 prose leading-relaxed text-lg mb-5 text-left wp-paragraph\">\n<p>Para reportar ocorr\u00eancias de coleta de dados de menores, pais e respons\u00e1veis podem entrar em contato conosco pelo e-mail contato@100t.com.br, para que possamos agir na remo\u00e7\u00e3o dessas informa\u00e7\u00f5es.<\/p>\n<\/div><!--advertisement--><div class=\"mx-5 sm:mx-0 sm:text-3xl text-2xl font-medium title-font mb-4 text-gray-900 text-left\">\n<h2 id=\"h-vii-revisao-da-nossa-politica-de-privacidade\">VII. Revis\u00e3o da Nossa Pol\u00edtica de Privacidade<\/h2>\n<\/div><div class=\"mx-5 sm:mx-0 prose leading-relaxed text-lg mb-5 text-left wp-paragraph\">\n<p>O 100 Tecnologia mant\u00e9m o direito de modificar sua Pol\u00edtica de Privacidade conforme necess\u00e1rio, para se adaptar a novas tecnologias, leis ou mudan\u00e7as operacionais.<\/p>\n<\/div><div class=\"mx-5 sm:mx-0 prose leading-relaxed text-lg mb-5 text-left wp-paragraph\">\n<p>Nos comprometemos a comunicar de forma clara e tempestiva quaisquer altera\u00e7\u00f5es aos nossos usu\u00e1rios. Aconselhamos a revis\u00e3o regular da nossa Pol\u00edtica de Privacidade para estar atualizado sobre como suas informa\u00e7\u00f5es s\u00e3o protegidas. Ao continuar utilizando nossos servi\u00e7os ap\u00f3s mudan\u00e7as, voc\u00ea concorda com os novos termos.<\/p>\n<\/div><!--advertisement--><div class=\"mx-5 sm:mx-0 sm:text-3xl text-2xl font-medium title-font mb-4 text-gray-900 text-left\">\n<h2 id=\"h-viii-nossas-informacoes-de-contato\">VIII. Nossas Informa\u00e7\u00f5es de Contato<\/h2>\n<\/div><div class=\"mx-5 sm:mx-0 prose leading-relaxed text-lg mb-5 text-left wp-paragraph\">\n<p>Se tiver d\u00favidas ou coment\u00e1rios sobre a Pol\u00edtica de Privacidade, quest\u00f5es sobre seus dados pessoais, nossos m\u00e9todos de coleta e compartilhamento de dados, ou para falar sobre suas prefer\u00eancias de consentimento, entre em contato conosco pelo e-mail contato@100t.com.br.<\/p>\n<\/div><div class=\"mx-5 sm:mx-0 prose leading-relaxed text-lg mb-5 text-left wp-paragraph\">\n<p>RubikTech O\u00dc<\/p>\n<\/div><div class=\"mx-5 sm:mx-0 prose leading-relaxed text-lg mb-5 text-left wp-paragraph\">\n<p>C\u00f3digo de Registro: 16826788<\/p>\n<\/div><div class=\"mx-5 sm:mx-0 prose leading-relaxed text-lg mb-5 text-left wp-paragraph\">\n<p>Est\u00f4nia.<\/p>\n<\/div>","protected":false},"excerpt":{"rendered":"<p>Atualizada em 17 de Novembro de 2023. Introdu\u00e7\u00e3o e Sum\u00e1rio O site \u00e9 propriedade e operado pela Rubiktech O\u00dc, uma empresa registrada na Est\u00f4nia sob o n\u00famero de registro 16826788. O site 100 Tecnologia, acess\u00edvel em https:\/\/100t.com.br, oferece uma ampla gama de conte\u00fados, incluindo not\u00edcias atualizadas e promo\u00e7\u00f5es de diversos produtos e servi\u00e7os. Al\u00e9m disso,&hellip; <a class=\"more-link\" href=\"https:\/\/100t.com.br\/pt\/privacy\/\">Continue reading <span class=\"screen-reader-text\">Pol\u00edtica de Privacidade &#8211; 100 Tecnologia<\/span><\/a><\/p>","protected":false},"author":4,"featured_media":0,"parent":0,"menu_order":0,"comment_status":"closed","ping_status":"closed","template":"","meta":[],"yoast_head":"<!-- This site is optimized with the Yoast SEO Premium plugin v18.7 (Yoast SEO v19.1) - https:\/\/yoast.com\/wordpress\/plugins\/seo\/ -->\n<title>Pol\u00edtica de Privacidade - 100 Tecnologia - 100 Tech<\/title>\n<meta name=\"robots\" content=\"index, follow, max-snippet:-1, max-image-preview:large, max-video-preview:-1\" \/>\n<link rel=\"canonical\" href=\"https:\/\/100t.com.br\/pt\/privacy\/\" \/>\n<meta property=\"og:locale\" content=\"pt_PT\" \/>\n<meta property=\"og:type\" content=\"article\" \/>\n<meta property=\"og:title\" content=\"Pol\u00edtica de Privacidade - 100 Tecnologia\" \/>\n<meta property=\"og:description\" content=\"Atualizada em 17 de Novembro de 2023. Introdu\u00e7\u00e3o e Sum\u00e1rio O site \u00e9 propriedade e operado pela Rubiktech O\u00dc, uma empresa registrada na Est\u00f4nia sob o n\u00famero de registro 16826788. O site 100 Tecnologia, acess\u00edvel em https:\/\/100t.com.br, oferece uma ampla gama de conte\u00fados, incluindo not\u00edcias atualizadas e promo\u00e7\u00f5es de diversos produtos e servi\u00e7os. Al\u00e9m disso,&hellip; Continue reading Pol\u00edtica de Privacidade &#8211; 100 Tecnologia\" \/>\n<meta property=\"og:url\" content=\"https:\/\/100t.com.br\/pt\/privacy\/\" \/>\n<meta property=\"og:site_name\" content=\"100 Tech\" \/>\n<meta property=\"article:modified_time\" content=\"2026-01-15T14:15:08+00:00\" \/>\n<meta name=\"twitter:card\" content=\"summary_large_image\" \/>\n<meta name=\"twitter:label1\" content=\"Est. reading time\" \/>\n\t<meta name=\"twitter:data1\" content=\"9 minutes\" \/>\n<script type=\"application\/ld+json\" class=\"yoast-schema-graph\">{\"@context\":\"https:\/\/schema.org\",\"@graph\":[{\"@type\":\"WebSite\",\"@id\":\"https:\/\/100t.com.br\/#website\",\"url\":\"https:\/\/100t.com.br\/\",\"name\":\"100 Tech\",\"description\":\"Tecnologia e Informa\u00e7\u00e3o\",\"potentialAction\":[{\"@type\":\"SearchAction\",\"target\":{\"@type\":\"EntryPoint\",\"urlTemplate\":\"https:\/\/100t.com.br\/?s={search_term_string}\"},\"query-input\":\"required name=search_term_string\"}],\"inLanguage\":\"pt-PT\"},{\"@type\":\"WebPage\",\"@id\":\"https:\/\/100t.com.br\/privacy\/#webpage\",\"url\":\"https:\/\/100t.com.br\/privacy\/\",\"name\":\"Pol\u00edtica de Privacidade - 100 Tecnologia - 100 Tech\",\"isPartOf\":{\"@id\":\"https:\/\/100t.com.br\/#website\"},\"datePublished\":\"2023-03-31T16:22:41+00:00\",\"dateModified\":\"2026-01-15T14:15:08+00:00\",\"breadcrumb\":{\"@id\":\"https:\/\/100t.com.br\/privacy\/#breadcrumb\"},\"inLanguage\":\"pt-PT\",\"potentialAction\":[{\"@type\":\"ReadAction\",\"target\":[\"https:\/\/100t.com.br\/privacy\/\"]}]},{\"@type\":\"BreadcrumbList\",\"@id\":\"https:\/\/100t.com.br\/privacy\/#breadcrumb\",\"itemListElement\":[{\"@type\":\"ListItem\",\"position\":1,\"name\":\"Home\",\"item\":\"https:\/\/100t.com.br\/pt\/\"},{\"@type\":\"ListItem\",\"position\":2,\"name\":\"Pol\u00edtica de Privacidade &#8211; 100 Tecnologia\"}]}]}<\/script>\n<!-- \/ Yoast SEO Premium plugin. -->","yoast_head_json":{"title":"Pol\u00edtica de Privacidade - 100 Tecnologia - 100 Tech","robots":{"index":"index","follow":"follow","max-snippet":"max-snippet:-1","max-image-preview":"max-image-preview:large","max-video-preview":"max-video-preview:-1"},"canonical":"https:\/\/100t.com.br\/pt\/privacy\/","og_locale":"pt_PT","og_type":"article","og_title":"Pol\u00edtica de Privacidade - 100 Tecnologia","og_description":"Atualizada em 17 de Novembro de 2023. Introdu\u00e7\u00e3o e Sum\u00e1rio O site \u00e9 propriedade e operado pela Rubiktech O\u00dc, uma empresa registrada na Est\u00f4nia sob o n\u00famero de registro 16826788. O site 100 Tecnologia, acess\u00edvel em https:\/\/100t.com.br, oferece uma ampla gama de conte\u00fados, incluindo not\u00edcias atualizadas e promo\u00e7\u00f5es de diversos produtos e servi\u00e7os. Al\u00e9m disso,&hellip; Continue reading Pol\u00edtica de Privacidade &#8211; 100 Tecnologia","og_url":"https:\/\/100t.com.br\/pt\/privacy\/","og_site_name":"100 Tech","article_modified_time":"2026-01-15T14:15:08+00:00","twitter_card":"summary_large_image","twitter_misc":{"Est. reading time":"9 minutes"},"schema":{"@context":"https:\/\/schema.org","@graph":[{"@type":"WebSite","@id":"https:\/\/100t.com.br\/#website","url":"https:\/\/100t.com.br\/","name":"100 Tech","description":"Tecnologia e Informa\u00e7\u00e3o","potentialAction":[{"@type":"SearchAction","target":{"@type":"EntryPoint","urlTemplate":"https:\/\/100t.com.br\/?s={search_term_string}"},"query-input":"required name=search_term_string"}],"inLanguage":"pt-PT"},{"@type":"WebPage","@id":"https:\/\/100t.com.br\/privacy\/#webpage","url":"https:\/\/100t.com.br\/privacy\/","name":"Pol\u00edtica de Privacidade - 100 Tecnologia - 100 Tech","isPartOf":{"@id":"https:\/\/100t.com.br\/#website"},"datePublished":"2023-03-31T16:22:41+00:00","dateModified":"2026-01-15T14:15:08+00:00","breadcrumb":{"@id":"https:\/\/100t.com.br\/privacy\/#breadcrumb"},"inLanguage":"pt-PT","potentialAction":[{"@type":"ReadAction","target":["https:\/\/100t.com.br\/privacy\/"]}]},{"@type":"BreadcrumbList","@id":"https:\/\/100t.com.br\/privacy\/#breadcrumb","itemListElement":[{"@type":"ListItem","position":1,"name":"Home","item":"https:\/\/100t.com.br\/pt\/"},{"@type":"ListItem","position":2,"name":"Pol\u00edtica de Privacidade &#8211; 100 Tecnologia"}]}]}},"_links":{"self":[{"href":"https:\/\/100t.com.br\/pt\/wp-json\/wp\/v2\/pages\/4828"}],"collection":[{"href":"https:\/\/100t.com.br\/pt\/wp-json\/wp\/v2\/pages"}],"about":[{"href":"https:\/\/100t.com.br\/pt\/wp-json\/wp\/v2\/types\/page"}],"author":[{"embeddable":true,"href":"https:\/\/100t.com.br\/pt\/wp-json\/wp\/v2\/users\/4"}],"replies":[{"embeddable":true,"href":"https:\/\/100t.com.br\/pt\/wp-json\/wp\/v2\/comments?post=4828"}],"version-history":[{"count":0,"href":"https:\/\/100t.com.br\/pt\/wp-json\/wp\/v2\/pages\/4828\/revisions"}],"wp:attachment":[{"href":"https:\/\/100t.com.br\/pt\/wp-json\/wp\/v2\/media?parent=4828"}],"curies":[{"name":"wp","href":"https:\/\/api.w.org\/{rel}","templated":true}]}}