{"id":4836,"date":"2023-03-31T17:35:45","date_gmt":"2023-03-31T17:35:45","guid":{"rendered":"https:\/\/100t.com.br\/?page_id=4836"},"modified":"2025-07-25T19:36:23","modified_gmt":"2025-07-25T19:36:23","slug":"about","status":"publish","type":"page","link":"https:\/\/100t.com.br\/pl\/about\/","title":{"rendered":"O nas"},"content":{"rendered":"<!--advertisement--><div class=\"mx-5 sm:mx-0 sm:text-3xl text-2xl font-medium title-font mb-4 text-gray-900 text-left\">\n<h2 id=\"h-informacao-inteligente-para-quem-quer-estar-sempre-a-frente\">M\u0105dre informacje dla tych, kt\u00f3rzy chc\u0105 by\u0107 o krok do przodu<\/h2>\n<\/div><div class=\"mx-5 sm:mx-0 prose leading-relaxed text-lg mb-5 text-left wp-paragraph\">\n<p>Technologia jest wsz\u0119dzie \u2014 w aplikacji, kt\u00f3ra u\u0142atwia codzienne \u017cycie, w sporcie, kt\u00f3ry uprawiasz, w planowanej podr\u00f3\u017cy, a nawet w ofercie pracy, kt\u00f3ra mo\u017ce odmieni\u0107 twoje \u017cycie. <strong>100 technik<\/strong> istnieje po to, aby po\u0142\u0105czy\u0107 Ci\u0119 z tym wszystkim w prosty, szybki i u\u017cyteczny spos\u00f3b.<\/p>\n<\/div><!--advertisement--><div class=\"mx-5 sm:mx-0 sm:text-3xl text-2xl font-medium title-font mb-4 text-gray-900 text-left\">\n<h2>Kim jeste\u015bmy?<\/h2>\n<\/div><div class=\"mx-5 sm:mx-0 prose leading-relaxed text-lg mb-5 text-left wp-paragraph\">\n<p>RubikTech to firma zajmuj\u0105ca si\u0119 dostarczaniem tre\u015bci i informacji, kt\u00f3rej celem jest sta\u0142e dostarczanie najlepszych tre\u015bci w przejrzystym i aktualnym formacie.<\/p>\n<\/div><div class=\"mx-5 sm:mx-0 prose leading-relaxed text-lg mb-5 text-left wp-paragraph\">\n<p>Rozmawiamy o tym, co jest teraz na topie w \u015bwiecie aplikacji, polecamy najlepsze narz\u0119dzia cyfrowe dla os\u00f3b poszukuj\u0105cych rozrywki, pracy lub wygody oraz zag\u0142\u0119biamy si\u0119 w trendy kszta\u0142tuj\u0105ce tera\u017aniejszo\u015b\u0107 i przysz\u0142o\u015b\u0107.<\/p>\n<\/div><!--advertisement--><div class=\"mx-5 sm:mx-0 sm:text-3xl text-2xl font-medium title-font mb-4 text-gray-900 text-left\">\n<h2>Co robimy<\/h2>\n<\/div><div class=\"mx-5 sm:mx-0 prose text-left mb-5\">\n<ul><div class=\"mx-5 sm:mx-0 prose text-left mb-5\">\n<li><strong>Polecamy przydatne i aktualne aplikacje<\/strong>: produktywno\u015b\u0107, zdrowie, rozrywka i wiele wi\u0119cej.<\/li>\n<\/div>\n\n<div class=\"mx-5 sm:mx-0 prose text-left mb-5\">\n<li><strong>\u0141\u0105czymy Ci\u0119 z tym, co jest teraz najgor\u0119tsze w sporcie i rozrywce<\/strong>, skupiaj\u0105c si\u0119 na platformach cyfrowych.<\/li>\n<\/div>\n\n<div class=\"mx-5 sm:mx-0 prose text-left mb-5\">\n<li><strong>Pokazujemy, jak technologia otwiera drzwi tym, kt\u00f3rzy chc\u0105 pracowa\u0107, podr\u00f3\u017cowa\u0107 lub za\u0142o\u017cy\u0107 firm\u0119.<\/strong><\/li>\n<\/div>\n\n<div class=\"mx-5 sm:mx-0 prose text-left mb-5\">\n<li><strong>Wszystko jasno wyja\u015bniamy<\/strong>:tre\u015b\u0107 bezpo\u015brednia, dost\u0119pna i rzetelna.<\/li>\n<\/div><\/ul>\n<\/div><div class=\"mx-5 sm:mx-0 prose leading-relaxed text-lg mb-5 text-left wp-paragraph\">\n<p>Zale\u017cy nam na tym, aby pom\u00f3c Ci podejmowa\u0107 lepsze decyzje, oszcz\u0119dza\u0107 czas i w pe\u0142ni wykorzystywa\u0107 mo\u017cliwo\u015bci technologii.<\/p>\n<\/div><!--advertisement--><div class=\"mx-5 sm:mx-0 sm:text-3xl text-2xl font-medium title-font mb-4 text-gray-900 text-left\">\n<h3>Informacja prawna<\/h3>\n<\/div><div class=\"mx-5 sm:mx-0 prose leading-relaxed text-lg mb-5 text-left wp-paragraph\">\n<p>O <strong>100 technik<\/strong> to portal wy\u0142\u0105cznie informacyjny. Nie mamy \u017cadnych powi\u0105za\u0144 komercyjnych z produktami, aplikacjami ani firmami wymienionymi w naszych tre\u015bciach. Wszystkie rekomendacje s\u0105 tworzone niezale\u017cnie, aby pom\u00f3c naszym czytelnikom w podejmowaniu bardziej \u015bwiadomych i przemy\u015blanych decyzji w \u015bwiecie cyfrowym.<\/p>\n<\/div><!--advertisement--><div class=\"mx-5 sm:mx-0 sm:text-3xl text-2xl font-medium title-font mb-4 text-gray-900 text-left\">\n<h2>pom\u00f3\u017c nam si\u0119 udoskonali\u0107<\/h2>\n<\/div><div class=\"mx-5 sm:mx-0 prose leading-relaxed text-lg mb-5 text-left wp-paragraph\">\n<p>Cenimy Twoje pomys\u0142y i sugestie, dzi\u0119ki czemu mo\u017cemy jeszcze bardziej ulepszy\u0107. Podziel si\u0119 z nami swoimi opiniami!<\/p>\n<\/div>","protected":false},"excerpt":{"rendered":"<p>M\u0105dre informacje dla tych, kt\u00f3rzy chc\u0105 by\u0107 o krok przed innymi. Technologia jest wsz\u0119dzie \u2013 w aplikacji, kt\u00f3ra u\u0142atwia codzienne \u017cycie, w sporcie, kt\u00f3ry \u015bledzisz, w planowanej podr\u00f3\u017cy, a nawet w ofercie pracy, kt\u00f3ra mo\u017ce odmieni\u0107 Twoje \u017cycie. 100 Tech istnieje, aby po\u0142\u0105czy\u0107 Ci\u0119 z tym wszystkim w prosty i szybki spos\u00f3b\u2026 <a class=\"more-link\" href=\"https:\/\/100t.com.br\/pl\/about\/\">Kontynuuj czytanie <span class=\"screen-reader-text\">O nas<\/span><\/a><\/p>","protected":false},"author":4,"featured_media":0,"parent":0,"menu_order":0,"comment_status":"closed","ping_status":"closed","template":"","meta":[],"yoast_head":"<!-- This site is optimized with the Yoast SEO Premium plugin v18.7 (Yoast SEO v19.1) - https:\/\/yoast.com\/wordpress\/plugins\/seo\/ -->\n<title>Sobre N\u00f3s - 100 Tech<\/title>\n<meta name=\"robots\" content=\"index, follow, max-snippet:-1, max-image-preview:large, max-video-preview:-1\" \/>\n<link rel=\"canonical\" href=\"https:\/\/100t.com.br\/pl\/about\/\" \/>\n<meta property=\"og:locale\" content=\"pl_PL\" \/>\n<meta property=\"og:type\" content=\"article\" \/>\n<meta property=\"og:title\" content=\"Sobre N\u00f3s\" \/>\n<meta property=\"og:description\" content=\"Informa\u00e7\u00e3o inteligente para quem quer estar sempre \u00e0 frente A tecnologia est\u00e1 em tudo \u2014 no app que facilita sua rotina, no esporte que voc\u00ea acompanha, na viagem que planeja ou at\u00e9 naquela vaga de emprego que pode mudar sua vida. O 100 Tech existe para conectar voc\u00ea a tudo isso de forma simples, r\u00e1pida&hellip; Continue reading Sobre N\u00f3s\" \/>\n<meta property=\"og:url\" content=\"https:\/\/100t.com.br\/pl\/about\/\" \/>\n<meta property=\"og:site_name\" content=\"100 Tech\" \/>\n<meta property=\"article:modified_time\" content=\"2025-07-25T19:36:23+00:00\" \/>\n<meta name=\"twitter:card\" content=\"summary_large_image\" \/>\n<meta name=\"twitter:label1\" content=\"Est. reading time\" \/>\n\t<meta name=\"twitter:data1\" content=\"2 minutes\" \/>\n<script type=\"application\/ld+json\" class=\"yoast-schema-graph\">{\"@context\":\"https:\/\/schema.org\",\"@graph\":[{\"@type\":\"WebSite\",\"@id\":\"https:\/\/100t.com.br\/#website\",\"url\":\"https:\/\/100t.com.br\/\",\"name\":\"100 Tech\",\"description\":\"Tecnologia e Informa\u00e7\u00e3o\",\"potentialAction\":[{\"@type\":\"SearchAction\",\"target\":{\"@type\":\"EntryPoint\",\"urlTemplate\":\"https:\/\/100t.com.br\/?s={search_term_string}\"},\"query-input\":\"required name=search_term_string\"}],\"inLanguage\":\"pl-PL\"},{\"@type\":\"WebPage\",\"@id\":\"https:\/\/100t.com.br\/about\/#webpage\",\"url\":\"https:\/\/100t.com.br\/about\/\",\"name\":\"Sobre N\u00f3s - 100 Tech\",\"isPartOf\":{\"@id\":\"https:\/\/100t.com.br\/#website\"},\"datePublished\":\"2023-03-31T17:35:45+00:00\",\"dateModified\":\"2025-07-25T19:36:23+00:00\",\"breadcrumb\":{\"@id\":\"https:\/\/100t.com.br\/about\/#breadcrumb\"},\"inLanguage\":\"pl-PL\",\"potentialAction\":[{\"@type\":\"ReadAction\",\"target\":[\"https:\/\/100t.com.br\/about\/\"]}]},{\"@type\":\"BreadcrumbList\",\"@id\":\"https:\/\/100t.com.br\/about\/#breadcrumb\",\"itemListElement\":[{\"@type\":\"ListItem\",\"position\":1,\"name\":\"Home\",\"item\":\"https:\/\/100t.com.br\/pl\/\"},{\"@type\":\"ListItem\",\"position\":2,\"name\":\"Sobre N\u00f3s\"}]}]}<\/script>\n<!-- \/ Yoast SEO Premium plugin. -->","yoast_head_json":{"title":"Sobre N\u00f3s - 100 Tech","robots":{"index":"index","follow":"follow","max-snippet":"max-snippet:-1","max-image-preview":"max-image-preview:large","max-video-preview":"max-video-preview:-1"},"canonical":"https:\/\/100t.com.br\/pl\/about\/","og_locale":"pl_PL","og_type":"article","og_title":"Sobre N\u00f3s","og_description":"Informa\u00e7\u00e3o inteligente para quem quer estar sempre \u00e0 frente A tecnologia est\u00e1 em tudo \u2014 no app que facilita sua rotina, no esporte que voc\u00ea acompanha, na viagem que planeja ou at\u00e9 naquela vaga de emprego que pode mudar sua vida. O 100 Tech existe para conectar voc\u00ea a tudo isso de forma simples, r\u00e1pida&hellip; Continue reading Sobre N\u00f3s","og_url":"https:\/\/100t.com.br\/pl\/about\/","og_site_name":"100 Tech","article_modified_time":"2025-07-25T19:36:23+00:00","twitter_card":"summary_large_image","twitter_misc":{"Est. reading time":"2 minutes"},"schema":{"@context":"https:\/\/schema.org","@graph":[{"@type":"WebSite","@id":"https:\/\/100t.com.br\/#website","url":"https:\/\/100t.com.br\/","name":"100 Tech","description":"Tecnologia e Informa\u00e7\u00e3o","potentialAction":[{"@type":"SearchAction","target":{"@type":"EntryPoint","urlTemplate":"https:\/\/100t.com.br\/?s={search_term_string}"},"query-input":"required name=search_term_string"}],"inLanguage":"pl-PL"},{"@type":"WebPage","@id":"https:\/\/100t.com.br\/about\/#webpage","url":"https:\/\/100t.com.br\/about\/","name":"Sobre N\u00f3s - 100 Tech","isPartOf":{"@id":"https:\/\/100t.com.br\/#website"},"datePublished":"2023-03-31T17:35:45+00:00","dateModified":"2025-07-25T19:36:23+00:00","breadcrumb":{"@id":"https:\/\/100t.com.br\/about\/#breadcrumb"},"inLanguage":"pl-PL","potentialAction":[{"@type":"ReadAction","target":["https:\/\/100t.com.br\/about\/"]}]},{"@type":"BreadcrumbList","@id":"https:\/\/100t.com.br\/about\/#breadcrumb","itemListElement":[{"@type":"ListItem","position":1,"name":"Home","item":"https:\/\/100t.com.br\/pl\/"},{"@type":"ListItem","position":2,"name":"Sobre N\u00f3s"}]}]}},"_links":{"self":[{"href":"https:\/\/100t.com.br\/pl\/wp-json\/wp\/v2\/pages\/4836"}],"collection":[{"href":"https:\/\/100t.com.br\/pl\/wp-json\/wp\/v2\/pages"}],"about":[{"href":"https:\/\/100t.com.br\/pl\/wp-json\/wp\/v2\/types\/page"}],"author":[{"embeddable":true,"href":"https:\/\/100t.com.br\/pl\/wp-json\/wp\/v2\/users\/4"}],"replies":[{"embeddable":true,"href":"https:\/\/100t.com.br\/pl\/wp-json\/wp\/v2\/comments?post=4836"}],"version-history":[{"count":0,"href":"https:\/\/100t.com.br\/pl\/wp-json\/wp\/v2\/pages\/4836\/revisions"}],"wp:attachment":[{"href":"https:\/\/100t.com.br\/pl\/wp-json\/wp\/v2\/media?parent=4836"}],"curies":[{"name":"wp","href":"https:\/\/api.w.org\/{rel}","templated":true}]}}