{"id":4830,"date":"2023-03-31T16:29:55","date_gmt":"2023-03-31T16:29:55","guid":{"rendered":"https:\/\/100t.com.br\/?page_id=4830"},"modified":"2023-11-22T20:57:25","modified_gmt":"2023-11-22T20:57:25","slug":"terms","status":"publish","type":"page","link":"https:\/\/100t.com.br\/pl\/terms\/","title":{"rendered":"Warunki korzystania \u2013 100 Tech"},"content":{"rendered":"<div class=\"mx-5 sm:mx-0 prose leading-relaxed text-lg mb-5 text-left wp-paragraph\">\n<p>Zaktualizowano 22 listopada 2023 r.<\/p>\n<\/div><div class=\"mx-5 sm:mx-0 prose leading-relaxed text-lg mb-5 text-left wp-paragraph\">\n<p>A <strong>RubikTech O\u00dc<\/strong>, sp\u00f3\u0142ka z ograniczon\u0105 odpowiedzialno\u015bci\u0105 z siedzib\u0105 w Estonii (LLC, znana r\u00f3wnie\u017c jako O\u00dc), zarejestrowana pod numerem VAT EE102662223 i zlokalizowana w Tallinie, przy Keemia Street tn 4, 10616, Harju, Estonia, jest podmiotem odpowiedzialnym za tworzenie, w\u0142asno\u015b\u0107 i zarz\u0105dzanie strona internetowa 100 Tech, dost\u0119pna pod adresem <a style=\" color:;\" href=\"https:\/\/100t.com.br\/pl\/\">https:\/\/100t.com.br<\/a>.<\/p>\n<\/div><div class=\"mx-5 sm:mx-0 prose leading-relaxed text-lg mb-5 text-left wp-paragraph\">\n<p>Wspomnianym portalem zarz\u0105dza firma 100 Tech. Odniesienia do \u201emy\u201d, \u201enas\u201d i \u201enasz\u201d w ca\u0142ym dokumencie odnosz\u0105 si\u0119 wy\u0142\u0105cznie do firmy 100 Tech. Niniejszy portal, \u0142\u0105cznie ze wszystkimi dost\u0119pnymi informacjami, us\u0142ugami i tre\u015bciami, jest dostarczany przez firm\u0119 100 Tech, pod warunkiem akceptacji przez u\u017cytkownika wszystkich warunk\u00f3w i zasad okre\u015blonych w niniejszym dokumencie. Korzystanie z naszych us\u0142ug wi\u0105\u017ce si\u0119 z przegl\u0105daniem i interakcj\u0105 z naszym portalem.<\/p>\n<\/div><div class=\"mx-5 sm:mx-0 prose leading-relaxed text-lg mb-5 text-left wp-paragraph\">\n<p>100 Tech wyr\u00f3\u017cnia si\u0119 jako serwis specjalizuj\u0105cy si\u0119 w tworzeniu tre\u015bci informacyjnych oraz analizie szerokiej gamy produkt\u00f3w i us\u0142ug (w tym aplikacji, technologii, rozrywki i innych), oferowanych przez podmioty krajowe i mi\u0119dzynarodowe.<\/p>\n<\/div><div class=\"mx-5 sm:mx-0 prose leading-relaxed text-lg mb-5 text-left wp-paragraph\">\n<p>Nale\u017cy pami\u0119ta\u0107, \u017ce korzystanie z tej witryny podlega zar\u00f3wno niniejszym Warunkom, jak i Polityce prywatno\u015bci 100 Tech, z kt\u00f3r\u0105 mo\u017cna zapozna\u0107 si\u0119 pod adresem https:\/\/100t.com.br\/privacy, a tak\u017ce jest zgodne z obowi\u0105zuj\u0105cymi przepisami .<\/p>\n<\/div><div class=\"mx-5 sm:mx-0 prose leading-relaxed text-lg mb-5 text-left wp-paragraph\">\n<p>Dlatego Og\u00f3lne Warunki Korzystania maj\u0105 na celu wyja\u015bnienie odpowiedzialno\u015bci, zobowi\u0105za\u0144 i obowi\u0105zk\u00f3w wszystkich u\u017cytkownik\u00f3w uzyskuj\u0105cych dost\u0119p i\/lub korzystaj\u0105cych ze strony internetowej 100 Tech, jak opisano szczeg\u00f3\u0142owo w kolejnych punktach.<\/p>\n<\/div><div class=\"mx-5 sm:mx-0 prose leading-relaxed text-lg mb-5 text-left wp-paragraph\">\n<p><strong>Koniecznie zapoznaj si\u0119 z naszym Regulaminem.Je\u015bli nie zgadzasz si\u0119 z niniejszymi warunkami, prosimy o niekorzystanie z us\u0142ug \u015bwiadczonych przez 100 Tech.<\/strong><\/p>\n<\/div><!--advertisement--><div class=\"mx-5 sm:mx-0 sm:text-3xl text-2xl font-medium title-font mb-4 text-gray-900 text-left\">\n<h2 id=\"h-secao-i-admissao\">Sekcja I \u2013 Wst\u0119p<\/h2>\n<\/div><div class=\"mx-5 sm:mx-0 prose leading-relaxed text-lg mb-5 text-left wp-paragraph\">\n<p><strong>1.1 <\/strong>Korzystaj\u0105c z 100 Tech, U\u017cytkownik zobowi\u0105zuje si\u0119 do przestrzegania Og\u00f3lnych Warunk\u00f3w Korzystania oraz <a style=\" color:;\" href=\"https:\/\/100t.com.br\/pl\/privacy\/\">Polityka prywatno\u015bci<\/a> od 100 tech.<\/p>\n<\/div><div class=\"mx-5 sm:mx-0 prose leading-relaxed text-lg mb-5 text-left wp-paragraph\">\n<p><strong>1.2 <\/strong>U\u017cytkownik uzyskuj\u0105cy dost\u0119p i\/lub korzystaj\u0105cy z 100 Tech o\u015bwiadcza, \u017ce ma uko\u0144czone 18 (osiemna\u015bcie) lat oraz posiada pe\u0142n\u0105 zdolno\u015b\u0107 prawn\u0105 i wyra\u017an\u0105 do zaakceptowania niniejszych Warunk\u00f3w Korzystania dla wszystkich cel\u00f3w prawnych.<\/p>\n<\/div><div class=\"mx-5 sm:mx-0 prose leading-relaxed text-lg mb-5 text-left wp-paragraph\">\n<p><strong>1.3 <\/strong>Je\u017celi U\u017cytkownik nie spe\u0142nia powy\u017cszych kryteri\u00f3w i\/lub nie zgadza si\u0119 w ca\u0142o\u015bci lub w cz\u0119\u015bci z warunkami zawartymi w niniejszym Regulaminie, powinien powstrzyma\u0107 si\u0119 od dost\u0119pu i\/lub korzystania z us\u0142ug udost\u0119pniane przez 100 Tech, a tak\u017ce strony internetowe i us\u0142ugi przez ni\u0105 zarz\u0105dzane.<\/p>\n<\/div><!--advertisement--><div class=\"mx-5 sm:mx-0 sm:text-3xl text-2xl font-medium title-font mb-4 text-gray-900 text-left\">\n<h2>Sekcja II \u2013 Kontakt<\/h2>\n<\/div><div class=\"mx-5 sm:mx-0 prose leading-relaxed text-lg mb-5 text-left wp-paragraph\">\n<p><strong>2.1 <\/strong>U\u017cytkownik mo\u017ce skorzysta\u0107 z tej us\u0142ugi w celu wyja\u015bnienia wszelkich w\u0105tpliwo\u015bci, rozwi\u0105zania problem\u00f3w oraz z\u0142o\u017cenia reklamacji lub innych informacji na temat produkt\u00f3w\/us\u0142ug dost\u0119pnych w 100 Tech.<\/p>\n<\/div><div class=\"mx-5 sm:mx-0 prose leading-relaxed text-lg mb-5 text-left wp-paragraph\">\n<p><strong>2.2<\/strong> W celu nawi\u0105zania kontaktu U\u017cytkownik mo\u017ce skorzysta\u0107 z formularza dost\u0119pnego pod adresem <a style=\" color:;\" href=\"https:\/\/100t.com.br\/pl\/contact\/\">https:\/\/100t.com.br\/contact\/<\/a>.<\/p>\n<\/div><!--advertisement--><div class=\"mx-5 sm:mx-0 sm:text-3xl text-2xl font-medium title-font mb-4 text-gray-900 text-left\">\n<h2>Dzia\u0142 III \u2013 Obowi\u0105zki Stron<\/h2>\n<\/div><div class=\"mx-5 sm:mx-0 prose leading-relaxed text-lg mb-5 text-left wp-paragraph\">\n<p><strong>3.1 <\/strong>Wchodz\u0105c i korzystaj\u0105c z us\u0142ug i produkt\u00f3w na stronie internetowej 100 Tech, U\u017cytkownik potwierdza, \u017ce przeczyta\u0142, zrozumia\u0142 i zaakceptowa\u0142 wszystkie postanowienia zawarte w niniejszym Regulaminie oraz Polityce Prywatno\u015bci.<\/p>\n<\/div><div class=\"mx-5 sm:mx-0 prose leading-relaxed text-lg mb-5 text-left wp-paragraph\">\n<p><strong>3.2 <\/strong>100 Tech udost\u0119pnia linki i przekierowuje U\u017cytkownika do stron internetowych os\u00f3b trzecich, gdzie mo\u017cna zam\u00f3wi\u0107 us\u0142ugi i zakupi\u0107 produkty bezpo\u015brednio od odpowiednich firm. 100 Tech nie ingeruje w ten proces.<\/p>\n<\/div><div class=\"mx-5 sm:mx-0 prose leading-relaxed text-lg mb-5 text-left wp-paragraph\">\n<p><strong>3.3 <\/strong>W przypadku przekierowania na stron\u0119 internetow\u0105 firmy partnerskiej U\u017cytkownik musi zapozna\u0107 si\u0119 z warunkami u\u017cytkowania i polityk\u0105 prywatno\u015bci odpowiedniej firmy i wyra\u017anie wyrazi\u0107 na ni\u0105 zgod\u0119.<\/p>\n<\/div><div class=\"mx-5 sm:mx-0 prose leading-relaxed text-lg mb-5 text-left wp-paragraph\">\n<p><strong>3.4 <\/strong>100 Tech nie ponosi odpowiedzialno\u015bci za zasady i warunki korzystania z firm zewn\u0119trznych, informacje o us\u0142ugach lub reklamowane produkty, ani za \u017cadne oferty lub umowy zawarte z tymi firmami.<\/p>\n<\/div><div class=\"mx-5 sm:mx-0 prose leading-relaxed text-lg mb-5 text-left wp-paragraph\">\n<p><strong>3.5 <\/strong>100 Tech nie ponosi odpowiedzialno\u015bci za szkody spowodowane przez wirusy lub z\u0142o\u015bliwe oprogramowanie powsta\u0142e podczas przegl\u0105dania lub przesy\u0142ania danych w Internecie. Zaleca si\u0119, aby U\u017cytkownik posiada\u0142 aktualne systemy bezpiecze\u0144stwa.<\/p>\n<\/div><div class=\"mx-5 sm:mx-0 prose leading-relaxed text-lg mb-5 text-left wp-paragraph\">\n<p><strong>3.6 <\/strong>100 Tech nie ponosi odpowiedzialno\u015bci za straty wynikaj\u0105ce z niew\u0142a\u015bciwego korzystania ze strony internetowej lub zdarze\u0144 si\u0142y wy\u017cszej.<\/p>\n<\/div><div class=\"mx-5 sm:mx-0 prose leading-relaxed text-lg mb-5 text-left wp-paragraph\">\n<p><strong>3.7 <\/strong>100 Tech nie wymaga depozyt\u00f3w ani przelew\u00f3w bankowych w celu zatwierdzenia lub przyznania produkt\u00f3w finansowych.<\/p>\n<\/div><div class=\"mx-5 sm:mx-0 prose leading-relaxed text-lg mb-5 text-left wp-paragraph\">\n<p><strong>3.8 <\/strong>100 Tech nie wysy\u0142a e-maili z pro\u015bb\u0105 o dane osobowe lub rejestracyjne, ani wykonywalne za\u0142\u0105czniki lub linki do pobrania. Je\u015bli otrzymasz tak\u0105 wiadomo\u015b\u0107, poinformuj nas o tym za po\u015brednictwem formularza kontaktowego pod adresem <a style=\" color:;\" href=\"https:\/\/100t.com.br\/pl\/contact\/\">https:\/\/100t.com.br\/contact\/<\/a>.<\/p>\n<\/div><!--advertisement--><div class=\"mx-5 sm:mx-0 sm:text-3xl text-2xl font-medium title-font mb-4 text-gray-900 text-left\">\n<h2>Rozdzia\u0142 IV \u2013 Warunki u\u017cytkowania i ograniczenia<\/h2>\n<\/div><div class=\"mx-5 sm:mx-0 prose leading-relaxed text-lg mb-5 text-left wp-paragraph\">\n<p>Zgodnie z Warunkami \u015bwiadczenia us\u0142ug na\u0142o\u017cyli\u015bmy rygorystyczne ograniczenia na korzystanie z naszej witryny i tre\u015bci. Wyra\u017anie zabrania si\u0119:<\/p>\n<\/div><div class=\"mx-5 sm:mx-0 prose text-left mb-5\">\n<ol><div class=\"mx-5 sm:mx-0 prose text-left mb-5\">\n<li>Korzystaj z witryny w celach niezgodnych z prawem lub w celu promowania nielegalnych dzia\u0142a\u0144.<\/li>\n<\/div>\n\n<div class=\"mx-5 sm:mx-0 prose text-left mb-5\">\n<li>Nale\u017cy lekcewa\u017cy\u0107 wszelkie lokalne, stanowe, federalne, prowincjonalne lub mi\u0119dzynarodowe przepisy i regulacje.<\/li>\n<\/div>\n\n<div class=\"mx-5 sm:mx-0 prose text-left mb-5\">\n<li>Narusza\u0107 lub narusza\u0107 nasze prawa w\u0142asno\u015bci intelektualnej lub prawa os\u00f3b trzecich.<\/li>\n<\/div>\n\n<div class=\"mx-5 sm:mx-0 prose text-left mb-5\">\n<li>Anga\u017cowanie si\u0119 w zachowania takie jak molestowanie, zn\u0119canie si\u0119, znies\u0142awienie, zastraszanie lub dyskryminacja ze wzgl\u0119du na p\u0142e\u0107, orientacj\u0119 seksualn\u0105, religi\u0119, pochodzenie etniczne, ras\u0119, wiek, pochodzenie narodowe lub niepe\u0142nosprawno\u015b\u0107.<\/li>\n<\/div>\n\n<div class=\"mx-5 sm:mx-0 prose text-left mb-5\">\n<li>Rozpowszechniaj fa\u0142szywe lub wprowadzaj\u0105ce w b\u0142\u0105d informacje.<\/li>\n<\/div>\n\n<div class=\"mx-5 sm:mx-0 prose text-left mb-5\">\n<li>Rozpowszechniaj wirusy lub inny kod, kt\u00f3ry mo\u017ce zaszkodzi\u0107 dzia\u0142aniu Us\u0142ugi, powi\u0105zanych witryn, innych witryn lub Internetu.<\/li>\n<\/div>\n\n<div class=\"mx-5 sm:mx-0 prose text-left mb-5\">\n<li>Zbieraj lub \u015bled\u017a dane osobowe os\u00f3b trzecich bez zgody.<\/li>\n<\/div>\n\n<div class=\"mx-5 sm:mx-0 prose text-left mb-5\">\n<li>\u0106wicz spam, phishing, pharm, pretekst, spider, crawl lub scrape.<\/li>\n<\/div>\n\n<div class=\"mx-5 sm:mx-0 prose text-left mb-5\">\n<li>Korzystanie ze strony internetowej w celach obscenicznych lub niemoralnych.<\/li>\n<\/div>\n\n<div class=\"mx-5 sm:mx-0 prose text-left mb-5\">\n<li>Ingerowa\u0107 lub obchodzi\u0107 \u015brodki bezpiecze\u0144stwa Us\u0142ugi, powi\u0105zanych witryn, innych witryn lub Internetu.<\/li>\n<\/div><\/ol>\n<\/div><div class=\"mx-5 sm:mx-0 prose leading-relaxed text-lg mb-5 text-left wp-paragraph\">\n<p><strong>Zastrzegamy sobie prawo do zako\u0144czenia lub zawieszenia korzystania przez Ciebie z naszych Us\u0142ug i wszelkich powi\u0105zanych witryn internetowych, je\u015bli naruszysz kt\u00f3rekolwiek z tych ogranicze\u0144.<\/strong><\/p>\n<\/div><!--advertisement--><div class=\"mx-5 sm:mx-0 sm:text-3xl text-2xl font-medium title-font mb-4 text-gray-900 text-left\">\n<h2>Rozdzia\u0142 V \u2013 Ograniczenia odpowiedzialno\u015bci i gwarancji<\/h2>\n<\/div><div class=\"mx-5 sm:mx-0 prose leading-relaxed text-lg mb-5 text-left wp-paragraph\">\n<p>Zdajemy sobie spraw\u0119, \u017ce korzystanie z naszej Us\u0142ugi mo\u017ce nie by\u0107 ci\u0105g\u0142e, ca\u0142kowicie bezpieczne i wolne od b\u0142\u0119d\u00f3w. Nie gwarantujemy, \u017ce wyniki uzyskane w ramach Us\u0142ugi b\u0119d\u0105 zawsze dok\u0142adne i wiarygodne.<\/p>\n<\/div><div class=\"mx-5 sm:mx-0 prose leading-relaxed text-lg mb-5 text-left wp-paragraph\">\n<p>Dost\u0119p do Us\u0142ugi mo\u017ce zosta\u0107 czasami zawieszony lub nawet anulowany w dowolnym momencie, bez konieczno\u015bci wcze\u015bniejszego powiadomienia.<\/p>\n<\/div><div class=\"mx-5 sm:mx-0 prose leading-relaxed text-lg mb-5 text-left wp-paragraph\">\n<p>Zgadzasz si\u0119, \u017ce jakiekolwiek u\u017cycie lub niemo\u017cno\u015b\u0107 korzystania z Us\u0142ugi odbywa si\u0119 na Twoje wy\u0142\u0105czne ryzyko. Us\u0142uga jest \u015bwiadczona \u201ew stanie, w jakim jest\u201d i \u201ew miar\u0119 dost\u0119pno\u015bci\u201d, bez gwarancji, wyra\u017anych lub dorozumianych, w tym mi\u0119dzy innymi gwarancji warto\u015bci handlowej, przydatno\u015bci do okre\u015blonego celu lub nienaruszania praw.<\/p>\n<\/div><div class=\"mx-5 sm:mx-0 prose leading-relaxed text-lg mb-5 text-left wp-paragraph\">\n<p>W \u017cadnym wypadku firma 100 Tech, jej dyrektorzy, pracownicy lub partnerzy nie b\u0119d\u0105 ponosi\u0107 odpowiedzialno\u015bci za jakiekolwiek szkody, straty lub roszczenia wynikaj\u0105ce z korzystania z Us\u0142ugi. Obejmuje to mi\u0119dzy innymi utrat\u0119 zysk\u00f3w, danych lub inne straty niematerialne, wynikaj\u0105ce z korzystania z jakiejkolwiek us\u0142ugi lub produktu uzyskanego za po\u015brednictwem Us\u0142ugi, lub z tytu\u0142u wszelkich innych roszcze\u0144 zwi\u0105zanych z korzystaniem z us\u0142ugi.<\/p>\n<\/div><div class=\"mx-5 sm:mx-0 prose leading-relaxed text-lg mb-5 text-left wp-paragraph\">\n<p>W jurysdykcjach, w kt\u00f3rych wy\u0142\u0105czenie lub ograniczenie odpowiedzialno\u015bci za szkody wt\u00f3rne lub przypadkowe nie jest dozwolone, nasza odpowiedzialno\u015b\u0107 b\u0119dzie ograniczona w maksymalnym zakresie dozwolonym przez obowi\u0105zuj\u0105ce prawo.<\/p>\n<\/div><!--advertisement--><div class=\"mx-5 sm:mx-0 sm:text-3xl text-2xl font-medium title-font mb-4 text-gray-900 text-left\">\n<h2>Dzia\u0142 VI \u2013 Wa\u017cno\u015b\u0107 i termin<\/h2>\n<\/div><div class=\"mx-5 sm:mx-0 prose leading-relaxed text-lg mb-5 text-left wp-paragraph\">\n<p>Niniejsze Og\u00f3lne Warunki Korzystania obowi\u0105zuj\u0105 przez czas nieokre\u015blony. Wszelkie dzia\u0142ania prawne lub administracyjne zwi\u0105zane z korzystaniem z 100 Tech, zgodnie z niniejszymi Og\u00f3lnymi Warunkami Korzystania lub Polityk\u0105 Prywatno\u015bci, musz\u0105 zosta\u0107 wszcz\u0119te w ci\u0105gu 90 dni od zdarzenia b\u0119d\u0105cego podstaw\u0105 roszczenia.<\/p>\n<\/div><!--advertisement--><div class=\"mx-5 sm:mx-0 sm:text-3xl text-2xl font-medium title-font mb-4 text-gray-900 text-left\">\n<h2>Sekcja VII \u2013 Forum Legislacyjne i Wyborcze<\/h2>\n<\/div><div class=\"mx-5 sm:mx-0 prose leading-relaxed text-lg mb-5 text-left wp-paragraph\">\n<p><strong>7.1<\/strong> Niniejszy Regulamin oraz Og\u00f3lne Warunki Korzystania nale\u017cy rozumie\u0107 \u0142\u0105cznie z Polityk\u0105 Prywatno\u015bci. Obydwa podlegaj\u0105 prawu Federacyjnej Republiki Brazylii, w tym Konstytucji Federalnej, Kodeksowi cywilnemu, Kodeksowi ochrony konsument\u00f3w, Ustawie og\u00f3lnej ram prawnych Internetu oraz Og\u00f3lnej ustawie o ochronie danych.<\/p>\n<\/div><div class=\"mx-5 sm:mx-0 prose leading-relaxed text-lg mb-5 text-left wp-paragraph\">\n<p><strong>7.2.<\/strong> W przypadku pyta\u0144 zwi\u0105zanych z interpretacj\u0105 lub egzekwowaniem niniejszych Warunk\u00f3w i Polityki prywatno\u015bci strony zgadzaj\u0105 si\u0119 podda\u0107 wy\u0142\u0105cznie jurysdykcji Izby Handlowej w Tallinie w Estonii (S\u0105d Arbitra\u017cowy Esto\u0144skiej Izby Handlowo-Przemys\u0142owej). Obejmuje to wszelkie spory lub pytania wynikaj\u0105ce z niniejszych Warunk\u00f3w u\u017cytkowania.<\/p>\n<\/div><!--advertisement--><div class=\"mx-5 sm:mx-0 sm:text-3xl text-2xl font-medium title-font mb-4 text-gray-900 text-left\">\n<h2>Rozdzia\u0142 VIII \u2013 Tre\u015b\u0107 i w\u0142asno\u015b\u0107 intelektualna<\/h2>\n<\/div><div class=\"mx-5 sm:mx-0 prose leading-relaxed text-lg mb-5 text-left wp-paragraph\">\n<p><strong>8.1. Tre\u015b\u0107 i w\u0142asno\u015b\u0107 intelektualna<\/strong><\/p>\n<\/div><div class=\"mx-5 sm:mx-0 prose leading-relaxed text-lg mb-5 text-left wp-paragraph\">\n<p>Tre\u015b\u0107 strony internetowej 100 Tech, kt\u00f3rej w\u0142a\u015bcicielem jest RubikTech O\u00dc i jej partner\u00f3w, jest chroniona prawem autorskim i prawem w\u0142asno\u015bci intelektualnej. Powielanie, zmienianie, rozpowszechnianie, wy\u015bwietlanie lub tworzenie dzie\u0142 pochodnych na podstawie tej zawarto\u015bci bez wyra\u017anej pisemnej zgody RubikTech O\u00dc jest zabronione.<\/p>\n<\/div><div class=\"mx-5 sm:mx-0 prose leading-relaxed text-lg mb-5 text-left wp-paragraph\">\n<p><strong>8.2 Odpowiedzialno\u015b\u0107<\/strong><\/p>\n<\/div><div class=\"mx-5 sm:mx-0 prose leading-relaxed text-lg mb-5 text-left wp-paragraph\">\n<p>100 Tech nie ponosi odpowiedzialno\u015bci za tre\u015bci tworzone przez osoby trzecie, takie jak komentarze i posty na forach lub portalach spo\u0142eczno\u015bciowych. Nie ponosi r\u00f3wnie\u017c odpowiedzialno\u015bci za szkody powsta\u0142e w wyniku korzystania ze strony internetowej, bezpo\u015brednie, po\u015brednie, przypadkowe lub wt\u00f3rne.<\/p>\n<\/div><div class=\"mx-5 sm:mx-0 prose leading-relaxed text-lg mb-5 text-left wp-paragraph\">\n<p><strong>8.3 Naruszenia<\/strong><\/p>\n<\/div><div class=\"mx-5 sm:mx-0 prose leading-relaxed text-lg mb-5 text-left wp-paragraph\">\n<p>100 Tech ma prawo usun\u0105\u0107 tre\u015bci naruszaj\u0105ce niniejszy regulamin, w szczeg\u00f3lno\u015bci te, kt\u00f3re s\u0105 niezgodne z prawem, obra\u017aliwe, znies\u0142awiaj\u0105ce lub naruszaj\u0105 prawa os\u00f3b trzecich. RubikTech O\u00dc mo\u017ce tak\u017ce zamkn\u0105\u0107 konta u\u017cytkownik\u00f3w, kt\u00f3rzy nie przestrzegaj\u0105 niniejszego Regulaminu.<\/p>\n<\/div><!--advertisement--><div class=\"mx-5 sm:mx-0 sm:text-3xl text-2xl font-medium title-font mb-4 text-gray-900 text-left\">\n<h2>Rozdzia\u0142 IX \u2013 Modyfikacja Regulaminu<\/h2>\n<\/div><div class=\"mx-5 sm:mx-0 prose leading-relaxed text-lg mb-5 text-left wp-paragraph\">\n<p>100 Tech zastrzega sobie prawo do modyfikacji, zawieszenia lub zako\u0144czenia dowolnej cz\u0119\u015bci swoich us\u0142ug w dowolnym momencie i bez wcze\u015bniejszego powiadomienia. Dokonuj\u0105c takich zmian, 100 Tech nie b\u0119dzie ponosi\u0107 \u017cadnej odpowiedzialno\u015bci wobec Ciebie ani jakiejkolwiek osoby trzeciej.<\/p>\n<\/div><div class=\"mx-5 sm:mx-0 prose leading-relaxed text-lg mb-5 text-left wp-paragraph\">\n<p><strong>Korzystanie ze strony internetowej 100 Tech oznacza obowi\u0105zkow\u0105 i wi\u0105\u017c\u0105c\u0105 akceptacj\u0119 niniejszego Regulaminu. Ka\u017cdy, kto nie zgadza si\u0119 z niniejszymi Warunkami, musi powstrzyma\u0107 si\u0119 od korzystania z witryny.<\/strong><\/p>\n<\/div><!--advertisement--><div class=\"mx-5 sm:mx-0 sm:text-3xl text-2xl font-medium title-font mb-4 text-gray-900 text-left\">\n<h2>Sekcja X \u2013 Dane kontaktowe<\/h2>\n<\/div><div class=\"mx-5 sm:mx-0 prose leading-relaxed text-lg mb-5 text-left wp-paragraph\">\n<p>W przypadku jakichkolwiek pyta\u0144 lub sugestii dotycz\u0105cych naszych us\u0142ug zach\u0119camy do kontaktu z naszym zespo\u0142em obs\u0142ugi klienta. Prosimy o przes\u0142anie wiadomo\u015bci na adres e-mail: <a style=\" color:;\" href=\"mailto:contato@100t.com.br\">kontakt@100t.com.br<\/a>.<\/p>\n<\/div>","protected":false},"excerpt":{"rendered":"<p>Zaktualizowano 22 listopada 2023 r. RubikTech O\u00dc, esto\u0144ska sp\u00f3\u0142ka z ograniczon\u0105 odpowiedzialno\u015bci\u0105 (LLC, znana r\u00f3wnie\u017c jako O\u00dc), zarejestrowana pod numerem VAT EE102662223, z siedzib\u0105 w Tallinie, przy Keemia tn 4, 10616, Harju, Estonia, jest podmiotem odpowiedzialnym za tworzenie, posiadanie i zarz\u0105dzanie witryn\u0105 100 Tech, dost\u0119pn\u0105 za po\u015brednictwem\u2026 <a class=\"more-link\" href=\"https:\/\/100t.com.br\/pl\/terms\/\">Kontynuuj czytanie <span class=\"screen-reader-text\">Warunki korzystania \u2013 100 Tech<\/span><\/a><\/p>","protected":false},"author":4,"featured_media":0,"parent":0,"menu_order":0,"comment_status":"closed","ping_status":"closed","template":"","meta":[],"yoast_head":"<!-- This site is optimized with the Yoast SEO Premium plugin v18.7 (Yoast SEO v19.1) - https:\/\/yoast.com\/wordpress\/plugins\/seo\/ -->\n<title>Termos de Uso - 100 Tech - 100 Tech<\/title>\n<meta name=\"robots\" content=\"index, follow, max-snippet:-1, max-image-preview:large, max-video-preview:-1\" \/>\n<link rel=\"canonical\" href=\"https:\/\/100t.com.br\/pl\/terms\/\" \/>\n<meta property=\"og:locale\" content=\"pl_PL\" \/>\n<meta property=\"og:type\" content=\"article\" \/>\n<meta property=\"og:title\" content=\"Termos de Uso - 100 Tech\" \/>\n<meta property=\"og:description\" content=\"Atualizado em 22 de Novembro de 2023. A RubikTech O\u00dc, uma companhia de responsabilidade limitada estabelecida na Estonia (LLC, tamb\u00e9m conhecida por O\u00dc), registada com o VAT EE102662223 e localizada em Tallinn, na Rua Keemia tn 4, 10616, Harju, Est\u00f3nia, \u00e9 a entidade respons\u00e1vel pela cria\u00e7\u00e3o, titularidade e gest\u00e3o do website 100 Tech, acess\u00edvel atrav\u00e9s&hellip; Continue reading Termos de Uso &#8211; 100 Tech\" \/>\n<meta property=\"og:url\" content=\"https:\/\/100t.com.br\/pl\/terms\/\" \/>\n<meta property=\"og:site_name\" content=\"100 Tech\" \/>\n<meta property=\"article:modified_time\" content=\"2023-11-22T20:57:25+00:00\" \/>\n<meta name=\"twitter:card\" content=\"summary_large_image\" \/>\n<meta name=\"twitter:label1\" content=\"Est. reading time\" \/>\n\t<meta name=\"twitter:data1\" content=\"9 minutes\" \/>\n<script type=\"application\/ld+json\" class=\"yoast-schema-graph\">{\"@context\":\"https:\/\/schema.org\",\"@graph\":[{\"@type\":\"WebSite\",\"@id\":\"https:\/\/100t.com.br\/#website\",\"url\":\"https:\/\/100t.com.br\/\",\"name\":\"100 Tech\",\"description\":\"Tecnologia e Informa\u00e7\u00e3o\",\"potentialAction\":[{\"@type\":\"SearchAction\",\"target\":{\"@type\":\"EntryPoint\",\"urlTemplate\":\"https:\/\/100t.com.br\/?s={search_term_string}\"},\"query-input\":\"required name=search_term_string\"}],\"inLanguage\":\"pl-PL\"},{\"@type\":\"WebPage\",\"@id\":\"https:\/\/100t.com.br\/terms\/#webpage\",\"url\":\"https:\/\/100t.com.br\/terms\/\",\"name\":\"Termos de Uso - 100 Tech - 100 Tech\",\"isPartOf\":{\"@id\":\"https:\/\/100t.com.br\/#website\"},\"datePublished\":\"2023-03-31T16:29:55+00:00\",\"dateModified\":\"2023-11-22T20:57:25+00:00\",\"breadcrumb\":{\"@id\":\"https:\/\/100t.com.br\/terms\/#breadcrumb\"},\"inLanguage\":\"pl-PL\",\"potentialAction\":[{\"@type\":\"ReadAction\",\"target\":[\"https:\/\/100t.com.br\/terms\/\"]}]},{\"@type\":\"BreadcrumbList\",\"@id\":\"https:\/\/100t.com.br\/terms\/#breadcrumb\",\"itemListElement\":[{\"@type\":\"ListItem\",\"position\":1,\"name\":\"Home\",\"item\":\"https:\/\/100t.com.br\/pl\/\"},{\"@type\":\"ListItem\",\"position\":2,\"name\":\"Termos de Uso &#8211; 100 Tech\"}]}]}<\/script>\n<!-- \/ Yoast SEO Premium plugin. -->","yoast_head_json":{"title":"Termos de Uso - 100 Tech - 100 Tech","robots":{"index":"index","follow":"follow","max-snippet":"max-snippet:-1","max-image-preview":"max-image-preview:large","max-video-preview":"max-video-preview:-1"},"canonical":"https:\/\/100t.com.br\/pl\/terms\/","og_locale":"pl_PL","og_type":"article","og_title":"Termos de Uso - 100 Tech","og_description":"Atualizado em 22 de Novembro de 2023. A RubikTech O\u00dc, uma companhia de responsabilidade limitada estabelecida na Estonia (LLC, tamb\u00e9m conhecida por O\u00dc), registada com o VAT EE102662223 e localizada em Tallinn, na Rua Keemia tn 4, 10616, Harju, Est\u00f3nia, \u00e9 a entidade respons\u00e1vel pela cria\u00e7\u00e3o, titularidade e gest\u00e3o do website 100 Tech, acess\u00edvel atrav\u00e9s&hellip; Continue reading Termos de Uso &#8211; 100 Tech","og_url":"https:\/\/100t.com.br\/pl\/terms\/","og_site_name":"100 Tech","article_modified_time":"2023-11-22T20:57:25+00:00","twitter_card":"summary_large_image","twitter_misc":{"Est. reading time":"9 minutes"},"schema":{"@context":"https:\/\/schema.org","@graph":[{"@type":"WebSite","@id":"https:\/\/100t.com.br\/#website","url":"https:\/\/100t.com.br\/","name":"100 Tech","description":"Tecnologia e Informa\u00e7\u00e3o","potentialAction":[{"@type":"SearchAction","target":{"@type":"EntryPoint","urlTemplate":"https:\/\/100t.com.br\/?s={search_term_string}"},"query-input":"required name=search_term_string"}],"inLanguage":"pl-PL"},{"@type":"WebPage","@id":"https:\/\/100t.com.br\/terms\/#webpage","url":"https:\/\/100t.com.br\/terms\/","name":"Termos de Uso - 100 Tech - 100 Tech","isPartOf":{"@id":"https:\/\/100t.com.br\/#website"},"datePublished":"2023-03-31T16:29:55+00:00","dateModified":"2023-11-22T20:57:25+00:00","breadcrumb":{"@id":"https:\/\/100t.com.br\/terms\/#breadcrumb"},"inLanguage":"pl-PL","potentialAction":[{"@type":"ReadAction","target":["https:\/\/100t.com.br\/terms\/"]}]},{"@type":"BreadcrumbList","@id":"https:\/\/100t.com.br\/terms\/#breadcrumb","itemListElement":[{"@type":"ListItem","position":1,"name":"Home","item":"https:\/\/100t.com.br\/pl\/"},{"@type":"ListItem","position":2,"name":"Termos de Uso &#8211; 100 Tech"}]}]}},"_links":{"self":[{"href":"https:\/\/100t.com.br\/pl\/wp-json\/wp\/v2\/pages\/4830"}],"collection":[{"href":"https:\/\/100t.com.br\/pl\/wp-json\/wp\/v2\/pages"}],"about":[{"href":"https:\/\/100t.com.br\/pl\/wp-json\/wp\/v2\/types\/page"}],"author":[{"embeddable":true,"href":"https:\/\/100t.com.br\/pl\/wp-json\/wp\/v2\/users\/4"}],"replies":[{"embeddable":true,"href":"https:\/\/100t.com.br\/pl\/wp-json\/wp\/v2\/comments?post=4830"}],"version-history":[{"count":0,"href":"https:\/\/100t.com.br\/pl\/wp-json\/wp\/v2\/pages\/4830\/revisions"}],"wp:attachment":[{"href":"https:\/\/100t.com.br\/pl\/wp-json\/wp\/v2\/media?parent=4830"}],"curies":[{"name":"wp","href":"https:\/\/api.w.org\/{rel}","templated":true}]}}