{"id":4828,"date":"2023-03-31T16:22:41","date_gmt":"2023-03-31T16:22:41","guid":{"rendered":"https:\/\/100t.com.br\/?page_id=4828"},"modified":"2026-01-15T14:15:08","modified_gmt":"2026-01-15T14:15:08","slug":"privacy","status":"publish","type":"page","link":"https:\/\/100t.com.br\/pl\/privacy\/","title":{"rendered":"Polityka Prywatno\u015bci \u2013 100 Tecnologia"},"content":{"rendered":"<div class=\"mx-5 sm:mx-0 prose leading-relaxed text-lg mb-5 text-left wp-paragraph\">\n<p>Zaktualizowano 17 listopada 2023 r.<\/p>\n<\/div><!--advertisement--><div class=\"mx-5 sm:mx-0 sm:text-3xl text-2xl font-medium title-font mb-4 text-gray-900 text-left\">\n<h2 id=\"h-introducao-e-sumario\">Wprowadzenie i podsumowanie<\/h2>\n<\/div><div class=\"mx-5 sm:mx-0 prose leading-relaxed text-lg mb-5 text-left wp-paragraph\">\n<p>W\u0142a\u015bcicielem i operatorem serwisu jest Rubiktech O\u00dc, sp\u00f3\u0142ka zarejestrowana w Estonii pod numerem 16826788.<\/p>\n<\/div><div class=\"mx-5 sm:mx-0 prose leading-relaxed text-lg mb-5 text-left wp-paragraph\">\n<p>Strona internetowa 100 Tecnologia, dost\u0119pna pod adresem <a style=\" color:;\" href=\"https:\/\/100t.com.br\/pl\/\">https:\/\/100t.com.br<\/a>, oferuje szerok\u0105 gam\u0119 tre\u015bci, w tym aktualne aktualno\u015bci i promocje r\u00f3\u017cnych produkt\u00f3w i us\u0142ug. Dodatkowo prezentuje oferty partner\u00f3w, kieruj\u0105c u\u017cytkownik\u00f3w do stron odpowiadaj\u0105cych ich zainteresowaniom.<\/p>\n<\/div><div class=\"mx-5 sm:mx-0 prose leading-relaxed text-lg mb-5 text-left wp-paragraph\">\n<p>Naszym g\u0142\u00f3wnym celem jest zapewnienie u\u017cytkownikom najodpowiedniejszych us\u0142ug, obejmuj\u0105cych takie obszary jak aplikacje, rozrywka, porady i post\u0119p technologiczny.<\/p>\n<\/div><div class=\"mx-5 sm:mx-0 prose leading-relaxed text-lg mb-5 text-left wp-paragraph\">\n<p>Przywi\u0105zujemy du\u017c\u0105 wag\u0119 do bezpiecze\u0144stwa Twoich danych osobowych. Nasza Polityka prywatno\u015bci odzwierciedla nasze zaanga\u017cowanie w ochron\u0119 Twojej prywatno\u015bci i bezpiecze\u0144stwa Twoich informacji.<\/p>\n<\/div><div class=\"mx-5 sm:mx-0 prose leading-relaxed text-lg mb-5 text-left wp-paragraph\">\n<p>Aby uzyska\u0107 wyja\u015bnienia lub dodatkowe informacje na temat swoich praw i mo\u017cliwo\u015bci, u\u017cytkownicy mog\u0105 zapozna\u0107 si\u0119 z nasz\u0105 polityk\u0105 prywatno\u015bci lub skontaktowa\u0107 si\u0119 z nami za po\u015brednictwem poczty elektronicznej pod adresem contato@100t.com.br.<\/p>\n<\/div><!--advertisement--><div class=\"mx-5 sm:mx-0 sm:text-3xl text-2xl font-medium title-font mb-4 text-gray-900 text-left\">\n<h2 id=\"h-escopo-da-politica-de-privacidade\">Zakres Polityki Prywatno\u015bci<\/h2>\n<\/div><div class=\"mx-5 sm:mx-0 prose leading-relaxed text-lg mb-5 text-left wp-paragraph\">\n<p>100 Tecnologia pe\u0142ni funkcj\u0119 platformy po\u015bwi\u0119conej tre\u015bciom oraz promocji produkt\u00f3w i us\u0142ug, szczeg\u00f3lnie w obszarach takich jak aplikacje i innowacje technologiczne. Jego funkcja ma charakter stricte promocyjny, bez nawi\u0105zywania bezpo\u015brednich um\u00f3w z u\u017cytkownikami.<\/p>\n<\/div><div class=\"mx-5 sm:mx-0 prose leading-relaxed text-lg mb-5 text-left wp-paragraph\">\n<p>Jakakolwiek interakcja handlowa pomi\u0119dzy u\u017cytkownikami i reklamodawcami partnerskimi odbywa si\u0119 w \u015brodowiskach zewn\u0119trznych wobec 100 Tecnologia, kt\u00f3re nie \u017c\u0105daj\u0105 ani nie przechowuj\u0105 danych bankowych ani finansowych u\u017cytkownik\u00f3w. Relacja serwisu z u\u017cytkownikami opiera si\u0119 wy\u0142\u0105cznie na informacjach.<\/p>\n<\/div><div class=\"mx-5 sm:mx-0 prose leading-relaxed text-lg mb-5 text-left wp-paragraph\">\n<p>Wa\u017cne jest, aby u\u017cytkownicy powiadomili 100 Tecnologia e-mailem na adres contato@100t.com.br o otrzymaniu pro\u015bby o podanie danych osobowych. Platforma nie ponosi odpowiedzialno\u015bci za pr\u00f3by oszustwa podejmowane przez podmioty zewn\u0119trzne.<\/p>\n<\/div><!--advertisement--><div class=\"mx-5 sm:mx-0 sm:text-3xl text-2xl font-medium title-font mb-4 text-gray-900 text-left\">\n<h2 id=\"h-sobre-consentimento\">O zgodzie<\/h2>\n<\/div><div class=\"mx-5 sm:mx-0 prose leading-relaxed text-lg mb-5 text-left wp-paragraph\">\n<p>Korzystaj\u0105c z 100 Tecnologia, u\u017cytkownicy w spos\u00f3b dorozumiany wyra\u017caj\u0105 zgod\u0119 na nasz\u0105 Polityk\u0119 prywatno\u015bci, kt\u00f3ra jest niezb\u0119dna dla ochrony wszystkich zaanga\u017cowanych stron. <strong>Je\u015bli nie zgadzasz si\u0119 z tymi zasadami, zalecamy niekorzystanie z naszych us\u0142ug<\/strong>.<\/p>\n<\/div><div class=\"mx-5 sm:mx-0 prose leading-relaxed text-lg mb-5 text-left wp-paragraph\">\n<p>Wa\u017cne jest, aby niniejsz\u0105 Polityk\u0119 rozpatrywa\u0107 \u0142\u0105cznie z <a style=\" color:;\" href=\"https:\/\/100t.com.br\/pl\/terms\/\">Warunki korzystania<\/a>, ze wzgl\u0119d\u00f3w prawnych. Dokumenty te \u0142\u0105cznie ustanawiaj\u0105 100 praktyk Tecnologii w odniesieniu do gromadzenia danych i odpowiednich obowi\u0105zk\u00f3w, obejmuj\u0105cych zar\u00f3wno zarz\u0105dzanie stron\u0105 internetow\u0105, jak i korzystanie z niej przez u\u017cytkownik\u00f3w.<\/p>\n<\/div><!--advertisement--><div class=\"mx-5 sm:mx-0 sm:text-3xl text-2xl font-medium title-font mb-4 text-gray-900 text-left\">\n<h2 id=\"h-i-informacoes-que-coletamos\">I. Informacje, kt\u00f3re zbieramy<\/h2>\n<\/div><div class=\"mx-5 sm:mx-0 prose leading-relaxed text-lg mb-5 text-left wp-paragraph\">\n<p><strong>A. INFORMACJE ZBIERANE BEZPO\u015aREDNIO<\/strong><\/p>\n<\/div><div class=\"mx-5 sm:mx-0 prose leading-relaxed text-lg mb-5 text-left wp-paragraph\">\n<p>Przegl\u0105danie 100 Tecnologia nie wi\u0105\u017ce si\u0119 z automatycznym gromadzeniem danych osobowych. Aby jednak uzyska\u0107 dost\u0119p do ekskluzywnych tre\u015bci, u\u017cytkownicy mog\u0105 si\u0119 zarejestrowa\u0107, podaj\u0105c takie informacje, jak imi\u0119 i nazwisko, adres e-mail, telefon i adres.<\/p>\n<\/div><div class=\"mx-5 sm:mx-0 prose leading-relaxed text-lg mb-5 text-left wp-paragraph\">\n<p>Gromadzenie danych w obszarach o ograniczonym dost\u0119pie pozwala 100 Tecnologia oferowa\u0107 spersonalizowane tre\u015bci i weryfikowa\u0107 to\u017csamo\u015b\u0107 u\u017cytkownik\u00f3w, niezale\u017cnie od tego, czy s\u0105 to osoby fizyczne, czy firmy. Pomaga to r\u00f3wnie\u017c w tworzeniu spersonalizowanych strategii dla ka\u017cdego u\u017cytkownika.<\/p>\n<\/div><div class=\"mx-5 sm:mx-0 prose leading-relaxed text-lg mb-5 text-left wp-paragraph\">\n<p>Dodatkowo zbieramy dane osobowe, gdy u\u017cytkownicy kontaktuj\u0105 si\u0119 z 100 Tecnologia w celu uzyskania informacji lub zg\u0142oszenia problem\u00f3w. Dane te przechowywane s\u0105 w celu administrowania i kontroli serwisu.<\/p>\n<\/div><div class=\"mx-5 sm:mx-0 prose leading-relaxed text-lg mb-5 text-left wp-paragraph\">\n<p><strong>B. INFORMACJE ZBIERANE AUTOMATYCZNIE<\/strong><\/p>\n<\/div><div class=\"mx-5 sm:mx-0 prose leading-relaxed text-lg mb-5 text-left wp-paragraph\">\n<p>100 Tecnologia zbiera nie tylko dane osobowe podane dobrowolnie podczas rejestracji lub kontaktu bezpo\u015bredniego, ale tak\u017ce dane nieosobowe podczas przegl\u0105dania serwisu. Ta kolekcja poprawia komfort u\u017cytkownika i kieruje kampaniami w witrynach naszych partner\u00f3w.<\/p>\n<\/div><div class=\"mx-5 sm:mx-0 prose leading-relaxed text-lg mb-5 text-left wp-paragraph\">\n<p>Rejestry dost\u0119pu (pliki dziennika) rejestruj\u0105 informacje, takie jak adresy IP, typy przegl\u0105darek, dostawcy us\u0142ug internetowych, daty i godziny dost\u0119pu, strony wej\u015bcia i wyj\u015bcia oraz wykonane klikni\u0119cia.<\/p>\n<\/div><div class=\"mx-5 sm:mx-0 prose leading-relaxed text-lg mb-5 text-left wp-paragraph\">\n<p>U\u017cywamy plik\u00f3w cookie, aby pozna\u0107 preferencje u\u017cytkownika. Pliki cookie \u015bledz\u0105 dzia\u0142ania, takie jak klikni\u0119cia, w celu tworzenia profili konsument\u00f3w. Pomaga nam to personalizowa\u0107 oferty i do\u015bwiadczenia, zwi\u0119kszaj\u0105c trafno\u015b\u0107 i akceptacj\u0119 u\u017cytkownik\u00f3w. Pliki cookies mo\u017cna wy\u0142\u0105czy\u0107 w ustawieniach systemu operacyjnego u\u017cytkownika; <strong>Brak dezaktywacji oznacza zgod\u0119 na jej u\u017cycie<\/strong>.<\/p>\n<\/div><div class=\"mx-5 sm:mx-0 prose leading-relaxed text-lg mb-5 text-left wp-paragraph\">\n<p><strong>C. INFORMACJE ZE \u0179R\u00d3DE\u0141 ZEWN\u0118TRZNYCH<\/strong><\/p>\n<\/div><div class=\"mx-5 sm:mx-0 prose leading-relaxed text-lg mb-5 text-left wp-paragraph\">\n<p>100 Tecnologia korzysta z Google Analytics w celu analizy sposobu korzystania ze strony internetowej i poprawy komfortu u\u017cytkowania. Pliki cookie monitoruj\u0105 informacje, takie jak d\u0142ugo\u015b\u0107 wizyty i odwiedzane strony. Wi\u0119cej szczeg\u00f3\u0142\u00f3w mo\u017cna znale\u017a\u0107 na oficjalnej stronie internetowej <a style=\" color:;\" href=\"https:\/\/developers.google.com\/analytics\/devguides\/collection\/gajs\/cookie-usage?hl=pt-br\">Google Analytics<\/a>.<\/p>\n<\/div><div class=\"mx-5 sm:mx-0 prose leading-relaxed text-lg mb-5 text-left wp-paragraph\">\n<p>Korzystamy r\u00f3wnie\u017c z analiz stron trzecich i plik\u00f3w cookie, aby generowa\u0107 anga\u017cuj\u0105ce tre\u015bci poprzez \u015bledzenie czasu sp\u0119dzonego w witrynie i odwiedzanych stronach. W fazach testowania nowych funkcji pliki cookie pomagaj\u0105 zachowa\u0107 sp\u00f3jno\u015b\u0107 i oceni\u0107 niezb\u0119dne optymalizacje.<\/p>\n<\/div><div class=\"mx-5 sm:mx-0 prose leading-relaxed text-lg mb-5 text-left wp-paragraph\">\n<p>W celach reklamowych korzystamy z us\u0142ugi Google AdSense, kt\u00f3ra wykorzystuje pliki cookie, aby wy\u015bwietla\u0107 trafne reklamy i ogranicza\u0107 ich powtarzanie. Wi\u0119cej informacji mo\u017cna znale\u017a\u0107 w cz\u0119sto zadawanych pytaniach <a style=\" color:;\" href=\"https:\/\/support.google.com\/adsense\/answer\/3394713?hl=pt-BR\">Google AdSense<\/a>.<\/p>\n<\/div><div class=\"mx-5 sm:mx-0 prose leading-relaxed text-lg mb-5 text-left wp-paragraph\">\n<p>Reklama jest \u017ar\u00f3d\u0142em finansowania witryny i przysz\u0142ego rozwoju. Celem plik\u00f3w cookie zwi\u0105zanych z reklam\u0105 behawioraln\u0105 jest wy\u015bwietlanie odpowiednich reklam. Dodatkowo pliki cookie s\u0142u\u017c\u0105ce do \u015bledzenia partner\u00f3w pomagaj\u0105 nam okre\u015bli\u0107, czy u\u017cytkownik przyby\u0142 za po\u015brednictwem partnera, co pozwala na przyznanie mu odpowiedniego kredytu.<\/p>\n<\/div><div class=\"mx-5 sm:mx-0 prose leading-relaxed text-lg mb-5 text-left wp-paragraph\">\n<p>Pliki cookies partner\u00f3w nie s\u0105 przez nas zarz\u0105dzane, ale u\u017cytkownicy mog\u0105 je wy\u0142\u0105czy\u0107 w ustawieniach swojego systemu operacyjnego. Przekierowania do stron partnerskich nie oznaczaj\u0105 bezpo\u015bredniego zwi\u0105zku. Nasza polityka prywatno\u015bci dotyczy wy\u0142\u0105cznie wizyt w 100 Tecnologia.<\/p>\n<\/div><!--advertisement--><div class=\"mx-5 sm:mx-0 sm:text-3xl text-2xl font-medium title-font mb-4 text-gray-900 text-left\">\n<h2 id=\"h-ii-como-usamos-suas-informacoes\">II. Jak wykorzystujemy Twoje dane<\/h2>\n<\/div><div class=\"mx-5 sm:mx-0 prose leading-relaxed text-lg mb-5 text-left wp-paragraph\">\n<p>100 Tecnologia wykorzystuje informacje uzyskane za po\u015brednictwem strony internetowej w celu poprawy komfortu u\u017cytkowania i wydajno\u015bci operacyjnej. To obejmuje:<\/p>\n<\/div><div class=\"mx-5 sm:mx-0 prose text-left mb-5\">\n<ul><div class=\"mx-5 sm:mx-0 prose text-left mb-5\">\n<li>Utrzymuj stron\u0119 internetow\u0105, aby zapewni\u0107 jej sprawn\u0105 funkcjonalno\u015b\u0107.<\/li>\n<\/div>\n\n<div class=\"mx-5 sm:mx-0 prose text-left mb-5\">\n<li>Personalizuj i poszerzaj ofert\u0119 serwisu, dostosowuj\u0105c si\u0119 do potrzeb i preferencji u\u017cytkownik\u00f3w.<\/li>\n<\/div>\n\n<div class=\"mx-5 sm:mx-0 prose text-left mb-5\">\n<li>Analizuj wzorce u\u017cytkowania u\u017cytkownik\u00f3w, aby dostosowa\u0107 funkcjonalno\u015b\u0107 i zawarto\u015b\u0107 witryny.<\/li>\n<\/div>\n\n<div class=\"mx-5 sm:mx-0 prose text-left mb-5\">\n<li>Opracowuj nowe produkty, us\u0142ugi i funkcje dostosowane do rosn\u0105cych wymaga\u0144 u\u017cytkownik\u00f3w i innowacji technologicznych.<\/li>\n<\/div>\n\n<div class=\"mx-5 sm:mx-0 prose text-left mb-5\">\n<li>Komunikuj si\u0119 bezpo\u015brednio z u\u017cytkownikami lub za po\u015brednictwem partner\u00f3w, zapewniaj\u0105c obs\u0142ug\u0119 klienta, aktualizacje witryny oraz informacje marketingowe i promocyjne.<\/li>\n<\/div>\n\n<div class=\"mx-5 sm:mx-0 prose text-left mb-5\">\n<li>Wysy\u0142aj e-maile na interesuj\u0105ce Ci\u0119 tematy, takie jak biuletyny, promocje i inne og\u0142oszenia.<\/li>\n<\/div>\n\n<div class=\"mx-5 sm:mx-0 prose text-left mb-5\">\n<li>Identyfikuj i zapobiegaj nieuczciwym dzia\u0142aniom, aby chroni\u0107 bezpiecze\u0144stwo witryny i integralno\u015b\u0107 danych osobowych u\u017cytkownik\u00f3w.<\/li>\n<\/div><\/ul>\n<\/div><!--advertisement--><div class=\"mx-5 sm:mx-0 sm:text-3xl text-2xl font-medium title-font mb-4 text-gray-900 text-left\">\n<h2 id=\"h-iii-comprometimento-em-proteger-suas-informacoes\">III. Zaanga\u017cowanie w ochron\u0119 Twoich informacji<\/h2>\n<\/div><div class=\"mx-5 sm:mx-0 prose leading-relaxed text-lg mb-5 text-left wp-paragraph\">\n<p>100 Tecnologia nie sprzedaje informacji o u\u017cytkownikach. Jednak\u017ce, jak ju\u017c wspomniano, mo\u017cemy udost\u0119pnia\u0107 dane partnerom w celu poprawy komfortu u\u017cytkowania i opracowania strategii dla naszych produkt\u00f3w i us\u0142ug. U\u017cytkownicy mog\u0105 zdecydowa\u0107 o nieudost\u0119pnianiu swoich danych zgodnie z Og\u00f3ln\u0105 ustaw\u0105 o ochronie danych (LGPD).<\/p>\n<\/div><div class=\"mx-5 sm:mx-0 prose leading-relaxed text-lg mb-5 text-left wp-paragraph\">\n<p>Potwierdzamy nasze zaanga\u017cowanie w bezpiecze\u0144stwo gromadzenia i przechowywania danych, maj\u0105c na celu popraw\u0119 do\u015bwiadczenia u\u017cytkownika oraz opracowywanie strategii, us\u0142ug i produkt\u00f3w dla witryny internetowej.<\/p>\n<\/div><div class=\"mx-5 sm:mx-0 prose leading-relaxed text-lg mb-5 text-left wp-paragraph\">\n<p>Zdajemy sobie spraw\u0119, \u017ce nie gwarantujemy ca\u0142kowitego bezpiecze\u0144stwa danych w Internecie. Dlatego 100 Tecnologia zastrzega sobie prawo do legalnej reakcji na ka\u017cde naruszenie danych przez z\u0142o\u015bliwe osoby trzecie.<\/p>\n<\/div><!--advertisement--><div class=\"mx-5 sm:mx-0 sm:text-3xl text-2xl font-medium title-font mb-4 text-gray-900 text-left\">\n<h2 id=\"h-iv-exercitando-os-seus-direitos\">IV. Korzystanie ze swoich praw<\/h2>\n<\/div><div class=\"mx-5 sm:mx-0 prose leading-relaxed text-lg mb-5 text-left wp-paragraph\">\n<p><strong>1. Twoje prawa<\/strong><\/p>\n<\/div><div class=\"mx-5 sm:mx-0 prose leading-relaxed text-lg mb-5 text-left wp-paragraph\">\n<p>Dane osobowe s\u0105 gromadzone przez 100 Tecnologia tylko wtedy, gdy jest to niezb\u0119dne do \u015bwiadczenia okre\u015blonej us\u0142ugi. Gromadzenie to odbywa si\u0119 rzetelnie i zgodnie z prawem, przy pe\u0142nej przejrzysto\u015bci i zgodzie u\u017cytkownika, a tak\u017ce wyja\u015bniamy cel i wykorzystanie tych danych.<\/p>\n<\/div><div class=\"mx-5 sm:mx-0 prose leading-relaxed text-lg mb-5 text-left wp-paragraph\">\n<p>Mo\u017cesz zrezygnowa\u0107 z podawania swoich danych osobowych, ale mo\u017ce to ograniczy\u0107 nasz\u0105 zdolno\u015b\u0107 do \u015bwiadczenia niekt\u00f3rych us\u0142ug. Nie ujawniamy Twoich danych osobowych publicznie ani osobom trzecim, chyba \u017ce jest to wymagane prawnie. Je\u015bli chcesz, aby Twoje dane osobowe zosta\u0142y usuni\u0119te z naszej bazy danych, skontaktuj si\u0119 z nami.<\/p>\n<\/div><div class=\"mx-5 sm:mx-0 prose leading-relaxed text-lg mb-5 text-left wp-paragraph\">\n<p><strong>2. Polityka przechowywania informacji<\/strong><\/p>\n<\/div><div class=\"mx-5 sm:mx-0 prose leading-relaxed text-lg mb-5 text-left wp-paragraph\">\n<p>100 Tecnologia przechowuje zebrane informacje jedynie przez okres niezb\u0119dny do realizacji \u017c\u0105danej us\u0142ugi. Dane s\u0105 przechowywane przy zastosowaniu skutecznych \u015brodk\u00f3w bezpiecze\u0144stwa, aby zapobiec utracie, kradzie\u017cy, nieuprawnionemu dost\u0119powi, ujawnieniu, kopiowaniu, wykorzystaniu lub zmianie.<\/p>\n<\/div><!--advertisement--><div class=\"mx-5 sm:mx-0 sm:text-3xl text-2xl font-medium title-font mb-4 text-gray-900 text-left\">\n<h2 id=\"h-v-lei-geral-de-protecao-de-dados-lgpd\">V. Og\u00f3lne prawo o ochronie danych (LGPD)<\/h2>\n<\/div><div class=\"mx-5 sm:mx-0 prose leading-relaxed text-lg mb-5 text-left wp-paragraph\">\n<p>W Brazylii og\u00f3lna ustawa o ochronie danych (LGPD) zapewnia ochron\u0119 danych u\u017cytkownik\u00f3w w Internecie. Zgodnie z LGPD u\u017cytkownicy maj\u0105 prawo dost\u0119pu do zgromadzonych danych, \u017c\u0105dania ich usuni\u0119cia oraz w razie potrzeby podj\u0119cia krok\u00f3w prawnych przeciwko firmom.<\/p>\n<\/div><div class=\"mx-5 sm:mx-0 prose leading-relaxed text-lg mb-5 text-left wp-paragraph\">\n<p>100 Tecnologia zobowi\u0105zuje si\u0119 do dostarczania wszelkich niezb\u0119dnych informacji i u\u0142atwiania odpowiednich procedur, aby u\u017cytkownicy mogli korzysta\u0107 ze swoich praw wynikaj\u0105cych z LGPD. W tym celu udost\u0119pniamy kana\u0142 bezpo\u015bredniego kontaktu poprzez e-mail contato@100t.com.br.<\/p>\n<\/div><!--advertisement--><div class=\"mx-5 sm:mx-0 sm:text-3xl text-2xl font-medium title-font mb-4 text-gray-900 text-left\">\n<h2 id=\"h-vi-avisos-parentais\">PI\u0141A. Ostrze\u017cenia rodzic\u00f3w<\/h2>\n<\/div><div class=\"mx-5 sm:mx-0 prose leading-relaxed text-lg mb-5 text-left wp-paragraph\">\n<p>100 Tecnologia, zgodnie z LGPD, nie ma na celu zbierania danych od dzieci poni\u017cej 18 roku \u017cycia i zach\u0119ca rodzic\u00f3w i opiekun\u00f3w do monitorowania korzystania z Internetu przez dzieci i m\u0142odzie\u017c.<\/p>\n<\/div><div class=\"mx-5 sm:mx-0 prose leading-relaxed text-lg mb-5 text-left wp-paragraph\">\n<p>Zdaj\u0105c sobie spraw\u0119 z trudno\u015bci zwi\u0105zanych z weryfikacj\u0105 wieku u\u017cytkownik\u00f3w, zobowi\u0105zujemy si\u0119 do niezw\u0142ocznego usuwania wszelkich danych osobowych os\u00f3b nieletnich po ich zidentyfikowaniu.<\/p>\n<\/div><div class=\"mx-5 sm:mx-0 prose leading-relaxed text-lg mb-5 text-left wp-paragraph\">\n<p>Aby zg\u0142osi\u0107 przypadki gromadzenia danych od os\u00f3b nieletnich, rodzice i opiekunowie mog\u0105 skontaktowa\u0107 si\u0119 z nami, wysy\u0142aj\u0105c e-mail na adres contato@100t.com.br, aby\u015bmy mogli podj\u0105\u0107 dzia\u0142ania maj\u0105ce na celu usuni\u0119cie tych informacji.<\/p>\n<\/div><!--advertisement--><div class=\"mx-5 sm:mx-0 sm:text-3xl text-2xl font-medium title-font mb-4 text-gray-900 text-left\">\n<h2 id=\"h-vii-revisao-da-nossa-politica-de-privacidade\">VII. Przegl\u0105d naszej Polityki prywatno\u015bci<\/h2>\n<\/div><div class=\"mx-5 sm:mx-0 prose leading-relaxed text-lg mb-5 text-left wp-paragraph\">\n<p>100 Tecnologia zastrzega sobie prawo do modyfikowania swojej Polityki Prywatno\u015bci w miar\u0119 potrzeb, w celu dostosowania do nowych technologii, przepis\u00f3w prawa lub zmian operacyjnych.<\/p>\n<\/div><div class=\"mx-5 sm:mx-0 prose leading-relaxed text-lg mb-5 text-left wp-paragraph\">\n<p>Dok\u0142adamy wszelkich stara\u0144, aby wszelkie zmiany by\u0142y przekazywane naszym u\u017cytkownikom w spos\u00f3b jasny i terminowy. Zach\u0119camy Ci\u0119 do regularnego przegl\u0105dania naszej Polityki prywatno\u015bci, aby by\u0107 na bie\u017c\u0105co z tym, jak chronione s\u0105 Twoje dane. Kontynuuj\u0105c korzystanie z naszych us\u0142ug po zmianach, wyra\u017casz zgod\u0119 na nowe warunki.<\/p>\n<\/div><!--advertisement--><div class=\"mx-5 sm:mx-0 sm:text-3xl text-2xl font-medium title-font mb-4 text-gray-900 text-left\">\n<h2 id=\"h-viii-nossas-informacoes-de-contato\">VIII. Nasze dane kontaktowe<\/h2>\n<\/div><div class=\"mx-5 sm:mx-0 prose leading-relaxed text-lg mb-5 text-left wp-paragraph\">\n<p>Je\u015bli masz jakiekolwiek pytania lub uwagi dotycz\u0105ce Polityki prywatno\u015bci, w\u0105tpliwo\u015bci dotycz\u0105ce Twoich danych osobowych, naszych metod gromadzenia i udost\u0119pniania danych lub chcesz om\u00f3wi\u0107 swoje preferencje dotycz\u0105ce zgody, skontaktuj si\u0119 z nami pod adresem contato@100t.com.br.<\/p>\n<\/div><div class=\"mx-5 sm:mx-0 prose leading-relaxed text-lg mb-5 text-left wp-paragraph\">\n<p>RubikTech O\u00dc<\/p>\n<\/div><div class=\"mx-5 sm:mx-0 prose leading-relaxed text-lg mb-5 text-left wp-paragraph\">\n<p>Kod rejestracyjny: 16826788<\/p>\n<\/div><div class=\"mx-5 sm:mx-0 prose leading-relaxed text-lg mb-5 text-left wp-paragraph\">\n<p>Estonia.<\/p>\n<\/div>","protected":false},"excerpt":{"rendered":"<p>Atualizada em 17 de Novembro de 2023. Introdu\u00e7\u00e3o e Sum\u00e1rio O site \u00e9 propriedade e operado pela Rubiktech O\u00dc, uma empresa registrada na Est\u00f4nia sob o n\u00famero de registro 16826788. O site 100 Tecnologia, acess\u00edvel em https:\/\/100t.com.br, oferece uma ampla gama de conte\u00fados, incluindo not\u00edcias atualizadas e promo\u00e7\u00f5es de diversos produtos e servi\u00e7os. Al\u00e9m disso,&hellip; <a class=\"more-link\" href=\"https:\/\/100t.com.br\/pl\/privacy\/\">Kontynuuj czytanie <span class=\"screen-reader-text\">Polityka Prywatno\u015bci \u2013 100 Tecnologia<\/span><\/a><\/p>","protected":false},"author":4,"featured_media":0,"parent":0,"menu_order":0,"comment_status":"closed","ping_status":"closed","template":"","meta":[],"yoast_head":"<!-- This site is optimized with the Yoast SEO Premium plugin v18.7 (Yoast SEO v19.1) - https:\/\/yoast.com\/wordpress\/plugins\/seo\/ -->\n<title>Pol\u00edtica de Privacidade - 100 Tecnologia - 100 Tech<\/title>\n<meta name=\"robots\" content=\"index, follow, max-snippet:-1, max-image-preview:large, max-video-preview:-1\" \/>\n<link rel=\"canonical\" href=\"https:\/\/100t.com.br\/pl\/privacy\/\" \/>\n<meta property=\"og:locale\" content=\"pl_PL\" \/>\n<meta property=\"og:type\" content=\"article\" \/>\n<meta property=\"og:title\" content=\"Pol\u00edtica de Privacidade - 100 Tecnologia\" \/>\n<meta property=\"og:description\" content=\"Atualizada em 17 de Novembro de 2023. Introdu\u00e7\u00e3o e Sum\u00e1rio O site \u00e9 propriedade e operado pela Rubiktech O\u00dc, uma empresa registrada na Est\u00f4nia sob o n\u00famero de registro 16826788. O site 100 Tecnologia, acess\u00edvel em https:\/\/100t.com.br, oferece uma ampla gama de conte\u00fados, incluindo not\u00edcias atualizadas e promo\u00e7\u00f5es de diversos produtos e servi\u00e7os. Al\u00e9m disso,&hellip; Continue reading Pol\u00edtica de Privacidade &#8211; 100 Tecnologia\" \/>\n<meta property=\"og:url\" content=\"https:\/\/100t.com.br\/pl\/privacy\/\" \/>\n<meta property=\"og:site_name\" content=\"100 Tech\" \/>\n<meta property=\"article:modified_time\" content=\"2026-01-15T14:15:08+00:00\" \/>\n<meta name=\"twitter:card\" content=\"summary_large_image\" \/>\n<meta name=\"twitter:label1\" content=\"Est. reading time\" \/>\n\t<meta name=\"twitter:data1\" content=\"9 minutes\" \/>\n<script type=\"application\/ld+json\" class=\"yoast-schema-graph\">{\"@context\":\"https:\/\/schema.org\",\"@graph\":[{\"@type\":\"WebSite\",\"@id\":\"https:\/\/100t.com.br\/#website\",\"url\":\"https:\/\/100t.com.br\/\",\"name\":\"100 Tech\",\"description\":\"Tecnologia e Informa\u00e7\u00e3o\",\"potentialAction\":[{\"@type\":\"SearchAction\",\"target\":{\"@type\":\"EntryPoint\",\"urlTemplate\":\"https:\/\/100t.com.br\/?s={search_term_string}\"},\"query-input\":\"required name=search_term_string\"}],\"inLanguage\":\"pl-PL\"},{\"@type\":\"WebPage\",\"@id\":\"https:\/\/100t.com.br\/privacy\/#webpage\",\"url\":\"https:\/\/100t.com.br\/privacy\/\",\"name\":\"Pol\u00edtica de Privacidade - 100 Tecnologia - 100 Tech\",\"isPartOf\":{\"@id\":\"https:\/\/100t.com.br\/#website\"},\"datePublished\":\"2023-03-31T16:22:41+00:00\",\"dateModified\":\"2026-01-15T14:15:08+00:00\",\"breadcrumb\":{\"@id\":\"https:\/\/100t.com.br\/privacy\/#breadcrumb\"},\"inLanguage\":\"pl-PL\",\"potentialAction\":[{\"@type\":\"ReadAction\",\"target\":[\"https:\/\/100t.com.br\/privacy\/\"]}]},{\"@type\":\"BreadcrumbList\",\"@id\":\"https:\/\/100t.com.br\/privacy\/#breadcrumb\",\"itemListElement\":[{\"@type\":\"ListItem\",\"position\":1,\"name\":\"Home\",\"item\":\"https:\/\/100t.com.br\/pl\/\"},{\"@type\":\"ListItem\",\"position\":2,\"name\":\"Pol\u00edtica de Privacidade &#8211; 100 Tecnologia\"}]}]}<\/script>\n<!-- \/ Yoast SEO Premium plugin. -->","yoast_head_json":{"title":"Pol\u00edtica de Privacidade - 100 Tecnologia - 100 Tech","robots":{"index":"index","follow":"follow","max-snippet":"max-snippet:-1","max-image-preview":"max-image-preview:large","max-video-preview":"max-video-preview:-1"},"canonical":"https:\/\/100t.com.br\/pl\/privacy\/","og_locale":"pl_PL","og_type":"article","og_title":"Pol\u00edtica de Privacidade - 100 Tecnologia","og_description":"Atualizada em 17 de Novembro de 2023. Introdu\u00e7\u00e3o e Sum\u00e1rio O site \u00e9 propriedade e operado pela Rubiktech O\u00dc, uma empresa registrada na Est\u00f4nia sob o n\u00famero de registro 16826788. O site 100 Tecnologia, acess\u00edvel em https:\/\/100t.com.br, oferece uma ampla gama de conte\u00fados, incluindo not\u00edcias atualizadas e promo\u00e7\u00f5es de diversos produtos e servi\u00e7os. Al\u00e9m disso,&hellip; Continue reading Pol\u00edtica de Privacidade &#8211; 100 Tecnologia","og_url":"https:\/\/100t.com.br\/pl\/privacy\/","og_site_name":"100 Tech","article_modified_time":"2026-01-15T14:15:08+00:00","twitter_card":"summary_large_image","twitter_misc":{"Est. reading time":"9 minutes"},"schema":{"@context":"https:\/\/schema.org","@graph":[{"@type":"WebSite","@id":"https:\/\/100t.com.br\/#website","url":"https:\/\/100t.com.br\/","name":"100 Tech","description":"Tecnologia e Informa\u00e7\u00e3o","potentialAction":[{"@type":"SearchAction","target":{"@type":"EntryPoint","urlTemplate":"https:\/\/100t.com.br\/?s={search_term_string}"},"query-input":"required name=search_term_string"}],"inLanguage":"pl-PL"},{"@type":"WebPage","@id":"https:\/\/100t.com.br\/privacy\/#webpage","url":"https:\/\/100t.com.br\/privacy\/","name":"Pol\u00edtica de Privacidade - 100 Tecnologia - 100 Tech","isPartOf":{"@id":"https:\/\/100t.com.br\/#website"},"datePublished":"2023-03-31T16:22:41+00:00","dateModified":"2026-01-15T14:15:08+00:00","breadcrumb":{"@id":"https:\/\/100t.com.br\/privacy\/#breadcrumb"},"inLanguage":"pl-PL","potentialAction":[{"@type":"ReadAction","target":["https:\/\/100t.com.br\/privacy\/"]}]},{"@type":"BreadcrumbList","@id":"https:\/\/100t.com.br\/privacy\/#breadcrumb","itemListElement":[{"@type":"ListItem","position":1,"name":"Home","item":"https:\/\/100t.com.br\/pl\/"},{"@type":"ListItem","position":2,"name":"Pol\u00edtica de Privacidade &#8211; 100 Tecnologia"}]}]}},"_links":{"self":[{"href":"https:\/\/100t.com.br\/pl\/wp-json\/wp\/v2\/pages\/4828"}],"collection":[{"href":"https:\/\/100t.com.br\/pl\/wp-json\/wp\/v2\/pages"}],"about":[{"href":"https:\/\/100t.com.br\/pl\/wp-json\/wp\/v2\/types\/page"}],"author":[{"embeddable":true,"href":"https:\/\/100t.com.br\/pl\/wp-json\/wp\/v2\/users\/4"}],"replies":[{"embeddable":true,"href":"https:\/\/100t.com.br\/pl\/wp-json\/wp\/v2\/comments?post=4828"}],"version-history":[{"count":0,"href":"https:\/\/100t.com.br\/pl\/wp-json\/wp\/v2\/pages\/4828\/revisions"}],"wp:attachment":[{"href":"https:\/\/100t.com.br\/pl\/wp-json\/wp\/v2\/media?parent=4828"}],"curies":[{"name":"wp","href":"https:\/\/api.w.org\/{rel}","templated":true}]}}