{"id":4836,"date":"2023-03-31T17:35:45","date_gmt":"2023-03-31T17:35:45","guid":{"rendered":"https:\/\/100t.com.br\/?page_id=4836"},"modified":"2025-07-25T19:36:23","modified_gmt":"2025-07-25T19:36:23","slug":"about","status":"publish","type":"page","link":"https:\/\/100t.com.br\/nb\/about\/","title":{"rendered":"Om oss"},"content":{"rendered":"<!--advertisement--><div class=\"mx-5 sm:mx-0 sm:text-3xl text-2xl font-medium title-font mb-4 text-gray-900 text-left\">\n<h2 id=\"h-informacao-inteligente-para-quem-quer-estar-sempre-a-frente\">Smart informasjon for de som vil ligge i forkant<\/h2>\n<\/div><div class=\"mx-5 sm:mx-0 prose leading-relaxed text-lg mb-5 text-left wp-paragraph\">\n<p>Teknologi er overalt \u2013 i appen som gj\u00f8r rutinen din enklere, sporten du driver med, turen du planlegger, eller til og med den ledige jobben som kan forandre livet ditt. <strong>100 Tekn<\/strong> finnes for \u00e5 koble deg til alt dette p\u00e5 en enkel, rask og nyttig m\u00e5te.<\/p>\n<\/div><!--advertisement--><div class=\"mx-5 sm:mx-0 sm:text-3xl text-2xl font-medium title-font mb-4 text-gray-900 text-left\">\n<h2>Hvem vi er?<\/h2>\n<\/div><div class=\"mx-5 sm:mx-0 prose leading-relaxed text-lg mb-5 text-left wp-paragraph\">\n<p>RubikTech er et innholds- og informasjonsselskap som er forpliktet til \u00e5 konsekvent tilby det beste innholdet i et klart og oppdatert format.<\/p>\n<\/div><div class=\"mx-5 sm:mx-0 prose leading-relaxed text-lg mb-5 text-left wp-paragraph\">\n<p>Vi snakker om hva som er hett i appverdenen, anbefaler de beste digitale verkt\u00f8yene for de som s\u00f8ker fritid, arbeid eller bekvemmelighet, og fordyper oss i trendene som former n\u00e5tiden og fremtiden.<\/p>\n<\/div><!--advertisement--><div class=\"mx-5 sm:mx-0 sm:text-3xl text-2xl font-medium title-font mb-4 text-gray-900 text-left\">\n<h2>Hva vi gj\u00f8r<\/h2>\n<\/div><div class=\"mx-5 sm:mx-0 prose text-left mb-5\">\n<ul><div class=\"mx-5 sm:mx-0 prose text-left mb-5\">\n<li><strong>Vi anbefaler nyttige og oppdaterte apper<\/strong>produktivitet, helse, underholdning og mer.<\/li>\n<\/div>\n\n<div class=\"mx-5 sm:mx-0 prose text-left mb-5\">\n<li><strong>Vi kobler deg til det som er hett innen sport og underholdning<\/strong>, med fokus p\u00e5 digitale plattformer.<\/li>\n<\/div>\n\n<div class=\"mx-5 sm:mx-0 prose text-left mb-5\">\n<li><strong>Vi viser hvordan teknologi \u00e5pner d\u00f8rer for de som vil jobbe, reise eller starte en bedrift.<\/strong><\/li>\n<\/div>\n\n<div class=\"mx-5 sm:mx-0 prose text-left mb-5\">\n<li><strong>Vi forklarer alt tydelig<\/strong>direkte, tilgjengelig og p\u00e5litelig innhold.<\/li>\n<\/div><\/ul>\n<\/div><div class=\"mx-5 sm:mx-0 prose leading-relaxed text-lg mb-5 text-left wp-paragraph\">\n<p>Vi er opptatt av \u00e5 hjelpe deg med \u00e5 ta bedre beslutninger, spare tid og f\u00e5 mest mulig ut av alt teknologien har \u00e5 tilby.<\/p>\n<\/div><!--advertisement--><div class=\"mx-5 sm:mx-0 sm:text-3xl text-2xl font-medium title-font mb-4 text-gray-900 text-left\">\n<h3>Juridisk merknad<\/h3>\n<\/div><div class=\"mx-5 sm:mx-0 prose leading-relaxed text-lg mb-5 text-left wp-paragraph\">\n<p>O <strong>100 Tekn<\/strong> er en portal kun for informasjonsform\u00e5l. Vi har ingen kommersielle b\u00e5nd til produktene, applikasjonene eller selskapene som er nevnt i innholdet v\u00e5rt. Alle anbefalinger gis uavhengig, med m\u00e5l om \u00e5 hjelpe leserne v\u00e5re med \u00e5 ta mer informerte og velinformerte valg i den digitale verden.<\/p>\n<\/div><!--advertisement--><div class=\"mx-5 sm:mx-0 sm:text-3xl text-2xl font-medium title-font mb-4 text-gray-900 text-left\">\n<h2>Hjelp oss \u00e5 forbedre oss<\/h2>\n<\/div><div class=\"mx-5 sm:mx-0 prose leading-relaxed text-lg mb-5 text-left wp-paragraph\">\n<p>Vi setter pris p\u00e5 ideene og forslagene dine slik at vi kan forbedre oss ytterligere. Del dine meninger med oss!<\/p>\n<\/div>","protected":false},"excerpt":{"rendered":"<p>Intelligent informasjon for de som alltid vil ligge i forkant. Teknologi er overalt \u2013 i appen som forenkler rutinene dine, i sporten du f\u00f8lger, i turen du planlegger, eller til og med i den ledige jobben som kan forandre livet ditt. 100 Tech finnes for \u00e5 koble deg til alt dette p\u00e5 en enkel og rask m\u00e5te ... <a class=\"more-link\" href=\"https:\/\/100t.com.br\/nb\/about\/\">Fortsett \u00e5 lese <span class=\"screen-reader-text\">Om oss<\/span><\/a><\/p>","protected":false},"author":4,"featured_media":0,"parent":0,"menu_order":0,"comment_status":"closed","ping_status":"closed","template":"","meta":[],"yoast_head":"<!-- This site is optimized with the Yoast SEO Premium plugin v18.7 (Yoast SEO v19.1) - https:\/\/yoast.com\/wordpress\/plugins\/seo\/ -->\n<title>Sobre N\u00f3s - 100 Tech<\/title>\n<meta name=\"robots\" content=\"index, follow, max-snippet:-1, max-image-preview:large, max-video-preview:-1\" \/>\n<link rel=\"canonical\" href=\"https:\/\/100t.com.br\/nb\/about\/\" \/>\n<meta property=\"og:locale\" content=\"nb_NO\" \/>\n<meta property=\"og:type\" content=\"article\" \/>\n<meta property=\"og:title\" content=\"Sobre N\u00f3s\" \/>\n<meta property=\"og:description\" content=\"Informa\u00e7\u00e3o inteligente para quem quer estar sempre \u00e0 frente A tecnologia est\u00e1 em tudo \u2014 no app que facilita sua rotina, no esporte que voc\u00ea acompanha, na viagem que planeja ou at\u00e9 naquela vaga de emprego que pode mudar sua vida. O 100 Tech existe para conectar voc\u00ea a tudo isso de forma simples, r\u00e1pida&hellip; Continue reading Sobre N\u00f3s\" \/>\n<meta property=\"og:url\" content=\"https:\/\/100t.com.br\/nb\/about\/\" \/>\n<meta property=\"og:site_name\" content=\"100 Tech\" \/>\n<meta property=\"article:modified_time\" content=\"2025-07-25T19:36:23+00:00\" \/>\n<meta name=\"twitter:card\" content=\"summary_large_image\" \/>\n<meta name=\"twitter:label1\" content=\"Est. reading time\" \/>\n\t<meta name=\"twitter:data1\" content=\"2 minutes\" \/>\n<script type=\"application\/ld+json\" class=\"yoast-schema-graph\">{\"@context\":\"https:\/\/schema.org\",\"@graph\":[{\"@type\":\"WebSite\",\"@id\":\"https:\/\/100t.com.br\/#website\",\"url\":\"https:\/\/100t.com.br\/\",\"name\":\"100 Tech\",\"description\":\"Tecnologia e Informa\u00e7\u00e3o\",\"potentialAction\":[{\"@type\":\"SearchAction\",\"target\":{\"@type\":\"EntryPoint\",\"urlTemplate\":\"https:\/\/100t.com.br\/?s={search_term_string}\"},\"query-input\":\"required name=search_term_string\"}],\"inLanguage\":\"nb-NO\"},{\"@type\":\"WebPage\",\"@id\":\"https:\/\/100t.com.br\/about\/#webpage\",\"url\":\"https:\/\/100t.com.br\/about\/\",\"name\":\"Sobre N\u00f3s - 100 Tech\",\"isPartOf\":{\"@id\":\"https:\/\/100t.com.br\/#website\"},\"datePublished\":\"2023-03-31T17:35:45+00:00\",\"dateModified\":\"2025-07-25T19:36:23+00:00\",\"breadcrumb\":{\"@id\":\"https:\/\/100t.com.br\/about\/#breadcrumb\"},\"inLanguage\":\"nb-NO\",\"potentialAction\":[{\"@type\":\"ReadAction\",\"target\":[\"https:\/\/100t.com.br\/about\/\"]}]},{\"@type\":\"BreadcrumbList\",\"@id\":\"https:\/\/100t.com.br\/about\/#breadcrumb\",\"itemListElement\":[{\"@type\":\"ListItem\",\"position\":1,\"name\":\"Home\",\"item\":\"https:\/\/100t.com.br\/nb\/\"},{\"@type\":\"ListItem\",\"position\":2,\"name\":\"Sobre N\u00f3s\"}]}]}<\/script>\n<!-- \/ Yoast SEO Premium plugin. -->","yoast_head_json":{"title":"Sobre N\u00f3s - 100 Tech","robots":{"index":"index","follow":"follow","max-snippet":"max-snippet:-1","max-image-preview":"max-image-preview:large","max-video-preview":"max-video-preview:-1"},"canonical":"https:\/\/100t.com.br\/nb\/about\/","og_locale":"nb_NO","og_type":"article","og_title":"Sobre N\u00f3s","og_description":"Informa\u00e7\u00e3o inteligente para quem quer estar sempre \u00e0 frente A tecnologia est\u00e1 em tudo \u2014 no app que facilita sua rotina, no esporte que voc\u00ea acompanha, na viagem que planeja ou at\u00e9 naquela vaga de emprego que pode mudar sua vida. O 100 Tech existe para conectar voc\u00ea a tudo isso de forma simples, r\u00e1pida&hellip; Continue reading Sobre N\u00f3s","og_url":"https:\/\/100t.com.br\/nb\/about\/","og_site_name":"100 Tech","article_modified_time":"2025-07-25T19:36:23+00:00","twitter_card":"summary_large_image","twitter_misc":{"Est. reading time":"2 minutes"},"schema":{"@context":"https:\/\/schema.org","@graph":[{"@type":"WebSite","@id":"https:\/\/100t.com.br\/#website","url":"https:\/\/100t.com.br\/","name":"100 Tech","description":"Tecnologia e Informa\u00e7\u00e3o","potentialAction":[{"@type":"SearchAction","target":{"@type":"EntryPoint","urlTemplate":"https:\/\/100t.com.br\/?s={search_term_string}"},"query-input":"required name=search_term_string"}],"inLanguage":"nb-NO"},{"@type":"WebPage","@id":"https:\/\/100t.com.br\/about\/#webpage","url":"https:\/\/100t.com.br\/about\/","name":"Sobre N\u00f3s - 100 Tech","isPartOf":{"@id":"https:\/\/100t.com.br\/#website"},"datePublished":"2023-03-31T17:35:45+00:00","dateModified":"2025-07-25T19:36:23+00:00","breadcrumb":{"@id":"https:\/\/100t.com.br\/about\/#breadcrumb"},"inLanguage":"nb-NO","potentialAction":[{"@type":"ReadAction","target":["https:\/\/100t.com.br\/about\/"]}]},{"@type":"BreadcrumbList","@id":"https:\/\/100t.com.br\/about\/#breadcrumb","itemListElement":[{"@type":"ListItem","position":1,"name":"Home","item":"https:\/\/100t.com.br\/nb\/"},{"@type":"ListItem","position":2,"name":"Sobre N\u00f3s"}]}]}},"_links":{"self":[{"href":"https:\/\/100t.com.br\/nb\/wp-json\/wp\/v2\/pages\/4836"}],"collection":[{"href":"https:\/\/100t.com.br\/nb\/wp-json\/wp\/v2\/pages"}],"about":[{"href":"https:\/\/100t.com.br\/nb\/wp-json\/wp\/v2\/types\/page"}],"author":[{"embeddable":true,"href":"https:\/\/100t.com.br\/nb\/wp-json\/wp\/v2\/users\/4"}],"replies":[{"embeddable":true,"href":"https:\/\/100t.com.br\/nb\/wp-json\/wp\/v2\/comments?post=4836"}],"version-history":[{"count":0,"href":"https:\/\/100t.com.br\/nb\/wp-json\/wp\/v2\/pages\/4836\/revisions"}],"wp:attachment":[{"href":"https:\/\/100t.com.br\/nb\/wp-json\/wp\/v2\/media?parent=4836"}],"curies":[{"name":"wp","href":"https:\/\/api.w.org\/{rel}","templated":true}]}}