{"id":4830,"date":"2023-03-31T16:29:55","date_gmt":"2023-03-31T16:29:55","guid":{"rendered":"https:\/\/100t.com.br\/?page_id=4830"},"modified":"2023-11-22T20:57:25","modified_gmt":"2023-11-22T20:57:25","slug":"terms","status":"publish","type":"page","link":"https:\/\/100t.com.br\/nb\/terms\/","title":{"rendered":"Vilk\u00e5r for bruk \u2013 100 Tech"},"content":{"rendered":"<div class=\"mx-5 sm:mx-0 prose leading-relaxed text-lg mb-5 text-left wp-paragraph\">\n<p>Oppdatert 22. november 2023.<\/p>\n<\/div><div class=\"mx-5 sm:mx-0 prose leading-relaxed text-lg mb-5 text-left wp-paragraph\">\n<p>EN <strong>RubikTech O\u00dc<\/strong>, et aksjeselskap etablert i Estland (LLC, ogs\u00e5 kjent som O\u00dc), registrert med VAT EE102662223 og lokalisert i Tallinn, p\u00e5 Keemia Street tn 4, 10616, Harju, Estland, er enheten som er ansvarlig for opprettelse, eierskap og forvaltning av 100 Tech-nettstedet, tilgjengelig via adressen <a style=\" color:;\" href=\"https:\/\/100t.com.br\/nb\/\">https:\/\/100t.com.br<\/a>.<\/p>\n<\/div><div class=\"mx-5 sm:mx-0 prose leading-relaxed text-lg mb-5 text-left wp-paragraph\">\n<p>Den nevnte portalen administreres av 100 Tech. Referanser til &#039;vi&#039;, &#039;oss&#039; og &#039;v\u00e5r&#039; i dette dokumentet refererer utelukkende til 100 Tech. Denne portalen, inkludert all tilgjengelig informasjon, tjenester og innhold, er levert av 100 Tech, med forbehold om brukerens aksept av alle vilk\u00e5r, betingelser og retningslinjer angitt her. \u00c5 bruke tjenestene v\u00e5re inneb\u00e6rer \u00e5 surfe og samhandle med portalen v\u00e5r.<\/p>\n<\/div><div class=\"mx-5 sm:mx-0 prose leading-relaxed text-lg mb-5 text-left wp-paragraph\">\n<p>100 Tech utmerker seg som et nettsted spesialisert p\u00e5 \u00e5 lage informativt innhold og analyser av et bredt spekter av produkter og tjenester (inkludert applikasjoner, teknologi, underholdning og andre), som tilbys av nasjonale og internasjonale enheter.<\/p>\n<\/div><div class=\"mx-5 sm:mx-0 prose leading-relaxed text-lg mb-5 text-left wp-paragraph\">\n<p>Det er viktig \u00e5 merke seg at bruken av denne nettsiden er underlagt b\u00e5de disse vilk\u00e5rene og 100 Techs retningslinjer for personvern, som kan konsulteres p\u00e5 https:\/\/100t.com.br\/privacy, i tillegg til \u00e5 v\u00e6re i samsvar med gjeldende lovgivning .<\/p>\n<\/div><div class=\"mx-5 sm:mx-0 prose leading-relaxed text-lg mb-5 text-left wp-paragraph\">\n<p>Derfor er de generelle vilk\u00e5rene og betingelsene for bruk ment \u00e5 klargj\u00f8re ansvar, forpliktelser og plikter til alle brukere som har tilgang til og\/eller bruker 100 Tech-nettstedet, som beskrevet i de p\u00e5f\u00f8lgende punktene.<\/p>\n<\/div><div class=\"mx-5 sm:mx-0 prose leading-relaxed text-lg mb-5 text-left wp-paragraph\">\n<p><strong>Det er viktig at du leser v\u00e5re vilk\u00e5r for bruk n\u00f8ye. Hvis du ikke er enig i vilk\u00e5rene som er fastsatt her, ber vi deg om \u00e5 avst\u00e5 fra \u00e5 bruke tjenestene levert av 100 Tech.<\/strong><\/p>\n<\/div><!--advertisement--><div class=\"mx-5 sm:mx-0 sm:text-3xl text-2xl font-medium title-font mb-4 text-gray-900 text-left\">\n<h2 id=\"h-secao-i-admissao\">Seksjon I \u2013 Opptak<\/h2>\n<\/div><div class=\"mx-5 sm:mx-0 prose leading-relaxed text-lg mb-5 text-left wp-paragraph\">\n<p><strong>1.1 <\/strong>Ved bruk av 100 Tech forplikter brukeren seg til \u00e5 overholde de generelle vilk\u00e5rene og betingelsene for bruk, samt <a style=\" color:;\" href=\"https:\/\/100t.com.br\/nb\/privacy\/\">Personvernerkl\u00e6ring<\/a> fra 100 Tech.<\/p>\n<\/div><div class=\"mx-5 sm:mx-0 prose leading-relaxed text-lg mb-5 text-left wp-paragraph\">\n<p><strong>1.2 <\/strong>N\u00e5r brukeren har tilgang til og\/eller bruker 100 Tech, erkl\u00e6rer han \u00e5 v\u00e6re minst 18 (atten) \u00e5r gammel og \u00e5 ha full juridisk og uttrykkelig kapasitet til \u00e5 akseptere disse vilk\u00e5rene og betingelsene for bruk for alle juridiske form\u00e5l.<\/p>\n<\/div><div class=\"mx-5 sm:mx-0 prose leading-relaxed text-lg mb-5 text-left wp-paragraph\">\n<p><strong>1.3 <\/strong>Hvis brukeren ikke oppfyller kriteriene nevnt ovenfor og\/eller ikke er enig, helt eller delvis, med vilk\u00e5rene og betingelsene i disse vilk\u00e5rene for bruk, m\u00e5 han eller hun avst\u00e5 fra \u00e5 f\u00e5 tilgang til og\/eller bruke tjenestene gjort tilgjengelig av 100 Tech, samt nettsteder og tjenester som administreres av den.<\/p>\n<\/div><!--advertisement--><div class=\"mx-5 sm:mx-0 sm:text-3xl text-2xl font-medium title-font mb-4 text-gray-900 text-left\">\n<h2>Seksjon II \u2013 Kontakt<\/h2>\n<\/div><div class=\"mx-5 sm:mx-0 prose leading-relaxed text-lg mb-5 text-left wp-paragraph\">\n<p><strong>2.1 <\/strong>Brukeren kan bruke denne tjenesten til \u00e5 avklare enhver tvil, l\u00f8se eventuelle problemer og sende inn klager eller annen informasjon om produktene\/tjenestene som er tilgjengelige p\u00e5 100 Tech.<\/p>\n<\/div><div class=\"mx-5 sm:mx-0 prose leading-relaxed text-lg mb-5 text-left wp-paragraph\">\n<p><strong>2.2<\/strong> For \u00e5 komme i kontakt kan Bruker benytte skjemaet tilgjengelig p\u00e5 <a style=\" color:;\" href=\"https:\/\/100t.com.br\/nb\/contact\/\">https:\/\/100t.com.br\/contact\/<\/a>.<\/p>\n<\/div><!--advertisement--><div class=\"mx-5 sm:mx-0 sm:text-3xl text-2xl font-medium title-font mb-4 text-gray-900 text-left\">\n<h2>Del III \u2013 Partenes ansvar<\/h2>\n<\/div><div class=\"mx-5 sm:mx-0 prose leading-relaxed text-lg mb-5 text-left wp-paragraph\">\n<p><strong>3.1 <\/strong>Ved \u00e5 f\u00e5 tilgang til og bruke tjenestene og produktene p\u00e5 100 Tech-nettstedet, erkjenner brukeren at de har lest, forst\u00e5tt og akseptert alle bestemmelsene i disse vilk\u00e5rene og betingelsene for bruk, samt personvernreglene.<\/p>\n<\/div><div class=\"mx-5 sm:mx-0 prose leading-relaxed text-lg mb-5 text-left wp-paragraph\">\n<p><strong>3.2 <\/strong>100 Tech gir lenker og omdirigerer brukeren til tredjeparts nettsteder, hvor tjenester kan avtales og produkter kj\u00f8pes direkte fra de tilsvarende selskapene. 100 Tech blander seg ikke inn i denne prosessen.<\/p>\n<\/div><div class=\"mx-5 sm:mx-0 prose leading-relaxed text-lg mb-5 text-left wp-paragraph\">\n<p><strong>3.3 <\/strong>N\u00e5r brukeren blir omdirigert til et partnerselskaps nettsted, m\u00e5 brukeren gjennomg\u00e5 og uttrykkelig godta det respektive selskapets bruksvilk\u00e5r og personvernregler.<\/p>\n<\/div><div class=\"mx-5 sm:mx-0 prose leading-relaxed text-lg mb-5 text-left wp-paragraph\">\n<p><strong>3.4 <\/strong>100 Tech er ikke ansvarlig for retningslinjene og bruksvilk\u00e5rene til tredjepartsselskaper, tjenesteinformasjon eller annonserte produkter, og heller ikke for tilbud eller kontrakter laget med disse selskapene.<\/p>\n<\/div><div class=\"mx-5 sm:mx-0 prose leading-relaxed text-lg mb-5 text-left wp-paragraph\">\n<p><strong>3.5 <\/strong>100 Tech er ikke ansvarlig for skader for\u00e5rsaket av virus eller skadelig programvare anskaffet mens du surfer eller overf\u00f8rer data p\u00e5 internett. Det anbefales at brukeren opprettholder oppdaterte sikkerhetssystemer.<\/p>\n<\/div><div class=\"mx-5 sm:mx-0 prose leading-relaxed text-lg mb-5 text-left wp-paragraph\">\n<p><strong>3.6 <\/strong>100 Tech vil ikke v\u00e6re ansvarlig for tap som f\u00f8lge av misbruk av nettstedet eller force majeure-hendelser.<\/p>\n<\/div><div class=\"mx-5 sm:mx-0 prose leading-relaxed text-lg mb-5 text-left wp-paragraph\">\n<p><strong>3.7 <\/strong>100 Tech ber ikke om innskudd eller bankoverf\u00f8ringer for godkjenning eller tildeling av finansielle produkter.<\/p>\n<\/div><div class=\"mx-5 sm:mx-0 prose leading-relaxed text-lg mb-5 text-left wp-paragraph\">\n<p><strong>3.8 <\/strong>100 Tech sender ikke e-poster som ber om personlige data eller registreringsdata, heller ikke kj\u00f8rbare vedlegg eller nedlastingslenker. Hvis du mottar slik kommunikasjon, vennligst informer oss via v\u00e5rt kontaktskjema p\u00e5 <a style=\" color:;\" href=\"https:\/\/100t.com.br\/nb\/contact\/\">https:\/\/100t.com.br\/contact\/<\/a>.<\/p>\n<\/div><!--advertisement--><div class=\"mx-5 sm:mx-0 sm:text-3xl text-2xl font-medium title-font mb-4 text-gray-900 text-left\">\n<h2>Seksjon IV \u2013 Betingelser for bruk og begrensninger<\/h2>\n<\/div><div class=\"mx-5 sm:mx-0 prose leading-relaxed text-lg mb-5 text-left wp-paragraph\">\n<p>I henhold til vilk\u00e5rene for bruk har vi lagt strenge restriksjoner p\u00e5 bruken av nettstedet og innholdet v\u00e5rt. Det er uttrykkelig forbudt:<\/p>\n<\/div><div class=\"mx-5 sm:mx-0 prose text-left mb-5\">\n<ol><div class=\"mx-5 sm:mx-0 prose text-left mb-5\">\n<li>Bruk nettstedet til ulovlige form\u00e5l eller for \u00e5 fremme ulovlige aktiviteter.<\/li>\n<\/div>\n\n<div class=\"mx-5 sm:mx-0 prose text-left mb-5\">\n<li>Se bort fra lokale, statlige, f\u00f8derale, provinsielle eller internasjonale lover eller forskrifter.<\/li>\n<\/div>\n\n<div class=\"mx-5 sm:mx-0 prose text-left mb-5\">\n<li>Krenker eller bryter v\u00e5re immaterielle rettigheter eller tredjeparters rettigheter.<\/li>\n<\/div>\n\n<div class=\"mx-5 sm:mx-0 prose text-left mb-5\">\n<li>Delta i atferd som trakassering, overgrep, \u00e6rekrenkelse, trusler eller diskriminering basert p\u00e5 kj\u00f8nn, seksuell legning, religion, etnisitet, rase, alder, nasjonal opprinnelse eller funksjonshemming.<\/li>\n<\/div>\n\n<div class=\"mx-5 sm:mx-0 prose text-left mb-5\">\n<li>Spre falsk eller villedende informasjon.<\/li>\n<\/div>\n\n<div class=\"mx-5 sm:mx-0 prose text-left mb-5\">\n<li>Spre virus eller annen kode som kan skade driften av tjenesten, relaterte nettsteder, andre nettsteder eller Internett.<\/li>\n<\/div>\n\n<div class=\"mx-5 sm:mx-0 prose text-left mb-5\">\n<li>Samle inn eller spor tredjeparts personopplysninger uten samtykke.<\/li>\n<\/div>\n\n<div class=\"mx-5 sm:mx-0 prose text-left mb-5\">\n<li>\u00d8v p\u00e5 spam, phishing, pharm, p\u00e5skudd, edderkopp, kryp eller skraping.<\/li>\n<\/div>\n\n<div class=\"mx-5 sm:mx-0 prose text-left mb-5\">\n<li>Bruk av nettstedet til obsk\u00f8ne eller umoralske form\u00e5l.<\/li>\n<\/div>\n\n<div class=\"mx-5 sm:mx-0 prose text-left mb-5\">\n<li>Forstyrre eller omg\u00e5 sikkerhetstiltakene til tjenesten, relaterte nettsteder, andre nettsteder eller Internett.<\/li>\n<\/div><\/ol>\n<\/div><div class=\"mx-5 sm:mx-0 prose leading-relaxed text-lg mb-5 text-left wp-paragraph\">\n<p><strong>Vi forbeholder oss retten til \u00e5 avslutte eller suspendere din bruk av tjenestene v\u00e5re og eventuelle relaterte nettsteder hvis du bryter noen av disse begrensningene.<\/strong><\/p>\n<\/div><!--advertisement--><div class=\"mx-5 sm:mx-0 sm:text-3xl text-2xl font-medium title-font mb-4 text-gray-900 text-left\">\n<h2>Seksjon V \u2013 Ansvarsbegrensninger og garantier<\/h2>\n<\/div><div class=\"mx-5 sm:mx-0 prose leading-relaxed text-lg mb-5 text-left wp-paragraph\">\n<p>Vi erkjenner at bruken av tjenesten v\u00e5r kanskje ikke er kontinuerlig, helt sikker eller feilfri. Vi garanterer ikke at resultatene oppn\u00e5dd fra tjenesten alltid vil v\u00e6re n\u00f8yaktige eller p\u00e5litelige.<\/p>\n<\/div><div class=\"mx-5 sm:mx-0 prose leading-relaxed text-lg mb-5 text-left wp-paragraph\">\n<p>Tilgang til tjenesten kan av og til bli suspendert eller til og med kansellert n\u00e5r som helst, uten behov for forh\u00e5ndsvarsel.<\/p>\n<\/div><div class=\"mx-5 sm:mx-0 prose leading-relaxed text-lg mb-5 text-left wp-paragraph\">\n<p>Du godtar at enhver bruk av, eller manglende evne til \u00e5 bruke, tjenesten er p\u00e5 egen risiko. Tjenesten leveres &quot;som den er&quot; og &quot;som tilgjengelig&quot; uten garantier, uttrykte eller underforst\u00e5tte, inkludert, men ikke begrenset til, garantier for salgbarhet, egnethet for et bestemt form\u00e5l eller ikke-krenkelse.<\/p>\n<\/div><div class=\"mx-5 sm:mx-0 prose leading-relaxed text-lg mb-5 text-left wp-paragraph\">\n<p>Under ingen omstendigheter vil 100 Tech, dets direkt\u00f8rer, ansatte eller partnere v\u00e6re ansvarlige for eventuelle skader, tap eller krav som oppst\u00e5r fra bruken av tjenesten. Dette inkluderer, uten begrensning, tap av fortjeneste, data eller andre immaterielle tap, som er et resultat av bruken av en tjeneste eller et produkt oppn\u00e5dd gjennom tjenesten, eller for andre krav knyttet til bruken av tjenesten.<\/p>\n<\/div><div class=\"mx-5 sm:mx-0 prose leading-relaxed text-lg mb-5 text-left wp-paragraph\">\n<p>I jurisdiksjoner der utelukkelse eller begrensning av ansvar for f\u00f8lgeskader eller tilfeldige skader ikke er tillatt, vil v\u00e5rt ansvar v\u00e6re begrenset i den grad som er tillatt i henhold til gjeldende lov.<\/p>\n<\/div><!--advertisement--><div class=\"mx-5 sm:mx-0 sm:text-3xl text-2xl font-medium title-font mb-4 text-gray-900 text-left\">\n<h2>Seksjon VI \u2013 Gyldighet og frist<\/h2>\n<\/div><div class=\"mx-5 sm:mx-0 prose leading-relaxed text-lg mb-5 text-left wp-paragraph\">\n<p>Disse generelle vilk\u00e5rene og betingelsene for bruk er gyldige p\u00e5 ubestemt tid. Enhver juridisk eller administrativ handling knyttet til bruken av 100 Tech, som beskrevet i disse generelle vilk\u00e5rene for bruk eller personvernreglene, m\u00e5 iverksettes innen 90 dager etter hendelsen som ga opphav til kravet.<\/p>\n<\/div><!--advertisement--><div class=\"mx-5 sm:mx-0 sm:text-3xl text-2xl font-medium title-font mb-4 text-gray-900 text-left\">\n<h2>Seksjon VII \u2013 Lov- og valgforum<\/h2>\n<\/div><div class=\"mx-5 sm:mx-0 prose leading-relaxed text-lg mb-5 text-left wp-paragraph\">\n<p><strong>7.1<\/strong> Dette vilk\u00e5ret og de generelle bruksvilk\u00e5rene m\u00e5 forst\u00e5s sammen med personvernreglene. Begge er styrt av lovene i den f\u00f8derative republikken Brasil, inkludert den f\u00f8derale grunnloven, sivilloven, forbrukerbeskyttelseskoden, den generelle loven til Internet Civil Framework og den generelle databeskyttelsesloven.<\/p>\n<\/div><div class=\"mx-5 sm:mx-0 prose leading-relaxed text-lg mb-5 text-left wp-paragraph\">\n<p><strong>7.2.<\/strong> For sp\u00f8rsm\u00e5l knyttet til tolkningen eller h\u00e5ndhevelsen av disse vilk\u00e5rene og personvernreglene, er partene enige om \u00e5 underkaste seg eksklusivt jurisdiksjonen til handelskammeret i Tallinn, Estland (voldgiftsretten til det estiske handels- og industrikammeret). Dette inkluderer eventuelle tvister eller sp\u00f8rsm\u00e5l som oppst\u00e5r fra disse vilk\u00e5rene for bruk.<\/p>\n<\/div><!--advertisement--><div class=\"mx-5 sm:mx-0 sm:text-3xl text-2xl font-medium title-font mb-4 text-gray-900 text-left\">\n<h2>Seksjon VIII \u2013 Innhold og \u00e5ndsverk<\/h2>\n<\/div><div class=\"mx-5 sm:mx-0 prose leading-relaxed text-lg mb-5 text-left wp-paragraph\">\n<p><strong>8.1. Innhold og \u00e5ndsverk<\/strong><\/p>\n<\/div><div class=\"mx-5 sm:mx-0 prose leading-relaxed text-lg mb-5 text-left wp-paragraph\">\n<p>Innholdet p\u00e5 100 Tech-nettstedet, som eies av RubikTech O\u00dc og dets partnere, er beskyttet av lover om opphavsrett og immaterielle rettigheter. Reproduksjon, endring, distribusjon, visning eller oppretting av avledede verk fra dette innholdet uten uttrykkelig skriftlig tillatelse fra RubikTech O\u00dc er forbudt.<\/p>\n<\/div><div class=\"mx-5 sm:mx-0 prose leading-relaxed text-lg mb-5 text-left wp-paragraph\">\n<p><strong>8.2 Ansvar<\/strong><\/p>\n<\/div><div class=\"mx-5 sm:mx-0 prose leading-relaxed text-lg mb-5 text-left wp-paragraph\">\n<p>100 Tech er ikke ansvarlig for innhold produsert av tredjeparter, slik som kommentarer og innlegg p\u00e5 fora eller sosiale nettverk. P\u00e5 samme m\u00e5te er det ikke ansvarlig for skader for\u00e5rsaket av bruken av nettstedet, enten det er direkte, indirekte, tilfeldig eller f\u00f8lgeskader.<\/p>\n<\/div><div class=\"mx-5 sm:mx-0 prose leading-relaxed text-lg mb-5 text-left wp-paragraph\">\n<p><strong>8.3 Brudd<\/strong><\/p>\n<\/div><div class=\"mx-5 sm:mx-0 prose leading-relaxed text-lg mb-5 text-left wp-paragraph\">\n<p>100 Tech har rett til \u00e5 fjerne innhold som bryter disse vilk\u00e5rene, spesielt de som er ulovlige, st\u00f8tende, \u00e6rekrenkende eller krenker rettighetene til tredjeparter. RubikTech O\u00dc kan ogs\u00e5 avslutte kontoer til brukere som ikke overholder disse vilk\u00e5rene.<\/p>\n<\/div><!--advertisement--><div class=\"mx-5 sm:mx-0 sm:text-3xl text-2xl font-medium title-font mb-4 text-gray-900 text-left\">\n<h2>Del IX \u2013 Endring av vilk\u00e5r og betingelser<\/h2>\n<\/div><div class=\"mx-5 sm:mx-0 prose leading-relaxed text-lg mb-5 text-left wp-paragraph\">\n<p>100 Tech forbeholder seg retten til \u00e5 modifisere, suspendere eller avslutte noen del av tjenestene sine n\u00e5r som helst, uten forvarsel. Ved \u00e5 gj\u00f8re slike endringer vil 100 Tech ikke ha noe ansvar overfor deg eller noen tredjepart.<\/p>\n<\/div><div class=\"mx-5 sm:mx-0 prose leading-relaxed text-lg mb-5 text-left wp-paragraph\">\n<p><strong>Bruk av 100 Tech-nettstedet inneb\u00e6rer obligatorisk og bindende aksept av disse vilk\u00e5rene og betingelsene. Alle som ikke er enig i disse vilk\u00e5rene m\u00e5 avst\u00e5 fra \u00e5 bruke nettstedet.<\/strong><\/p>\n<\/div><!--advertisement--><div class=\"mx-5 sm:mx-0 sm:text-3xl text-2xl font-medium title-font mb-4 text-gray-900 text-left\">\n<h2>Seksjon X \u2013 Kontaktinformasjon<\/h2>\n<\/div><div class=\"mx-5 sm:mx-0 prose leading-relaxed text-lg mb-5 text-left wp-paragraph\">\n<p>For sp\u00f8rsm\u00e5l eller forslag ang\u00e5ende v\u00e5re tjenester, oppfordrer vi deg til \u00e5 kontakte v\u00e5rt kundeserviceteam. Vennligst send din melding til e-postadressen: <a style=\" color:;\" href=\"mailto:contato@100t.com.br\">contato@100t.com.br<\/a>.<\/p>\n<\/div>","protected":false},"excerpt":{"rendered":"<p>Oppdatert 22. november 2023. RubikTech O\u00dc, et aksjeselskap etablert i Estland (LLC, ogs\u00e5 kjent som O\u00dc), registrert med MVA-nummer EE102662223 og lokalisert i Tallinn, Keemia Street tn 4, 10616, Harju, Estland, er enheten som er ansvarlig for opprettelse, eierskap og administrasjon av 100 Tech-nettstedet, tilgjengelig via\u2026 <a class=\"more-link\" href=\"https:\/\/100t.com.br\/nb\/terms\/\">Fortsett \u00e5 lese <span class=\"screen-reader-text\">Vilk\u00e5r for bruk \u2013 100 Tech<\/span><\/a><\/p>","protected":false},"author":4,"featured_media":0,"parent":0,"menu_order":0,"comment_status":"closed","ping_status":"closed","template":"","meta":[],"yoast_head":"<!-- This site is optimized with the Yoast SEO Premium plugin v18.7 (Yoast SEO v19.1) - https:\/\/yoast.com\/wordpress\/plugins\/seo\/ -->\n<title>Termos de Uso - 100 Tech - 100 Tech<\/title>\n<meta name=\"robots\" content=\"index, follow, max-snippet:-1, max-image-preview:large, max-video-preview:-1\" \/>\n<link rel=\"canonical\" href=\"https:\/\/100t.com.br\/nb\/terms\/\" \/>\n<meta property=\"og:locale\" content=\"nb_NO\" \/>\n<meta property=\"og:type\" content=\"article\" \/>\n<meta property=\"og:title\" content=\"Termos de Uso - 100 Tech\" \/>\n<meta property=\"og:description\" content=\"Atualizado em 22 de Novembro de 2023. A RubikTech O\u00dc, uma companhia de responsabilidade limitada estabelecida na Estonia (LLC, tamb\u00e9m conhecida por O\u00dc), registada com o VAT EE102662223 e localizada em Tallinn, na Rua Keemia tn 4, 10616, Harju, Est\u00f3nia, \u00e9 a entidade respons\u00e1vel pela cria\u00e7\u00e3o, titularidade e gest\u00e3o do website 100 Tech, acess\u00edvel atrav\u00e9s&hellip; Continue reading Termos de Uso &#8211; 100 Tech\" \/>\n<meta property=\"og:url\" content=\"https:\/\/100t.com.br\/nb\/terms\/\" \/>\n<meta property=\"og:site_name\" content=\"100 Tech\" \/>\n<meta property=\"article:modified_time\" content=\"2023-11-22T20:57:25+00:00\" \/>\n<meta name=\"twitter:card\" content=\"summary_large_image\" \/>\n<meta name=\"twitter:label1\" content=\"Est. reading time\" \/>\n\t<meta name=\"twitter:data1\" content=\"9 minutes\" \/>\n<script type=\"application\/ld+json\" class=\"yoast-schema-graph\">{\"@context\":\"https:\/\/schema.org\",\"@graph\":[{\"@type\":\"WebSite\",\"@id\":\"https:\/\/100t.com.br\/#website\",\"url\":\"https:\/\/100t.com.br\/\",\"name\":\"100 Tech\",\"description\":\"Tecnologia e Informa\u00e7\u00e3o\",\"potentialAction\":[{\"@type\":\"SearchAction\",\"target\":{\"@type\":\"EntryPoint\",\"urlTemplate\":\"https:\/\/100t.com.br\/?s={search_term_string}\"},\"query-input\":\"required name=search_term_string\"}],\"inLanguage\":\"nb-NO\"},{\"@type\":\"WebPage\",\"@id\":\"https:\/\/100t.com.br\/terms\/#webpage\",\"url\":\"https:\/\/100t.com.br\/terms\/\",\"name\":\"Termos de Uso - 100 Tech - 100 Tech\",\"isPartOf\":{\"@id\":\"https:\/\/100t.com.br\/#website\"},\"datePublished\":\"2023-03-31T16:29:55+00:00\",\"dateModified\":\"2023-11-22T20:57:25+00:00\",\"breadcrumb\":{\"@id\":\"https:\/\/100t.com.br\/terms\/#breadcrumb\"},\"inLanguage\":\"nb-NO\",\"potentialAction\":[{\"@type\":\"ReadAction\",\"target\":[\"https:\/\/100t.com.br\/terms\/\"]}]},{\"@type\":\"BreadcrumbList\",\"@id\":\"https:\/\/100t.com.br\/terms\/#breadcrumb\",\"itemListElement\":[{\"@type\":\"ListItem\",\"position\":1,\"name\":\"Home\",\"item\":\"https:\/\/100t.com.br\/nb\/\"},{\"@type\":\"ListItem\",\"position\":2,\"name\":\"Termos de Uso &#8211; 100 Tech\"}]}]}<\/script>\n<!-- \/ Yoast SEO Premium plugin. -->","yoast_head_json":{"title":"Termos de Uso - 100 Tech - 100 Tech","robots":{"index":"index","follow":"follow","max-snippet":"max-snippet:-1","max-image-preview":"max-image-preview:large","max-video-preview":"max-video-preview:-1"},"canonical":"https:\/\/100t.com.br\/nb\/terms\/","og_locale":"nb_NO","og_type":"article","og_title":"Termos de Uso - 100 Tech","og_description":"Atualizado em 22 de Novembro de 2023. A RubikTech O\u00dc, uma companhia de responsabilidade limitada estabelecida na Estonia (LLC, tamb\u00e9m conhecida por O\u00dc), registada com o VAT EE102662223 e localizada em Tallinn, na Rua Keemia tn 4, 10616, Harju, Est\u00f3nia, \u00e9 a entidade respons\u00e1vel pela cria\u00e7\u00e3o, titularidade e gest\u00e3o do website 100 Tech, acess\u00edvel atrav\u00e9s&hellip; Continue reading Termos de Uso &#8211; 100 Tech","og_url":"https:\/\/100t.com.br\/nb\/terms\/","og_site_name":"100 Tech","article_modified_time":"2023-11-22T20:57:25+00:00","twitter_card":"summary_large_image","twitter_misc":{"Est. reading time":"9 minutes"},"schema":{"@context":"https:\/\/schema.org","@graph":[{"@type":"WebSite","@id":"https:\/\/100t.com.br\/#website","url":"https:\/\/100t.com.br\/","name":"100 Tech","description":"Tecnologia e Informa\u00e7\u00e3o","potentialAction":[{"@type":"SearchAction","target":{"@type":"EntryPoint","urlTemplate":"https:\/\/100t.com.br\/?s={search_term_string}"},"query-input":"required name=search_term_string"}],"inLanguage":"nb-NO"},{"@type":"WebPage","@id":"https:\/\/100t.com.br\/terms\/#webpage","url":"https:\/\/100t.com.br\/terms\/","name":"Termos de Uso - 100 Tech - 100 Tech","isPartOf":{"@id":"https:\/\/100t.com.br\/#website"},"datePublished":"2023-03-31T16:29:55+00:00","dateModified":"2023-11-22T20:57:25+00:00","breadcrumb":{"@id":"https:\/\/100t.com.br\/terms\/#breadcrumb"},"inLanguage":"nb-NO","potentialAction":[{"@type":"ReadAction","target":["https:\/\/100t.com.br\/terms\/"]}]},{"@type":"BreadcrumbList","@id":"https:\/\/100t.com.br\/terms\/#breadcrumb","itemListElement":[{"@type":"ListItem","position":1,"name":"Home","item":"https:\/\/100t.com.br\/nb\/"},{"@type":"ListItem","position":2,"name":"Termos de Uso &#8211; 100 Tech"}]}]}},"_links":{"self":[{"href":"https:\/\/100t.com.br\/nb\/wp-json\/wp\/v2\/pages\/4830"}],"collection":[{"href":"https:\/\/100t.com.br\/nb\/wp-json\/wp\/v2\/pages"}],"about":[{"href":"https:\/\/100t.com.br\/nb\/wp-json\/wp\/v2\/types\/page"}],"author":[{"embeddable":true,"href":"https:\/\/100t.com.br\/nb\/wp-json\/wp\/v2\/users\/4"}],"replies":[{"embeddable":true,"href":"https:\/\/100t.com.br\/nb\/wp-json\/wp\/v2\/comments?post=4830"}],"version-history":[{"count":0,"href":"https:\/\/100t.com.br\/nb\/wp-json\/wp\/v2\/pages\/4830\/revisions"}],"wp:attachment":[{"href":"https:\/\/100t.com.br\/nb\/wp-json\/wp\/v2\/media?parent=4830"}],"curies":[{"name":"wp","href":"https:\/\/api.w.org\/{rel}","templated":true}]}}