{"id":4828,"date":"2023-03-31T16:22:41","date_gmt":"2023-03-31T16:22:41","guid":{"rendered":"https:\/\/100t.com.br\/?page_id=4828"},"modified":"2026-01-15T14:15:08","modified_gmt":"2026-01-15T14:15:08","slug":"privacy","status":"publish","type":"page","link":"https:\/\/100t.com.br\/nb\/privacy\/","title":{"rendered":"Personvernerkl\u00e6ring \u2013 100 Tecnologia"},"content":{"rendered":"<div class=\"mx-5 sm:mx-0 prose leading-relaxed text-lg mb-5 text-left wp-paragraph\">\n<p>Oppdatert 17. november 2023.<\/p>\n<\/div><!--advertisement--><div class=\"mx-5 sm:mx-0 sm:text-3xl text-2xl font-medium title-font mb-4 text-gray-900 text-left\">\n<h2 id=\"h-introducao-e-sumario\">Introduksjon og sammendrag<\/h2>\n<\/div><div class=\"mx-5 sm:mx-0 prose leading-relaxed text-lg mb-5 text-left wp-paragraph\">\n<p>Nettstedet eies og drives av Rubiktech O\u00dc, et selskap registrert i Estland med registreringsnummer 16826788.<\/p>\n<\/div><div class=\"mx-5 sm:mx-0 prose leading-relaxed text-lg mb-5 text-left wp-paragraph\">\n<p>100 Tecnologia-nettstedet, tilgjengelig p\u00e5 <a style=\" color:;\" href=\"https:\/\/100t.com.br\/nb\/\">https:\/\/100t.com.br<\/a>, tilbyr et bredt spekter av innhold, inkludert oppdaterte nyheter og kampanjer for ulike produkter og tjenester. I tillegg presenterer den tilbud fra partnere, som leder brukerne til nettsteder som er relevante for deres interesser.<\/p>\n<\/div><div class=\"mx-5 sm:mx-0 prose leading-relaxed text-lg mb-5 text-left wp-paragraph\">\n<p>V\u00e5rt hovedfokus er \u00e5 koble brukere med de mest passende tjenestene, som dekker omr\u00e5der som applikasjoner, underholdning, tips og teknologiske fremskritt.<\/p>\n<\/div><div class=\"mx-5 sm:mx-0 prose leading-relaxed text-lg mb-5 text-left wp-paragraph\">\n<p>Vi legger stor vekt p\u00e5 sikkerheten til dine personopplysninger. V\u00e5re retningslinjer for personvern gjenspeiler v\u00e5r forpliktelse til \u00e5 beskytte personvernet ditt og sikkerheten til informasjonen din.<\/p>\n<\/div><div class=\"mx-5 sm:mx-0 prose leading-relaxed text-lg mb-5 text-left wp-paragraph\">\n<p>For avklaring eller ytterligere informasjon om dine rettigheter og alternativer, kan brukere se v\u00e5r personvernerkl\u00e6ring eller kontakte oss via e-post p\u00e5 contato@100t.com.br.<\/p>\n<\/div><!--advertisement--><div class=\"mx-5 sm:mx-0 sm:text-3xl text-2xl font-medium title-font mb-4 text-gray-900 text-left\">\n<h2 id=\"h-escopo-da-politica-de-privacidade\">Omfanget av personvernreglene<\/h2>\n<\/div><div class=\"mx-5 sm:mx-0 prose leading-relaxed text-lg mb-5 text-left wp-paragraph\">\n<p>100 Tecnologia fungerer som en plattform dedikert til innhold og promotering av produkter og tjenester, spesielt innen omr\u00e5der som applikasjoner og teknologiske innovasjoner. Dens funksjon er strengt salgsfremmende, uten \u00e5 etablere direkte kontrakter med brukere.<\/p>\n<\/div><div class=\"mx-5 sm:mx-0 prose leading-relaxed text-lg mb-5 text-left wp-paragraph\">\n<p>Enhver kommersiell interaksjon mellom brukere og partnerannons\u00f8rer foreg\u00e5r i milj\u00f8er utenfor 100 Tecnologia, som ikke ber om eller lagrer brukernes bank- eller \u00f8konomiske data. Nettstedets forhold til brukere er utelukkende basert p\u00e5 informasjon.<\/p>\n<\/div><div class=\"mx-5 sm:mx-0 prose leading-relaxed text-lg mb-5 text-left wp-paragraph\">\n<p>Det er viktig at brukere varsler 100 Tecnologia via e-post p\u00e5 contato@100t.com.br hvis de mottar foresp\u00f8rsler om personopplysninger. Plattformen p\u00e5tar seg intet ansvar for svindelfors\u00f8k utf\u00f8rt av eksterne enheter.<\/p>\n<\/div><!--advertisement--><div class=\"mx-5 sm:mx-0 sm:text-3xl text-2xl font-medium title-font mb-4 text-gray-900 text-left\">\n<h2 id=\"h-sobre-consentimento\">Om samtykke<\/h2>\n<\/div><div class=\"mx-5 sm:mx-0 prose leading-relaxed text-lg mb-5 text-left wp-paragraph\">\n<p>N\u00e5r du bruker 100 Tecnologia, samtykker brukerne implisitt til v\u00e5r personvernpolicy, som er avgj\u00f8rende for \u00e5 beskytte alle involverte parter. <strong>Hvis du ikke er enig i disse retningslinjene, anbefaler vi \u00e5 ikke bruke tjenestene v\u00e5re<\/strong>.<\/p>\n<\/div><div class=\"mx-5 sm:mx-0 prose leading-relaxed text-lg mb-5 text-left wp-paragraph\">\n<p>Det er viktig at denne policyen vurderes sammen med <a style=\" color:;\" href=\"https:\/\/100t.com.br\/nb\/terms\/\">Vilk\u00e5r for bruk<\/a>, p\u00e5 grunn av juridiske aspekter. Disse dokumentene etablerer til sammen 100 Tecnologias praksis i forhold til datainnsamling og de tilsvarende forpliktelsene, som dekker b\u00e5de administrasjonen av nettstedet og dets bruk av brukere.<\/p>\n<\/div><!--advertisement--><div class=\"mx-5 sm:mx-0 sm:text-3xl text-2xl font-medium title-font mb-4 text-gray-900 text-left\">\n<h2 id=\"h-i-informacoes-que-coletamos\">I. Informasjon vi samler inn<\/h2>\n<\/div><div class=\"mx-5 sm:mx-0 prose leading-relaxed text-lg mb-5 text-left wp-paragraph\">\n<p><strong>A. INFORMASJON SAMLET DIREKTE<\/strong><\/p>\n<\/div><div class=\"mx-5 sm:mx-0 prose leading-relaxed text-lg mb-5 text-left wp-paragraph\">\n<p>\u00c5 surfe p\u00e5 100 Tecnologia inneb\u00e6rer ikke automatisk innsamling av personopplysninger. Men for \u00e5 f\u00e5 tilgang til eksklusivt innhold, kan brukere registrere seg og oppgi informasjon som navn, e-post, telefon og adresse.<\/p>\n<\/div><div class=\"mx-5 sm:mx-0 prose leading-relaxed text-lg mb-5 text-left wp-paragraph\">\n<p>Denne datainnsamlingen i begrensede omr\u00e5der lar 100 Tecnologia tilby personlig innhold og verifisere identiteten til brukere, enten de er enkeltpersoner eller selskaper. Dette hjelper deg ogs\u00e5 med \u00e5 lage personlige strategier for hver bruker.<\/p>\n<\/div><div class=\"mx-5 sm:mx-0 prose leading-relaxed text-lg mb-5 text-left wp-paragraph\">\n<p>I tillegg samler vi inn personopplysninger n\u00e5r brukere kontakter 100 Tecnologia for \u00e5 be om informasjon eller for \u00e5 rapportere problemer. Disse dataene lagres for nettstedadministrasjon og kontroll.<\/p>\n<\/div><div class=\"mx-5 sm:mx-0 prose leading-relaxed text-lg mb-5 text-left wp-paragraph\">\n<p><strong>B. INFORMASJON SAMLET IN AUTOMATISK<\/strong><\/p>\n<\/div><div class=\"mx-5 sm:mx-0 prose leading-relaxed text-lg mb-5 text-left wp-paragraph\">\n<p>100 Tecnologia samler inn ikke bare personopplysninger frivillig gitt under registrering eller direkte kontakt, men ogs\u00e5 ikke-personlige data mens du surfer p\u00e5 nettstedet. Denne samlingen forbedrer brukeropplevelsen og veileder kampanjene til v\u00e5re partnernettsteder.<\/p>\n<\/div><div class=\"mx-5 sm:mx-0 prose leading-relaxed text-lg mb-5 text-left wp-paragraph\">\n<p>Tilgangsposter (loggfiler) fanger opp informasjon som IP-adresser, nettlesertyper, Internett-leverand\u00f8rer, tilgangsdatoer og -klokkeslett, inn- og utgangssider og klikk som er gjort.<\/p>\n<\/div><div class=\"mx-5 sm:mx-0 prose leading-relaxed text-lg mb-5 text-left wp-paragraph\">\n<p>Vi bruker informasjonskapsler for \u00e5 forst\u00e5 brukerpreferanser. Informasjonskapsler sporer aktiviteter som klikk for \u00e5 danne forbrukerprofiler. Dette hjelper oss med \u00e5 tilpasse tilbud og opplevelser, \u00f8ke relevansen og aksepten hos brukerne. Informasjonskapsler kan deaktiveres i brukernes operativsysteminnstillinger; <strong>Unnlatelse av \u00e5 deaktivere inneb\u00e6rer samtykke til bruken<\/strong>.<\/p>\n<\/div><div class=\"mx-5 sm:mx-0 prose leading-relaxed text-lg mb-5 text-left wp-paragraph\">\n<p><strong>C. INFORMASJON FRA EKSTERNE KILDER<\/strong><\/p>\n<\/div><div class=\"mx-5 sm:mx-0 prose leading-relaxed text-lg mb-5 text-left wp-paragraph\">\n<p>100 Tecnologia bruker Google Analytics for \u00e5 analysere bruken av nettstedet og forbedre brukeropplevelsen. Informasjonskapsler overv\u00e5ker informasjon som bes\u00f8kets lengde og tilgjengelige sider, med mer informasjon tilgjengelig p\u00e5 den offisielle nettsiden til <a style=\" color:;\" href=\"https:\/\/developers.google.com\/analytics\/devguides\/collection\/gajs\/cookie-usage?hl=pt-br\">Google Analytics<\/a>.<\/p>\n<\/div><div class=\"mx-5 sm:mx-0 prose leading-relaxed text-lg mb-5 text-left wp-paragraph\">\n<p>Vi bruker ogs\u00e5 tredjepartsanalyser og informasjonskapsler for \u00e5 generere engasjerende innhold ved \u00e5 spore tid p\u00e5 nettstedet og bes\u00f8kte sider. I testfaser av nye funksjoner hjelper informasjonskapsler med \u00e5 opprettholde en konsistent opplevelse og evaluere n\u00f8dvendige optimaliseringer.<\/p>\n<\/div><div class=\"mx-5 sm:mx-0 prose leading-relaxed text-lg mb-5 text-left wp-paragraph\">\n<p>For annonsering bruker vi Google AdSense, som bruker informasjonskapsler for \u00e5 vise relevante annonser og begrense gjentakelsen av dem. Mer informasjon finner du i vanlige sp\u00f8rsm\u00e5l til <a style=\" color:;\" href=\"https:\/\/support.google.com\/adsense\/answer\/3394713?hl=pt-BR\">Google AdSense<\/a>.<\/p>\n<\/div><div class=\"mx-5 sm:mx-0 prose leading-relaxed text-lg mb-5 text-left wp-paragraph\">\n<p>Reklame er en kilde til finansiering for nettstedet og fremtidig utvikling. Informasjonskapsler for adferdsreklame tar sikte p\u00e5 \u00e5 vise deg relevante annonser. I tillegg hjelper tilknyttede sporingsinformasjonskapsler oss med \u00e5 identifisere om en bruker ankom gjennom en partner, noe som tillater passende kreditt.<\/p>\n<\/div><div class=\"mx-5 sm:mx-0 prose leading-relaxed text-lg mb-5 text-left wp-paragraph\">\n<p>Partnerinformasjonskapsler administreres ikke av oss, men brukere kan deaktivere dem i deres operativsysteminnstillinger. Omdirigeringer til partnersider inneb\u00e6rer ikke et direkte forhold. V\u00e5r personvernpolicy er kun gyldig for bes\u00f8k til 100 Tecnologia.<\/p>\n<\/div><!--advertisement--><div class=\"mx-5 sm:mx-0 sm:text-3xl text-2xl font-medium title-font mb-4 text-gray-900 text-left\">\n<h2 id=\"h-ii-como-usamos-suas-informacoes\">II. Hvordan vi bruker informasjonen din<\/h2>\n<\/div><div class=\"mx-5 sm:mx-0 prose leading-relaxed text-lg mb-5 text-left wp-paragraph\">\n<p>100 Tecnologia bruker informasjonen innhentet gjennom nettstedet for \u00e5 forbedre brukeropplevelsen og driftseffektiviteten. Det inkluderer:<\/p>\n<\/div><div class=\"mx-5 sm:mx-0 prose text-left mb-5\">\n<ul><div class=\"mx-5 sm:mx-0 prose text-left mb-5\">\n<li>Vedlikehold nettsiden for \u00e5 sikre effektiv funksjonalitet.<\/li>\n<\/div>\n\n<div class=\"mx-5 sm:mx-0 prose text-left mb-5\">\n<li>Tilpass og utvide nettstedets tilbud, im\u00f8tekomme brukernes behov og preferanser.<\/li>\n<\/div>\n\n<div class=\"mx-5 sm:mx-0 prose text-left mb-5\">\n<li>Analyser brukerbruksm\u00f8nstre for \u00e5 justere nettsidens funksjonalitet og innhold.<\/li>\n<\/div>\n\n<div class=\"mx-5 sm:mx-0 prose text-left mb-5\">\n<li>Utvikle nye produkter, tjenester og funksjoner, tilpasset \u00f8kende brukerkrav og teknologiske innovasjoner.<\/li>\n<\/div>\n\n<div class=\"mx-5 sm:mx-0 prose text-left mb-5\">\n<li>Samhandle direkte med brukere eller gjennom partnere, gi kundest\u00f8tte, nettsideoppdateringer og informasjon for markedsf\u00f8ring og kampanjer.<\/li>\n<\/div>\n\n<div class=\"mx-5 sm:mx-0 prose text-left mb-5\">\n<li>Send e-post om emner av interesse, for eksempel nyhetsbrev, kampanjer og andre kunngj\u00f8ringer.<\/li>\n<\/div>\n\n<div class=\"mx-5 sm:mx-0 prose text-left mb-5\">\n<li>Identifisere og forhindre uredelige aktiviteter for \u00e5 beskytte sikkerheten til nettstedet og integriteten til brukernes personlige opplysninger.<\/li>\n<\/div><\/ul>\n<\/div><!--advertisement--><div class=\"mx-5 sm:mx-0 sm:text-3xl text-2xl font-medium title-font mb-4 text-gray-900 text-left\">\n<h2 id=\"h-iii-comprometimento-em-proteger-suas-informacoes\">III. Forpliktelse til \u00e5 beskytte informasjonen din<\/h2>\n<\/div><div class=\"mx-5 sm:mx-0 prose leading-relaxed text-lg mb-5 text-left wp-paragraph\">\n<p>100 Tecnologia selger ikke brukerinformasjon. Men, som allerede nevnt, kan vi dele data med partnere for \u00e5 forbedre brukeropplevelsen og utvikle strategier for v\u00e5re produkter og tjenester. Brukere kan velge \u00e5 ikke f\u00e5 informasjonen deres delt, i samsvar med den generelle databeskyttelsesloven (LGPD).<\/p>\n<\/div><div class=\"mx-5 sm:mx-0 prose leading-relaxed text-lg mb-5 text-left wp-paragraph\">\n<p>Vi gjentar v\u00e5r forpliktelse til sikkerhet i datainnsamling og lagring, med sikte p\u00e5 \u00e5 forbedre brukeropplevelsen og utvikle strategier, tjenester og produkter for nettstedet.<\/p>\n<\/div><div class=\"mx-5 sm:mx-0 prose leading-relaxed text-lg mb-5 text-left wp-paragraph\">\n<p>Vi erkjenner at fullstendig datasikkerhet p\u00e5 internett ikke er garantert. Derfor forbeholder 100 Tecnologia seg retten til \u00e5 svare juridisk p\u00e5 ethvert databrudd fra ondsinnede tredjeparter.<\/p>\n<\/div><!--advertisement--><div class=\"mx-5 sm:mx-0 sm:text-3xl text-2xl font-medium title-font mb-4 text-gray-900 text-left\">\n<h2 id=\"h-iv-exercitando-os-seus-direitos\">IV. Ut\u00f8velse av dine rettigheter<\/h2>\n<\/div><div class=\"mx-5 sm:mx-0 prose leading-relaxed text-lg mb-5 text-left wp-paragraph\">\n<p><strong>1. Dine rettigheter<\/strong><\/p>\n<\/div><div class=\"mx-5 sm:mx-0 prose leading-relaxed text-lg mb-5 text-left wp-paragraph\">\n<p>Personopplysninger samles inn av 100 Tecnologia kun n\u00e5r det er n\u00f8dvendig for \u00e5 yte en bestemt tjeneste. Denne innsamlingen gj\u00f8res rettferdig og lovlig, med full \u00e5penhet og brukersamtykke, og vi avklarer form\u00e5let og bruken av disse dataene.<\/p>\n<\/div><div class=\"mx-5 sm:mx-0 prose leading-relaxed text-lg mb-5 text-left wp-paragraph\">\n<p>Du kan velge \u00e5 ikke oppgi din personlige informasjon, men dette kan begrense v\u00e5r mulighet til \u00e5 tilby visse tjenester. Vi avsl\u00f8rer ikke din personlige informasjon offentlig eller til tredjeparter med mindre det er lovp\u00e5lagt. Hvis du \u00f8nsker \u00e5 f\u00e5 dine personopplysninger slettet fra v\u00e5re registre, vennligst kontakt oss.<\/p>\n<\/div><div class=\"mx-5 sm:mx-0 prose leading-relaxed text-lg mb-5 text-left wp-paragraph\">\n<p><strong>2. Retningslinjer for oppbevaring av informasjon<\/strong><\/p>\n<\/div><div class=\"mx-5 sm:mx-0 prose leading-relaxed text-lg mb-5 text-left wp-paragraph\">\n<p>100 Tecnologia lagrer informasjonen som samles inn kun i den perioden som er n\u00f8dvendig for \u00e5 yte den forespurte tjenesten. Data lagres med effektive sikkerhetstiltak for \u00e5 forhindre tap, tyveri, uautorisert tilgang, avsl\u00f8ring, kopiering, bruk eller endring.<\/p>\n<\/div><!--advertisement--><div class=\"mx-5 sm:mx-0 sm:text-3xl text-2xl font-medium title-font mb-4 text-gray-900 text-left\">\n<h2 id=\"h-v-lei-geral-de-protecao-de-dados-lgpd\">V. Generell databeskyttelseslov (LGPD)<\/h2>\n<\/div><div class=\"mx-5 sm:mx-0 prose leading-relaxed text-lg mb-5 text-left wp-paragraph\">\n<p>I Brasil sikrer den generelle databeskyttelsesloven (LGPD) beskyttelsen av brukerdata p\u00e5 internett. I henhold til LGPD har brukere rett til \u00e5 f\u00e5 tilgang til deres innsamlede data, be om at de slettes og ta rettslige skritt mot selskaper om n\u00f8dvendig.<\/p>\n<\/div><div class=\"mx-5 sm:mx-0 prose leading-relaxed text-lg mb-5 text-left wp-paragraph\">\n<p>100 Tecnologia er forpliktet til \u00e5 gi all n\u00f8dvendig informasjon og legge til rette for hensiktsmessige prosedyrer slik at brukere kan ut\u00f8ve sine rettigheter under LGPD. For dette form\u00e5l tilbyr vi en direkte kontaktkanal via e-post contato@100t.com.br.<\/p>\n<\/div><!--advertisement--><div class=\"mx-5 sm:mx-0 sm:text-3xl text-2xl font-medium title-font mb-4 text-gray-900 text-left\">\n<h2 id=\"h-vi-avisos-parentais\">SAG. Foreldreadvarsler<\/h2>\n<\/div><div class=\"mx-5 sm:mx-0 prose leading-relaxed text-lg mb-5 text-left wp-paragraph\">\n<p>100 Tecnologia, i samsvar med LGPD, har ikke som m\u00e5l \u00e5 samle inn data fra barn under 18 \u00e5r og oppfordrer foreldre og foresatte til \u00e5 overv\u00e5ke internettbruken til barn og ungdom.<\/p>\n<\/div><div class=\"mx-5 sm:mx-0 prose leading-relaxed text-lg mb-5 text-left wp-paragraph\">\n<p>Vi erkjenner vanskelighetene med \u00e5 verifisere brukernes alder, og vi forplikter oss til \u00e5 umiddelbart slette eventuelle personopplysninger om mindre\u00e5rige s\u00e5 snart de er identifisert.<\/p>\n<\/div><div class=\"mx-5 sm:mx-0 prose leading-relaxed text-lg mb-5 text-left wp-paragraph\">\n<p>For \u00e5 rapportere hendelser med datainnsamling fra mindre\u00e5rige, kan foreldre og foresatte kontakte oss p\u00e5 e-post p\u00e5 contato@100t.com.br, slik at vi kan handle for \u00e5 fjerne denne informasjonen.<\/p>\n<\/div><!--advertisement--><div class=\"mx-5 sm:mx-0 sm:text-3xl text-2xl font-medium title-font mb-4 text-gray-900 text-left\">\n<h2 id=\"h-vii-revisao-da-nossa-politica-de-privacidade\">VII. Gjennomgang av v\u00e5r personvernerkl\u00e6ring<\/h2>\n<\/div><div class=\"mx-5 sm:mx-0 prose leading-relaxed text-lg mb-5 text-left wp-paragraph\">\n<p>100 Tecnologia beholder retten til \u00e5 endre sine retningslinjer for personvern etter behov, for \u00e5 tilpasse seg nye teknologier, lover eller driftsendringer.<\/p>\n<\/div><div class=\"mx-5 sm:mx-0 prose leading-relaxed text-lg mb-5 text-left wp-paragraph\">\n<p>Vi er forpliktet til \u00e5 kommunisere eventuelle endringer til brukerne v\u00e5re tydelig og i tide. Vi oppfordrer deg til regelmessig \u00e5 gjennomg\u00e5 personvernreglene v\u00e5re for \u00e5 holde deg oppdatert p\u00e5 hvordan informasjonen din er beskyttet. Ved \u00e5 fortsette \u00e5 bruke tjenestene v\u00e5re etter endringer godtar du de nye vilk\u00e5rene.<\/p>\n<\/div><!--advertisement--><div class=\"mx-5 sm:mx-0 sm:text-3xl text-2xl font-medium title-font mb-4 text-gray-900 text-left\">\n<h2 id=\"h-viii-nossas-informacoes-de-contato\">VIII. V\u00e5r kontaktinformasjon<\/h2>\n<\/div><div class=\"mx-5 sm:mx-0 prose leading-relaxed text-lg mb-5 text-left wp-paragraph\">\n<p>Hvis du har sp\u00f8rsm\u00e5l eller kommentarer om personvernerkl\u00e6ringen, bekymringer om dine personopplysninger, v\u00e5re metoder for datainnsamling og deling, eller for \u00e5 diskutere dine samtykkepreferanser, kan du kontakte oss p\u00e5 contato@100t.com.br.<\/p>\n<\/div><div class=\"mx-5 sm:mx-0 prose leading-relaxed text-lg mb-5 text-left wp-paragraph\">\n<p>RubikTech O\u00dc<\/p>\n<\/div><div class=\"mx-5 sm:mx-0 prose leading-relaxed text-lg mb-5 text-left wp-paragraph\">\n<p>Registreringskode: 16826788<\/p>\n<\/div><div class=\"mx-5 sm:mx-0 prose leading-relaxed text-lg mb-5 text-left wp-paragraph\">\n<p>Estland.<\/p>\n<\/div>","protected":false},"excerpt":{"rendered":"<p>Atualizada em 17 de Novembro de 2023. Introdu\u00e7\u00e3o e Sum\u00e1rio O site \u00e9 propriedade e operado pela Rubiktech O\u00dc, uma empresa registrada na Est\u00f4nia sob o n\u00famero de registro 16826788. O site 100 Tecnologia, acess\u00edvel em https:\/\/100t.com.br, oferece uma ampla gama de conte\u00fados, incluindo not\u00edcias atualizadas e promo\u00e7\u00f5es de diversos produtos e servi\u00e7os. Al\u00e9m disso,&hellip; <a class=\"more-link\" href=\"https:\/\/100t.com.br\/nb\/privacy\/\">Fortsett \u00e5 lese <span class=\"screen-reader-text\">Personvernerkl\u00e6ring \u2013 100 Tecnologia<\/span><\/a><\/p>","protected":false},"author":4,"featured_media":0,"parent":0,"menu_order":0,"comment_status":"closed","ping_status":"closed","template":"","meta":[],"yoast_head":"<!-- This site is optimized with the Yoast SEO Premium plugin v18.7 (Yoast SEO v19.1) - https:\/\/yoast.com\/wordpress\/plugins\/seo\/ -->\n<title>Pol\u00edtica de Privacidade - 100 Tecnologia - 100 Tech<\/title>\n<meta name=\"robots\" content=\"index, follow, max-snippet:-1, max-image-preview:large, max-video-preview:-1\" \/>\n<link rel=\"canonical\" href=\"https:\/\/100t.com.br\/nb\/privacy\/\" \/>\n<meta property=\"og:locale\" content=\"nb_NO\" \/>\n<meta property=\"og:type\" content=\"article\" \/>\n<meta property=\"og:title\" content=\"Pol\u00edtica de Privacidade - 100 Tecnologia\" \/>\n<meta property=\"og:description\" content=\"Atualizada em 17 de Novembro de 2023. Introdu\u00e7\u00e3o e Sum\u00e1rio O site \u00e9 propriedade e operado pela Rubiktech O\u00dc, uma empresa registrada na Est\u00f4nia sob o n\u00famero de registro 16826788. O site 100 Tecnologia, acess\u00edvel em https:\/\/100t.com.br, oferece uma ampla gama de conte\u00fados, incluindo not\u00edcias atualizadas e promo\u00e7\u00f5es de diversos produtos e servi\u00e7os. Al\u00e9m disso,&hellip; Continue reading Pol\u00edtica de Privacidade &#8211; 100 Tecnologia\" \/>\n<meta property=\"og:url\" content=\"https:\/\/100t.com.br\/nb\/privacy\/\" \/>\n<meta property=\"og:site_name\" content=\"100 Tech\" \/>\n<meta property=\"article:modified_time\" content=\"2026-01-15T14:15:08+00:00\" \/>\n<meta name=\"twitter:card\" content=\"summary_large_image\" \/>\n<meta name=\"twitter:label1\" content=\"Est. reading time\" \/>\n\t<meta name=\"twitter:data1\" content=\"9 minutes\" \/>\n<script type=\"application\/ld+json\" class=\"yoast-schema-graph\">{\"@context\":\"https:\/\/schema.org\",\"@graph\":[{\"@type\":\"WebSite\",\"@id\":\"https:\/\/100t.com.br\/#website\",\"url\":\"https:\/\/100t.com.br\/\",\"name\":\"100 Tech\",\"description\":\"Tecnologia e Informa\u00e7\u00e3o\",\"potentialAction\":[{\"@type\":\"SearchAction\",\"target\":{\"@type\":\"EntryPoint\",\"urlTemplate\":\"https:\/\/100t.com.br\/?s={search_term_string}\"},\"query-input\":\"required name=search_term_string\"}],\"inLanguage\":\"nb-NO\"},{\"@type\":\"WebPage\",\"@id\":\"https:\/\/100t.com.br\/privacy\/#webpage\",\"url\":\"https:\/\/100t.com.br\/privacy\/\",\"name\":\"Pol\u00edtica de Privacidade - 100 Tecnologia - 100 Tech\",\"isPartOf\":{\"@id\":\"https:\/\/100t.com.br\/#website\"},\"datePublished\":\"2023-03-31T16:22:41+00:00\",\"dateModified\":\"2026-01-15T14:15:08+00:00\",\"breadcrumb\":{\"@id\":\"https:\/\/100t.com.br\/privacy\/#breadcrumb\"},\"inLanguage\":\"nb-NO\",\"potentialAction\":[{\"@type\":\"ReadAction\",\"target\":[\"https:\/\/100t.com.br\/privacy\/\"]}]},{\"@type\":\"BreadcrumbList\",\"@id\":\"https:\/\/100t.com.br\/privacy\/#breadcrumb\",\"itemListElement\":[{\"@type\":\"ListItem\",\"position\":1,\"name\":\"Home\",\"item\":\"https:\/\/100t.com.br\/nb\/\"},{\"@type\":\"ListItem\",\"position\":2,\"name\":\"Pol\u00edtica de Privacidade &#8211; 100 Tecnologia\"}]}]}<\/script>\n<!-- \/ Yoast SEO Premium plugin. -->","yoast_head_json":{"title":"Pol\u00edtica de Privacidade - 100 Tecnologia - 100 Tech","robots":{"index":"index","follow":"follow","max-snippet":"max-snippet:-1","max-image-preview":"max-image-preview:large","max-video-preview":"max-video-preview:-1"},"canonical":"https:\/\/100t.com.br\/nb\/privacy\/","og_locale":"nb_NO","og_type":"article","og_title":"Pol\u00edtica de Privacidade - 100 Tecnologia","og_description":"Atualizada em 17 de Novembro de 2023. Introdu\u00e7\u00e3o e Sum\u00e1rio O site \u00e9 propriedade e operado pela Rubiktech O\u00dc, uma empresa registrada na Est\u00f4nia sob o n\u00famero de registro 16826788. O site 100 Tecnologia, acess\u00edvel em https:\/\/100t.com.br, oferece uma ampla gama de conte\u00fados, incluindo not\u00edcias atualizadas e promo\u00e7\u00f5es de diversos produtos e servi\u00e7os. Al\u00e9m disso,&hellip; Continue reading Pol\u00edtica de Privacidade &#8211; 100 Tecnologia","og_url":"https:\/\/100t.com.br\/nb\/privacy\/","og_site_name":"100 Tech","article_modified_time":"2026-01-15T14:15:08+00:00","twitter_card":"summary_large_image","twitter_misc":{"Est. reading time":"9 minutes"},"schema":{"@context":"https:\/\/schema.org","@graph":[{"@type":"WebSite","@id":"https:\/\/100t.com.br\/#website","url":"https:\/\/100t.com.br\/","name":"100 Tech","description":"Tecnologia e Informa\u00e7\u00e3o","potentialAction":[{"@type":"SearchAction","target":{"@type":"EntryPoint","urlTemplate":"https:\/\/100t.com.br\/?s={search_term_string}"},"query-input":"required name=search_term_string"}],"inLanguage":"nb-NO"},{"@type":"WebPage","@id":"https:\/\/100t.com.br\/privacy\/#webpage","url":"https:\/\/100t.com.br\/privacy\/","name":"Pol\u00edtica de Privacidade - 100 Tecnologia - 100 Tech","isPartOf":{"@id":"https:\/\/100t.com.br\/#website"},"datePublished":"2023-03-31T16:22:41+00:00","dateModified":"2026-01-15T14:15:08+00:00","breadcrumb":{"@id":"https:\/\/100t.com.br\/privacy\/#breadcrumb"},"inLanguage":"nb-NO","potentialAction":[{"@type":"ReadAction","target":["https:\/\/100t.com.br\/privacy\/"]}]},{"@type":"BreadcrumbList","@id":"https:\/\/100t.com.br\/privacy\/#breadcrumb","itemListElement":[{"@type":"ListItem","position":1,"name":"Home","item":"https:\/\/100t.com.br\/nb\/"},{"@type":"ListItem","position":2,"name":"Pol\u00edtica de Privacidade &#8211; 100 Tecnologia"}]}]}},"_links":{"self":[{"href":"https:\/\/100t.com.br\/nb\/wp-json\/wp\/v2\/pages\/4828"}],"collection":[{"href":"https:\/\/100t.com.br\/nb\/wp-json\/wp\/v2\/pages"}],"about":[{"href":"https:\/\/100t.com.br\/nb\/wp-json\/wp\/v2\/types\/page"}],"author":[{"embeddable":true,"href":"https:\/\/100t.com.br\/nb\/wp-json\/wp\/v2\/users\/4"}],"replies":[{"embeddable":true,"href":"https:\/\/100t.com.br\/nb\/wp-json\/wp\/v2\/comments?post=4828"}],"version-history":[{"count":0,"href":"https:\/\/100t.com.br\/nb\/wp-json\/wp\/v2\/pages\/4828\/revisions"}],"wp:attachment":[{"href":"https:\/\/100t.com.br\/nb\/wp-json\/wp\/v2\/media?parent=4828"}],"curies":[{"name":"wp","href":"https:\/\/api.w.org\/{rel}","templated":true}]}}