{"id":4830,"date":"2023-03-31T16:29:55","date_gmt":"2023-03-31T16:29:55","guid":{"rendered":"https:\/\/100t.com.br\/?page_id=4830"},"modified":"2023-11-22T20:57:25","modified_gmt":"2023-11-22T20:57:25","slug":"terms","status":"publish","type":"page","link":"https:\/\/100t.com.br\/it\/terms\/","title":{"rendered":"Condizioni d&#039;uso \u2013 100 Tech"},"content":{"rendered":"<div class=\"mx-5 sm:mx-0 prose leading-relaxed text-lg mb-5 text-left wp-paragraph\">\n<p>Aggiornato il 22 novembre 2023.<\/p>\n<\/div><div class=\"mx-5 sm:mx-0 prose leading-relaxed text-lg mb-5 text-left wp-paragraph\">\n<p>UN <strong>RubikTech O\u00dc<\/strong>, una societ\u00e0 a responsabilit\u00e0 limitata con sede in Estonia (LLC, nota anche come O\u00dc), registrata con partita IVA EE102662223 e con sede a Tallinn, in Keemia Street tn 4, 10616, Harju, Estonia, \u00e8 l&#039;entit\u00e0 responsabile della creazione, propriet\u00e0 e gestione di il sito web di 100 Tech, accessibile tramite l&#039;indirizzo <a style=\" color:;\" href=\"https:\/\/100t.com.br\/it\/\">https:\/\/100t.com.br<\/a>.<\/p>\n<\/div><div class=\"mx-5 sm:mx-0 prose leading-relaxed text-lg mb-5 text-left wp-paragraph\">\n<p>Il suddetto portale \u00e8 gestito da 100 Tech. I riferimenti a &quot;noi&quot; e &quot;nostro&quot; in questo documento si riferiscono esclusivamente a 100 Tech. Questo portale, comprese tutte le informazioni, i servizi e i contenuti disponibili, \u00e8 fornito da 100 Tech, soggetto all&#039;accettazione da parte dell&#039;utente di tutti i termini, condizioni e politiche qui stipulati. L&#039;utilizzo dei nostri servizi implica la navigazione e l&#039;interazione con il nostro portale.<\/p>\n<\/div><div class=\"mx-5 sm:mx-0 prose leading-relaxed text-lg mb-5 text-left wp-paragraph\">\n<p>100 Tech si distingue come un sito web specializzato nella creazione di contenuti informativi e di analisi di un&#039;ampia gamma di prodotti e servizi (incluse applicazioni, tecnologia, intrattenimento e altri), offerti da enti nazionali e internazionali.<\/p>\n<\/div><div class=\"mx-5 sm:mx-0 prose leading-relaxed text-lg mb-5 text-left wp-paragraph\">\n<p>\u00c8 importante notare che l&#039;utilizzo di questo sito Web \u00e8 soggetto sia ai presenti Termini che all&#039;Informativa sulla privacy di 100 Tech, che pu\u00f2 essere consultata all&#039;indirizzo https:\/\/100t.com.br\/privacy, oltre ad essere conforme alla legislazione applicabile .<\/p>\n<\/div><div class=\"mx-5 sm:mx-0 prose leading-relaxed text-lg mb-5 text-left wp-paragraph\">\n<p>Pertanto, le Condizioni Generali d&#039;Uso hanno lo scopo di chiarire le responsabilit\u00e0, gli obblighi ed i doveri di tutti gli utenti che accedono e\/o utilizzano il sito 100 Tech, come dettagliato nei punti successivi.<\/p>\n<\/div><div class=\"mx-5 sm:mx-0 prose leading-relaxed text-lg mb-5 text-left wp-paragraph\">\n<p><strong>\u00c8 fondamentale leggere attentamente le nostre Condizioni d&#039;Uso. Se non sei d&#039;accordo con i termini qui stabiliti, ti chiediamo di astenerti dall&#039;utilizzare i servizi forniti da 100 Tech.<\/strong><\/p>\n<\/div><!--advertisement--><div class=\"mx-5 sm:mx-0 sm:text-3xl text-2xl font-medium title-font mb-4 text-gray-900 text-left\">\n<h2 id=\"h-secao-i-admissao\">Sezione I \u2013 Ammissione<\/h2>\n<\/div><div class=\"mx-5 sm:mx-0 prose leading-relaxed text-lg mb-5 text-left wp-paragraph\">\n<p><strong>1.1 <\/strong>Utilizzando 100 Tech, l&#039;Utente si impegna a rispettare le Condizioni Generali d&#039;Uso, nonch\u00e9 le <a style=\" color:;\" href=\"https:\/\/100t.com.br\/it\/privacy\/\">politica sulla riservatezza<\/a> da 100 tecnologia.<\/p>\n<\/div><div class=\"mx-5 sm:mx-0 prose leading-relaxed text-lg mb-5 text-left wp-paragraph\">\n<p><strong>1.2 <\/strong>L&#039;Utente, quando accede e\/o utilizza 100 Tech, dichiara di avere almeno 18 (diciotto) anni e di avere piena capacit\u00e0 giuridica ed espressa per accettare ad ogni effetto di legge le presenti Condizioni d&#039;Uso.<\/p>\n<\/div><div class=\"mx-5 sm:mx-0 prose leading-relaxed text-lg mb-5 text-left wp-paragraph\">\n<p><strong>1.3 <\/strong>Se l&#039;Utente non soddisfa i criteri sopra menzionati e\/o non concorda, in tutto o in parte, con i termini e le condizioni presenti nei presenti Termini e Condizioni d&#039;Uso, dovr\u00e0 astenersi dall&#039;accedere e\/o utilizzare i servizi messi a disposizione da 100 Tech, nonch\u00e9 i siti web e i servizi da essa gestiti.<\/p>\n<\/div><!--advertisement--><div class=\"mx-5 sm:mx-0 sm:text-3xl text-2xl font-medium title-font mb-4 text-gray-900 text-left\">\n<h2>Sezione II \u2013 Contatti<\/h2>\n<\/div><div class=\"mx-5 sm:mx-0 prose leading-relaxed text-lg mb-5 text-left wp-paragraph\">\n<p><strong>2.1 <\/strong>L&#039;Utente pu\u00f2 utilizzare questo servizio per chiarire ogni dubbio, risolvere eventuali problemi e presentare reclami o altre informazioni sui prodotti\/servizi disponibili su 100 Tech.<\/p>\n<\/div><div class=\"mx-5 sm:mx-0 prose leading-relaxed text-lg mb-5 text-left wp-paragraph\">\n<p><strong>2.2<\/strong> Per entrare in contatto, l&#039;Utente pu\u00f2 utilizzare il modulo disponibile all&#039;indirizzo <a style=\" color:;\" href=\"https:\/\/100t.com.br\/it\/contact\/\">https:\/\/100t.com.br\/contact\/<\/a>.<\/p>\n<\/div><!--advertisement--><div class=\"mx-5 sm:mx-0 sm:text-3xl text-2xl font-medium title-font mb-4 text-gray-900 text-left\">\n<h2>Sezione III \u2013 Responsabilit\u00e0 delle Parti<\/h2>\n<\/div><div class=\"mx-5 sm:mx-0 prose leading-relaxed text-lg mb-5 text-left wp-paragraph\">\n<p><strong>3.1 <\/strong>Accedendo e utilizzando i servizi e i prodotti presenti sul sito 100 Tech, l&#039;Utente riconosce di aver letto, compreso e accettato tutte le disposizioni contenute nei presenti Termini e Condizioni d&#039;Uso, nonch\u00e9 nell&#039;Informativa sulla Privacy.<\/p>\n<\/div><div class=\"mx-5 sm:mx-0 prose leading-relaxed text-lg mb-5 text-left wp-paragraph\">\n<p><strong>3.2 <\/strong>100 Tech fornisce collegamenti e reindirizza l&#039;Utente a siti Web di terzi, dove \u00e8 possibile contrattare servizi e acquistare prodotti direttamente dalle societ\u00e0 corrispondenti. 100 Tech non interferisce in questo processo.<\/p>\n<\/div><div class=\"mx-5 sm:mx-0 prose leading-relaxed text-lg mb-5 text-left wp-paragraph\">\n<p><strong>3.3 <\/strong>Quando viene reindirizzato al sito web di una societ\u00e0 partner, l&#039;Utente deve leggere e accettare esplicitamente i termini di utilizzo e le politiche sulla privacy della rispettiva societ\u00e0.<\/p>\n<\/div><div class=\"mx-5 sm:mx-0 prose leading-relaxed text-lg mb-5 text-left wp-paragraph\">\n<p><strong>3.4 <\/strong>100 Tech non \u00e8 responsabile delle politiche e dei termini di utilizzo di societ\u00e0 terze, delle informazioni sui servizi o dei prodotti pubblicizzati, n\u00e9 di qualsiasi offerta o contratto stipulato con tali societ\u00e0.<\/p>\n<\/div><div class=\"mx-5 sm:mx-0 prose leading-relaxed text-lg mb-5 text-left wp-paragraph\">\n<p><strong>3.5 <\/strong>100 Tech non \u00e8 responsabile per danni causati da virus o malware acquisiti durante la navigazione o il trasferimento di dati su internet. Si raccomanda all&#039;Utente di mantenere sistemi di sicurezza aggiornati.<\/p>\n<\/div><div class=\"mx-5 sm:mx-0 prose leading-relaxed text-lg mb-5 text-left wp-paragraph\">\n<p><strong>3.6 <\/strong>100 Tech non sar\u00e0 responsabile per perdite derivanti da un uso improprio del sito Web o da eventi di forza maggiore.<\/p>\n<\/div><div class=\"mx-5 sm:mx-0 prose leading-relaxed text-lg mb-5 text-left wp-paragraph\">\n<p><strong>3.7 <\/strong>100 Tech non richiede depositi o bonifici bancari per l&#039;approvazione o la concessione di prodotti finanziari.<\/p>\n<\/div><div class=\"mx-5 sm:mx-0 prose leading-relaxed text-lg mb-5 text-left wp-paragraph\">\n<p><strong>3.8 <\/strong>100 Tech non invia email con richiesta di dati personali o di registrazione, n\u00e9 allegati eseguibili o link per il download. Se ricevete tali comunicazioni, vi preghiamo di informarci tramite il nostro modulo di contatto all&#039;indirizzo <a style=\" color:;\" href=\"https:\/\/100t.com.br\/it\/contact\/\">https:\/\/100t.com.br\/contact\/<\/a>.<\/p>\n<\/div><!--advertisement--><div class=\"mx-5 sm:mx-0 sm:text-3xl text-2xl font-medium title-font mb-4 text-gray-900 text-left\">\n<h2>Sezione IV \u2013 Condizioni di Utilizzo e Limitazioni<\/h2>\n<\/div><div class=\"mx-5 sm:mx-0 prose leading-relaxed text-lg mb-5 text-left wp-paragraph\">\n<p>In base ai Termini di servizio, abbiamo imposto rigide restrizioni all&#039;uso del nostro sito Web e dei nostri contenuti. \u00c8 espressamente vietato:<\/p>\n<\/div><div class=\"mx-5 sm:mx-0 prose text-left mb-5\">\n<ol><div class=\"mx-5 sm:mx-0 prose text-left mb-5\">\n<li>Utilizzare il sito Web per scopi illegali o per promuovere attivit\u00e0 illegali.<\/li>\n<\/div>\n\n<div class=\"mx-5 sm:mx-0 prose text-left mb-5\">\n<li>Ignorare qualsiasi legge o regolamento locale, statale, federale, provinciale o internazionale.<\/li>\n<\/div>\n\n<div class=\"mx-5 sm:mx-0 prose text-left mb-5\">\n<li>Violare o violare i nostri diritti di propriet\u00e0 intellettuale o quelli di terzi.<\/li>\n<\/div>\n\n<div class=\"mx-5 sm:mx-0 prose text-left mb-5\">\n<li>Mettere in atto comportamenti quali molestie, abusi, diffamazione, intimidazione o discriminazione basati su genere, orientamento sessuale, religione, etnia, razza, et\u00e0, origine nazionale o disabilit\u00e0.<\/li>\n<\/div>\n\n<div class=\"mx-5 sm:mx-0 prose text-left mb-5\">\n<li>Diffondere informazioni false o fuorvianti.<\/li>\n<\/div>\n\n<div class=\"mx-5 sm:mx-0 prose text-left mb-5\">\n<li>Diffondere virus o qualsiasi altro codice che possa danneggiare il funzionamento del Servizio, dei siti correlati, di altri siti o di Internet.<\/li>\n<\/div>\n\n<div class=\"mx-5 sm:mx-0 prose text-left mb-5\">\n<li>Raccogliere o tracciare dati personali di terze parti senza consenso.<\/li>\n<\/div>\n\n<div class=\"mx-5 sm:mx-0 prose text-left mb-5\">\n<li>Pratica spam, phishing, pharm, pretext, spider, crawl o scrape.<\/li>\n<\/div>\n\n<div class=\"mx-5 sm:mx-0 prose text-left mb-5\">\n<li>Utilizzare il sito web per scopi osceni o immorali.<\/li>\n<\/div>\n\n<div class=\"mx-5 sm:mx-0 prose text-left mb-5\">\n<li>Interferire o eludere le misure di sicurezza del Servizio, dei siti correlati, di altri siti o di Internet.<\/li>\n<\/div><\/ol>\n<\/div><div class=\"mx-5 sm:mx-0 prose leading-relaxed text-lg mb-5 text-left wp-paragraph\">\n<p><strong>Ci riserviamo il diritto di interrompere o sospendere l&#039;utilizzo dei nostri Servizi e di qualsiasi sito Web correlato in caso di violazione di una qualsiasi di queste restrizioni.<\/strong><\/p>\n<\/div><!--advertisement--><div class=\"mx-5 sm:mx-0 sm:text-3xl text-2xl font-medium title-font mb-4 text-gray-900 text-left\">\n<h2>Sezione V \u2013 Limitazioni di responsabilit\u00e0 e garanzie<\/h2>\n<\/div><div class=\"mx-5 sm:mx-0 prose leading-relaxed text-lg mb-5 text-left wp-paragraph\">\n<p>Riconosciamo che l&#039;utilizzo del nostro Servizio potrebbe non essere continuo, completamente sicuro o privo di errori. Non garantiamo che i risultati ottenuti dal Servizio saranno sempre accurati o affidabili.<\/p>\n<\/div><div class=\"mx-5 sm:mx-0 prose leading-relaxed text-lg mb-5 text-left wp-paragraph\">\n<p>L&#039;accesso al Servizio potr\u00e0 occasionalmente essere sospeso o addirittura annullato in qualsiasi momento, senza necessit\u00e0 di preavviso.<\/p>\n<\/div><div class=\"mx-5 sm:mx-0 prose leading-relaxed text-lg mb-5 text-left wp-paragraph\">\n<p>Accetti che qualsiasi utilizzo o incapacit\u00e0 di utilizzare il Servizio \u00e8 a tuo esclusivo rischio. Il Servizio viene fornito &quot;cos\u00ec com&#039;\u00e8&quot; e &quot;come disponibile&quot; senza garanzie, espresse o implicite, incluse, ma non limitate a, garanzie di commerciabilit\u00e0, idoneit\u00e0 per uno scopo particolare o non violazione.<\/p>\n<\/div><div class=\"mx-5 sm:mx-0 prose leading-relaxed text-lg mb-5 text-left wp-paragraph\">\n<p>In nessun caso 100 Tech, i suoi direttori, dipendenti o partner saranno responsabili per eventuali danni, perdite o pretese derivanti dall&#039;utilizzo del Servizio. Ci\u00f2 include, senza limitazione, perdita di profitti, dati o altre perdite immateriali, derivanti dall&#039;uso di qualsiasi servizio o prodotto ottenuto tramite il Servizio, o per qualsiasi altra pretesa relativa all&#039;uso del servizio.<\/p>\n<\/div><div class=\"mx-5 sm:mx-0 prose leading-relaxed text-lg mb-5 text-left wp-paragraph\">\n<p>Nelle giurisdizioni in cui non \u00e8 consentita l\u2019esclusione o la limitazione di responsabilit\u00e0 per danni consequenziali o incidentali, la nostra responsabilit\u00e0 sar\u00e0 limitata nella misura massima consentita dalla legge applicabile.<\/p>\n<\/div><!--advertisement--><div class=\"mx-5 sm:mx-0 sm:text-3xl text-2xl font-medium title-font mb-4 text-gray-900 text-left\">\n<h2>Sezione VI \u2013 Validit\u00e0 e scadenza<\/h2>\n<\/div><div class=\"mx-5 sm:mx-0 prose leading-relaxed text-lg mb-5 text-left wp-paragraph\">\n<p>Le presenti Condizioni Generali d&#039;Uso hanno validit\u00e0 a tempo indeterminato. Qualsiasi azione legale o amministrativa relativa all&#039;utilizzo di 100 Tech, come descritto nelle presenti Condizioni Generali d&#039;Uso o nell&#039;Informativa sulla Privacy, deve essere avviata entro 90 giorni dall&#039;evento che ha dato origine al reclamo.<\/p>\n<\/div><!--advertisement--><div class=\"mx-5 sm:mx-0 sm:text-3xl text-2xl font-medium title-font mb-4 text-gray-900 text-left\">\n<h2>Sezione VII \u2013 Legislazione e Foro Elettorale<\/h2>\n<\/div><div class=\"mx-5 sm:mx-0 prose leading-relaxed text-lg mb-5 text-left wp-paragraph\">\n<p><strong>7.1<\/strong> Il presente Termine e le Condizioni Generali d&#039;Uso devono essere intese unitamente alla Privacy Policy. Entrambi sono regolati dalle leggi della Repubblica Federativa del Brasile, tra cui la Costituzione Federale, il Codice Civile, il Codice di Tutela dei Consumatori, la Legge Generale del Quadro Civile di Internet e la Legge Generale sulla Protezione dei Dati.<\/p>\n<\/div><div class=\"mx-5 sm:mx-0 prose leading-relaxed text-lg mb-5 text-left wp-paragraph\">\n<p><strong>7.2.<\/strong> Per questioni relative all&#039;interpretazione o all&#039;applicazione delle presenti Condizioni e dell&#039;Informativa sulla privacy, le parti concordano di sottoporsi esclusivamente alla giurisdizione della Camera di commercio di Tallinn, Estonia (Corte arbitrale della Camera di commercio e industria estone). Ci\u00f2 include eventuali controversie o domande derivanti dalle presenti Condizioni d&#039;uso.<\/p>\n<\/div><!--advertisement--><div class=\"mx-5 sm:mx-0 sm:text-3xl text-2xl font-medium title-font mb-4 text-gray-900 text-left\">\n<h2>Sezione VIII \u2013 Contenuti e Propriet\u00e0 Intellettuale<\/h2>\n<\/div><div class=\"mx-5 sm:mx-0 prose leading-relaxed text-lg mb-5 text-left wp-paragraph\">\n<p><strong>8.1. Contenuti e propriet\u00e0 intellettuale<\/strong><\/p>\n<\/div><div class=\"mx-5 sm:mx-0 prose leading-relaxed text-lg mb-5 text-left wp-paragraph\">\n<p>Il contenuto del sito web 100 Tech, di propriet\u00e0 di RubikTech O\u00dc e dei suoi partner, \u00e8 protetto dalle leggi sul copyright e sulla propriet\u00e0 intellettuale. \u00c8 vietata la riproduzione, l&#039;alterazione, la distribuzione, la visualizzazione o la creazione di opere derivate da questo contenuto senza l&#039;espressa autorizzazione scritta di RubikTech O\u00dc.<\/p>\n<\/div><div class=\"mx-5 sm:mx-0 prose leading-relaxed text-lg mb-5 text-left wp-paragraph\">\n<p><strong>8.2 Responsabilit\u00e0<\/strong><\/p>\n<\/div><div class=\"mx-5 sm:mx-0 prose leading-relaxed text-lg mb-5 text-left wp-paragraph\">\n<p>100 Tech non \u00e8 responsabile dei contenuti prodotti da terzi, come commenti e post su forum o social network. Allo stesso modo, non \u00e8 responsabile per i danni causati dall&#039;utilizzo del sito web, siano essi diretti, indiretti, incidentali o consequenziali.<\/p>\n<\/div><div class=\"mx-5 sm:mx-0 prose leading-relaxed text-lg mb-5 text-left wp-paragraph\">\n<p><strong>8.3 Violazioni<\/strong><\/p>\n<\/div><div class=\"mx-5 sm:mx-0 prose leading-relaxed text-lg mb-5 text-left wp-paragraph\">\n<p>100 Tech ha il diritto di rimuovere i contenuti che violano questi termini, in particolare quelli illegali, offensivi, diffamatori o che violano i diritti di terzi. RubikTech O\u00dc pu\u00f2 anche chiudere gli account degli utenti che non rispettano questi termini.<\/p>\n<\/div><!--advertisement--><div class=\"mx-5 sm:mx-0 sm:text-3xl text-2xl font-medium title-font mb-4 text-gray-900 text-left\">\n<h2>Sezione IX \u2013 Modifica dei Termini e Condizioni<\/h2>\n<\/div><div class=\"mx-5 sm:mx-0 prose leading-relaxed text-lg mb-5 text-left wp-paragraph\">\n<p>100 Tech si riserva il diritto di modificare, sospendere o terminare qualsiasi parte dei propri servizi in qualsiasi momento, senza preavviso. Apportando tali modifiche, 100 Tech non avr\u00e0 alcuna responsabilit\u00e0 nei confronti dell&#039;utente o di terzi.<\/p>\n<\/div><div class=\"mx-5 sm:mx-0 prose leading-relaxed text-lg mb-5 text-left wp-paragraph\">\n<p><strong>L&#039;utilizzo del sito web 100 Tech implica l&#039;accettazione obbligatoria e vincolante dei presenti Termini e Condizioni. Chiunque non sia d&#039;accordo con questi Termini deve astenersi dall&#039;utilizzare il sito web.<\/strong><\/p>\n<\/div><!--advertisement--><div class=\"mx-5 sm:mx-0 sm:text-3xl text-2xl font-medium title-font mb-4 text-gray-900 text-left\">\n<h2>Sezione X \u2013 Informazioni di contatto<\/h2>\n<\/div><div class=\"mx-5 sm:mx-0 prose leading-relaxed text-lg mb-5 text-left wp-paragraph\">\n<p>Per qualsiasi domanda o suggerimento riguardante i nostri servizi, ti invitiamo a contattare il nostro team di assistenza clienti. Ti preghiamo di inviare il tuo messaggio all&#039;indirizzo email: <a style=\" color:;\" href=\"mailto:contato@100t.com.br\">contato@100t.com.br<\/a>.<\/p>\n<\/div>","protected":false},"excerpt":{"rendered":"<p>Aggiornato il 22 novembre 2023. RubikTech O\u00dc, una societ\u00e0 a responsabilit\u00e0 limitata con sede in Estonia (LLC, nota anche come O\u00dc), registrata con partita IVA EE102662223 e con sede a Tallinn, in 10616 Keemia tn Street, Harju, Estonia, \u00e8 l&#039;entit\u00e0 responsabile di creazione, propriet\u00e0 e gestione del sito web 100 Tech, accessibile tramite... <a class=\"more-link\" href=\"https:\/\/100t.com.br\/it\/terms\/\">Continua a leggere <span class=\"screen-reader-text\">Condizioni d&#039;uso \u2013 100 Tech<\/span><\/a><\/p>","protected":false},"author":4,"featured_media":0,"parent":0,"menu_order":0,"comment_status":"closed","ping_status":"closed","template":"","meta":[],"yoast_head":"<!-- This site is optimized with the Yoast SEO Premium plugin v18.7 (Yoast SEO v19.1) - https:\/\/yoast.com\/wordpress\/plugins\/seo\/ -->\n<title>Termos de Uso - 100 Tech - 100 Tech<\/title>\n<meta name=\"robots\" content=\"index, follow, max-snippet:-1, max-image-preview:large, max-video-preview:-1\" \/>\n<link rel=\"canonical\" href=\"https:\/\/100t.com.br\/it\/terms\/\" \/>\n<meta property=\"og:locale\" content=\"it_IT\" \/>\n<meta property=\"og:type\" content=\"article\" \/>\n<meta property=\"og:title\" content=\"Termos de Uso - 100 Tech\" \/>\n<meta property=\"og:description\" content=\"Atualizado em 22 de Novembro de 2023. A RubikTech O\u00dc, uma companhia de responsabilidade limitada estabelecida na Estonia (LLC, tamb\u00e9m conhecida por O\u00dc), registada com o VAT EE102662223 e localizada em Tallinn, na Rua Keemia tn 4, 10616, Harju, Est\u00f3nia, \u00e9 a entidade respons\u00e1vel pela cria\u00e7\u00e3o, titularidade e gest\u00e3o do website 100 Tech, acess\u00edvel atrav\u00e9s&hellip; Continue reading Termos de Uso &#8211; 100 Tech\" \/>\n<meta property=\"og:url\" content=\"https:\/\/100t.com.br\/it\/terms\/\" \/>\n<meta property=\"og:site_name\" content=\"100 Tech\" \/>\n<meta property=\"article:modified_time\" content=\"2023-11-22T20:57:25+00:00\" \/>\n<meta name=\"twitter:card\" content=\"summary_large_image\" \/>\n<meta name=\"twitter:label1\" content=\"Est. reading time\" \/>\n\t<meta name=\"twitter:data1\" content=\"9 minutes\" \/>\n<script type=\"application\/ld+json\" class=\"yoast-schema-graph\">{\"@context\":\"https:\/\/schema.org\",\"@graph\":[{\"@type\":\"WebSite\",\"@id\":\"https:\/\/100t.com.br\/#website\",\"url\":\"https:\/\/100t.com.br\/\",\"name\":\"100 Tech\",\"description\":\"Tecnologia e Informa\u00e7\u00e3o\",\"potentialAction\":[{\"@type\":\"SearchAction\",\"target\":{\"@type\":\"EntryPoint\",\"urlTemplate\":\"https:\/\/100t.com.br\/?s={search_term_string}\"},\"query-input\":\"required name=search_term_string\"}],\"inLanguage\":\"it-IT\"},{\"@type\":\"WebPage\",\"@id\":\"https:\/\/100t.com.br\/terms\/#webpage\",\"url\":\"https:\/\/100t.com.br\/terms\/\",\"name\":\"Termos de Uso - 100 Tech - 100 Tech\",\"isPartOf\":{\"@id\":\"https:\/\/100t.com.br\/#website\"},\"datePublished\":\"2023-03-31T16:29:55+00:00\",\"dateModified\":\"2023-11-22T20:57:25+00:00\",\"breadcrumb\":{\"@id\":\"https:\/\/100t.com.br\/terms\/#breadcrumb\"},\"inLanguage\":\"it-IT\",\"potentialAction\":[{\"@type\":\"ReadAction\",\"target\":[\"https:\/\/100t.com.br\/terms\/\"]}]},{\"@type\":\"BreadcrumbList\",\"@id\":\"https:\/\/100t.com.br\/terms\/#breadcrumb\",\"itemListElement\":[{\"@type\":\"ListItem\",\"position\":1,\"name\":\"Home\",\"item\":\"https:\/\/100t.com.br\/it\/\"},{\"@type\":\"ListItem\",\"position\":2,\"name\":\"Termos de Uso &#8211; 100 Tech\"}]}]}<\/script>\n<!-- \/ Yoast SEO Premium plugin. -->","yoast_head_json":{"title":"Termos de Uso - 100 Tech - 100 Tech","robots":{"index":"index","follow":"follow","max-snippet":"max-snippet:-1","max-image-preview":"max-image-preview:large","max-video-preview":"max-video-preview:-1"},"canonical":"https:\/\/100t.com.br\/it\/terms\/","og_locale":"it_IT","og_type":"article","og_title":"Termos de Uso - 100 Tech","og_description":"Atualizado em 22 de Novembro de 2023. A RubikTech O\u00dc, uma companhia de responsabilidade limitada estabelecida na Estonia (LLC, tamb\u00e9m conhecida por O\u00dc), registada com o VAT EE102662223 e localizada em Tallinn, na Rua Keemia tn 4, 10616, Harju, Est\u00f3nia, \u00e9 a entidade respons\u00e1vel pela cria\u00e7\u00e3o, titularidade e gest\u00e3o do website 100 Tech, acess\u00edvel atrav\u00e9s&hellip; Continue reading Termos de Uso &#8211; 100 Tech","og_url":"https:\/\/100t.com.br\/it\/terms\/","og_site_name":"100 Tech","article_modified_time":"2023-11-22T20:57:25+00:00","twitter_card":"summary_large_image","twitter_misc":{"Est. reading time":"9 minutes"},"schema":{"@context":"https:\/\/schema.org","@graph":[{"@type":"WebSite","@id":"https:\/\/100t.com.br\/#website","url":"https:\/\/100t.com.br\/","name":"100 Tech","description":"Tecnologia e Informa\u00e7\u00e3o","potentialAction":[{"@type":"SearchAction","target":{"@type":"EntryPoint","urlTemplate":"https:\/\/100t.com.br\/?s={search_term_string}"},"query-input":"required name=search_term_string"}],"inLanguage":"it-IT"},{"@type":"WebPage","@id":"https:\/\/100t.com.br\/terms\/#webpage","url":"https:\/\/100t.com.br\/terms\/","name":"Termos de Uso - 100 Tech - 100 Tech","isPartOf":{"@id":"https:\/\/100t.com.br\/#website"},"datePublished":"2023-03-31T16:29:55+00:00","dateModified":"2023-11-22T20:57:25+00:00","breadcrumb":{"@id":"https:\/\/100t.com.br\/terms\/#breadcrumb"},"inLanguage":"it-IT","potentialAction":[{"@type":"ReadAction","target":["https:\/\/100t.com.br\/terms\/"]}]},{"@type":"BreadcrumbList","@id":"https:\/\/100t.com.br\/terms\/#breadcrumb","itemListElement":[{"@type":"ListItem","position":1,"name":"Home","item":"https:\/\/100t.com.br\/it\/"},{"@type":"ListItem","position":2,"name":"Termos de Uso &#8211; 100 Tech"}]}]}},"_links":{"self":[{"href":"https:\/\/100t.com.br\/it\/wp-json\/wp\/v2\/pages\/4830"}],"collection":[{"href":"https:\/\/100t.com.br\/it\/wp-json\/wp\/v2\/pages"}],"about":[{"href":"https:\/\/100t.com.br\/it\/wp-json\/wp\/v2\/types\/page"}],"author":[{"embeddable":true,"href":"https:\/\/100t.com.br\/it\/wp-json\/wp\/v2\/users\/4"}],"replies":[{"embeddable":true,"href":"https:\/\/100t.com.br\/it\/wp-json\/wp\/v2\/comments?post=4830"}],"version-history":[{"count":0,"href":"https:\/\/100t.com.br\/it\/wp-json\/wp\/v2\/pages\/4830\/revisions"}],"wp:attachment":[{"href":"https:\/\/100t.com.br\/it\/wp-json\/wp\/v2\/media?parent=4830"}],"curies":[{"name":"wp","href":"https:\/\/api.w.org\/{rel}","templated":true}]}}