{"id":4828,"date":"2023-03-31T16:22:41","date_gmt":"2023-03-31T16:22:41","guid":{"rendered":"https:\/\/100t.com.br\/?page_id=4828"},"modified":"2026-01-15T14:15:08","modified_gmt":"2026-01-15T14:15:08","slug":"privacy","status":"publish","type":"page","link":"https:\/\/100t.com.br\/it\/privacy\/","title":{"rendered":"Informativa sulla privacy \u2013 100 Tecnologia"},"content":{"rendered":"<div class=\"mx-5 sm:mx-0 prose leading-relaxed text-lg mb-5 text-left wp-paragraph\">\n<p>Aggiornato il 17 novembre 2023.<\/p>\n<\/div><!--advertisement--><div class=\"mx-5 sm:mx-0 sm:text-3xl text-2xl font-medium title-font mb-4 text-gray-900 text-left\">\n<h2 id=\"h-introducao-e-sumario\">Introduzione e riepilogo<\/h2>\n<\/div><div class=\"mx-5 sm:mx-0 prose leading-relaxed text-lg mb-5 text-left wp-paragraph\">\n<p>Il sito web \u00e8 di propriet\u00e0 e gestito da Rubiktech O\u00dc, una societ\u00e0 registrata in Estonia con numero di registrazione 16826788.<\/p>\n<\/div><div class=\"mx-5 sm:mx-0 prose leading-relaxed text-lg mb-5 text-left wp-paragraph\">\n<p>Il sito web di 100 Tecnologia, accessibile all&#039;indirizzo <a style=\" color:;\" href=\"https:\/\/100t.com.br\/it\/\">https:\/\/100t.com.br<\/a>, offre un&#039;ampia gamma di contenuti, comprese notizie aggiornate e promozioni per vari prodotti e servizi. Inoltre, presenta le offerte dei partner, indirizzando gli utenti verso siti pertinenti ai loro interessi.<\/p>\n<\/div><div class=\"mx-5 sm:mx-0 prose leading-relaxed text-lg mb-5 text-left wp-paragraph\">\n<p>Il nostro obiettivo principale \u00e8 connettere gli utenti con i servizi pi\u00f9 appropriati, coprendo aree come applicazioni, intrattenimento, suggerimenti e progressi tecnologici.<\/p>\n<\/div><div class=\"mx-5 sm:mx-0 prose leading-relaxed text-lg mb-5 text-left wp-paragraph\">\n<p>Attribuiamo grande importanza alla sicurezza dei tuoi dati personali. La nostra Informativa sulla privacy riflette il nostro impegno nel proteggere la tua privacy e la sicurezza delle tue informazioni.<\/p>\n<\/div><div class=\"mx-5 sm:mx-0 prose leading-relaxed text-lg mb-5 text-left wp-paragraph\">\n<p>Per chiarimenti o ulteriori informazioni sui tuoi diritti e sulle tue opzioni, gli utenti possono accedere alla nostra informativa sulla privacy o contattarci via e-mail all&#039;indirizzo contato@100t.com.br.<\/p>\n<\/div><!--advertisement--><div class=\"mx-5 sm:mx-0 sm:text-3xl text-2xl font-medium title-font mb-4 text-gray-900 text-left\">\n<h2 id=\"h-escopo-da-politica-de-privacidade\">Ambito dell&#039;Informativa sulla privacy<\/h2>\n<\/div><div class=\"mx-5 sm:mx-0 prose leading-relaxed text-lg mb-5 text-left wp-paragraph\">\n<p>100 Tecnologia funge da piattaforma dedicata ai contenuti e alla promozione di prodotti e servizi, soprattutto in ambiti quali le applicazioni e le innovazioni tecnologiche. La sua funzione \u00e8 strettamente promozionale, senza stabilire contratti diretti con gli utenti.<\/p>\n<\/div><div class=\"mx-5 sm:mx-0 prose leading-relaxed text-lg mb-5 text-left wp-paragraph\">\n<p>Qualsiasi interazione commerciale tra utenti e inserzionisti partner avviene in ambienti esterni a 100 Tecnologia, che non richiede n\u00e9 memorizza dati bancari o finanziari degli utenti. Il rapporto del sito con gli utenti \u00e8 basato esclusivamente sull&#039;informazione.<\/p>\n<\/div><div class=\"mx-5 sm:mx-0 prose leading-relaxed text-lg mb-5 text-left wp-paragraph\">\n<p>\u00c8 importante che gli utenti informino 100 Tecnologia via e-mail all&#039;indirizzo contato@100t.com.br qualora ricevano richieste di dati personali. La piattaforma non si assume alcuna responsabilit\u00e0 per tentativi di frode da parte di soggetti esterni.<\/p>\n<\/div><!--advertisement--><div class=\"mx-5 sm:mx-0 sm:text-3xl text-2xl font-medium title-font mb-4 text-gray-900 text-left\">\n<h2 id=\"h-sobre-consentimento\">Informazioni sul consenso<\/h2>\n<\/div><div class=\"mx-5 sm:mx-0 prose leading-relaxed text-lg mb-5 text-left wp-paragraph\">\n<p>Quando utilizzano 100 Tecnologia, gli utenti accettano implicitamente la nostra Informativa sulla privacy, che \u00e8 essenziale per la protezione di tutte le parti coinvolte. <strong>Se non sei d&#039;accordo con queste politiche, ti consigliamo di non utilizzare i nostri servizi<\/strong>.<\/p>\n<\/div><div class=\"mx-5 sm:mx-0 prose leading-relaxed text-lg mb-5 text-left wp-paragraph\">\n<p>\u00c8 importante che questa Politica sia considerata insieme al <a style=\" color:;\" href=\"https:\/\/100t.com.br\/it\/terms\/\">Termini di utilizzo<\/a>, per aspetti giuridici. Questi documenti, insieme, stabiliscono le pratiche di 100 Tecnologia in relazione alla raccolta dei dati e ai relativi obblighi, riguardanti sia la gestione del sito web che il suo utilizzo da parte degli utenti.<\/p>\n<\/div><!--advertisement--><div class=\"mx-5 sm:mx-0 sm:text-3xl text-2xl font-medium title-font mb-4 text-gray-900 text-left\">\n<h2 id=\"h-i-informacoes-que-coletamos\">I. Informazioni che raccogliamo<\/h2>\n<\/div><div class=\"mx-5 sm:mx-0 prose leading-relaxed text-lg mb-5 text-left wp-paragraph\">\n<p><strong>A. INFORMAZIONI RACCOLTE DIRETTAMENTE<\/strong><\/p>\n<\/div><div class=\"mx-5 sm:mx-0 prose leading-relaxed text-lg mb-5 text-left wp-paragraph\">\n<p>La navigazione su 100 Tecnologia non implica la raccolta automatica di dati personali. Tuttavia, per accedere a contenuti esclusivi, gli utenti possono registrarsi, fornendo informazioni quali nome, email, telefono e indirizzo.<\/p>\n<\/div><div class=\"mx-5 sm:mx-0 prose leading-relaxed text-lg mb-5 text-left wp-paragraph\">\n<p>Questa raccolta di dati in aree riservate consente a 100 Tecnologia di offrire contenuti personalizzati e verificare l&#039;identit\u00e0 degli utenti, siano essi privati o aziende. Questo ti aiuta anche a creare strategie personalizzate per ciascun utente.<\/p>\n<\/div><div class=\"mx-5 sm:mx-0 prose leading-relaxed text-lg mb-5 text-left wp-paragraph\">\n<p>Inoltre, raccogliamo dati personali quando gli utenti contattano 100 Tecnologia per richiedere informazioni o segnalare problemi. Questi dati vengono archiviati per l&#039;amministrazione e il controllo del sito web.<\/p>\n<\/div><div class=\"mx-5 sm:mx-0 prose leading-relaxed text-lg mb-5 text-left wp-paragraph\">\n<p><strong>B. INFORMAZIONI RACCOLTE AUTOMATICAMENTE<\/strong><\/p>\n<\/div><div class=\"mx-5 sm:mx-0 prose leading-relaxed text-lg mb-5 text-left wp-paragraph\">\n<p>100 Tecnologia raccoglie, oltre ai dati personali forniti volontariamente in fase di registrazione o di contatto diretto, anche dati non personali durante la navigazione del sito. Questa raccolta migliora l&#039;esperienza dell&#039;utente e guida le campagne dei nostri siti partner.<\/p>\n<\/div><div class=\"mx-5 sm:mx-0 prose leading-relaxed text-lg mb-5 text-left wp-paragraph\">\n<p>I record di accesso (file di registro) acquisiscono informazioni quali indirizzi IP, tipi di browser, fornitori di servizi Internet, date e orari di accesso, pagine di entrata e di uscita e clic effettuati.<\/p>\n<\/div><div class=\"mx-5 sm:mx-0 prose leading-relaxed text-lg mb-5 text-left wp-paragraph\">\n<p>Utilizziamo i cookie per comprendere le preferenze dell&#039;utente. I cookie tengono traccia di attivit\u00e0 come i clic per formare profili di consumo. Questo ci aiuta a personalizzare offerte ed esperienze, aumentando la pertinenza e l&#039;accettazione da parte degli utenti. I cookie possono essere disabilitati nelle impostazioni del sistema operativo dell&#039;utente; <strong>La mancata disattivazione implica consenso al suo utilizzo<\/strong>.<\/p>\n<\/div><div class=\"mx-5 sm:mx-0 prose leading-relaxed text-lg mb-5 text-left wp-paragraph\">\n<p><strong>C. INFORMAZIONI DA FONTI ESTERNE<\/strong><\/p>\n<\/div><div class=\"mx-5 sm:mx-0 prose leading-relaxed text-lg mb-5 text-left wp-paragraph\">\n<p>100 Tecnologia utilizza Google Analytics per analizzare l&#039;utilizzo del sito web e migliorare l&#039;esperienza dell&#039;utente. I cookie monitorano informazioni come la durata della visita e le pagine visitate, con maggiori dettagli disponibili sul sito web ufficiale di <a style=\" color:;\" href=\"https:\/\/developers.google.com\/analytics\/devguides\/collection\/gajs\/cookie-usage?hl=pt-br\">statistiche di Google<\/a>.<\/p>\n<\/div><div class=\"mx-5 sm:mx-0 prose leading-relaxed text-lg mb-5 text-left wp-paragraph\">\n<p>Utilizziamo anche analisi e cookie di terze parti per generare contenuti accattivanti monitorando il tempo trascorso sul sito e le pagine visitate. Nelle fasi di test di nuove funzionalit\u00e0, i cookie aiutano a mantenere un&#039;esperienza coerente e a valutare le ottimizzazioni necessarie.<\/p>\n<\/div><div class=\"mx-5 sm:mx-0 prose leading-relaxed text-lg mb-5 text-left wp-paragraph\">\n<p>Per la pubblicit\u00e0 utilizziamo Google AdSense, che utilizza i cookie per mostrare annunci pertinenti e limitarne la ripetizione. Maggiori informazioni possono essere trovate nelle FAQ di <a style=\" color:;\" href=\"https:\/\/support.google.com\/adsense\/answer\/3394713?hl=pt-BR\">Google Adsense<\/a>.<\/p>\n<\/div><div class=\"mx-5 sm:mx-0 prose leading-relaxed text-lg mb-5 text-left wp-paragraph\">\n<p>La pubblicit\u00e0 \u00e8 una fonte di finanziamento per il sito e per i futuri sviluppi. I cookie di pubblicit\u00e0 comportamentale mirano a mostrarti annunci pertinenti. Inoltre, i cookie di tracciamento degli affiliati ci aiutano a identificare se un utente \u00e8 arrivato tramite un partner, consentendo un credito adeguato.<\/p>\n<\/div><div class=\"mx-5 sm:mx-0 prose leading-relaxed text-lg mb-5 text-left wp-paragraph\">\n<p>I cookie dei partner non sono gestiti da noi, ma gli utenti possono disabilitarli nelle impostazioni del proprio sistema operativo. I reindirizzamenti alle pagine dei partner non implicano una relazione diretta. La nostra politica sulla privacy \u00e8 valida solo per le visite a 100 Tecnologia.<\/p>\n<\/div><!--advertisement--><div class=\"mx-5 sm:mx-0 sm:text-3xl text-2xl font-medium title-font mb-4 text-gray-900 text-left\">\n<h2 id=\"h-ii-como-usamos-suas-informacoes\">II. Come utilizziamo le tue informazioni<\/h2>\n<\/div><div class=\"mx-5 sm:mx-0 prose leading-relaxed text-lg mb-5 text-left wp-paragraph\">\n<p>100 Tecnologia utilizza le informazioni ottenute attraverso il sito web per migliorare l&#039;esperienza dell&#039;utente e l&#039;efficienza operativa. Quello include:<\/p>\n<\/div><div class=\"mx-5 sm:mx-0 prose text-left mb-5\">\n<ul><div class=\"mx-5 sm:mx-0 prose text-left mb-5\">\n<li>Mantenere il sito web per garantirne la funzionalit\u00e0 efficiente.<\/li>\n<\/div>\n\n<div class=\"mx-5 sm:mx-0 prose text-left mb-5\">\n<li>Personalizzare ed espandere le offerte del sito Web, soddisfacendo le esigenze e le preferenze degli utenti.<\/li>\n<\/div>\n\n<div class=\"mx-5 sm:mx-0 prose text-left mb-5\">\n<li>Analizzare i modelli di utilizzo degli utenti per adattare la funzionalit\u00e0 e il contenuto del sito web.<\/li>\n<\/div>\n\n<div class=\"mx-5 sm:mx-0 prose text-left mb-5\">\n<li>Sviluppare nuovi prodotti, servizi e funzionalit\u00e0, in linea con le crescenti richieste degli utenti e le innovazioni tecnologiche.<\/li>\n<\/div>\n\n<div class=\"mx-5 sm:mx-0 prose text-left mb-5\">\n<li>Interagire direttamente con gli utenti o tramite partner, fornendo assistenza clienti, aggiornamenti del sito Web e informazioni per marketing e promozioni.<\/li>\n<\/div>\n\n<div class=\"mx-5 sm:mx-0 prose text-left mb-5\">\n<li>Invia e-mail su argomenti di interesse, come newsletter, promozioni e altri annunci.<\/li>\n<\/div>\n\n<div class=\"mx-5 sm:mx-0 prose text-left mb-5\">\n<li>Identificare e prevenire attivit\u00e0 fraudolente per proteggere la sicurezza del sito Web e l&#039;integrit\u00e0 delle informazioni personali degli utenti.<\/li>\n<\/div><\/ul>\n<\/div><!--advertisement--><div class=\"mx-5 sm:mx-0 sm:text-3xl text-2xl font-medium title-font mb-4 text-gray-900 text-left\">\n<h2 id=\"h-iii-comprometimento-em-proteger-suas-informacoes\">III. Impegno a proteggere le tue informazioni<\/h2>\n<\/div><div class=\"mx-5 sm:mx-0 prose leading-relaxed text-lg mb-5 text-left wp-paragraph\">\n<p>100 Tecnologia non vende le informazioni degli utenti. Tuttavia, come gi\u00e0 accennato, potremmo condividere dati con partner per migliorare l&#039;esperienza dell&#039;utente e sviluppare strategie per i nostri prodotti e servizi. Gli utenti possono scegliere di non condividere le proprie informazioni, in conformit\u00e0 con la Legge generale sulla protezione dei dati (LGPD).<\/p>\n<\/div><div class=\"mx-5 sm:mx-0 prose leading-relaxed text-lg mb-5 text-left wp-paragraph\">\n<p>Ribadiamo il nostro impegno per la sicurezza nella raccolta e archiviazione dei dati, con l&#039;obiettivo di migliorare l&#039;esperienza dell&#039;utente e sviluppare strategie, servizi e prodotti per il sito web.<\/p>\n<\/div><div class=\"mx-5 sm:mx-0 prose leading-relaxed text-lg mb-5 text-left wp-paragraph\">\n<p>Riconosciamo che la completa sicurezza dei dati su Internet non \u00e8 garantita. Pertanto, 100 Tecnologia si riserva il diritto di rispondere legalmente a qualsiasi violazione dei dati da parte di terzi malintenzionati.<\/p>\n<\/div><!--advertisement--><div class=\"mx-5 sm:mx-0 sm:text-3xl text-2xl font-medium title-font mb-4 text-gray-900 text-left\">\n<h2 id=\"h-iv-exercitando-os-seus-direitos\">IV. Esercitare i tuoi diritti<\/h2>\n<\/div><div class=\"mx-5 sm:mx-0 prose leading-relaxed text-lg mb-5 text-left wp-paragraph\">\n<p><strong>1. I tuoi diritti<\/strong><\/p>\n<\/div><div class=\"mx-5 sm:mx-0 prose leading-relaxed text-lg mb-5 text-left wp-paragraph\">\n<p>I dati personali vengono raccolti da 100 Tecnologia solo quando essenziali per fornire un servizio specifico. Questa raccolta viene effettuata in modo equo e legale, con piena trasparenza e consenso dell&#039;utente, e chiariamo lo scopo e l&#039;utilizzo di questi dati.<\/p>\n<\/div><div class=\"mx-5 sm:mx-0 prose leading-relaxed text-lg mb-5 text-left wp-paragraph\">\n<p>Puoi scegliere di non fornire le tue informazioni personali, ma ci\u00f2 potrebbe limitare la nostra capacit\u00e0 di fornire determinati servizi. Non divulghiamo le tue informazioni personali pubblicamente o a terzi se non richiesto dalla legge. Se desideri che i tuoi dati personali vengano cancellati dai nostri archivi, ti preghiamo di contattarci.<\/p>\n<\/div><div class=\"mx-5 sm:mx-0 prose leading-relaxed text-lg mb-5 text-left wp-paragraph\">\n<p><strong>2. Politica di conservazione delle informazioni<\/strong><\/p>\n<\/div><div class=\"mx-5 sm:mx-0 prose leading-relaxed text-lg mb-5 text-left wp-paragraph\">\n<p>100 Tecnologia conserva le informazioni raccolte solo per il periodo necessario a fornire il servizio richiesto. I dati vengono archiviati con efficaci misure di sicurezza per prevenire perdita, furto, accesso non autorizzato, divulgazione, copia, utilizzo o alterazione.<\/p>\n<\/div><!--advertisement--><div class=\"mx-5 sm:mx-0 sm:text-3xl text-2xl font-medium title-font mb-4 text-gray-900 text-left\">\n<h2 id=\"h-v-lei-geral-de-protecao-de-dados-lgpd\">V. Legge generale sulla protezione dei dati (LGPD)<\/h2>\n<\/div><div class=\"mx-5 sm:mx-0 prose leading-relaxed text-lg mb-5 text-left wp-paragraph\">\n<p>In Brasile, la Legge generale sulla protezione dei dati (LGPD) garantisce la protezione dei dati degli utenti su Internet. Secondo la LGPD, gli utenti hanno il diritto di accedere ai dati raccolti, richiederne la cancellazione e, se necessario, intraprendere azioni legali contro le aziende.<\/p>\n<\/div><div class=\"mx-5 sm:mx-0 prose leading-relaxed text-lg mb-5 text-left wp-paragraph\">\n<p>100 Tecnologia si impegna a fornire tutte le informazioni necessarie e a facilitare le procedure adeguate affinch\u00e9 gli utenti possano esercitare i diritti previsti dalla LGPD. A tal fine, forniamo un canale di contatto diretto tramite e-mail contato@100t.com.br.<\/p>\n<\/div><!--advertisement--><div class=\"mx-5 sm:mx-0 sm:text-3xl text-2xl font-medium title-font mb-4 text-gray-900 text-left\">\n<h2 id=\"h-vi-avisos-parentais\">SEGA. Avvisi dei genitori<\/h2>\n<\/div><div class=\"mx-5 sm:mx-0 prose leading-relaxed text-lg mb-5 text-left wp-paragraph\">\n<p>100 Tecnologia, nel rispetto della LGPD, non mira a raccogliere dati di minori di 18 anni e incoraggia genitori e tutori a monitorare l&#039;utilizzo di Internet da parte di bambini e adolescenti.<\/p>\n<\/div><div class=\"mx-5 sm:mx-0 prose leading-relaxed text-lg mb-5 text-left wp-paragraph\">\n<p>Riconoscendo la difficolt\u00e0 nel verificare l&#039;et\u00e0 degli utenti, ci impegniamo a cancellare immediatamente ogni dato personale dei minori non appena identificati.<\/p>\n<\/div><div class=\"mx-5 sm:mx-0 prose leading-relaxed text-lg mb-5 text-left wp-paragraph\">\n<p>Per segnalare episodi di raccolta di dati di minori, genitori e tutori possono contattarci via e-mail all&#039;indirizzo contato@100t.com.br, in modo che possiamo agire per rimuovere queste informazioni.<\/p>\n<\/div><!--advertisement--><div class=\"mx-5 sm:mx-0 sm:text-3xl text-2xl font-medium title-font mb-4 text-gray-900 text-left\">\n<h2 id=\"h-vii-revisao-da-nossa-politica-de-privacidade\">VII. Revisione della nostra politica sulla privacy<\/h2>\n<\/div><div class=\"mx-5 sm:mx-0 prose leading-relaxed text-lg mb-5 text-left wp-paragraph\">\n<p>100 Tecnologia si riserva il diritto di modificare la propria Privacy Policy secondo necessit\u00e0, per adattarsi a nuove tecnologie, leggi o cambiamenti operativi.<\/p>\n<\/div><div class=\"mx-5 sm:mx-0 prose leading-relaxed text-lg mb-5 text-left wp-paragraph\">\n<p>Ci impegniamo a comunicare eventuali modifiche ai nostri utenti in modo chiaro e tempestivo. Ti invitiamo a rivedere regolarmente la nostra Informativa sulla privacy per rimanere aggiornato su come le tue informazioni sono protette. Continuando a utilizzare i nostri servizi dopo le modifiche, accetti i nuovi termini.<\/p>\n<\/div><!--advertisement--><div class=\"mx-5 sm:mx-0 sm:text-3xl text-2xl font-medium title-font mb-4 text-gray-900 text-left\">\n<h2 id=\"h-viii-nossas-informacoes-de-contato\">VIII. Le nostre informazioni di contatto<\/h2>\n<\/div><div class=\"mx-5 sm:mx-0 prose leading-relaxed text-lg mb-5 text-left wp-paragraph\">\n<p>In caso di domande o commenti sulla Politica sulla privacy, dubbi sui tuoi dati personali, sui nostri metodi di raccolta e condivisione dei dati o per discutere le tue preferenze in materia di consenso, contattaci all&#039;indirizzo contato@100t.com.br.<\/p>\n<\/div><div class=\"mx-5 sm:mx-0 prose leading-relaxed text-lg mb-5 text-left wp-paragraph\">\n<p>RubikTech O\u00dc<\/p>\n<\/div><div class=\"mx-5 sm:mx-0 prose leading-relaxed text-lg mb-5 text-left wp-paragraph\">\n<p>Codice di registrazione: 16826788<\/p>\n<\/div><div class=\"mx-5 sm:mx-0 prose leading-relaxed text-lg mb-5 text-left wp-paragraph\">\n<p>Estonia.<\/p>\n<\/div>","protected":false},"excerpt":{"rendered":"<p>Atualizada em 17 de Novembro de 2023. Introdu\u00e7\u00e3o e Sum\u00e1rio O site \u00e9 propriedade e operado pela Rubiktech O\u00dc, uma empresa registrada na Est\u00f4nia sob o n\u00famero de registro 16826788. O site 100 Tecnologia, acess\u00edvel em https:\/\/100t.com.br, oferece uma ampla gama de conte\u00fados, incluindo not\u00edcias atualizadas e promo\u00e7\u00f5es de diversos produtos e servi\u00e7os. Al\u00e9m disso,&hellip; <a class=\"more-link\" href=\"https:\/\/100t.com.br\/it\/privacy\/\">Continua a leggere <span class=\"screen-reader-text\">Informativa sulla privacy \u2013 100 Tecnologia<\/span><\/a><\/p>","protected":false},"author":4,"featured_media":0,"parent":0,"menu_order":0,"comment_status":"closed","ping_status":"closed","template":"","meta":[],"yoast_head":"<!-- This site is optimized with the Yoast SEO Premium plugin v18.7 (Yoast SEO v19.1) - https:\/\/yoast.com\/wordpress\/plugins\/seo\/ -->\n<title>Pol\u00edtica de Privacidade - 100 Tecnologia - 100 Tech<\/title>\n<meta name=\"robots\" content=\"index, follow, max-snippet:-1, max-image-preview:large, max-video-preview:-1\" \/>\n<link rel=\"canonical\" href=\"https:\/\/100t.com.br\/it\/privacy\/\" \/>\n<meta property=\"og:locale\" content=\"it_IT\" \/>\n<meta property=\"og:type\" content=\"article\" \/>\n<meta property=\"og:title\" content=\"Pol\u00edtica de Privacidade - 100 Tecnologia\" \/>\n<meta property=\"og:description\" content=\"Atualizada em 17 de Novembro de 2023. Introdu\u00e7\u00e3o e Sum\u00e1rio O site \u00e9 propriedade e operado pela Rubiktech O\u00dc, uma empresa registrada na Est\u00f4nia sob o n\u00famero de registro 16826788. O site 100 Tecnologia, acess\u00edvel em https:\/\/100t.com.br, oferece uma ampla gama de conte\u00fados, incluindo not\u00edcias atualizadas e promo\u00e7\u00f5es de diversos produtos e servi\u00e7os. Al\u00e9m disso,&hellip; Continue reading Pol\u00edtica de Privacidade &#8211; 100 Tecnologia\" \/>\n<meta property=\"og:url\" content=\"https:\/\/100t.com.br\/it\/privacy\/\" \/>\n<meta property=\"og:site_name\" content=\"100 Tech\" \/>\n<meta property=\"article:modified_time\" content=\"2026-01-15T14:15:08+00:00\" \/>\n<meta name=\"twitter:card\" content=\"summary_large_image\" \/>\n<meta name=\"twitter:label1\" content=\"Est. reading time\" \/>\n\t<meta name=\"twitter:data1\" content=\"9 minutes\" \/>\n<script type=\"application\/ld+json\" class=\"yoast-schema-graph\">{\"@context\":\"https:\/\/schema.org\",\"@graph\":[{\"@type\":\"WebSite\",\"@id\":\"https:\/\/100t.com.br\/#website\",\"url\":\"https:\/\/100t.com.br\/\",\"name\":\"100 Tech\",\"description\":\"Tecnologia e Informa\u00e7\u00e3o\",\"potentialAction\":[{\"@type\":\"SearchAction\",\"target\":{\"@type\":\"EntryPoint\",\"urlTemplate\":\"https:\/\/100t.com.br\/?s={search_term_string}\"},\"query-input\":\"required name=search_term_string\"}],\"inLanguage\":\"it-IT\"},{\"@type\":\"WebPage\",\"@id\":\"https:\/\/100t.com.br\/privacy\/#webpage\",\"url\":\"https:\/\/100t.com.br\/privacy\/\",\"name\":\"Pol\u00edtica de Privacidade - 100 Tecnologia - 100 Tech\",\"isPartOf\":{\"@id\":\"https:\/\/100t.com.br\/#website\"},\"datePublished\":\"2023-03-31T16:22:41+00:00\",\"dateModified\":\"2026-01-15T14:15:08+00:00\",\"breadcrumb\":{\"@id\":\"https:\/\/100t.com.br\/privacy\/#breadcrumb\"},\"inLanguage\":\"it-IT\",\"potentialAction\":[{\"@type\":\"ReadAction\",\"target\":[\"https:\/\/100t.com.br\/privacy\/\"]}]},{\"@type\":\"BreadcrumbList\",\"@id\":\"https:\/\/100t.com.br\/privacy\/#breadcrumb\",\"itemListElement\":[{\"@type\":\"ListItem\",\"position\":1,\"name\":\"Home\",\"item\":\"https:\/\/100t.com.br\/it\/\"},{\"@type\":\"ListItem\",\"position\":2,\"name\":\"Pol\u00edtica de Privacidade &#8211; 100 Tecnologia\"}]}]}<\/script>\n<!-- \/ Yoast SEO Premium plugin. -->","yoast_head_json":{"title":"Pol\u00edtica de Privacidade - 100 Tecnologia - 100 Tech","robots":{"index":"index","follow":"follow","max-snippet":"max-snippet:-1","max-image-preview":"max-image-preview:large","max-video-preview":"max-video-preview:-1"},"canonical":"https:\/\/100t.com.br\/it\/privacy\/","og_locale":"it_IT","og_type":"article","og_title":"Pol\u00edtica de Privacidade - 100 Tecnologia","og_description":"Atualizada em 17 de Novembro de 2023. Introdu\u00e7\u00e3o e Sum\u00e1rio O site \u00e9 propriedade e operado pela Rubiktech O\u00dc, uma empresa registrada na Est\u00f4nia sob o n\u00famero de registro 16826788. O site 100 Tecnologia, acess\u00edvel em https:\/\/100t.com.br, oferece uma ampla gama de conte\u00fados, incluindo not\u00edcias atualizadas e promo\u00e7\u00f5es de diversos produtos e servi\u00e7os. Al\u00e9m disso,&hellip; Continue reading Pol\u00edtica de Privacidade &#8211; 100 Tecnologia","og_url":"https:\/\/100t.com.br\/it\/privacy\/","og_site_name":"100 Tech","article_modified_time":"2026-01-15T14:15:08+00:00","twitter_card":"summary_large_image","twitter_misc":{"Est. reading time":"9 minutes"},"schema":{"@context":"https:\/\/schema.org","@graph":[{"@type":"WebSite","@id":"https:\/\/100t.com.br\/#website","url":"https:\/\/100t.com.br\/","name":"100 Tech","description":"Tecnologia e Informa\u00e7\u00e3o","potentialAction":[{"@type":"SearchAction","target":{"@type":"EntryPoint","urlTemplate":"https:\/\/100t.com.br\/?s={search_term_string}"},"query-input":"required name=search_term_string"}],"inLanguage":"it-IT"},{"@type":"WebPage","@id":"https:\/\/100t.com.br\/privacy\/#webpage","url":"https:\/\/100t.com.br\/privacy\/","name":"Pol\u00edtica de Privacidade - 100 Tecnologia - 100 Tech","isPartOf":{"@id":"https:\/\/100t.com.br\/#website"},"datePublished":"2023-03-31T16:22:41+00:00","dateModified":"2026-01-15T14:15:08+00:00","breadcrumb":{"@id":"https:\/\/100t.com.br\/privacy\/#breadcrumb"},"inLanguage":"it-IT","potentialAction":[{"@type":"ReadAction","target":["https:\/\/100t.com.br\/privacy\/"]}]},{"@type":"BreadcrumbList","@id":"https:\/\/100t.com.br\/privacy\/#breadcrumb","itemListElement":[{"@type":"ListItem","position":1,"name":"Home","item":"https:\/\/100t.com.br\/it\/"},{"@type":"ListItem","position":2,"name":"Pol\u00edtica de Privacidade &#8211; 100 Tecnologia"}]}]}},"_links":{"self":[{"href":"https:\/\/100t.com.br\/it\/wp-json\/wp\/v2\/pages\/4828"}],"collection":[{"href":"https:\/\/100t.com.br\/it\/wp-json\/wp\/v2\/pages"}],"about":[{"href":"https:\/\/100t.com.br\/it\/wp-json\/wp\/v2\/types\/page"}],"author":[{"embeddable":true,"href":"https:\/\/100t.com.br\/it\/wp-json\/wp\/v2\/users\/4"}],"replies":[{"embeddable":true,"href":"https:\/\/100t.com.br\/it\/wp-json\/wp\/v2\/comments?post=4828"}],"version-history":[{"count":0,"href":"https:\/\/100t.com.br\/it\/wp-json\/wp\/v2\/pages\/4828\/revisions"}],"wp:attachment":[{"href":"https:\/\/100t.com.br\/it\/wp-json\/wp\/v2\/media?parent=4828"}],"curies":[{"name":"wp","href":"https:\/\/api.w.org\/{rel}","templated":true}]}}