{"id":4828,"date":"2023-03-31T16:22:41","date_gmt":"2023-03-31T16:22:41","guid":{"rendered":"https:\/\/100t.com.br\/?page_id=4828"},"modified":"2026-01-15T14:15:08","modified_gmt":"2026-01-15T14:15:08","slug":"privacy","status":"publish","type":"page","link":"https:\/\/100t.com.br\/id\/privacy\/","title":{"rendered":"Kebijakan Privasi \u2013 100 Tecnologia"},"content":{"rendered":"<div class=\"mx-5 sm:mx-0 prose leading-relaxed text-lg mb-5 text-left wp-paragraph\">\n<p>Diperbarui 17 November 2023.<\/p>\n<\/div><!--advertisement--><div class=\"mx-5 sm:mx-0 sm:text-3xl text-2xl font-medium title-font mb-4 text-gray-900 text-left\">\n<h2 id=\"h-introducao-e-sumario\">Pendahuluan dan Ringkasan<\/h2>\n<\/div><div class=\"mx-5 sm:mx-0 prose leading-relaxed text-lg mb-5 text-left wp-paragraph\">\n<p>Situs web ini dimiliki dan dioperasikan oleh Rubiktech O\u00dc, sebuah perusahaan yang terdaftar di Estonia dengan nomor registrasi 16826788.<\/p>\n<\/div><div class=\"mx-5 sm:mx-0 prose leading-relaxed text-lg mb-5 text-left wp-paragraph\">\n<p>Situs web 100 Tecnologia, dapat diakses di <a style=\" color:;\" href=\"https:\/\/100t.com.br\/id\/\">https:\/\/100t.com.br<\/a>, menawarkan beragam konten, termasuk berita terkini dan promosi untuk berbagai produk dan layanan. Situs ini juga menampilkan penawaran mitra, yang mengarahkan pengguna ke situs yang relevan dengan minat mereka.<\/p>\n<\/div><div class=\"mx-5 sm:mx-0 prose leading-relaxed text-lg mb-5 text-left wp-paragraph\">\n<p>Fokus utama kami adalah menghubungkan pengguna dengan layanan yang paling tepat, mencakup area seperti aplikasi, hiburan, kiat, dan kemajuan teknologi.<\/p>\n<\/div><div class=\"mx-5 sm:mx-0 prose leading-relaxed text-lg mb-5 text-left wp-paragraph\">\n<p>Kami sangat mementingkan keamanan data pribadi Anda. Kebijakan Privasi kami mencerminkan komitmen kami untuk melindungi privasi dan keamanan informasi Anda.<\/p>\n<\/div><div class=\"mx-5 sm:mx-0 prose leading-relaxed text-lg mb-5 text-left wp-paragraph\">\n<p>Untuk klarifikasi atau informasi tambahan tentang hak dan pilihan Anda, pengguna dapat mengakses kebijakan privasi kami atau menghubungi kami melalui email di contato@100t.com.br.<\/p>\n<\/div><!--advertisement--><div class=\"mx-5 sm:mx-0 sm:text-3xl text-2xl font-medium title-font mb-4 text-gray-900 text-left\">\n<h2 id=\"h-escopo-da-politica-de-privacidade\">Ruang Lingkup Kebijakan Privasi<\/h2>\n<\/div><div class=\"mx-5 sm:mx-0 prose leading-relaxed text-lg mb-5 text-left wp-paragraph\">\n<p>100 Tecnologia beroperasi sebagai platform yang didedikasikan untuk konten dan promosi produk serta layanan, terutama di bidang-bidang seperti aplikasi dan inovasi teknologi. Fungsinya murni promosi, tanpa membangun kontrak langsung dengan pengguna.<\/p>\n<\/div><div class=\"mx-5 sm:mx-0 prose leading-relaxed text-lg mb-5 text-left wp-paragraph\">\n<p>Segala interaksi komersial antara pengguna dan mitra pengiklan terjadi di luar 100 Tecnologia, yang tidak meminta atau menyimpan informasi perbankan atau keuangan pengguna. Hubungan situs web dengan pengguna semata-mata didasarkan pada informasi.<\/p>\n<\/div><div class=\"mx-5 sm:mx-0 prose leading-relaxed text-lg mb-5 text-left wp-paragraph\">\n<p>Pengguna harus memberi tahu 100 Tecnologia melalui email di contato@100t.com.br jika menerima permintaan data pribadi. Platform ini tidak bertanggung jawab atas upaya penipuan yang dilakukan oleh pihak eksternal.<\/p>\n<\/div><!--advertisement--><div class=\"mx-5 sm:mx-0 sm:text-3xl text-2xl font-medium title-font mb-4 text-gray-900 text-left\">\n<h2 id=\"h-sobre-consentimento\">Tentang Persetujuan<\/h2>\n<\/div><div class=\"mx-5 sm:mx-0 prose leading-relaxed text-lg mb-5 text-left wp-paragraph\">\n<p>Dengan menggunakan 100 Tecnologia, pengguna secara implisit menyetujui Kebijakan Privasi kami, yang penting untuk perlindungan semua pihak yang terlibat. <strong>Jika Anda tidak setuju dengan kebijakan ini, kami sarankan Anda tidak menggunakan layanan kami.<\/strong>.<\/p>\n<\/div><div class=\"mx-5 sm:mx-0 prose leading-relaxed text-lg mb-5 text-left wp-paragraph\">\n<p>Penting bagi Kebijakan ini untuk dipertimbangkan bersama dengan <a style=\" color:;\" href=\"https:\/\/100t.com.br\/id\/terms\/\">Syarat Penggunaan<\/a>, karena pertimbangan hukum. Dokumen-dokumen ini, bersama-sama, menetapkan praktik 100 Tecnologia terkait pengumpulan data dan kewajiban terkait, yang mencakup pengelolaan situs web dan penggunaan pengguna.<\/p>\n<\/div><!--advertisement--><div class=\"mx-5 sm:mx-0 sm:text-3xl text-2xl font-medium title-font mb-4 text-gray-900 text-left\">\n<h2 id=\"h-i-informacoes-que-coletamos\">I. Informasi yang Kami Kumpulkan<\/h2>\n<\/div><div class=\"mx-5 sm:mx-0 prose leading-relaxed text-lg mb-5 text-left wp-paragraph\">\n<p><strong>A. INFORMASI YANG DIKUMPULKAN SECARA LANGSUNG<\/strong><\/p>\n<\/div><div class=\"mx-5 sm:mx-0 prose leading-relaxed text-lg mb-5 text-left wp-paragraph\">\n<p>Browsing 100 Tecnologia tidak secara otomatis mengumpulkan data pribadi. Namun, untuk mengakses konten eksklusif, pengguna dapat mendaftar dengan memberikan informasi seperti nama, alamat email, nomor telepon, dan alamat.<\/p>\n<\/div><div class=\"mx-5 sm:mx-0 prose leading-relaxed text-lg mb-5 text-left wp-paragraph\">\n<p>Pengumpulan data di area terbatas ini memungkinkan 100 Tecnologia menawarkan konten yang dipersonalisasi dan memverifikasi identitas pengguna, baik individu maupun perusahaan. Hal ini juga membantu menciptakan strategi yang dipersonalisasi untuk setiap pengguna.<\/p>\n<\/div><div class=\"mx-5 sm:mx-0 prose leading-relaxed text-lg mb-5 text-left wp-paragraph\">\n<p>Selain itu, kami mengumpulkan data pribadi ketika pengguna menghubungi 100 Tecnologia untuk meminta informasi atau melaporkan masalah. Data ini disimpan untuk keperluan administrasi dan kontrol situs web.<\/p>\n<\/div><div class=\"mx-5 sm:mx-0 prose leading-relaxed text-lg mb-5 text-left wp-paragraph\">\n<p><strong>B. INFORMASI YANG DIKUMPULKAN SECARA OTOMATIS<\/strong><\/p>\n<\/div><div class=\"mx-5 sm:mx-0 prose leading-relaxed text-lg mb-5 text-left wp-paragraph\">\n<p>100 Tecnologia tidak hanya mengumpulkan data pribadi yang diberikan secara sukarela saat pendaftaran atau kontak langsung, tetapi juga data non-pribadi saat menjelajahi situs web. Pengumpulan ini meningkatkan pengalaman pengguna dan memandu kampanye di situs web mitra kami.<\/p>\n<\/div><div class=\"mx-5 sm:mx-0 prose leading-relaxed text-lg mb-5 text-left wp-paragraph\">\n<p>Berkas log menangkap informasi seperti alamat IP, jenis peramban, penyedia layanan Internet, tanggal dan waktu akses, halaman masuk dan keluar, dan klik yang dilakukan.<\/p>\n<\/div><div class=\"mx-5 sm:mx-0 prose leading-relaxed text-lg mb-5 text-left wp-paragraph\">\n<p>Kami menggunakan cookie untuk memahami preferensi pengguna. Cookie melacak aktivitas seperti klik untuk membuat profil konsumsi. Ini membantu kami mempersonalisasi penawaran dan pengalaman, meningkatkan relevansi dan penerimaan pengguna. Cookie dapat dinonaktifkan di pengaturan sistem operasi pengguna; <strong>kegagalan untuk menonaktifkan menyiratkan persetujuan untuk penggunaannya<\/strong>.<\/p>\n<\/div><div class=\"mx-5 sm:mx-0 prose leading-relaxed text-lg mb-5 text-left wp-paragraph\">\n<p><strong>C. INFORMASI DARI SUMBER EKSTERNAL<\/strong><\/p>\n<\/div><div class=\"mx-5 sm:mx-0 prose leading-relaxed text-lg mb-5 text-left wp-paragraph\">\n<p>100 Tecnologia menggunakan Google Analytics untuk menganalisis penggunaan situs web dan meningkatkan pengalaman pengguna. Cookie melacak informasi seperti durasi kunjungan dan halaman yang dilihat, dengan detail selengkapnya tersedia di situs web resmi. <a style=\" color:;\" href=\"https:\/\/developers.google.com\/analytics\/devguides\/collection\/gajs\/cookie-usage?hl=pt-br\">Google Analytics<\/a>.<\/p>\n<\/div><div class=\"mx-5 sm:mx-0 prose leading-relaxed text-lg mb-5 text-left wp-paragraph\">\n<p>Kami juga menggunakan analitik dan cookie pihak ketiga untuk menghasilkan konten yang menarik, melacak waktu di situs dan halaman yang dikunjungi. Saat menguji fitur baru, cookie membantu menjaga konsistensi pengalaman dan mengevaluasi optimasi yang diperlukan.<\/p>\n<\/div><div class=\"mx-5 sm:mx-0 prose leading-relaxed text-lg mb-5 text-left wp-paragraph\">\n<p>Untuk periklanan, kami menggunakan Google AdSense, yang menggunakan cookie untuk menampilkan iklan yang relevan dan membatasi iklan berulang. Informasi selengkapnya dapat ditemukan di FAQ Google AdSense. <a style=\" color:;\" href=\"https:\/\/support.google.com\/adsense\/answer\/3394713?hl=pt-BR\">Google AdSense<\/a>.<\/p>\n<\/div><div class=\"mx-5 sm:mx-0 prose leading-relaxed text-lg mb-5 text-left wp-paragraph\">\n<p>Iklan merupakan sumber pendanaan untuk situs web dan pengembangan di masa mendatang. Kuki iklan perilaku bertujuan untuk menayangkan iklan yang relevan. Selain itu, kuki pelacakan afiliasi membantu kami mengidentifikasi apakah pengguna mengakses situs melalui mitra, sehingga memungkinkan pemberian kredit yang sesuai.<\/p>\n<\/div><div class=\"mx-5 sm:mx-0 prose leading-relaxed text-lg mb-5 text-left wp-paragraph\">\n<p>Kami tidak mengelola kuki mitra, tetapi pengguna dapat menonaktifkannya di pengaturan sistem operasi mereka. Pengalihan ke halaman mitra tidak menyiratkan hubungan langsung. Kebijakan privasi kami hanya berlaku untuk kunjungan ke 100 Tecnologia.<\/p>\n<\/div><!--advertisement--><div class=\"mx-5 sm:mx-0 sm:text-3xl text-2xl font-medium title-font mb-4 text-gray-900 text-left\">\n<h2 id=\"h-ii-como-usamos-suas-informacoes\">II. Bagaimana Kami Menggunakan Informasi Anda<\/h2>\n<\/div><div class=\"mx-5 sm:mx-0 prose leading-relaxed text-lg mb-5 text-left wp-paragraph\">\n<p>100 Tecnologia menggunakan informasi yang diperoleh melalui situs web untuk meningkatkan pengalaman pengguna dan efisiensi operasional. Hal ini meliputi:<\/p>\n<\/div><div class=\"mx-5 sm:mx-0 prose text-left mb-5\">\n<ul><div class=\"mx-5 sm:mx-0 prose text-left mb-5\">\n<li>Memelihara situs web untuk memastikan fungsinya yang efisien.<\/li>\n<\/div>\n\n<div class=\"mx-5 sm:mx-0 prose text-left mb-5\">\n<li>Personalisasi dan perluas penawaran situs web, penuhi kebutuhan dan preferensi pengguna.<\/li>\n<\/div>\n\n<div class=\"mx-5 sm:mx-0 prose text-left mb-5\">\n<li>Menganalisis pola penggunaan pengguna untuk menyesuaikan fungsionalitas dan konten situs web.<\/li>\n<\/div>\n\n<div class=\"mx-5 sm:mx-0 prose text-left mb-5\">\n<li>Mengembangkan produk, layanan, dan fitur baru, selaras dengan tuntutan pengguna yang terus meningkat dan inovasi teknologi.<\/li>\n<\/div>\n\n<div class=\"mx-5 sm:mx-0 prose text-left mb-5\">\n<li>Berinteraksi langsung dengan pengguna atau melalui mitra, menyediakan dukungan pelanggan, pembaruan situs web, dan informasi untuk pemasaran dan promosi.<\/li>\n<\/div>\n\n<div class=\"mx-5 sm:mx-0 prose text-left mb-5\">\n<li>Kirim email tentang topik yang menarik, seperti buletin, promosi, dan pengumuman lainnya.<\/li>\n<\/div>\n\n<div class=\"mx-5 sm:mx-0 prose text-left mb-5\">\n<li>Identifikasi dan cegah aktivitas penipuan untuk melindungi keamanan situs web dan integritas informasi pribadi pengguna.<\/li>\n<\/div><\/ul>\n<\/div><!--advertisement--><div class=\"mx-5 sm:mx-0 sm:text-3xl text-2xl font-medium title-font mb-4 text-gray-900 text-left\">\n<h2 id=\"h-iii-comprometimento-em-proteger-suas-informacoes\">III. Komitmen untuk Melindungi Informasi Anda<\/h2>\n<\/div><div class=\"mx-5 sm:mx-0 prose leading-relaxed text-lg mb-5 text-left wp-paragraph\">\n<p>100 Tecnologia tidak menjual informasi pengguna. Namun, sebagaimana disebutkan di atas, kami dapat membagikan data dengan mitra untuk meningkatkan pengalaman pengguna dan mengembangkan strategi untuk produk dan layanan kami. Pengguna dapat memilih untuk tidak membagikan informasi mereka, sesuai dengan Undang-Undang Perlindungan Data Umum (LGPD).<\/p>\n<\/div><div class=\"mx-5 sm:mx-0 prose leading-relaxed text-lg mb-5 text-left wp-paragraph\">\n<p>Kami menegaskan kembali komitmen kami terhadap keamanan dalam pengumpulan dan penyimpanan data, yang bertujuan untuk meningkatkan pengalaman pengguna dan mengembangkan strategi, layanan, dan produk untuk situs web.<\/p>\n<\/div><div class=\"mx-5 sm:mx-0 prose leading-relaxed text-lg mb-5 text-left wp-paragraph\">\n<p>Kami menyadari bahwa keamanan data sepenuhnya di internet tidak terjamin. Oleh karena itu, 100 Tecnologia berhak untuk menanggapi secara hukum setiap pelanggaran data oleh pihak ketiga yang berniat jahat.<\/p>\n<\/div><!--advertisement--><div class=\"mx-5 sm:mx-0 sm:text-3xl text-2xl font-medium title-font mb-4 text-gray-900 text-left\">\n<h2 id=\"h-iv-exercitando-os-seus-direitos\">IV. Melaksanakan Hak Anda<\/h2>\n<\/div><div class=\"mx-5 sm:mx-0 prose leading-relaxed text-lg mb-5 text-left wp-paragraph\">\n<p><strong>1. Hak Anda<\/strong><\/p>\n<\/div><div class=\"mx-5 sm:mx-0 prose leading-relaxed text-lg mb-5 text-left wp-paragraph\">\n<p>100 Tecnologia mengumpulkan informasi pribadi hanya ketika diperlukan untuk menyediakan layanan tertentu. Pengumpulan ini dilakukan secara adil dan sah, dengan transparansi penuh dan persetujuan pengguna, dan kami mengklarifikasi tujuan dan penggunaan data ini.<\/p>\n<\/div><div class=\"mx-5 sm:mx-0 prose leading-relaxed text-lg mb-5 text-left wp-paragraph\">\n<p>Anda dapat memilih untuk tidak memberikan informasi pribadi Anda, tetapi hal ini dapat membatasi kemampuan kami untuk menyediakan layanan tertentu. Kami tidak mengungkapkan informasi pribadi Anda kepada publik atau pihak ketiga, kecuali sebagaimana diwajibkan oleh hukum. Jika Anda ingin data pribadi Anda dihapus dari catatan kami, silakan hubungi kami.<\/p>\n<\/div><div class=\"mx-5 sm:mx-0 prose leading-relaxed text-lg mb-5 text-left wp-paragraph\">\n<p><strong>2. Kebijakan Penyimpanan Informasi<\/strong><\/p>\n<\/div><div class=\"mx-5 sm:mx-0 prose leading-relaxed text-lg mb-5 text-left wp-paragraph\">\n<p>100 Tecnologia menyimpan informasi yang dikumpulkan hanya selama periode yang diperlukan untuk menyediakan layanan yang diminta. Data disimpan dengan langkah-langkah keamanan yang efektif untuk mencegah kehilangan, pencurian, akses tanpa izin, pengungkapan, penyalinan, penggunaan, atau pengubahan.<\/p>\n<\/div><!--advertisement--><div class=\"mx-5 sm:mx-0 sm:text-3xl text-2xl font-medium title-font mb-4 text-gray-900 text-left\">\n<h2 id=\"h-v-lei-geral-de-protecao-de-dados-lgpd\">V. Undang-Undang Perlindungan Data Umum (LGPD)<\/h2>\n<\/div><div class=\"mx-5 sm:mx-0 prose leading-relaxed text-lg mb-5 text-left wp-paragraph\">\n<p>Di Brasil, Undang-Undang Perlindungan Data Umum (LGPD) menjamin perlindungan data pengguna daring. Berdasarkan LGPD, pengguna berhak mengakses data yang dikumpulkan, meminta penghapusannya, dan mengambil tindakan hukum terhadap perusahaan jika diperlukan.<\/p>\n<\/div><div class=\"mx-5 sm:mx-0 prose leading-relaxed text-lg mb-5 text-left wp-paragraph\">\n<p>100 Tecnologia berkomitmen untuk menyediakan semua informasi yang diperlukan dan memfasilitasi prosedur yang sesuai agar pengguna dapat menggunakan hak mereka berdasarkan LGPD. Untuk tujuan ini, kami menyediakan saluran kontak langsung melalui email di contato@100t.com.br.<\/p>\n<\/div><!--advertisement--><div class=\"mx-5 sm:mx-0 sm:text-3xl text-2xl font-medium title-font mb-4 text-gray-900 text-left\">\n<h2 id=\"h-vi-avisos-parentais\">VI. Pemberitahuan Orang Tua<\/h2>\n<\/div><div class=\"mx-5 sm:mx-0 prose leading-relaxed text-lg mb-5 text-left wp-paragraph\">\n<p>100 Tecnologia, sesuai dengan LGPD, tidak bertujuan untuk mengumpulkan data dari anak di bawah umur 18 tahun dan mendorong orang tua dan wali untuk memantau penggunaan internet anak-anak dan remaja.<\/p>\n<\/div><div class=\"mx-5 sm:mx-0 prose leading-relaxed text-lg mb-5 text-left wp-paragraph\">\n<p>Menyadari kesulitan dalam memverifikasi usia pengguna, kami berkomitmen untuk segera menghapus data pribadi anak di bawah umur segera setelah kami mengidentifikasi mereka.<\/p>\n<\/div><div class=\"mx-5 sm:mx-0 prose leading-relaxed text-lg mb-5 text-left wp-paragraph\">\n<p>Untuk melaporkan kejadian pengumpulan data dari anak di bawah umur, orang tua dan wali dapat menghubungi kami melalui email di contato@100t.com.br, sehingga kami dapat mengambil tindakan untuk menghapus informasi ini.<\/p>\n<\/div><!--advertisement--><div class=\"mx-5 sm:mx-0 sm:text-3xl text-2xl font-medium title-font mb-4 text-gray-900 text-left\">\n<h2 id=\"h-vii-revisao-da-nossa-politica-de-privacidade\">VII. Tinjauan Kebijakan Privasi Kami<\/h2>\n<\/div><div class=\"mx-5 sm:mx-0 prose leading-relaxed text-lg mb-5 text-left wp-paragraph\">\n<p>100 Tecnologia berhak mengubah Kebijakan Privasi sebagaimana diperlukan untuk beradaptasi dengan teknologi baru, undang-undang, atau perubahan operasional.<\/p>\n<\/div><div class=\"mx-5 sm:mx-0 prose leading-relaxed text-lg mb-5 text-left wp-paragraph\">\n<p>Kami berkomitmen untuk mengomunikasikan setiap perubahan kepada pengguna kami dengan jelas dan segera. Kami menyarankan Anda untuk meninjau Kebijakan Privasi kami secara berkala agar selalu mengetahui bagaimana informasi Anda dilindungi. Dengan terus menggunakan layanan kami setelah perubahan dilakukan, Anda menyetujui ketentuan baru.<\/p>\n<\/div><!--advertisement--><div class=\"mx-5 sm:mx-0 sm:text-3xl text-2xl font-medium title-font mb-4 text-gray-900 text-left\">\n<h2 id=\"h-viii-nossas-informacoes-de-contato\">VIII. Informasi Kontak Kami<\/h2>\n<\/div><div class=\"mx-5 sm:mx-0 prose leading-relaxed text-lg mb-5 text-left wp-paragraph\">\n<p>Jika Anda memiliki pertanyaan atau komentar tentang Kebijakan Privasi, kekhawatiran tentang data pribadi Anda, metode pengumpulan dan pembagian data kami, atau untuk mendiskusikan preferensi persetujuan Anda, silakan hubungi kami di contato@100t.com.br.<\/p>\n<\/div><div class=\"mx-5 sm:mx-0 prose leading-relaxed text-lg mb-5 text-left wp-paragraph\">\n<p>RubikTech O\u00dc<\/p>\n<\/div><div class=\"mx-5 sm:mx-0 prose leading-relaxed text-lg mb-5 text-left wp-paragraph\">\n<p>Kode Registrasi: 16826788<\/p>\n<\/div><div class=\"mx-5 sm:mx-0 prose leading-relaxed text-lg mb-5 text-left wp-paragraph\">\n<p>Estonia.<\/p>\n<\/div>","protected":false},"excerpt":{"rendered":"<p>Atualizada em 17 de Novembro de 2023. Introdu\u00e7\u00e3o e Sum\u00e1rio O site \u00e9 propriedade e operado pela Rubiktech O\u00dc, uma empresa registrada na Est\u00f4nia sob o n\u00famero de registro 16826788. O site 100 Tecnologia, acess\u00edvel em https:\/\/100t.com.br, oferece uma ampla gama de conte\u00fados, incluindo not\u00edcias atualizadas e promo\u00e7\u00f5es de diversos produtos e servi\u00e7os. Al\u00e9m disso,&hellip; <a class=\"more-link\" href=\"https:\/\/100t.com.br\/id\/privacy\/\">Lanjut membaca <span class=\"screen-reader-text\">Kebijakan Privasi \u2013 100 Tecnologia<\/span><\/a><\/p>","protected":false},"author":4,"featured_media":0,"parent":0,"menu_order":0,"comment_status":"closed","ping_status":"closed","template":"","meta":[],"yoast_head":"<!-- This site is optimized with the Yoast SEO Premium plugin v18.7 (Yoast SEO v19.1) - https:\/\/yoast.com\/wordpress\/plugins\/seo\/ -->\n<title>Pol\u00edtica de Privacidade - 100 Tecnologia - 100 Tech<\/title>\n<meta name=\"robots\" content=\"index, follow, max-snippet:-1, max-image-preview:large, max-video-preview:-1\" \/>\n<link rel=\"canonical\" href=\"https:\/\/100t.com.br\/id\/privacy\/\" \/>\n<meta property=\"og:locale\" content=\"id_ID\" \/>\n<meta property=\"og:type\" content=\"article\" \/>\n<meta property=\"og:title\" content=\"Pol\u00edtica de Privacidade - 100 Tecnologia\" \/>\n<meta property=\"og:description\" content=\"Atualizada em 17 de Novembro de 2023. Introdu\u00e7\u00e3o e Sum\u00e1rio O site \u00e9 propriedade e operado pela Rubiktech O\u00dc, uma empresa registrada na Est\u00f4nia sob o n\u00famero de registro 16826788. O site 100 Tecnologia, acess\u00edvel em https:\/\/100t.com.br, oferece uma ampla gama de conte\u00fados, incluindo not\u00edcias atualizadas e promo\u00e7\u00f5es de diversos produtos e servi\u00e7os. Al\u00e9m disso,&hellip; Continue reading Pol\u00edtica de Privacidade &#8211; 100 Tecnologia\" \/>\n<meta property=\"og:url\" content=\"https:\/\/100t.com.br\/id\/privacy\/\" \/>\n<meta property=\"og:site_name\" content=\"100 Tech\" \/>\n<meta property=\"article:modified_time\" content=\"2026-01-15T14:15:08+00:00\" \/>\n<meta name=\"twitter:card\" content=\"summary_large_image\" \/>\n<meta name=\"twitter:label1\" content=\"Est. reading time\" \/>\n\t<meta name=\"twitter:data1\" content=\"9 minutes\" \/>\n<script type=\"application\/ld+json\" class=\"yoast-schema-graph\">{\"@context\":\"https:\/\/schema.org\",\"@graph\":[{\"@type\":\"WebSite\",\"@id\":\"https:\/\/100t.com.br\/#website\",\"url\":\"https:\/\/100t.com.br\/\",\"name\":\"100 Tech\",\"description\":\"Tecnologia e Informa\u00e7\u00e3o\",\"potentialAction\":[{\"@type\":\"SearchAction\",\"target\":{\"@type\":\"EntryPoint\",\"urlTemplate\":\"https:\/\/100t.com.br\/?s={search_term_string}\"},\"query-input\":\"required name=search_term_string\"}],\"inLanguage\":\"id-ID\"},{\"@type\":\"WebPage\",\"@id\":\"https:\/\/100t.com.br\/privacy\/#webpage\",\"url\":\"https:\/\/100t.com.br\/privacy\/\",\"name\":\"Pol\u00edtica de Privacidade - 100 Tecnologia - 100 Tech\",\"isPartOf\":{\"@id\":\"https:\/\/100t.com.br\/#website\"},\"datePublished\":\"2023-03-31T16:22:41+00:00\",\"dateModified\":\"2026-01-15T14:15:08+00:00\",\"breadcrumb\":{\"@id\":\"https:\/\/100t.com.br\/privacy\/#breadcrumb\"},\"inLanguage\":\"id-ID\",\"potentialAction\":[{\"@type\":\"ReadAction\",\"target\":[\"https:\/\/100t.com.br\/privacy\/\"]}]},{\"@type\":\"BreadcrumbList\",\"@id\":\"https:\/\/100t.com.br\/privacy\/#breadcrumb\",\"itemListElement\":[{\"@type\":\"ListItem\",\"position\":1,\"name\":\"Home\",\"item\":\"https:\/\/100t.com.br\/id\/\"},{\"@type\":\"ListItem\",\"position\":2,\"name\":\"Pol\u00edtica de Privacidade &#8211; 100 Tecnologia\"}]}]}<\/script>\n<!-- \/ Yoast SEO Premium plugin. -->","yoast_head_json":{"title":"Pol\u00edtica de Privacidade - 100 Tecnologia - 100 Tech","robots":{"index":"index","follow":"follow","max-snippet":"max-snippet:-1","max-image-preview":"max-image-preview:large","max-video-preview":"max-video-preview:-1"},"canonical":"https:\/\/100t.com.br\/id\/privacy\/","og_locale":"id_ID","og_type":"article","og_title":"Pol\u00edtica de Privacidade - 100 Tecnologia","og_description":"Atualizada em 17 de Novembro de 2023. Introdu\u00e7\u00e3o e Sum\u00e1rio O site \u00e9 propriedade e operado pela Rubiktech O\u00dc, uma empresa registrada na Est\u00f4nia sob o n\u00famero de registro 16826788. O site 100 Tecnologia, acess\u00edvel em https:\/\/100t.com.br, oferece uma ampla gama de conte\u00fados, incluindo not\u00edcias atualizadas e promo\u00e7\u00f5es de diversos produtos e servi\u00e7os. Al\u00e9m disso,&hellip; Continue reading Pol\u00edtica de Privacidade &#8211; 100 Tecnologia","og_url":"https:\/\/100t.com.br\/id\/privacy\/","og_site_name":"100 Tech","article_modified_time":"2026-01-15T14:15:08+00:00","twitter_card":"summary_large_image","twitter_misc":{"Est. reading time":"9 minutes"},"schema":{"@context":"https:\/\/schema.org","@graph":[{"@type":"WebSite","@id":"https:\/\/100t.com.br\/#website","url":"https:\/\/100t.com.br\/","name":"100 Tech","description":"Tecnologia e Informa\u00e7\u00e3o","potentialAction":[{"@type":"SearchAction","target":{"@type":"EntryPoint","urlTemplate":"https:\/\/100t.com.br\/?s={search_term_string}"},"query-input":"required name=search_term_string"}],"inLanguage":"id-ID"},{"@type":"WebPage","@id":"https:\/\/100t.com.br\/privacy\/#webpage","url":"https:\/\/100t.com.br\/privacy\/","name":"Pol\u00edtica de Privacidade - 100 Tecnologia - 100 Tech","isPartOf":{"@id":"https:\/\/100t.com.br\/#website"},"datePublished":"2023-03-31T16:22:41+00:00","dateModified":"2026-01-15T14:15:08+00:00","breadcrumb":{"@id":"https:\/\/100t.com.br\/privacy\/#breadcrumb"},"inLanguage":"id-ID","potentialAction":[{"@type":"ReadAction","target":["https:\/\/100t.com.br\/privacy\/"]}]},{"@type":"BreadcrumbList","@id":"https:\/\/100t.com.br\/privacy\/#breadcrumb","itemListElement":[{"@type":"ListItem","position":1,"name":"Home","item":"https:\/\/100t.com.br\/id\/"},{"@type":"ListItem","position":2,"name":"Pol\u00edtica de Privacidade &#8211; 100 Tecnologia"}]}]}},"_links":{"self":[{"href":"https:\/\/100t.com.br\/id\/wp-json\/wp\/v2\/pages\/4828"}],"collection":[{"href":"https:\/\/100t.com.br\/id\/wp-json\/wp\/v2\/pages"}],"about":[{"href":"https:\/\/100t.com.br\/id\/wp-json\/wp\/v2\/types\/page"}],"author":[{"embeddable":true,"href":"https:\/\/100t.com.br\/id\/wp-json\/wp\/v2\/users\/4"}],"replies":[{"embeddable":true,"href":"https:\/\/100t.com.br\/id\/wp-json\/wp\/v2\/comments?post=4828"}],"version-history":[{"count":0,"href":"https:\/\/100t.com.br\/id\/wp-json\/wp\/v2\/pages\/4828\/revisions"}],"wp:attachment":[{"href":"https:\/\/100t.com.br\/id\/wp-json\/wp\/v2\/media?parent=4828"}],"curies":[{"name":"wp","href":"https:\/\/api.w.org\/{rel}","templated":true}]}}