{"id":4836,"date":"2023-03-31T17:35:45","date_gmt":"2023-03-31T17:35:45","guid":{"rendered":"https:\/\/100t.com.br\/?page_id=4836"},"modified":"2025-07-25T19:36:23","modified_gmt":"2025-07-25T19:36:23","slug":"about","status":"publish","type":"page","link":"https:\/\/100t.com.br\/hu\/about\/","title":{"rendered":"R\u00f3lunk"},"content":{"rendered":"<!--advertisement--><div class=\"mx-5 sm:mx-0 sm:text-3xl text-2xl font-medium title-font mb-4 text-gray-900 text-left\">\n<h2 id=\"h-informacao-inteligente-para-quem-quer-estar-sempre-a-frente\">Okos inform\u00e1ci\u00f3k azoknak, akik szeretn\u00e9nek l\u00e9p\u00e9st tartani<\/h2>\n<\/div><div class=\"mx-5 sm:mx-0 prose leading-relaxed text-lg mb-5 text-left wp-paragraph\">\n<p>A technol\u00f3gia mindenhol jelen van \u2013 az alkalmaz\u00e1sban, amely megk\u00f6nny\u00edti a rutinodat, a sportban, amelyet k\u00f6vetsz, a tervezett utaz\u00e1sban, vagy ak\u00e1r abban az \u00e1ll\u00e1saj\u00e1nlatban is, amely megv\u00e1ltoztathatja az \u00e9letedet. <strong>100 tech<\/strong> az\u00e9rt l\u00e9tezik, hogy egyszer\u0171, gyors \u00e9s hasznos m\u00f3don csatlakoztasson mindezekhez.<\/p>\n<\/div><!--advertisement--><div class=\"mx-5 sm:mx-0 sm:text-3xl text-2xl font-medium title-font mb-4 text-gray-900 text-left\">\n<h2>Kik vagyunk?<\/h2>\n<\/div><div class=\"mx-5 sm:mx-0 prose leading-relaxed text-lg mb-5 text-left wp-paragraph\">\n<p>A RubikTech egy tartalom- \u00e9s inform\u00e1ci\u00f3szolg\u00e1ltat\u00f3 v\u00e1llalat, amely elk\u00f6telezett amellett, hogy k\u00f6vetkezetesen a legjobb tartalmat biztos\u00edtsa vil\u00e1gos \u00e9s naprak\u00e9sz form\u00e1tumban.<\/p>\n<\/div><div class=\"mx-5 sm:mx-0 prose leading-relaxed text-lg mb-5 text-left wp-paragraph\">\n<p>Besz\u00e9l\u00fcnk az alkalmaz\u00e1sok vil\u00e1g\u00e1nak leg\u00fajabb trendjeir\u0151l, aj\u00e1nljuk a legjobb digit\u00e1lis eszk\u00f6z\u00f6ket a kikapcsol\u00f3d\u00e1sra, munk\u00e1ra vagy k\u00e9nyelemre v\u00e1gy\u00f3knak, \u00e9s elm\u00e9lyed\u00fcnk a jelent \u00e9s a j\u00f6v\u0151t alak\u00edt\u00f3 trendekben.<\/p>\n<\/div><!--advertisement--><div class=\"mx-5 sm:mx-0 sm:text-3xl text-2xl font-medium title-font mb-4 text-gray-900 text-left\">\n<h2>Mit csin\u00e1lunk<\/h2>\n<\/div><div class=\"mx-5 sm:mx-0 prose text-left mb-5\">\n<ul><div class=\"mx-5 sm:mx-0 prose text-left mb-5\">\n<li><strong>Hasznos \u00e9s naprak\u00e9sz alkalmaz\u00e1sokat aj\u00e1nlunk<\/strong>: termel\u00e9kenys\u00e9g, eg\u00e9szs\u00e9g, sz\u00f3rakoz\u00e1s \u00e9s egyebek.<\/li>\n<\/div>\n\n<div class=\"mx-5 sm:mx-0 prose text-left mb-5\">\n<li><strong>\u00d6sszek\u00f6tj\u00fck \u00d6nt a sport \u00e9s a sz\u00f3rakoz\u00e1s leg\u00fajabb h\u00edreivel<\/strong>, digit\u00e1lis platformokra \u00f6sszpontos\u00edtva.<\/li>\n<\/div>\n\n<div class=\"mx-5 sm:mx-0 prose text-left mb-5\">\n<li><strong>Bemutatjuk, hogyan nyitja meg a technol\u00f3gia a kapukat azok el\u0151tt, akik dolgozni, utazni vagy v\u00e1llalkoz\u00e1st ind\u00edtani szeretn\u00e9nek.<\/strong><\/li>\n<\/div>\n\n<div class=\"mx-5 sm:mx-0 prose text-left mb-5\">\n<li><strong>Mindent vil\u00e1gosan elmagyar\u00e1zunk<\/strong>: k\u00f6zvetlen, hozz\u00e1f\u00e9rhet\u0151 \u00e9s megb\u00edzhat\u00f3 tartalom.<\/li>\n<\/div><\/ul>\n<\/div><div class=\"mx-5 sm:mx-0 prose leading-relaxed text-lg mb-5 text-left wp-paragraph\">\n<p>Elk\u00f6telezettek vagyunk az ir\u00e1nt, hogy seg\u00edts\u00fcnk \u00d6nnek jobb d\u00f6nt\u00e9seket hozni, id\u0151t megtakar\u00edtani, \u00e9s a legt\u00f6bbet kihozni a technol\u00f3gia k\u00edn\u00e1lta \u00f6sszes lehet\u0151s\u00e9gb\u0151l.<\/p>\n<\/div><!--advertisement--><div class=\"mx-5 sm:mx-0 sm:text-3xl text-2xl font-medium title-font mb-4 text-gray-900 text-left\">\n<h3>Jogi nyilatkozat<\/h3>\n<\/div><div class=\"mx-5 sm:mx-0 prose leading-relaxed text-lg mb-5 text-left wp-paragraph\">\n<p>O <strong>100 tech<\/strong> kiz\u00e1r\u00f3lag t\u00e1j\u00e9koztat\u00f3 jelleg\u0171 port\u00e1l. Nincsenek kereskedelmi kapcsolataink a tartalmunkban eml\u00edtett term\u00e9kekkel, alkalmaz\u00e1sokkal vagy v\u00e1llalatokkal. Minden aj\u00e1nl\u00e1st f\u00fcggetlen\u00fcl tesz\u00fcnk, azzal a c\u00e9llal, hogy seg\u00edts\u00fck olvas\u00f3inkat megalapozottabb \u00e9s megalapozottabb d\u00f6nt\u00e9seket hozni a digit\u00e1lis vil\u00e1gban.<\/p>\n<\/div><!--advertisement--><div class=\"mx-5 sm:mx-0 sm:text-3xl text-2xl font-medium title-font mb-4 text-gray-900 text-left\">\n<h2>seg\u00edtsen jav\u00edtani<\/h2>\n<\/div><div class=\"mx-5 sm:mx-0 prose leading-relaxed text-lg mb-5 text-left wp-paragraph\">\n<p>Nagyra \u00e9rt\u00e9kelj\u00fck \u00f6tleteit \u00e9s javaslatait, hogy m\u00e9g t\u00f6bbet tudjunk jav\u00edtani. Ossza meg vel\u00fcnk v\u00e9lem\u00e9ny\u00e9t!<\/p>\n<\/div>","protected":false},"excerpt":{"rendered":"<p>Intelligens inform\u00e1ci\u00f3k azoknak, akik mindig el\u0151r\u00e9bb szeretn\u00e9nek j\u00e1rni. A technol\u00f3gia mindenhol jelen van \u2013 az alkalmaz\u00e1sban, amely leegyszer\u0171s\u00edti a rutinodat, a sportban, amelyet k\u00f6vetsz, a tervezett utaz\u00e1sban, vagy ak\u00e1r abban az \u00e1ll\u00e1saj\u00e1nlatban is, amely megv\u00e1ltoztathatja az \u00e9letedet. A 100 Tech az\u00e9rt l\u00e9tezik, hogy egyszer\u0171en \u00e9s gyorsan \u00f6sszekapcsoljon mindezzel\u2026 <a class=\"more-link\" href=\"https:\/\/100t.com.br\/hu\/about\/\">olvasson tov\u00e1bb <span class=\"screen-reader-text\">R\u00f3lunk<\/span><\/a><\/p>","protected":false},"author":4,"featured_media":0,"parent":0,"menu_order":0,"comment_status":"closed","ping_status":"closed","template":"","meta":[],"yoast_head":"<!-- This site is optimized with the Yoast SEO Premium plugin v18.7 (Yoast SEO v19.1) - https:\/\/yoast.com\/wordpress\/plugins\/seo\/ -->\n<title>Sobre N\u00f3s - 100 Tech<\/title>\n<meta name=\"robots\" content=\"index, follow, max-snippet:-1, max-image-preview:large, max-video-preview:-1\" \/>\n<link rel=\"canonical\" href=\"https:\/\/100t.com.br\/hu\/about\/\" \/>\n<meta property=\"og:locale\" content=\"hu_HU\" \/>\n<meta property=\"og:type\" content=\"article\" \/>\n<meta property=\"og:title\" content=\"Sobre N\u00f3s\" \/>\n<meta property=\"og:description\" content=\"Informa\u00e7\u00e3o inteligente para quem quer estar sempre \u00e0 frente A tecnologia est\u00e1 em tudo \u2014 no app que facilita sua rotina, no esporte que voc\u00ea acompanha, na viagem que planeja ou at\u00e9 naquela vaga de emprego que pode mudar sua vida. O 100 Tech existe para conectar voc\u00ea a tudo isso de forma simples, r\u00e1pida&hellip; Continue reading Sobre N\u00f3s\" \/>\n<meta property=\"og:url\" content=\"https:\/\/100t.com.br\/hu\/about\/\" \/>\n<meta property=\"og:site_name\" content=\"100 Tech\" \/>\n<meta property=\"article:modified_time\" content=\"2025-07-25T19:36:23+00:00\" \/>\n<meta name=\"twitter:card\" content=\"summary_large_image\" \/>\n<meta name=\"twitter:label1\" content=\"Est. reading time\" \/>\n\t<meta name=\"twitter:data1\" content=\"2 minutes\" \/>\n<script type=\"application\/ld+json\" class=\"yoast-schema-graph\">{\"@context\":\"https:\/\/schema.org\",\"@graph\":[{\"@type\":\"WebSite\",\"@id\":\"https:\/\/100t.com.br\/#website\",\"url\":\"https:\/\/100t.com.br\/\",\"name\":\"100 Tech\",\"description\":\"Tecnologia e Informa\u00e7\u00e3o\",\"potentialAction\":[{\"@type\":\"SearchAction\",\"target\":{\"@type\":\"EntryPoint\",\"urlTemplate\":\"https:\/\/100t.com.br\/?s={search_term_string}\"},\"query-input\":\"required name=search_term_string\"}],\"inLanguage\":\"hu-HU\"},{\"@type\":\"WebPage\",\"@id\":\"https:\/\/100t.com.br\/about\/#webpage\",\"url\":\"https:\/\/100t.com.br\/about\/\",\"name\":\"Sobre N\u00f3s - 100 Tech\",\"isPartOf\":{\"@id\":\"https:\/\/100t.com.br\/#website\"},\"datePublished\":\"2023-03-31T17:35:45+00:00\",\"dateModified\":\"2025-07-25T19:36:23+00:00\",\"breadcrumb\":{\"@id\":\"https:\/\/100t.com.br\/about\/#breadcrumb\"},\"inLanguage\":\"hu-HU\",\"potentialAction\":[{\"@type\":\"ReadAction\",\"target\":[\"https:\/\/100t.com.br\/about\/\"]}]},{\"@type\":\"BreadcrumbList\",\"@id\":\"https:\/\/100t.com.br\/about\/#breadcrumb\",\"itemListElement\":[{\"@type\":\"ListItem\",\"position\":1,\"name\":\"Home\",\"item\":\"https:\/\/100t.com.br\/hu\/\"},{\"@type\":\"ListItem\",\"position\":2,\"name\":\"Sobre N\u00f3s\"}]}]}<\/script>\n<!-- \/ Yoast SEO Premium plugin. -->","yoast_head_json":{"title":"Sobre N\u00f3s - 100 Tech","robots":{"index":"index","follow":"follow","max-snippet":"max-snippet:-1","max-image-preview":"max-image-preview:large","max-video-preview":"max-video-preview:-1"},"canonical":"https:\/\/100t.com.br\/hu\/about\/","og_locale":"hu_HU","og_type":"article","og_title":"Sobre N\u00f3s","og_description":"Informa\u00e7\u00e3o inteligente para quem quer estar sempre \u00e0 frente A tecnologia est\u00e1 em tudo \u2014 no app que facilita sua rotina, no esporte que voc\u00ea acompanha, na viagem que planeja ou at\u00e9 naquela vaga de emprego que pode mudar sua vida. O 100 Tech existe para conectar voc\u00ea a tudo isso de forma simples, r\u00e1pida&hellip; Continue reading Sobre N\u00f3s","og_url":"https:\/\/100t.com.br\/hu\/about\/","og_site_name":"100 Tech","article_modified_time":"2025-07-25T19:36:23+00:00","twitter_card":"summary_large_image","twitter_misc":{"Est. reading time":"2 minutes"},"schema":{"@context":"https:\/\/schema.org","@graph":[{"@type":"WebSite","@id":"https:\/\/100t.com.br\/#website","url":"https:\/\/100t.com.br\/","name":"100 Tech","description":"Tecnologia e Informa\u00e7\u00e3o","potentialAction":[{"@type":"SearchAction","target":{"@type":"EntryPoint","urlTemplate":"https:\/\/100t.com.br\/?s={search_term_string}"},"query-input":"required name=search_term_string"}],"inLanguage":"hu-HU"},{"@type":"WebPage","@id":"https:\/\/100t.com.br\/about\/#webpage","url":"https:\/\/100t.com.br\/about\/","name":"Sobre N\u00f3s - 100 Tech","isPartOf":{"@id":"https:\/\/100t.com.br\/#website"},"datePublished":"2023-03-31T17:35:45+00:00","dateModified":"2025-07-25T19:36:23+00:00","breadcrumb":{"@id":"https:\/\/100t.com.br\/about\/#breadcrumb"},"inLanguage":"hu-HU","potentialAction":[{"@type":"ReadAction","target":["https:\/\/100t.com.br\/about\/"]}]},{"@type":"BreadcrumbList","@id":"https:\/\/100t.com.br\/about\/#breadcrumb","itemListElement":[{"@type":"ListItem","position":1,"name":"Home","item":"https:\/\/100t.com.br\/hu\/"},{"@type":"ListItem","position":2,"name":"Sobre N\u00f3s"}]}]}},"_links":{"self":[{"href":"https:\/\/100t.com.br\/hu\/wp-json\/wp\/v2\/pages\/4836"}],"collection":[{"href":"https:\/\/100t.com.br\/hu\/wp-json\/wp\/v2\/pages"}],"about":[{"href":"https:\/\/100t.com.br\/hu\/wp-json\/wp\/v2\/types\/page"}],"author":[{"embeddable":true,"href":"https:\/\/100t.com.br\/hu\/wp-json\/wp\/v2\/users\/4"}],"replies":[{"embeddable":true,"href":"https:\/\/100t.com.br\/hu\/wp-json\/wp\/v2\/comments?post=4836"}],"version-history":[{"count":0,"href":"https:\/\/100t.com.br\/hu\/wp-json\/wp\/v2\/pages\/4836\/revisions"}],"wp:attachment":[{"href":"https:\/\/100t.com.br\/hu\/wp-json\/wp\/v2\/media?parent=4836"}],"curies":[{"name":"wp","href":"https:\/\/api.w.org\/{rel}","templated":true}]}}