{"id":4836,"date":"2023-03-31T17:35:45","date_gmt":"2023-03-31T17:35:45","guid":{"rendered":"https:\/\/100t.com.br\/?page_id=4836"},"modified":"2025-07-25T19:36:23","modified_gmt":"2025-07-25T19:36:23","slug":"about","status":"publish","type":"page","link":"https:\/\/100t.com.br\/he\/about\/","title":{"rendered":"\u05e2\u05dc\u05d9\u05e0\u05d5"},"content":{"rendered":"<!--advertisement--><div class=\"mx-5 sm:mx-0 sm:text-3xl text-2xl font-medium title-font mb-4 text-gray-900 text-left\">\n<h2 id=\"h-informacao-inteligente-para-quem-quer-estar-sempre-a-frente\">\u05de\u05d9\u05d3\u05e2 \u05d7\u05db\u05dd \u05dc\u05de\u05d9 \u05e9\u05e8\u05d5\u05e6\u05d4 \u05dc\u05d4\u05d9\u05d5\u05ea \u05ea\u05de\u05d9\u05d3 \u05e6\u05e2\u05d3 \u05d0\u05d7\u05d3 \u05e7\u05d3\u05d9\u05de\u05d4.<\/h2>\n<\/div><div class=\"mx-5 sm:mx-0 prose leading-relaxed text-lg mb-5 text-left wp-paragraph\">\n<p>\u05d8\u05db\u05e0\u05d5\u05dc\u05d5\u05d2\u05d9\u05d4 \u05e0\u05de\u05e6\u05d0\u05ea \u05d1\u05db\u05dc \u05de\u05e7\u05d5\u05dd - \u05d1\u05d0\u05e4\u05dc\u05d9\u05e7\u05e6\u05d9\u05d4 \u05e9\u05de\u05e4\u05e9\u05d8\u05ea \u05d0\u05ea \u05d4\u05e9\u05d2\u05e8\u05d4 \u05e9\u05dc\u05db\u05dd, \u05d1\u05e1\u05e4\u05d5\u05e8\u05d8 \u05e9\u05d0\u05ea\u05dd \u05e2\u05d5\u05e1\u05e7\u05d9\u05dd \u05d1\u05d5, \u05d1\u05d8\u05d9\u05d5\u05dc \u05e9\u05d0\u05ea\u05dd \u05de\u05ea\u05db\u05e0\u05e0\u05d9\u05dd, \u05d0\u05d5 \u05d0\u05e4\u05d9\u05dc\u05d5 \u05d1\u05de\u05e9\u05e8\u05d4 \u05d4\u05e4\u05e0\u05d5\u05d9\u05d4 \u05e9\u05d9\u05db\u05d5\u05dc\u05d4 \u05dc\u05e9\u05e0\u05d5\u05ea \u05d0\u05ea \u05d7\u05d9\u05d9\u05db\u05dd. <strong>100 \u05d8\u05e7<\/strong> \u05d4\u05d5\u05d0 \u05e7\u05d9\u05d9\u05dd \u05db\u05d3\u05d9 \u05dc\u05d7\u05d1\u05e8 \u05d0\u05d5\u05ea\u05da \u05dc\u05db\u05dc \u05d6\u05d4 \u05d1\u05e6\u05d5\u05e8\u05d4 \u05e4\u05e9\u05d5\u05d8\u05d4, \u05de\u05d4\u05d9\u05e8\u05d4 \u05d5\u05e9\u05d9\u05de\u05d5\u05e9\u05d9\u05ea.<\/p>\n<\/div><!--advertisement--><div class=\"mx-5 sm:mx-0 sm:text-3xl text-2xl font-medium title-font mb-4 text-gray-900 text-left\">\n<h2>\u05de\u05d9 \u05d0\u05e0\u05d7\u05e0\u05d5?<\/h2>\n<\/div><div class=\"mx-5 sm:mx-0 prose leading-relaxed text-lg mb-5 text-left wp-paragraph\">\n<p>RubikTech \u05d4\u05d9\u05d0 \u05d7\u05d1\u05e8\u05ea \u05ea\u05d5\u05db\u05df \u05d5\u05de\u05d9\u05d3\u05e2 \u05d4\u05de\u05d7\u05d5\u05d9\u05d1\u05ea \u05dc\u05e1\u05e4\u05e7 \u05d1\u05d0\u05d5\u05e4\u05df \u05e2\u05e7\u05d1\u05d9 \u05d0\u05ea \u05d4\u05ea\u05d5\u05db\u05df \u05d4\u05d8\u05d5\u05d1 \u05d1\u05d9\u05d5\u05ea\u05e8 \u05d1\u05e6\u05d5\u05e8\u05d4 \u05d1\u05e8\u05d5\u05e8\u05d4 \u05d5\u05e2\u05d3\u05db\u05e0\u05d9\u05ea.<\/p>\n<\/div><div class=\"mx-5 sm:mx-0 prose leading-relaxed text-lg mb-5 text-left wp-paragraph\">\n<p>\u05d0\u05e0\u05d7\u05e0\u05d5 \u05d3\u05e0\u05d9\u05dd \u05d1\u05de\u05d4 \u05e9\u05e7\u05d5\u05e8\u05d4 \u05d1\u05e2\u05d5\u05dc\u05dd \u05d4\u05d0\u05e4\u05dc\u05d9\u05e7\u05e6\u05d9\u05d5\u05ea, \u05de\u05de\u05dc\u05d9\u05e6\u05d9\u05dd \u05e2\u05dc \u05d4\u05db\u05dc\u05d9\u05dd \u05d4\u05d3\u05d9\u05d2\u05d9\u05d8\u05dc\u05d9\u05d9\u05dd \u05d4\u05d8\u05d5\u05d1\u05d9\u05dd \u05d1\u05d9\u05d5\u05ea\u05e8 \u05e2\u05d1\u05d5\u05e8 \u05d0\u05dc\u05d5 \u05d4\u05de\u05d7\u05e4\u05e9\u05d9\u05dd \u05e4\u05e0\u05d0\u05d9, \u05e2\u05d1\u05d5\u05d3\u05d4 \u05d0\u05d5 \u05e0\u05d5\u05d7\u05d5\u05ea, \u05d5\u05de\u05ea\u05e2\u05de\u05e7\u05d9\u05dd \u05d1\u05d8\u05e8\u05e0\u05d3\u05d9\u05dd \u05e9\u05de\u05e2\u05e6\u05d1\u05d9\u05dd \u05d0\u05ea \u05d4\u05d4\u05d5\u05d5\u05d4 \u05d5\u05d4\u05e2\u05ea\u05d9\u05d3.<\/p>\n<\/div><!--advertisement--><div class=\"mx-5 sm:mx-0 sm:text-3xl text-2xl font-medium title-font mb-4 text-gray-900 text-left\">\n<h2>\u05de\u05d4 \u05d0\u05e0\u05d7\u05e0\u05d5 \u05e2\u05d5\u05e9\u05d9\u05dd<\/h2>\n<\/div><div class=\"mx-5 sm:mx-0 prose text-left mb-5\">\n<ul><div class=\"mx-5 sm:mx-0 prose text-left mb-5\">\n<li><strong>\u05d0\u05e0\u05d5 \u05de\u05de\u05dc\u05d9\u05e6\u05d9\u05dd \u05e2\u05dc \u05d0\u05e4\u05dc\u05d9\u05e7\u05e6\u05d9\u05d5\u05ea \u05e9\u05d9\u05de\u05d5\u05e9\u05d9\u05d5\u05ea \u05d5\u05e2\u05d3\u05db\u05e0\u05d9\u05d5\u05ea.<\/strong>\u05e4\u05e8\u05d5\u05d3\u05d5\u05e7\u05d8\u05d9\u05d1\u05d9\u05d5\u05ea, \u05d1\u05e8\u05d9\u05d0\u05d5\u05ea, \u05d1\u05d9\u05d3\u05d5\u05e8 \u05d5\u05e2\u05d5\u05d3.<\/li>\n<\/div>\n\n<div class=\"mx-5 sm:mx-0 prose text-left mb-5\">\n<li><strong>\u05d0\u05e0\u05d7\u05e0\u05d5 \u05de\u05d7\u05d1\u05e8\u05d9\u05dd \u05d0\u05ea\u05db\u05dd \u05dc\u05de\u05d4 \u05e9\u05e8\u05dc\u05d5\u05d5\u05e0\u05d8\u05d9 \u05d1\u05e1\u05e4\u05d5\u05e8\u05d8 \u05d5\u05d1\u05d9\u05d3\u05d5\u05e8.<\/strong>, \u05e2\u05dd \u05d3\u05d2\u05e9 \u05e2\u05dc \u05e4\u05dc\u05d8\u05e4\u05d5\u05e8\u05de\u05d5\u05ea \u05d3\u05d9\u05d2\u05d9\u05d8\u05dc\u05d9\u05d5\u05ea.<\/li>\n<\/div>\n\n<div class=\"mx-5 sm:mx-0 prose text-left mb-5\">\n<li><strong>\u05d0\u05e0\u05d5 \u05de\u05e8\u05d0\u05d9\u05dd \u05db\u05d9\u05e6\u05d3 \u05d8\u05db\u05e0\u05d5\u05dc\u05d5\u05d2\u05d9\u05d4 \u05e4\u05d5\u05ea\u05d7\u05ea \u05d3\u05dc\u05ea\u05d5\u05ea \u05e2\u05d1\u05d5\u05e8 \u05d0\u05dc\u05d5 \u05e9\u05e8\u05d5\u05e6\u05d9\u05dd \u05dc\u05e2\u05d1\u05d5\u05d3, \u05dc\u05d8\u05d9\u05d9\u05dc \u05d0\u05d5 \u05dc\u05d4\u05e7\u05d9\u05dd \u05e2\u05e1\u05e7.<\/strong><\/li>\n<\/div>\n\n<div class=\"mx-5 sm:mx-0 prose text-left mb-5\">\n<li><strong>\u05d4\u05e1\u05d1\u05e8\u05e0\u05d5 \u05d4\u05db\u05dc \u05d1\u05e6\u05d5\u05e8\u05d4 \u05d1\u05e8\u05d5\u05e8\u05d4.<\/strong>\u05ea\u05d5\u05db\u05df \u05d9\u05e9\u05d9\u05e8, \u05e0\u05d2\u05d9\u05e9 \u05d5\u05d0\u05de\u05d9\u05df.<\/li>\n<\/div><\/ul>\n<\/div><div class=\"mx-5 sm:mx-0 prose leading-relaxed text-lg mb-5 text-left wp-paragraph\">\n<p>\u05d4\u05de\u05d7\u05d5\u05d9\u05d1\u05d5\u05ea \u05e9\u05dc\u05e0\u05d5 \u05d4\u05d9\u05d0 \u05dc\u05e2\u05d6\u05d5\u05e8 \u05dc\u05db\u05dd \u05dc\u05e7\u05d1\u05dc \u05d4\u05d7\u05dc\u05d8\u05d5\u05ea \u05d8\u05d5\u05d1\u05d5\u05ea \u05d9\u05d5\u05ea\u05e8, \u05dc\u05d7\u05e1\u05d5\u05da \u05d6\u05de\u05df \u05d5\u05dc\u05d4\u05e4\u05d9\u05e7 \u05d0\u05ea \u05d4\u05de\u05e8\u05d1 \u05de\u05db\u05dc \u05de\u05d4 \u05e9\u05d9\u05e9 \u05dc\u05d8\u05db\u05e0\u05d5\u05dc\u05d5\u05d2\u05d9\u05d4 \u05dc\u05d4\u05e6\u05d9\u05e2.<\/p>\n<\/div><!--advertisement--><div class=\"mx-5 sm:mx-0 sm:text-3xl text-2xl font-medium title-font mb-4 text-gray-900 text-left\">\n<h3>\u05d4\u05d5\u05d3\u05e2\u05d4 \u05de\u05e9\u05e4\u05d8\u05d9\u05ea<\/h3>\n<\/div><div class=\"mx-5 sm:mx-0 prose leading-relaxed text-lg mb-5 text-left wp-paragraph\">\n<p>O <strong>100 \u05d8\u05e7<\/strong> \u05d6\u05d4\u05d5 \u05e4\u05d5\u05e8\u05d8\u05dc \u05d1\u05e2\u05dc \u05d0\u05d5\u05e4\u05d9 \u05d0\u05d9\u05e0\u05e4\u05d5\u05e8\u05de\u05d8\u05d9\u05d1\u05d9 \u05d1\u05dc\u05d1\u05d3. \u05d0\u05d9\u05df \u05dc\u05e0\u05d5 \u05e7\u05e9\u05e8\u05d9\u05dd \u05de\u05e1\u05d7\u05e8\u05d9\u05d9\u05dd \u05e2\u05dd \u05d4\u05de\u05d5\u05e6\u05e8\u05d9\u05dd, \u05d4\u05d0\u05e4\u05dc\u05d9\u05e7\u05e6\u05d9\u05d5\u05ea \u05d0\u05d5 \u05d4\u05d7\u05d1\u05e8\u05d5\u05ea \u05d4\u05de\u05d5\u05d6\u05db\u05e8\u05d5\u05ea \u05d1\u05ea\u05d5\u05db\u05df \u05e9\u05dc\u05e0\u05d5. \u05db\u05dc \u05d4\u05d4\u05de\u05dc\u05e6\u05d5\u05ea \u05e0\u05e2\u05e9\u05d5\u05ea \u05d1\u05d0\u05d5\u05e4\u05df \u05e2\u05e6\u05de\u05d0\u05d9, \u05d1\u05de\u05d8\u05e8\u05d4 \u05dc\u05e2\u05d6\u05d5\u05e8 \u05dc\u05e7\u05d5\u05e8\u05d0\u05d9\u05e0\u05d5 \u05dc\u05e7\u05d1\u05dc \u05d4\u05d7\u05dc\u05d8\u05d5\u05ea \u05de\u05d5\u05d3\u05e2\u05d5\u05ea \u05d5\u05de\u05d5\u05e9\u05db\u05dc\u05d5\u05ea \u05d9\u05d5\u05ea\u05e8 \u05d1\u05e2\u05d5\u05dc\u05dd \u05d4\u05d3\u05d9\u05d2\u05d9\u05d8\u05dc\u05d9.<\/p>\n<\/div><!--advertisement--><div class=\"mx-5 sm:mx-0 sm:text-3xl text-2xl font-medium title-font mb-4 text-gray-900 text-left\">\n<h2>\u05e2\u05d6\u05d5\u05e8 \u05dc\u05e0\u05d5 \u05dc\u05e9\u05e4\u05e8<\/h2>\n<\/div><div class=\"mx-5 sm:mx-0 prose leading-relaxed text-lg mb-5 text-left wp-paragraph\">\n<p>\u05d0\u05e0\u05d5 \u05de\u05e2\u05e8\u05d9\u05db\u05d9\u05dd \u05d0\u05ea \u05d4\u05e8\u05e2\u05d9\u05d5\u05e0\u05d5\u05ea \u05d5\u05d4\u05d4\u05e6\u05e2\u05d5\u05ea \u05e9\u05dc\u05da \u05db\u05d3\u05d9 \u05e9\u05e0\u05d5\u05db\u05dc \u05dc\u05e9\u05e4\u05e8 \u05e2\u05d5\u05d3 \u05d9\u05d5\u05ea\u05e8. \u05e9\u05ea\u05e4\u05d5 \u05d0\u05d5\u05ea\u05e0\u05d5 \u05d1\u05d3\u05e2\u05d5\u05ea\u05d9\u05db\u05dd!<\/p>\n<\/div>","protected":false},"excerpt":{"rendered":"<p>\u05de\u05d9\u05d3\u05e2 \u05d7\u05db\u05dd \u05dc\u05de\u05d9 \u05e9\u05e8\u05d5\u05e6\u05d4 \u05dc\u05d4\u05d9\u05d5\u05ea \u05ea\u05de\u05d9\u05d3 \u05e6\u05e2\u05d3 \u05d0\u05d7\u05d3 \u05e7\u05d3\u05d9\u05de\u05d4. \u05d8\u05db\u05e0\u05d5\u05dc\u05d5\u05d2\u05d9\u05d4 \u05e0\u05de\u05e6\u05d0\u05ea \u05d1\u05db\u05dc \u05de\u05e7\u05d5\u05dd - \u05d1\u05d0\u05e4\u05dc\u05d9\u05e7\u05e6\u05d9\u05d4 \u05e9\u05de\u05e4\u05e9\u05d8\u05ea \u05d0\u05ea \u05d4\u05e9\u05d2\u05e8\u05d4 \u05e9\u05dc\u05db\u05dd, \u05d1\u05e1\u05e4\u05d5\u05e8\u05d8 \u05e9\u05d0\u05ea\u05dd \u05e2\u05d5\u05e7\u05d1\u05d9\u05dd \u05d0\u05d7\u05e8\u05d9\u05d5, \u05d1\u05d8\u05d9\u05d5\u05dc \u05e9\u05d0\u05ea\u05dd \u05de\u05ea\u05db\u05e0\u05e0\u05d9\u05dd, \u05d0\u05d5 \u05d0\u05e4\u05d9\u05dc\u05d5 \u05d1\u05de\u05e9\u05e8\u05d4 \u05d4\u05e4\u05ea\u05d5\u05d7\u05d4 \u05e9\u05d9\u05db\u05d5\u05dc\u05d4 \u05dc\u05e9\u05e0\u05d5\u05ea \u05d0\u05ea \u05d7\u05d9\u05d9\u05db\u05dd. 100 Tech \u05e7\u05d9\u05d9\u05dd \u05db\u05d3\u05d9 \u05dc\u05d7\u05d1\u05e8 \u05d0\u05ea\u05db\u05dd \u05dc\u05db\u05dc \u05d6\u05d4 \u05d1\u05e6\u05d5\u05e8\u05d4 \u05e4\u05e9\u05d5\u05d8\u05d4 \u05d5\u05de\u05d4\u05d9\u05e8\u05d4... <a class=\"more-link\" href=\"https:\/\/100t.com.br\/he\/about\/\">\u05d4\u05de\u05e9\u05da \u05dc\u05e7\u05e8\u05d5\u05d0 <span class=\"screen-reader-text\">\u05e2\u05dc\u05d9\u05e0\u05d5<\/span><\/a><\/p>","protected":false},"author":4,"featured_media":0,"parent":0,"menu_order":0,"comment_status":"closed","ping_status":"closed","template":"","meta":[],"yoast_head":"<!-- This site is optimized with the Yoast SEO Premium plugin v18.7 (Yoast SEO v19.1) - https:\/\/yoast.com\/wordpress\/plugins\/seo\/ -->\n<title>Sobre N\u00f3s - 100 Tech<\/title>\n<meta name=\"robots\" content=\"index, follow, max-snippet:-1, max-image-preview:large, max-video-preview:-1\" \/>\n<link rel=\"canonical\" href=\"https:\/\/100t.com.br\/he\/about\/\" \/>\n<meta property=\"og:locale\" content=\"he_IL\" \/>\n<meta property=\"og:type\" content=\"article\" \/>\n<meta property=\"og:title\" content=\"Sobre N\u00f3s\" \/>\n<meta property=\"og:description\" content=\"Informa\u00e7\u00e3o inteligente para quem quer estar sempre \u00e0 frente A tecnologia est\u00e1 em tudo \u2014 no app que facilita sua rotina, no esporte que voc\u00ea acompanha, na viagem que planeja ou at\u00e9 naquela vaga de emprego que pode mudar sua vida. O 100 Tech existe para conectar voc\u00ea a tudo isso de forma simples, r\u00e1pida&hellip; Continue reading Sobre N\u00f3s\" \/>\n<meta property=\"og:url\" content=\"https:\/\/100t.com.br\/he\/about\/\" \/>\n<meta property=\"og:site_name\" content=\"100 Tech\" \/>\n<meta property=\"article:modified_time\" content=\"2025-07-25T19:36:23+00:00\" \/>\n<meta name=\"twitter:card\" content=\"summary_large_image\" \/>\n<meta name=\"twitter:label1\" content=\"Est. reading time\" \/>\n\t<meta name=\"twitter:data1\" content=\"2 minutes\" \/>\n<script type=\"application\/ld+json\" class=\"yoast-schema-graph\">{\"@context\":\"https:\/\/schema.org\",\"@graph\":[{\"@type\":\"WebSite\",\"@id\":\"https:\/\/100t.com.br\/#website\",\"url\":\"https:\/\/100t.com.br\/\",\"name\":\"100 Tech\",\"description\":\"Tecnologia e Informa\u00e7\u00e3o\",\"potentialAction\":[{\"@type\":\"SearchAction\",\"target\":{\"@type\":\"EntryPoint\",\"urlTemplate\":\"https:\/\/100t.com.br\/?s={search_term_string}\"},\"query-input\":\"required name=search_term_string\"}],\"inLanguage\":\"he-IL\"},{\"@type\":\"WebPage\",\"@id\":\"https:\/\/100t.com.br\/about\/#webpage\",\"url\":\"https:\/\/100t.com.br\/about\/\",\"name\":\"Sobre N\u00f3s - 100 Tech\",\"isPartOf\":{\"@id\":\"https:\/\/100t.com.br\/#website\"},\"datePublished\":\"2023-03-31T17:35:45+00:00\",\"dateModified\":\"2025-07-25T19:36:23+00:00\",\"breadcrumb\":{\"@id\":\"https:\/\/100t.com.br\/about\/#breadcrumb\"},\"inLanguage\":\"he-IL\",\"potentialAction\":[{\"@type\":\"ReadAction\",\"target\":[\"https:\/\/100t.com.br\/about\/\"]}]},{\"@type\":\"BreadcrumbList\",\"@id\":\"https:\/\/100t.com.br\/about\/#breadcrumb\",\"itemListElement\":[{\"@type\":\"ListItem\",\"position\":1,\"name\":\"Home\",\"item\":\"https:\/\/100t.com.br\/he\/\"},{\"@type\":\"ListItem\",\"position\":2,\"name\":\"Sobre N\u00f3s\"}]}]}<\/script>\n<!-- \/ Yoast SEO Premium plugin. -->","yoast_head_json":{"title":"Sobre N\u00f3s - 100 Tech","robots":{"index":"index","follow":"follow","max-snippet":"max-snippet:-1","max-image-preview":"max-image-preview:large","max-video-preview":"max-video-preview:-1"},"canonical":"https:\/\/100t.com.br\/he\/about\/","og_locale":"he_IL","og_type":"article","og_title":"Sobre N\u00f3s","og_description":"Informa\u00e7\u00e3o inteligente para quem quer estar sempre \u00e0 frente A tecnologia est\u00e1 em tudo \u2014 no app que facilita sua rotina, no esporte que voc\u00ea acompanha, na viagem que planeja ou at\u00e9 naquela vaga de emprego que pode mudar sua vida. O 100 Tech existe para conectar voc\u00ea a tudo isso de forma simples, r\u00e1pida&hellip; Continue reading Sobre N\u00f3s","og_url":"https:\/\/100t.com.br\/he\/about\/","og_site_name":"100 Tech","article_modified_time":"2025-07-25T19:36:23+00:00","twitter_card":"summary_large_image","twitter_misc":{"Est. reading time":"2 minutes"},"schema":{"@context":"https:\/\/schema.org","@graph":[{"@type":"WebSite","@id":"https:\/\/100t.com.br\/#website","url":"https:\/\/100t.com.br\/","name":"100 Tech","description":"Tecnologia e Informa\u00e7\u00e3o","potentialAction":[{"@type":"SearchAction","target":{"@type":"EntryPoint","urlTemplate":"https:\/\/100t.com.br\/?s={search_term_string}"},"query-input":"required name=search_term_string"}],"inLanguage":"he-IL"},{"@type":"WebPage","@id":"https:\/\/100t.com.br\/about\/#webpage","url":"https:\/\/100t.com.br\/about\/","name":"Sobre N\u00f3s - 100 Tech","isPartOf":{"@id":"https:\/\/100t.com.br\/#website"},"datePublished":"2023-03-31T17:35:45+00:00","dateModified":"2025-07-25T19:36:23+00:00","breadcrumb":{"@id":"https:\/\/100t.com.br\/about\/#breadcrumb"},"inLanguage":"he-IL","potentialAction":[{"@type":"ReadAction","target":["https:\/\/100t.com.br\/about\/"]}]},{"@type":"BreadcrumbList","@id":"https:\/\/100t.com.br\/about\/#breadcrumb","itemListElement":[{"@type":"ListItem","position":1,"name":"Home","item":"https:\/\/100t.com.br\/he\/"},{"@type":"ListItem","position":2,"name":"Sobre N\u00f3s"}]}]}},"_links":{"self":[{"href":"https:\/\/100t.com.br\/he\/wp-json\/wp\/v2\/pages\/4836"}],"collection":[{"href":"https:\/\/100t.com.br\/he\/wp-json\/wp\/v2\/pages"}],"about":[{"href":"https:\/\/100t.com.br\/he\/wp-json\/wp\/v2\/types\/page"}],"author":[{"embeddable":true,"href":"https:\/\/100t.com.br\/he\/wp-json\/wp\/v2\/users\/4"}],"replies":[{"embeddable":true,"href":"https:\/\/100t.com.br\/he\/wp-json\/wp\/v2\/comments?post=4836"}],"version-history":[{"count":0,"href":"https:\/\/100t.com.br\/he\/wp-json\/wp\/v2\/pages\/4836\/revisions"}],"wp:attachment":[{"href":"https:\/\/100t.com.br\/he\/wp-json\/wp\/v2\/media?parent=4836"}],"curies":[{"name":"wp","href":"https:\/\/api.w.org\/{rel}","templated":true}]}}