{"id":4836,"date":"2023-03-31T17:35:45","date_gmt":"2023-03-31T17:35:45","guid":{"rendered":"https:\/\/100t.com.br\/?page_id=4836"},"modified":"2025-07-25T19:36:23","modified_gmt":"2025-07-25T19:36:23","slug":"about","status":"publish","type":"page","link":"https:\/\/100t.com.br\/fr\/about\/","title":{"rendered":"\u00c0 propos de nous"},"content":{"rendered":"<!--advertisement--><div class=\"mx-5 sm:mx-0 sm:text-3xl text-2xl font-medium title-font mb-4 text-gray-900 text-left\">\n<h2 id=\"h-informacao-inteligente-para-quem-quer-estar-sempre-a-frente\">Informations intelligentes pour ceux qui veulent garder une longueur d&#039;avance<\/h2>\n<\/div><div class=\"mx-5 sm:mx-0 prose leading-relaxed text-lg mb-5 text-left wp-paragraph\">\n<p>La technologie est partout : dans l\u2019application qui facilite votre routine, dans le sport que vous suivez, dans le voyage que vous planifiez ou m\u00eame dans cette offre d\u2019emploi qui pourrait changer votre vie. <strong>100 technologies<\/strong> existe pour vous connecter \u00e0 tout cela de mani\u00e8re simple, rapide et utile.<\/p>\n<\/div><!--advertisement--><div class=\"mx-5 sm:mx-0 sm:text-3xl text-2xl font-medium title-font mb-4 text-gray-900 text-left\">\n<h2>Qui nous sommes?<\/h2>\n<\/div><div class=\"mx-5 sm:mx-0 prose leading-relaxed text-lg mb-5 text-left wp-paragraph\">\n<p>RubikTech est une soci\u00e9t\u00e9 de contenu et d&#039;information qui s&#039;engage \u00e0 fournir syst\u00e9matiquement le meilleur contenu dans un format clair et \u00e0 jour.<\/p>\n<\/div><div class=\"mx-5 sm:mx-0 prose leading-relaxed text-lg mb-5 text-left wp-paragraph\">\n<p>Nous parlons de ce qui est en vogue dans le monde des applications, recommandons les meilleurs outils num\u00e9riques pour ceux qui recherchent des loisirs, du travail ou de la commodit\u00e9, et plongeons dans les tendances qui fa\u00e7onnent le pr\u00e9sent et l&#039;avenir.<\/p>\n<\/div><!--advertisement--><div class=\"mx-5 sm:mx-0 sm:text-3xl text-2xl font-medium title-font mb-4 text-gray-900 text-left\">\n<h2>Ce que nous faisons<\/h2>\n<\/div><div class=\"mx-5 sm:mx-0 prose text-left mb-5\">\n<ul><div class=\"mx-5 sm:mx-0 prose text-left mb-5\">\n<li><strong>Nous recommandons des applications utiles et \u00e0 jour<\/strong>: productivit\u00e9, sant\u00e9, divertissement et plus encore.<\/li>\n<\/div>\n\n<div class=\"mx-5 sm:mx-0 prose text-left mb-5\">\n<li><strong>Nous vous connectons \u00e0 ce qui est \u00e0 la mode dans le domaine du sport et du divertissement<\/strong>, en se concentrant sur les plateformes num\u00e9riques.<\/li>\n<\/div>\n\n<div class=\"mx-5 sm:mx-0 prose text-left mb-5\">\n<li><strong>Nous montrons comment la technologie ouvre des portes \u00e0 ceux qui veulent travailler, voyager ou cr\u00e9er une entreprise.<\/strong><\/li>\n<\/div>\n\n<div class=\"mx-5 sm:mx-0 prose text-left mb-5\">\n<li><strong>Nous expliquons tout clairement<\/strong>: un contenu direct, accessible et fiable.<\/li>\n<\/div><\/ul>\n<\/div><div class=\"mx-5 sm:mx-0 prose leading-relaxed text-lg mb-5 text-left wp-paragraph\">\n<p>Nous nous engageons \u00e0 vous aider \u00e0 prendre de meilleures d\u00e9cisions, \u00e0 gagner du temps et \u00e0 tirer le meilleur parti de tout ce que la technologie a \u00e0 offrir.<\/p>\n<\/div><!--advertisement--><div class=\"mx-5 sm:mx-0 sm:text-3xl text-2xl font-medium title-font mb-4 text-gray-900 text-left\">\n<h3>Mentions l\u00e9gales<\/h3>\n<\/div><div class=\"mx-5 sm:mx-0 prose leading-relaxed text-lg mb-5 text-left wp-paragraph\">\n<p>O <strong>100 technologies<\/strong> est un portail \u00e0 but informatif uniquement. Nous n&#039;entretenons aucun lien commercial avec les produits, applications ou entreprises mentionn\u00e9s dans nos contenus. Toutes nos recommandations sont formul\u00e9es de mani\u00e8re ind\u00e9pendante, afin d&#039;aider nos lecteurs \u00e0 faire des choix plus \u00e9clair\u00e9s dans le monde num\u00e9rique.<\/p>\n<\/div><!--advertisement--><div class=\"mx-5 sm:mx-0 sm:text-3xl text-2xl font-medium title-font mb-4 text-gray-900 text-left\">\n<h2>aidez-nous \u00e0 am\u00e9liorer<\/h2>\n<\/div><div class=\"mx-5 sm:mx-0 prose leading-relaxed text-lg mb-5 text-left wp-paragraph\">\n<p>Nous appr\u00e9cions vos id\u00e9es et suggestions afin que nous puissions nous am\u00e9liorer encore plus. Partagez vos opinions avec nous!<\/p>\n<\/div>","protected":false},"excerpt":{"rendered":"<p>Des informations pertinentes pour ceux qui veulent garder une longueur d&#039;avance. La technologie est partout\u00a0: dans l&#039;application qui simplifie votre quotidien, le sport que vous suivez, le voyage que vous planifiez, ou m\u00eame cette offre d&#039;emploi qui pourrait changer votre vie. 100 Tech est l\u00e0 pour vous connecter \u00e0 tout cela, simplement et rapidement\u2026 <a class=\"more-link\" href=\"https:\/\/100t.com.br\/fr\/about\/\">continuer la lecture <span class=\"screen-reader-text\">\u00c0 propos de nous<\/span><\/a><\/p>","protected":false},"author":4,"featured_media":0,"parent":0,"menu_order":0,"comment_status":"closed","ping_status":"closed","template":"","meta":[],"yoast_head":"<!-- This site is optimized with the Yoast SEO Premium plugin v18.7 (Yoast SEO v19.1) - https:\/\/yoast.com\/wordpress\/plugins\/seo\/ -->\n<title>Sobre N\u00f3s - 100 Tech<\/title>\n<meta name=\"robots\" content=\"index, follow, max-snippet:-1, max-image-preview:large, max-video-preview:-1\" \/>\n<link rel=\"canonical\" href=\"https:\/\/100t.com.br\/fr\/about\/\" \/>\n<meta property=\"og:locale\" content=\"fr_FR\" \/>\n<meta property=\"og:type\" content=\"article\" \/>\n<meta property=\"og:title\" content=\"Sobre N\u00f3s\" \/>\n<meta property=\"og:description\" content=\"Informa\u00e7\u00e3o inteligente para quem quer estar sempre \u00e0 frente A tecnologia est\u00e1 em tudo \u2014 no app que facilita sua rotina, no esporte que voc\u00ea acompanha, na viagem que planeja ou at\u00e9 naquela vaga de emprego que pode mudar sua vida. O 100 Tech existe para conectar voc\u00ea a tudo isso de forma simples, r\u00e1pida&hellip; Continue reading Sobre N\u00f3s\" \/>\n<meta property=\"og:url\" content=\"https:\/\/100t.com.br\/fr\/about\/\" \/>\n<meta property=\"og:site_name\" content=\"100 Tech\" \/>\n<meta property=\"article:modified_time\" content=\"2025-07-25T19:36:23+00:00\" \/>\n<meta name=\"twitter:card\" content=\"summary_large_image\" \/>\n<meta name=\"twitter:label1\" content=\"Est. reading time\" \/>\n\t<meta name=\"twitter:data1\" content=\"2 minutes\" \/>\n<script type=\"application\/ld+json\" class=\"yoast-schema-graph\">{\"@context\":\"https:\/\/schema.org\",\"@graph\":[{\"@type\":\"WebSite\",\"@id\":\"https:\/\/100t.com.br\/#website\",\"url\":\"https:\/\/100t.com.br\/\",\"name\":\"100 Tech\",\"description\":\"Tecnologia e Informa\u00e7\u00e3o\",\"potentialAction\":[{\"@type\":\"SearchAction\",\"target\":{\"@type\":\"EntryPoint\",\"urlTemplate\":\"https:\/\/100t.com.br\/?s={search_term_string}\"},\"query-input\":\"required name=search_term_string\"}],\"inLanguage\":\"fr-FR\"},{\"@type\":\"WebPage\",\"@id\":\"https:\/\/100t.com.br\/about\/#webpage\",\"url\":\"https:\/\/100t.com.br\/about\/\",\"name\":\"Sobre N\u00f3s - 100 Tech\",\"isPartOf\":{\"@id\":\"https:\/\/100t.com.br\/#website\"},\"datePublished\":\"2023-03-31T17:35:45+00:00\",\"dateModified\":\"2025-07-25T19:36:23+00:00\",\"breadcrumb\":{\"@id\":\"https:\/\/100t.com.br\/about\/#breadcrumb\"},\"inLanguage\":\"fr-FR\",\"potentialAction\":[{\"@type\":\"ReadAction\",\"target\":[\"https:\/\/100t.com.br\/about\/\"]}]},{\"@type\":\"BreadcrumbList\",\"@id\":\"https:\/\/100t.com.br\/about\/#breadcrumb\",\"itemListElement\":[{\"@type\":\"ListItem\",\"position\":1,\"name\":\"Home\",\"item\":\"https:\/\/100t.com.br\/fr\/\"},{\"@type\":\"ListItem\",\"position\":2,\"name\":\"Sobre N\u00f3s\"}]}]}<\/script>\n<!-- \/ Yoast SEO Premium plugin. -->","yoast_head_json":{"title":"Sobre N\u00f3s - 100 Tech","robots":{"index":"index","follow":"follow","max-snippet":"max-snippet:-1","max-image-preview":"max-image-preview:large","max-video-preview":"max-video-preview:-1"},"canonical":"https:\/\/100t.com.br\/fr\/about\/","og_locale":"fr_FR","og_type":"article","og_title":"Sobre N\u00f3s","og_description":"Informa\u00e7\u00e3o inteligente para quem quer estar sempre \u00e0 frente A tecnologia est\u00e1 em tudo \u2014 no app que facilita sua rotina, no esporte que voc\u00ea acompanha, na viagem que planeja ou at\u00e9 naquela vaga de emprego que pode mudar sua vida. O 100 Tech existe para conectar voc\u00ea a tudo isso de forma simples, r\u00e1pida&hellip; Continue reading Sobre N\u00f3s","og_url":"https:\/\/100t.com.br\/fr\/about\/","og_site_name":"100 Tech","article_modified_time":"2025-07-25T19:36:23+00:00","twitter_card":"summary_large_image","twitter_misc":{"Est. reading time":"2 minutes"},"schema":{"@context":"https:\/\/schema.org","@graph":[{"@type":"WebSite","@id":"https:\/\/100t.com.br\/#website","url":"https:\/\/100t.com.br\/","name":"100 Tech","description":"Tecnologia e Informa\u00e7\u00e3o","potentialAction":[{"@type":"SearchAction","target":{"@type":"EntryPoint","urlTemplate":"https:\/\/100t.com.br\/?s={search_term_string}"},"query-input":"required name=search_term_string"}],"inLanguage":"fr-FR"},{"@type":"WebPage","@id":"https:\/\/100t.com.br\/about\/#webpage","url":"https:\/\/100t.com.br\/about\/","name":"Sobre N\u00f3s - 100 Tech","isPartOf":{"@id":"https:\/\/100t.com.br\/#website"},"datePublished":"2023-03-31T17:35:45+00:00","dateModified":"2025-07-25T19:36:23+00:00","breadcrumb":{"@id":"https:\/\/100t.com.br\/about\/#breadcrumb"},"inLanguage":"fr-FR","potentialAction":[{"@type":"ReadAction","target":["https:\/\/100t.com.br\/about\/"]}]},{"@type":"BreadcrumbList","@id":"https:\/\/100t.com.br\/about\/#breadcrumb","itemListElement":[{"@type":"ListItem","position":1,"name":"Home","item":"https:\/\/100t.com.br\/fr\/"},{"@type":"ListItem","position":2,"name":"Sobre N\u00f3s"}]}]}},"_links":{"self":[{"href":"https:\/\/100t.com.br\/fr\/wp-json\/wp\/v2\/pages\/4836"}],"collection":[{"href":"https:\/\/100t.com.br\/fr\/wp-json\/wp\/v2\/pages"}],"about":[{"href":"https:\/\/100t.com.br\/fr\/wp-json\/wp\/v2\/types\/page"}],"author":[{"embeddable":true,"href":"https:\/\/100t.com.br\/fr\/wp-json\/wp\/v2\/users\/4"}],"replies":[{"embeddable":true,"href":"https:\/\/100t.com.br\/fr\/wp-json\/wp\/v2\/comments?post=4836"}],"version-history":[{"count":0,"href":"https:\/\/100t.com.br\/fr\/wp-json\/wp\/v2\/pages\/4836\/revisions"}],"wp:attachment":[{"href":"https:\/\/100t.com.br\/fr\/wp-json\/wp\/v2\/media?parent=4836"}],"curies":[{"name":"wp","href":"https:\/\/api.w.org\/{rel}","templated":true}]}}