{"id":4830,"date":"2023-03-31T16:29:55","date_gmt":"2023-03-31T16:29:55","guid":{"rendered":"https:\/\/100t.com.br\/?page_id=4830"},"modified":"2023-11-22T20:57:25","modified_gmt":"2023-11-22T20:57:25","slug":"terms","status":"publish","type":"page","link":"https:\/\/100t.com.br\/fr\/terms\/","title":{"rendered":"Conditions d&#039;utilisation \u2013 100 Tech"},"content":{"rendered":"<div class=\"mx-5 sm:mx-0 prose leading-relaxed text-lg mb-5 text-left wp-paragraph\">\n<p>Mis \u00e0 jour le 22 novembre 2023.<\/p>\n<\/div><div class=\"mx-5 sm:mx-0 prose leading-relaxed text-lg mb-5 text-left wp-paragraph\">\n<p>UN <strong>RubikTech O\u00dc<\/strong>, une soci\u00e9t\u00e9 \u00e0 responsabilit\u00e9 limit\u00e9e \u00e9tablie en Estonie (LLC, \u00e9galement connue sous le nom d&#039;O\u00dc), enregistr\u00e9e au TVA EE102662223 et situ\u00e9e \u00e0 Tallinn, rue Keemia tn 4, 10616, Harju, Estonie, est l&#039;entit\u00e9 responsable de la cr\u00e9ation, de la propri\u00e9t\u00e9 et de la gestion de le site 100 Tech, accessible via l&#039;adresse <a style=\" color:;\" href=\"https:\/\/100t.com.br\/fr\/\">https:\/\/100t.com.br<\/a>.<\/p>\n<\/div><div class=\"mx-5 sm:mx-0 prose leading-relaxed text-lg mb-5 text-left wp-paragraph\">\n<p>Le portail susmentionn\u00e9 est g\u00e9r\u00e9 par 100 Tech. Les r\u00e9f\u00e9rences \u00e0 \u00ab nous \u00bb, \u00ab notre \u00bb et \u00ab notre \u00bb dans ce document font uniquement r\u00e9f\u00e9rence \u00e0 100 Tech. Ce portail, y compris toutes les informations, services et contenus disponibles, est fourni par 100 Tech, sous r\u00e9serve de l&#039;acceptation par l&#039;utilisateur de tous les termes, conditions et politiques stipul\u00e9s dans les pr\u00e9sentes. L&#039;utilisation de nos services implique la navigation et l&#039;interaction avec notre portail.<\/p>\n<\/div><div class=\"mx-5 sm:mx-0 prose leading-relaxed text-lg mb-5 text-left wp-paragraph\">\n<p>100 Tech se distingue comme un site Web sp\u00e9cialis\u00e9 dans la cr\u00e9ation de contenu informatif et l&#039;analyse d&#039;une large gamme de produits et services (y compris les applications, la technologie, le divertissement et autres), propos\u00e9s par des entit\u00e9s nationales et internationales.<\/p>\n<\/div><div class=\"mx-5 sm:mx-0 prose leading-relaxed text-lg mb-5 text-left wp-paragraph\">\n<p>Il est important de noter que l&#039;utilisation de ce site Web est soumise \u00e0 la fois aux pr\u00e9sentes Conditions et \u00e0 la Politique de confidentialit\u00e9 de 100 Tech, consultable sur https:\/\/100t.com.br\/privacy, en plus d&#039;\u00eatre conforme \u00e0 la l\u00e9gislation applicable. .<\/p>\n<\/div><div class=\"mx-5 sm:mx-0 prose leading-relaxed text-lg mb-5 text-left wp-paragraph\">\n<p>Ainsi, les Conditions G\u00e9n\u00e9rales d&#039;Utilisation visent \u00e0 clarifier les responsabilit\u00e9s, obligations et devoirs de tous les utilisateurs qui acc\u00e8dent et\/ou utilisent le site Internet 100 Tech, tels que d\u00e9taill\u00e9s dans les points suivants.<\/p>\n<\/div><div class=\"mx-5 sm:mx-0 prose leading-relaxed text-lg mb-5 text-left wp-paragraph\">\n<p><strong>Il est essentiel que vous lisiez attentivement nos conditions d&#039;utilisation. Si vous n&#039;\u00eates pas d&#039;accord avec les conditions \u00e9tablies ici, nous vous demandons de vous abstenir d&#039;utiliser les services fournis par 100 Tech.<\/strong><\/p>\n<\/div><!--advertisement--><div class=\"mx-5 sm:mx-0 sm:text-3xl text-2xl font-medium title-font mb-4 text-gray-900 text-left\">\n<h2 id=\"h-secao-i-admissao\">Section I \u2013 Admission<\/h2>\n<\/div><div class=\"mx-5 sm:mx-0 prose leading-relaxed text-lg mb-5 text-left wp-paragraph\">\n<p><strong>1.1 <\/strong>Lors de l&#039;utilisation de 100 Tech, l&#039;Utilisateur s&#039;engage \u00e0 respecter les Conditions G\u00e9n\u00e9rales d&#039;Utilisation, ainsi que les <a style=\" color:;\" href=\"https:\/\/100t.com.br\/fr\/privacy\/\">politique de confidentialit\u00e9<\/a> \u00e0 partir de 100 Tech.<\/p>\n<\/div><div class=\"mx-5 sm:mx-0 prose leading-relaxed text-lg mb-5 text-left wp-paragraph\">\n<p><strong>1.2 <\/strong>L&#039;Utilisateur, lors de l&#039;acc\u00e8s et\/ou de l&#039;utilisation de 100 Tech, d\u00e9clare \u00eatre \u00e2g\u00e9 d&#039;au moins 18 (dix-huit) ans et avoir la pleine capacit\u00e9 juridique et expresse pour accepter les pr\u00e9sentes Conditions G\u00e9n\u00e9rales d&#039;Utilisation \u00e0 toutes fins l\u00e9gales.<\/p>\n<\/div><div class=\"mx-5 sm:mx-0 prose leading-relaxed text-lg mb-5 text-left wp-paragraph\">\n<p><strong>1.3 <\/strong>Si l&#039;Utilisateur ne r\u00e9pond pas aux crit\u00e8res mentionn\u00e9s ci-dessus et\/ou n&#039;est pas d&#039;accord, en tout ou partie, avec les termes et conditions pr\u00e9sents dans les pr\u00e9sentes Conditions G\u00e9n\u00e9rales d&#039;Utilisation, il doit s&#039;abstenir d&#039;acc\u00e9der et\/ou d&#039;utiliser les services. mis \u00e0 disposition par 100 Tech, ainsi que les sites Internet et services g\u00e9r\u00e9s par celle-ci.<\/p>\n<\/div><!--advertisement--><div class=\"mx-5 sm:mx-0 sm:text-3xl text-2xl font-medium title-font mb-4 text-gray-900 text-left\">\n<h2>Section II \u2013 Contact<\/h2>\n<\/div><div class=\"mx-5 sm:mx-0 prose leading-relaxed text-lg mb-5 text-left wp-paragraph\">\n<p><strong>2.1 <\/strong>L&#039;Utilisateur peut utiliser ce service pour clarifier tout doute, r\u00e9soudre tout probl\u00e8me et soumettre des r\u00e9clamations ou d&#039;autres informations sur les produits\/services disponibles sur 100 Tech.<\/p>\n<\/div><div class=\"mx-5 sm:mx-0 prose leading-relaxed text-lg mb-5 text-left wp-paragraph\">\n<p><strong>2.2<\/strong> Pour prendre contact, l&#039;Utilisateur peut utiliser le formulaire disponible sur <a style=\" color:;\" href=\"https:\/\/100t.com.br\/fr\/contact\/\">https:\/\/100t.com.br\/contact\/<\/a>.<\/p>\n<\/div><!--advertisement--><div class=\"mx-5 sm:mx-0 sm:text-3xl text-2xl font-medium title-font mb-4 text-gray-900 text-left\">\n<h2>Section III \u2013 Responsabilit\u00e9s des parties<\/h2>\n<\/div><div class=\"mx-5 sm:mx-0 prose leading-relaxed text-lg mb-5 text-left wp-paragraph\">\n<p><strong>3.1 <\/strong>En acc\u00e9dant et en utilisant les services et produits du site 100 Tech, l&#039;Utilisateur reconna\u00eet avoir lu, compris et accept\u00e9 toutes les dispositions contenues dans les pr\u00e9sentes Conditions G\u00e9n\u00e9rales d&#039;Utilisation, ainsi que la Politique de Confidentialit\u00e9.<\/p>\n<\/div><div class=\"mx-5 sm:mx-0 prose leading-relaxed text-lg mb-5 text-left wp-paragraph\">\n<p><strong>3.2 <\/strong>100 Tech fournit des liens et redirige l&#039;utilisateur vers des sites Web de tiers, o\u00f9 des services peuvent \u00eatre contract\u00e9s et des produits achet\u00e9s directement aupr\u00e8s des soci\u00e9t\u00e9s correspondantes. 100 Tech n\u2019interf\u00e8re pas dans ce processus.<\/p>\n<\/div><div class=\"mx-5 sm:mx-0 prose leading-relaxed text-lg mb-5 text-left wp-paragraph\">\n<p><strong>3.3 <\/strong>Lorsqu&#039;il est redirig\u00e9 vers le site Web d&#039;une entreprise partenaire, l&#039;utilisateur doit lire et accepter explicitement les conditions d&#039;utilisation et les politiques de confidentialit\u00e9 de l&#039;entreprise concern\u00e9e.<\/p>\n<\/div><div class=\"mx-5 sm:mx-0 prose leading-relaxed text-lg mb-5 text-left wp-paragraph\">\n<p><strong>3.4 <\/strong>100 Tech n&#039;est pas responsable des politiques et conditions d&#039;utilisation de soci\u00e9t\u00e9s tierces, des informations de service ou des produits annonc\u00e9s, ni de toute offre ou contrat conclu avec ces soci\u00e9t\u00e9s.<\/p>\n<\/div><div class=\"mx-5 sm:mx-0 prose leading-relaxed text-lg mb-5 text-left wp-paragraph\">\n<p><strong>3.5 <\/strong>100 Tech n&#039;est pas responsable des dommages caus\u00e9s par des virus ou des logiciels malveillants acquis lors de la navigation ou du transfert de donn\u00e9es sur Internet. Il est recommand\u00e9 \u00e0 l&#039;utilisateur de maintenir des syst\u00e8mes de s\u00e9curit\u00e9 \u00e0 jour.<\/p>\n<\/div><div class=\"mx-5 sm:mx-0 prose leading-relaxed text-lg mb-5 text-left wp-paragraph\">\n<p><strong>3.6 <\/strong>100 Tech ne sera pas responsable des pertes r\u00e9sultant d&#039;une mauvaise utilisation du site ou d&#039;\u00e9v\u00e9nements de force majeure.<\/p>\n<\/div><div class=\"mx-5 sm:mx-0 prose leading-relaxed text-lg mb-5 text-left wp-paragraph\">\n<p><strong>3.7 <\/strong>100 Tech ne demande pas de d\u00e9p\u00f4ts ni de virements bancaires pour l&#039;approbation ou l&#039;octroi de produits financiers.<\/p>\n<\/div><div class=\"mx-5 sm:mx-0 prose leading-relaxed text-lg mb-5 text-left wp-paragraph\">\n<p><strong>3.8 <\/strong>100 Tech n&#039;envoie pas d&#039;e-mails demandant des donn\u00e9es personnelles ou d&#039;enregistrement, ni de pi\u00e8ces jointes ex\u00e9cutables ou de liens de t\u00e9l\u00e9chargement. Si vous recevez de telles communications, veuillez nous en informer via notre formulaire de contact \u00e0 l&#039;adresse <a style=\" color:;\" href=\"https:\/\/100t.com.br\/fr\/contact\/\">https:\/\/100t.com.br\/contact\/<\/a>.<\/p>\n<\/div><!--advertisement--><div class=\"mx-5 sm:mx-0 sm:text-3xl text-2xl font-medium title-font mb-4 text-gray-900 text-left\">\n<h2>Section IV \u2013 Conditions d&#039;utilisation et restrictions<\/h2>\n<\/div><div class=\"mx-5 sm:mx-0 prose leading-relaxed text-lg mb-5 text-left wp-paragraph\">\n<p>Conform\u00e9ment aux conditions d&#039;utilisation, nous avons impos\u00e9 des restrictions strictes sur l&#039;utilisation de notre site Web et de son contenu. Il est express\u00e9ment interdit :<\/p>\n<\/div><div class=\"mx-5 sm:mx-0 prose text-left mb-5\">\n<ol><div class=\"mx-5 sm:mx-0 prose text-left mb-5\">\n<li>Utiliser le site Web \u00e0 des fins ill\u00e9gales ou pour promouvoir des activit\u00e9s ill\u00e9gales.<\/li>\n<\/div>\n\n<div class=\"mx-5 sm:mx-0 prose text-left mb-5\">\n<li>Ne tenez pas compte des lois ou r\u00e9glementations locales, \u00e9tatiques, f\u00e9d\u00e9rales, provinciales ou internationales.<\/li>\n<\/div>\n\n<div class=\"mx-5 sm:mx-0 prose text-left mb-5\">\n<li>Enfreindre ou violer nos droits de propri\u00e9t\u00e9 intellectuelle ou ceux de tiers.<\/li>\n<\/div>\n\n<div class=\"mx-5 sm:mx-0 prose text-left mb-5\">\n<li>Se livrer \u00e0 des comportements tels que le harc\u00e8lement, les abus, la diffamation, l&#039;intimidation ou la discrimination fond\u00e9s sur le sexe, l&#039;orientation sexuelle, la religion, l&#039;origine ethnique, la race, l&#039;\u00e2ge, l&#039;origine nationale ou le handicap.<\/li>\n<\/div>\n\n<div class=\"mx-5 sm:mx-0 prose text-left mb-5\">\n<li>Diffuser des informations fausses ou trompeuses.<\/li>\n<\/div>\n\n<div class=\"mx-5 sm:mx-0 prose text-left mb-5\">\n<li>Diffuser des virus ou tout autre code susceptible de nuire au fonctionnement du Service, des sites associ\u00e9s, d&#039;autres sites ou d&#039;Internet.<\/li>\n<\/div>\n\n<div class=\"mx-5 sm:mx-0 prose text-left mb-5\">\n<li>Collecter ou suivre les donn\u00e9es personnelles de tiers sans consentement.<\/li>\n<\/div>\n\n<div class=\"mx-5 sm:mx-0 prose text-left mb-5\">\n<li>Pratiquez le spam, le phishing, le pharm, le pr\u00e9texte, le spider, le crawl ou le scrape.<\/li>\n<\/div>\n\n<div class=\"mx-5 sm:mx-0 prose text-left mb-5\">\n<li>Utiliser le site Web \u00e0 des fins obsc\u00e8nes ou immorales.<\/li>\n<\/div>\n\n<div class=\"mx-5 sm:mx-0 prose text-left mb-5\">\n<li>Interf\u00e9rer avec ou contourner les mesures de s\u00e9curit\u00e9 du Service, des sites associ\u00e9s, d&#039;autres sites ou d&#039;Internet.<\/li>\n<\/div><\/ol>\n<\/div><div class=\"mx-5 sm:mx-0 prose leading-relaxed text-lg mb-5 text-left wp-paragraph\">\n<p><strong>Nous nous r\u00e9servons le droit de mettre fin ou de suspendre votre utilisation de nos services et de tout site Web associ\u00e9 si vous violez l&#039;une de ces restrictions.<\/strong><\/p>\n<\/div><!--advertisement--><div class=\"mx-5 sm:mx-0 sm:text-3xl text-2xl font-medium title-font mb-4 text-gray-900 text-left\">\n<h2>Section V \u2013 Limites de responsabilit\u00e9 et garanties<\/h2>\n<\/div><div class=\"mx-5 sm:mx-0 prose leading-relaxed text-lg mb-5 text-left wp-paragraph\">\n<p>Nous reconnaissons que l&#039;utilisation de notre Service peut ne pas \u00eatre continue, totalement s\u00e9curis\u00e9e ou sans erreur. Nous ne garantissons pas que les r\u00e9sultats obtenus \u00e0 partir du Service seront toujours pr\u00e9cis ou fiables.<\/p>\n<\/div><div class=\"mx-5 sm:mx-0 prose leading-relaxed text-lg mb-5 text-left wp-paragraph\">\n<p>L&#039;acc\u00e8s au Service peut occasionnellement \u00eatre suspendu, voire annul\u00e9, \u00e0 tout moment, sans n\u00e9cessit\u00e9 de notification pr\u00e9alable.<\/p>\n<\/div><div class=\"mx-5 sm:mx-0 prose leading-relaxed text-lg mb-5 text-left wp-paragraph\">\n<p>Vous acceptez que toute utilisation ou impossibilit\u00e9 d\u2019utiliser le Service se fait \u00e0 vos seuls risques. Le Service est fourni \u00ab tel quel \u00bb et \u00ab tel que disponible \u00bb sans garantie, expresse ou implicite, y compris, mais sans s&#039;y limiter, les garanties de qualit\u00e9 marchande, d&#039;ad\u00e9quation \u00e0 un usage particulier ou de non-contrefa\u00e7on.<\/p>\n<\/div><div class=\"mx-5 sm:mx-0 prose leading-relaxed text-lg mb-5 text-left wp-paragraph\">\n<p>En aucun cas 100 Tech, ses administrateurs, employ\u00e9s ou partenaires ne seront responsables de tout dommage, perte ou r\u00e9clamation d\u00e9coulant de l&#039;utilisation du Service. Cela inclut, sans limitation, la perte de profits, de donn\u00e9es ou autres pertes intangibles, r\u00e9sultant de l&#039;utilisation de tout service ou produit obtenu via le Service, ou de toute autre r\u00e9clamation li\u00e9e \u00e0 l&#039;utilisation du service.<\/p>\n<\/div><div class=\"mx-5 sm:mx-0 prose leading-relaxed text-lg mb-5 text-left wp-paragraph\">\n<p>Dans les juridictions o\u00f9 l&#039;exclusion ou la limitation de responsabilit\u00e9 pour les dommages cons\u00e9cutifs ou accessoires n&#039;est pas autoris\u00e9e, notre responsabilit\u00e9 sera limit\u00e9e dans la mesure maximale permise par la loi applicable.<\/p>\n<\/div><!--advertisement--><div class=\"mx-5 sm:mx-0 sm:text-3xl text-2xl font-medium title-font mb-4 text-gray-900 text-left\">\n<h2>Section VI \u2013 Validit\u00e9 et d\u00e9lai<\/h2>\n<\/div><div class=\"mx-5 sm:mx-0 prose leading-relaxed text-lg mb-5 text-left wp-paragraph\">\n<p>Les pr\u00e9sentes Conditions G\u00e9n\u00e9rales d&#039;Utilisation sont valables pour une dur\u00e9e ind\u00e9termin\u00e9e. Toute action judiciaire ou administrative li\u00e9e \u00e0 l&#039;utilisation de 100 Tech, telle que d\u00e9crite dans les pr\u00e9sentes Conditions G\u00e9n\u00e9rales d&#039;Utilisation ou la Politique de Confidentialit\u00e9, doit \u00eatre initi\u00e9e dans les 90 jours suivant l&#039;\u00e9v\u00e9nement donnant lieu \u00e0 la r\u00e9clamation.<\/p>\n<\/div><!--advertisement--><div class=\"mx-5 sm:mx-0 sm:text-3xl text-2xl font-medium title-font mb-4 text-gray-900 text-left\">\n<h2>Section VII \u2013 L\u00e9gislation et forum \u00e9lectoral<\/h2>\n<\/div><div class=\"mx-5 sm:mx-0 prose leading-relaxed text-lg mb-5 text-left wp-paragraph\">\n<p><strong>7.1<\/strong> Ce terme et les conditions g\u00e9n\u00e9rales d&#039;utilisation doivent \u00eatre compris conjointement avec la politique de confidentialit\u00e9. Tous deux sont r\u00e9gis par les lois de la R\u00e9publique f\u00e9d\u00e9rative du Br\u00e9sil, notamment la Constitution f\u00e9d\u00e9rale, le Code civil, le Code de protection des consommateurs, la loi g\u00e9n\u00e9rale sur le cadre civil d&#039;Internet et la loi g\u00e9n\u00e9rale sur la protection des donn\u00e9es.<\/p>\n<\/div><div class=\"mx-5 sm:mx-0 prose leading-relaxed text-lg mb-5 text-left wp-paragraph\">\n<p><strong>7.2.<\/strong> Pour les questions relatives \u00e0 l&#039;interpr\u00e9tation ou \u00e0 l&#039;application des pr\u00e9sentes Conditions et de la Politique de confidentialit\u00e9, les parties conviennent de se soumettre exclusivement \u00e0 la juridiction de la Chambre de commerce de Tallinn, Estonie (La Cour d&#039;arbitrage de la Chambre de commerce et d&#039;industrie estonienne). Cela inclut tout litige ou question d\u00e9coulant des pr\u00e9sentes conditions d&#039;utilisation.<\/p>\n<\/div><!--advertisement--><div class=\"mx-5 sm:mx-0 sm:text-3xl text-2xl font-medium title-font mb-4 text-gray-900 text-left\">\n<h2>Section VIII \u2013 Contenu et propri\u00e9t\u00e9 intellectuelle<\/h2>\n<\/div><div class=\"mx-5 sm:mx-0 prose leading-relaxed text-lg mb-5 text-left wp-paragraph\">\n<p><strong>8.1. Contenu et propri\u00e9t\u00e9 intellectuelle<\/strong><\/p>\n<\/div><div class=\"mx-5 sm:mx-0 prose leading-relaxed text-lg mb-5 text-left wp-paragraph\">\n<p>Le contenu du site Internet 100 Tech, propri\u00e9t\u00e9 de RubikTech O\u00dc et de ses partenaires, est prot\u00e9g\u00e9 par les lois sur le droit d&#039;auteur et la propri\u00e9t\u00e9 intellectuelle. La reproduction, la modification, la distribution, l&#039;affichage ou la cr\u00e9ation d&#039;\u0153uvres d\u00e9riv\u00e9es de ce contenu sans l&#039;autorisation \u00e9crite expresse de RubikTech O\u00dc sont interdites.<\/p>\n<\/div><div class=\"mx-5 sm:mx-0 prose leading-relaxed text-lg mb-5 text-left wp-paragraph\">\n<p><strong>8.2 Responsabilit\u00e9<\/strong><\/p>\n<\/div><div class=\"mx-5 sm:mx-0 prose leading-relaxed text-lg mb-5 text-left wp-paragraph\">\n<p>100 Tech n&#039;est pas responsable des contenus produits par des tiers, tels que les commentaires et publications sur les forums ou les r\u00e9seaux sociaux. De m\u00eame, il n&#039;est pas responsable des dommages caus\u00e9s par l&#039;utilisation du site Internet, qu&#039;ils soient directs, indirects, accessoires ou cons\u00e9cutifs.<\/p>\n<\/div><div class=\"mx-5 sm:mx-0 prose leading-relaxed text-lg mb-5 text-left wp-paragraph\">\n<p><strong>8.3 Infractions<\/strong><\/p>\n<\/div><div class=\"mx-5 sm:mx-0 prose leading-relaxed text-lg mb-5 text-left wp-paragraph\">\n<p>100 Tech a le droit de supprimer les contenus qui violeraient les pr\u00e9sentes conditions, notamment ceux qui seraient ill\u00e9gaux, offensants, diffamatoires ou qui porteraient atteinte aux droits de tiers. RubikTech O\u00dc peut \u00e9galement r\u00e9silier les comptes des utilisateurs qui ne respectent pas ces conditions.<\/p>\n<\/div><!--advertisement--><div class=\"mx-5 sm:mx-0 sm:text-3xl text-2xl font-medium title-font mb-4 text-gray-900 text-left\">\n<h2>Section IX \u2013 Modification des Conditions G\u00e9n\u00e9rales<\/h2>\n<\/div><div class=\"mx-5 sm:mx-0 prose leading-relaxed text-lg mb-5 text-left wp-paragraph\">\n<p>100 Tech se r\u00e9serve le droit de modifier, suspendre ou mettre fin \u00e0 toute partie de ses services \u00e0 tout moment, sans pr\u00e9avis. En effectuant de telles modifications, 100 Tech n&#039;aura aucune responsabilit\u00e9 envers vous ou tout tiers.<\/p>\n<\/div><div class=\"mx-5 sm:mx-0 prose leading-relaxed text-lg mb-5 text-left wp-paragraph\">\n<p><strong>L&#039;utilisation du site Internet 100 Tech implique l&#039;acceptation obligatoire et contraignante des pr\u00e9sentes Conditions G\u00e9n\u00e9rales. Toute personne qui n&#039;est pas d&#039;accord avec ces Conditions doit s&#039;abstenir d&#039;utiliser le site Web.<\/strong><\/p>\n<\/div><!--advertisement--><div class=\"mx-5 sm:mx-0 sm:text-3xl text-2xl font-medium title-font mb-4 text-gray-900 text-left\">\n<h2>Section X \u2013 Coordonn\u00e9es<\/h2>\n<\/div><div class=\"mx-5 sm:mx-0 prose leading-relaxed text-lg mb-5 text-left wp-paragraph\">\n<p>Pour toute question ou suggestion concernant nos services, nous vous encourageons \u00e0 contacter notre \u00e9quipe du service client. Merci d&#039;envoyer votre message \u00e0 l&#039;adresse email : <a style=\" color:;\" href=\"mailto:contato@100t.com.br\">contact@100t.com.br<\/a>.<\/p>\n<\/div>","protected":false},"excerpt":{"rendered":"<p>Mis \u00e0 jour le 22 novembre 2023. RubikTech O\u00dc, une soci\u00e9t\u00e9 \u00e0 responsabilit\u00e9 limit\u00e9e \u00e9tablie en Estonie (LLC, \u00e9galement connue sous le nom d&#039;O\u00dc), immatricul\u00e9e au TVA EE102662223 et situ\u00e9e \u00e0 Tallinn, au 10616 Keemia tn Street, Harju, Estonie, est l&#039;entit\u00e9 responsable de cr\u00e9er, poss\u00e9der et g\u00e9rer le site Internet 100 Tech, accessible via\u2026 <a class=\"more-link\" href=\"https:\/\/100t.com.br\/fr\/terms\/\">continuer la lecture <span class=\"screen-reader-text\">Conditions d&#039;utilisation \u2013 100 Tech<\/span><\/a><\/p>","protected":false},"author":4,"featured_media":0,"parent":0,"menu_order":0,"comment_status":"closed","ping_status":"closed","template":"","meta":[],"yoast_head":"<!-- This site is optimized with the Yoast SEO Premium plugin v18.7 (Yoast SEO v19.1) - https:\/\/yoast.com\/wordpress\/plugins\/seo\/ -->\n<title>Termos de Uso - 100 Tech - 100 Tech<\/title>\n<meta name=\"robots\" content=\"index, follow, max-snippet:-1, max-image-preview:large, max-video-preview:-1\" \/>\n<link rel=\"canonical\" href=\"https:\/\/100t.com.br\/fr\/terms\/\" \/>\n<meta property=\"og:locale\" content=\"fr_FR\" \/>\n<meta property=\"og:type\" content=\"article\" \/>\n<meta property=\"og:title\" content=\"Termos de Uso - 100 Tech\" \/>\n<meta property=\"og:description\" content=\"Atualizado em 22 de Novembro de 2023. A RubikTech O\u00dc, uma companhia de responsabilidade limitada estabelecida na Estonia (LLC, tamb\u00e9m conhecida por O\u00dc), registada com o VAT EE102662223 e localizada em Tallinn, na Rua Keemia tn 4, 10616, Harju, Est\u00f3nia, \u00e9 a entidade respons\u00e1vel pela cria\u00e7\u00e3o, titularidade e gest\u00e3o do website 100 Tech, acess\u00edvel atrav\u00e9s&hellip; Continue reading Termos de Uso &#8211; 100 Tech\" \/>\n<meta property=\"og:url\" content=\"https:\/\/100t.com.br\/fr\/terms\/\" \/>\n<meta property=\"og:site_name\" content=\"100 Tech\" \/>\n<meta property=\"article:modified_time\" content=\"2023-11-22T20:57:25+00:00\" \/>\n<meta name=\"twitter:card\" content=\"summary_large_image\" \/>\n<meta name=\"twitter:label1\" content=\"Est. reading time\" \/>\n\t<meta name=\"twitter:data1\" content=\"9 minutes\" \/>\n<script type=\"application\/ld+json\" class=\"yoast-schema-graph\">{\"@context\":\"https:\/\/schema.org\",\"@graph\":[{\"@type\":\"WebSite\",\"@id\":\"https:\/\/100t.com.br\/#website\",\"url\":\"https:\/\/100t.com.br\/\",\"name\":\"100 Tech\",\"description\":\"Tecnologia e Informa\u00e7\u00e3o\",\"potentialAction\":[{\"@type\":\"SearchAction\",\"target\":{\"@type\":\"EntryPoint\",\"urlTemplate\":\"https:\/\/100t.com.br\/?s={search_term_string}\"},\"query-input\":\"required name=search_term_string\"}],\"inLanguage\":\"fr-FR\"},{\"@type\":\"WebPage\",\"@id\":\"https:\/\/100t.com.br\/terms\/#webpage\",\"url\":\"https:\/\/100t.com.br\/terms\/\",\"name\":\"Termos de Uso - 100 Tech - 100 Tech\",\"isPartOf\":{\"@id\":\"https:\/\/100t.com.br\/#website\"},\"datePublished\":\"2023-03-31T16:29:55+00:00\",\"dateModified\":\"2023-11-22T20:57:25+00:00\",\"breadcrumb\":{\"@id\":\"https:\/\/100t.com.br\/terms\/#breadcrumb\"},\"inLanguage\":\"fr-FR\",\"potentialAction\":[{\"@type\":\"ReadAction\",\"target\":[\"https:\/\/100t.com.br\/terms\/\"]}]},{\"@type\":\"BreadcrumbList\",\"@id\":\"https:\/\/100t.com.br\/terms\/#breadcrumb\",\"itemListElement\":[{\"@type\":\"ListItem\",\"position\":1,\"name\":\"Home\",\"item\":\"https:\/\/100t.com.br\/fr\/\"},{\"@type\":\"ListItem\",\"position\":2,\"name\":\"Termos de Uso &#8211; 100 Tech\"}]}]}<\/script>\n<!-- \/ Yoast SEO Premium plugin. -->","yoast_head_json":{"title":"Termos de Uso - 100 Tech - 100 Tech","robots":{"index":"index","follow":"follow","max-snippet":"max-snippet:-1","max-image-preview":"max-image-preview:large","max-video-preview":"max-video-preview:-1"},"canonical":"https:\/\/100t.com.br\/fr\/terms\/","og_locale":"fr_FR","og_type":"article","og_title":"Termos de Uso - 100 Tech","og_description":"Atualizado em 22 de Novembro de 2023. A RubikTech O\u00dc, uma companhia de responsabilidade limitada estabelecida na Estonia (LLC, tamb\u00e9m conhecida por O\u00dc), registada com o VAT EE102662223 e localizada em Tallinn, na Rua Keemia tn 4, 10616, Harju, Est\u00f3nia, \u00e9 a entidade respons\u00e1vel pela cria\u00e7\u00e3o, titularidade e gest\u00e3o do website 100 Tech, acess\u00edvel atrav\u00e9s&hellip; Continue reading Termos de Uso &#8211; 100 Tech","og_url":"https:\/\/100t.com.br\/fr\/terms\/","og_site_name":"100 Tech","article_modified_time":"2023-11-22T20:57:25+00:00","twitter_card":"summary_large_image","twitter_misc":{"Est. reading time":"9 minutes"},"schema":{"@context":"https:\/\/schema.org","@graph":[{"@type":"WebSite","@id":"https:\/\/100t.com.br\/#website","url":"https:\/\/100t.com.br\/","name":"100 Tech","description":"Tecnologia e Informa\u00e7\u00e3o","potentialAction":[{"@type":"SearchAction","target":{"@type":"EntryPoint","urlTemplate":"https:\/\/100t.com.br\/?s={search_term_string}"},"query-input":"required name=search_term_string"}],"inLanguage":"fr-FR"},{"@type":"WebPage","@id":"https:\/\/100t.com.br\/terms\/#webpage","url":"https:\/\/100t.com.br\/terms\/","name":"Termos de Uso - 100 Tech - 100 Tech","isPartOf":{"@id":"https:\/\/100t.com.br\/#website"},"datePublished":"2023-03-31T16:29:55+00:00","dateModified":"2023-11-22T20:57:25+00:00","breadcrumb":{"@id":"https:\/\/100t.com.br\/terms\/#breadcrumb"},"inLanguage":"fr-FR","potentialAction":[{"@type":"ReadAction","target":["https:\/\/100t.com.br\/terms\/"]}]},{"@type":"BreadcrumbList","@id":"https:\/\/100t.com.br\/terms\/#breadcrumb","itemListElement":[{"@type":"ListItem","position":1,"name":"Home","item":"https:\/\/100t.com.br\/fr\/"},{"@type":"ListItem","position":2,"name":"Termos de Uso &#8211; 100 Tech"}]}]}},"_links":{"self":[{"href":"https:\/\/100t.com.br\/fr\/wp-json\/wp\/v2\/pages\/4830"}],"collection":[{"href":"https:\/\/100t.com.br\/fr\/wp-json\/wp\/v2\/pages"}],"about":[{"href":"https:\/\/100t.com.br\/fr\/wp-json\/wp\/v2\/types\/page"}],"author":[{"embeddable":true,"href":"https:\/\/100t.com.br\/fr\/wp-json\/wp\/v2\/users\/4"}],"replies":[{"embeddable":true,"href":"https:\/\/100t.com.br\/fr\/wp-json\/wp\/v2\/comments?post=4830"}],"version-history":[{"count":0,"href":"https:\/\/100t.com.br\/fr\/wp-json\/wp\/v2\/pages\/4830\/revisions"}],"wp:attachment":[{"href":"https:\/\/100t.com.br\/fr\/wp-json\/wp\/v2\/media?parent=4830"}],"curies":[{"name":"wp","href":"https:\/\/api.w.org\/{rel}","templated":true}]}}