{"id":4830,"date":"2023-03-31T16:29:55","date_gmt":"2023-03-31T16:29:55","guid":{"rendered":"https:\/\/100t.com.br\/?page_id=4830"},"modified":"2023-11-22T20:57:25","modified_gmt":"2023-11-22T20:57:25","slug":"terms","status":"publish","type":"page","link":"https:\/\/100t.com.br\/fi\/terms\/","title":{"rendered":"K\u00e4ytt\u00f6ehdot \u2013 100 Tech"},"content":{"rendered":"<div class=\"mx-5 sm:mx-0 prose leading-relaxed text-lg mb-5 text-left wp-paragraph\">\n<p>P\u00e4ivitetty 22. marraskuuta 2023.<\/p>\n<\/div><div class=\"mx-5 sm:mx-0 prose leading-relaxed text-lg mb-5 text-left wp-paragraph\">\n<p>A <strong>RubikTech O\u00dc<\/strong>, Virossa perustettu osakeyhti\u00f6 (LLC, joka tunnetaan my\u00f6s nimell\u00e4 O\u00dc), rekister\u00f6ity ALV-numerolla EE102662223 ja sijaitsee Tallinnassa osoitteessa Keemia tn 4, 10616, Harju, Viro, ja on vastuussa 100 Tech -verkkosivuston luomisesta, omistajuudesta ja hallinnoinnista. Verkkosivustoon p\u00e4\u00e4see osoitteesta <a style=\" color:;\" href=\"https:\/\/100t.com.br\/fi\/\">https:\/\/100t.com.br<\/a>.<\/p>\n<\/div><div class=\"mx-5 sm:mx-0 prose leading-relaxed text-lg mb-5 text-left wp-paragraph\">\n<p>T\u00e4t\u00e4 portaalia hallinnoi 100 Tech. Viittaukset &quot;me&quot;, &quot;meid\u00e4n&quot; ja &quot;meid\u00e4n&quot; t\u00e4ss\u00e4 asiakirjassa viittaavat yksinomaan 100 Techiin. T\u00e4m\u00e4 portaali, mukaan lukien kaikki saatavilla olevat tiedot, palvelut ja sis\u00e4lt\u00f6, tarjoaa 100 Tech edellytt\u00e4en, ett\u00e4 k\u00e4ytt\u00e4j\u00e4 hyv\u00e4ksyy kaikki t\u00e4ss\u00e4 esitetyt ehdot ja k\u00e4yt\u00e4nn\u00f6t. Palveluidemme k\u00e4ytt\u00f6 edellytt\u00e4\u00e4 portaalimme selaamista ja sen kanssa vuorovaikutusta.<\/p>\n<\/div><div class=\"mx-5 sm:mx-0 prose leading-relaxed text-lg mb-5 text-left wp-paragraph\">\n<p>100 Tech erottuu joukosta verkkosivustona, joka on erikoistunut informatiivisen sis\u00e4ll\u00f6n luomiseen ja laajan valikoiman tuotteiden ja palveluiden (mukaan lukien sovellukset, teknologia, viihde ja muut) analysointiin. N\u00e4it\u00e4 tuotteita ja palveluita tarjoavat sek\u00e4 kansalliset ett\u00e4 kansainv\u00e4liset toimijat.<\/p>\n<\/div><div class=\"mx-5 sm:mx-0 prose leading-relaxed text-lg mb-5 text-left wp-paragraph\">\n<p>On t\u00e4rke\u00e4\u00e4 huomata, ett\u00e4 t\u00e4m\u00e4n verkkosivuston k\u00e4ytt\u00f6\u00f6n sovelletaan sek\u00e4 n\u00e4it\u00e4 ehtoja ett\u00e4 100 Techin tietosuojak\u00e4yt\u00e4nt\u00f6\u00e4, joka l\u00f6ytyy osoitteesta https:\/\/100t.com.br\/privacy, ja sen lis\u00e4ksi, ett\u00e4 se on sovellettavan lains\u00e4\u00e4d\u00e4nn\u00f6n mukaista.<\/p>\n<\/div><div class=\"mx-5 sm:mx-0 prose leading-relaxed text-lg mb-5 text-left wp-paragraph\">\n<p>Siksi yleisten k\u00e4ytt\u00f6ehtojen tarkoituksena on selvent\u00e4\u00e4 kaikkien 100 Techin verkkosivustoa k\u00e4ytt\u00e4vien k\u00e4ytt\u00e4jien vastuita, velvollisuuksia ja teht\u00e4vi\u00e4, kuten seuraavissa kohdissa on yksityiskohtaisesti kuvattu.<\/p>\n<\/div><div class=\"mx-5 sm:mx-0 prose leading-relaxed text-lg mb-5 text-left wp-paragraph\">\n<p><strong>On eritt\u00e4in t\u00e4rke\u00e4\u00e4, ett\u00e4 luet k\u00e4ytt\u00f6ehtomme huolellisesti. Jos et hyv\u00e4ksy t\u00e4ss\u00e4 esitettyj\u00e4 ehtoja, pyyd\u00e4mme sinua olemaan k\u00e4ytt\u00e4m\u00e4tt\u00e4 100 Techin tarjoamia palveluita.<\/strong><\/p>\n<\/div><!--advertisement--><div class=\"mx-5 sm:mx-0 sm:text-3xl text-2xl font-medium title-font mb-4 text-gray-900 text-left\">\n<h2 id=\"h-secao-i-admissao\">Osa I \u2013 P\u00e4\u00e4sykoe<\/h2>\n<\/div><div class=\"mx-5 sm:mx-0 prose leading-relaxed text-lg mb-5 text-left wp-paragraph\">\n<p><strong>1.1 <\/strong>K\u00e4ytt\u00e4ess\u00e4\u00e4n 100 Techi\u00e4 k\u00e4ytt\u00e4j\u00e4 sitoutuu noudattamaan yleisi\u00e4 k\u00e4ytt\u00f6ehtoja sek\u00e4 <a style=\" color:;\" href=\"https:\/\/100t.com.br\/fi\/privacy\/\">Tietosuojak\u00e4yt\u00e4nt\u00f6<\/a> 100 tekniikasta.<\/p>\n<\/div><div class=\"mx-5 sm:mx-0 prose leading-relaxed text-lg mb-5 text-left wp-paragraph\">\n<p><strong>1.2 <\/strong>K\u00e4ytt\u00e4j\u00e4 vahvistaa 100 Tech -palvelua k\u00e4ytt\u00e4ess\u00e4\u00e4n olevansa v\u00e4hint\u00e4\u00e4n 18 (kahdeksantoista) vuotta vanha ja olevansa t\u00e4ysin laillisesti ja nimenomaisesti kelpoinen hyv\u00e4ksym\u00e4\u00e4n n\u00e4m\u00e4 k\u00e4ytt\u00f6ehdot kaikkiin laillisiin tarkoituksiin.<\/p>\n<\/div><div class=\"mx-5 sm:mx-0 prose leading-relaxed text-lg mb-5 text-left wp-paragraph\">\n<p><strong>1.3 <\/strong>Jos k\u00e4ytt\u00e4j\u00e4 ei t\u00e4yt\u00e4 edell\u00e4 mainittuja kriteerej\u00e4 ja\/tai ei hyv\u00e4ksy kokonaan tai osittain n\u00e4iss\u00e4 k\u00e4ytt\u00f6ehdoissa esitettyj\u00e4 ehtoja, h\u00e4nen on pid\u00e4tt\u00e4ydytt\u00e4v\u00e4 k\u00e4ytt\u00e4m\u00e4st\u00e4 100 Techin tarjoamia palveluita sek\u00e4 sen hallinnoimia verkkosivustoja ja palveluita.<\/p>\n<\/div><!--advertisement--><div class=\"mx-5 sm:mx-0 sm:text-3xl text-2xl font-medium title-font mb-4 text-gray-900 text-left\">\n<h2>Osa II \u2013 Yhteystiedot<\/h2>\n<\/div><div class=\"mx-5 sm:mx-0 prose leading-relaxed text-lg mb-5 text-left wp-paragraph\">\n<p><strong>2.1 <\/strong>K\u00e4ytt\u00e4j\u00e4 voi k\u00e4ytt\u00e4\u00e4 t\u00e4t\u00e4 palvelua ep\u00e4selvyyksien selvitt\u00e4miseen, ongelmien ratkaisemiseen ja valitusten tai muiden 100 Techin tuotteita\/palveluita koskevien tietojen l\u00e4hett\u00e4miseen.<\/p>\n<\/div><div class=\"mx-5 sm:mx-0 prose leading-relaxed text-lg mb-5 text-left wp-paragraph\">\n<p><strong>2.2<\/strong> K\u00e4ytt\u00e4j\u00e4 voi ottaa yhteytt\u00e4 lomakkeella, joka on saatavilla osoitteessa <a style=\" color:;\" href=\"https:\/\/100t.com.br\/fi\/contact\/\">https:\/\/100t.com.br\/contact\/<\/a>.<\/p>\n<\/div><!--advertisement--><div class=\"mx-5 sm:mx-0 sm:text-3xl text-2xl font-medium title-font mb-4 text-gray-900 text-left\">\n<h2>III jakso \u2013 Osapuolten vastuut<\/h2>\n<\/div><div class=\"mx-5 sm:mx-0 prose leading-relaxed text-lg mb-5 text-left wp-paragraph\">\n<p><strong>3.1 <\/strong>K\u00e4ytt\u00e4m\u00e4ll\u00e4 100 Techin verkkosivuston palveluita ja tuotteita k\u00e4ytt\u00e4j\u00e4 vahvistaa lukeneensa, ymm\u00e4rt\u00e4neens\u00e4 ja hyv\u00e4ksyneens\u00e4 kaikki n\u00e4iss\u00e4 k\u00e4ytt\u00f6ehdoissa sek\u00e4 tietosuojak\u00e4yt\u00e4nn\u00f6ss\u00e4 olevat ehdot.<\/p>\n<\/div><div class=\"mx-5 sm:mx-0 prose leading-relaxed text-lg mb-5 text-left wp-paragraph\">\n<p><strong>3.2 <\/strong>100 Tech tarjoaa linkkej\u00e4 ja ohjaa k\u00e4ytt\u00e4j\u00e4n kolmansien osapuolten verkkosivustoille, joilla palveluita voi tilata ja tuotteita ostaa suoraan vastaavilta yrityksilt\u00e4. 100 Tech ei puutu t\u00e4h\u00e4n prosessiin.<\/p>\n<\/div><div class=\"mx-5 sm:mx-0 prose leading-relaxed text-lg mb-5 text-left wp-paragraph\">\n<p><strong>3.3 <\/strong>Kun k\u00e4ytt\u00e4j\u00e4 ohjataan kumppaniyrityksen verkkosivustolle, h\u00e4nen on luettava ja nimenomaisesti hyv\u00e4ksytt\u00e4v\u00e4 kyseisen yrityksen k\u00e4ytt\u00f6ehdot ja tietosuojak\u00e4yt\u00e4nn\u00f6t.<\/p>\n<\/div><div class=\"mx-5 sm:mx-0 prose leading-relaxed text-lg mb-5 text-left wp-paragraph\">\n<p><strong>3.4 <\/strong>100 Tech ei ole vastuussa kolmansien osapuolten yritysten k\u00e4yt\u00e4nn\u00f6ist\u00e4 ja k\u00e4ytt\u00f6ehdoista, mainostettujen palveluiden tai tuotteiden tiedoista eik\u00e4 n\u00e4iden yritysten kanssa tehdyist\u00e4 tarjouksista tai sopimuksista.<\/p>\n<\/div><div class=\"mx-5 sm:mx-0 prose leading-relaxed text-lg mb-5 text-left wp-paragraph\">\n<p><strong>3.5 <\/strong>100 Tech ei ole vastuussa vahingoista, jotka johtuvat viruksista tai haittaohjelmista, jotka ovat per\u00e4isin selaamisen tai tiedonsiirron aikana verkossa. K\u00e4ytt\u00e4ji\u00e4 kehotetaan pit\u00e4m\u00e4\u00e4n turvaj\u00e4rjestelm\u00e4t ajan tasalla.<\/p>\n<\/div><div class=\"mx-5 sm:mx-0 prose leading-relaxed text-lg mb-5 text-left wp-paragraph\">\n<p><strong>3.6 <\/strong>100 Tech ei ole vastuussa verkkosivuston virheellisest\u00e4 k\u00e4yt\u00f6st\u00e4 tai ylivoimaisesta esteest\u00e4 aiheutuvista tappioista.<\/p>\n<\/div><div class=\"mx-5 sm:mx-0 prose leading-relaxed text-lg mb-5 text-left wp-paragraph\">\n<p><strong>3.7 <\/strong>100 Tech ei pyyd\u00e4 talletuksia tai tilisiirtoja rahoitustuotteiden hyv\u00e4ksymist\u00e4 tai my\u00f6nt\u00e4mist\u00e4 varten.<\/p>\n<\/div><div class=\"mx-5 sm:mx-0 prose leading-relaxed text-lg mb-5 text-left wp-paragraph\">\n<p><strong>3.8 <\/strong>100 Tech ei l\u00e4het\u00e4 s\u00e4hk\u00f6posteja, joissa pyydet\u00e4\u00e4n henkil\u00f6kohtaisia tietoja tai rekister\u00f6intitietoja, eik\u00e4 suoritettavia liitteit\u00e4 tai latauslinkkej\u00e4. Jos saat t\u00e4llaisia viestej\u00e4, ilmoita niist\u00e4 meille yhteydenottolomakkeemme kautta osoitteessa <a style=\" color:;\" href=\"https:\/\/100t.com.br\/fi\/contact\/\">https:\/\/100t.com.br\/contact\/<\/a>.<\/p>\n<\/div><!--advertisement--><div class=\"mx-5 sm:mx-0 sm:text-3xl text-2xl font-medium title-font mb-4 text-gray-900 text-left\">\n<h2>Osa IV \u2013 K\u00e4ytt\u00f6ehdot ja rajoitukset<\/h2>\n<\/div><div class=\"mx-5 sm:mx-0 prose leading-relaxed text-lg mb-5 text-left wp-paragraph\">\n<p>Palveluehtojen mukaisesti asetamme tiukat rajoitukset verkkosivustomme ja sis\u00e4lt\u00f6mme k\u00e4yt\u00f6lle. On nimenomaisesti kielletty\u00e4:<\/p>\n<\/div><div class=\"mx-5 sm:mx-0 prose text-left mb-5\">\n<ol><div class=\"mx-5 sm:mx-0 prose text-left mb-5\">\n<li>K\u00e4yt\u00e4 verkkosivustoa laittomiin tarkoituksiin tai laittoman toiminnan edist\u00e4miseen.<\/li>\n<\/div>\n\n<div class=\"mx-5 sm:mx-0 prose text-left mb-5\">\n<li>\u00c4l\u00e4 ota huomioon paikallisia, osavaltion, liittovaltion, maakunnan tai kansainv\u00e4lisi\u00e4 lakeja tai m\u00e4\u00e4r\u00e4yksi\u00e4.<\/li>\n<\/div>\n\n<div class=\"mx-5 sm:mx-0 prose text-left mb-5\">\n<li>Loukkaa tai rikkoo meid\u00e4n tai kolmansien osapuolten immateriaalioikeuksia.<\/li>\n<\/div>\n\n<div class=\"mx-5 sm:mx-0 prose text-left mb-5\">\n<li>Sukupuoleen, seksuaaliseen suuntautumiseen, uskontoon, etniseen alkuper\u00e4\u00e4n, rotuun, ik\u00e4\u00e4n, kansalliseen alkuper\u00e4\u00e4n tai vammaisuuteen perustuva h\u00e4irint\u00e4, hyv\u00e4ksik\u00e4ytt\u00f6, kunnianloukkaus, pelottelu tai syrjint\u00e4.<\/li>\n<\/div>\n\n<div class=\"mx-5 sm:mx-0 prose text-left mb-5\">\n<li>Levit\u00e4 v\u00e4\u00e4r\u00e4\u00e4 tai harhaanjohtavaa tietoa.<\/li>\n<\/div>\n\n<div class=\"mx-5 sm:mx-0 prose text-left mb-5\">\n<li>Levit\u00e4 viruksia tai muuta koodia, joka voi vahingoittaa Palvelun, siihen liittyvien verkkosivustojen, muiden verkkosivustojen tai Internetin toimintaa.<\/li>\n<\/div>\n\n<div class=\"mx-5 sm:mx-0 prose text-left mb-5\">\n<li>Ker\u00e4t\u00e4 tai seurata kolmansien osapuolten henkil\u00f6tietoja ilman suostumusta.<\/li>\n<\/div>\n\n<div class=\"mx-5 sm:mx-0 prose text-left mb-5\">\n<li>Harjoittele roskapostia, tietojenkalastelua, apteekkitoimintaa, verukkeiden k\u00e4ytt\u00f6\u00e4, hakurobotteja, indeksointia tai kaavintaa.<\/li>\n<\/div>\n\n<div class=\"mx-5 sm:mx-0 prose text-left mb-5\">\n<li>K\u00e4yt\u00e4 sivustoa s\u00e4\u00e4dytt\u00f6miin tai moraalittomiin tarkoituksiin.<\/li>\n<\/div>\n\n<div class=\"mx-5 sm:mx-0 prose text-left mb-5\">\n<li>H\u00e4irit\u00e4 tai kiert\u00e4\u00e4 Palvelun, siihen liittyvien verkkosivustojen, muiden verkkosivustojen tai Internetin turvatoimenpiteit\u00e4.<\/li>\n<\/div><\/ol>\n<\/div><div class=\"mx-5 sm:mx-0 prose leading-relaxed text-lg mb-5 text-left wp-paragraph\">\n<p><strong>Pid\u00e4t\u00e4mme oikeuden lopettaa tai keskeytt\u00e4\u00e4 Palveluidemme ja niihin liittyvien verkkosivustojen k\u00e4ytt\u00f6si, jos rikot jotakin n\u00e4ist\u00e4 rajoituksista.<\/strong><\/p>\n<\/div><!--advertisement--><div class=\"mx-5 sm:mx-0 sm:text-3xl text-2xl font-medium title-font mb-4 text-gray-900 text-left\">\n<h2>V jakso \u2013 Vastuunrajoitukset ja takuut<\/h2>\n<\/div><div class=\"mx-5 sm:mx-0 prose leading-relaxed text-lg mb-5 text-left wp-paragraph\">\n<p>Ymm\u00e4rr\u00e4mme, ett\u00e4 Palvelumme k\u00e4ytt\u00f6 ei v\u00e4ltt\u00e4m\u00e4tt\u00e4 ole jatkuvaa, t\u00e4ysin turvallista tai virheet\u00f6nt\u00e4. Emme takaa, ett\u00e4 Palvelun kautta saadut tulokset ovat aina tarkkoja tai luotettavia.<\/p>\n<\/div><div class=\"mx-5 sm:mx-0 prose leading-relaxed text-lg mb-5 text-left wp-paragraph\">\n<p>Palvelun k\u00e4ytt\u00f6oikeus voidaan ajoittain keskeytt\u00e4\u00e4 tai jopa lopettaa milloin tahansa ilman ennakkoilmoitusta.<\/p>\n<\/div><div class=\"mx-5 sm:mx-0 prose leading-relaxed text-lg mb-5 text-left wp-paragraph\">\n<p>Hyv\u00e4ksyt, ett\u00e4 palvelun k\u00e4ytt\u00f6 tai k\u00e4yt\u00f6n estyminen tapahtuu yksinomaan omalla vastuullasi. Palvelu tarjotaan &quot;sellaisenaan&quot; ja &quot;saatavuuden mukaan&quot; ilman mit\u00e4\u00e4n nimenomaisia tai oletettuja takuita, mukaan lukien, mutta ei rajoittuen, takuut myyntikelpoisuudesta, soveltuvuudesta tiettyyn tarkoitukseen tai loukkaamattomuudesta.<\/p>\n<\/div><div class=\"mx-5 sm:mx-0 prose leading-relaxed text-lg mb-5 text-left wp-paragraph\">\n<p>100 Tech, sen johtajat, ty\u00f6ntekij\u00e4t tai yhteisty\u00f6kumppanit eiv\u00e4t miss\u00e4\u00e4n olosuhteissa ole vastuussa mist\u00e4\u00e4n vahingoista, menetyksist\u00e4 tai vaatimuksista, jotka johtuvat Palvelun k\u00e4yt\u00f6st\u00e4. T\u00e4m\u00e4 sis\u00e4lt\u00e4\u00e4 rajoituksetta voittojen, tietojen tai muiden aineettomien tappioiden menetyksen, jotka johtuvat Palvelun kautta hankitun palvelun tai tuotteen k\u00e4yt\u00f6st\u00e4, tai mist\u00e4\u00e4n muusta Palvelun k\u00e4ytt\u00f6\u00f6n liittyv\u00e4st\u00e4 vaateesta.<\/p>\n<\/div><div class=\"mx-5 sm:mx-0 prose leading-relaxed text-lg mb-5 text-left wp-paragraph\">\n<p>Laink\u00e4ytt\u00f6alueilla, joilla v\u00e4lillisten tai satunnaisten vahinkojen vastuun poissulkeminen tai rajoittaminen ei ole sallittua, vastuumme rajoittuu sovellettavan lain sallimaan enimm\u00e4ism\u00e4\u00e4r\u00e4\u00e4n.<\/p>\n<\/div><!--advertisement--><div class=\"mx-5 sm:mx-0 sm:text-3xl text-2xl font-medium title-font mb-4 text-gray-900 text-left\">\n<h2>VI jakso \u2013 Voimassaolo ja lakis\u00e4\u00e4teinen ajanjakso<\/h2>\n<\/div><div class=\"mx-5 sm:mx-0 prose leading-relaxed text-lg mb-5 text-left wp-paragraph\">\n<p>N\u00e4m\u00e4 yleiset k\u00e4ytt\u00f6ehdot ovat voimassa toistaiseksi. Kaikki n\u00e4iss\u00e4 yleisiss\u00e4 k\u00e4ytt\u00f6ehdoissa tai tietosuojak\u00e4yt\u00e4nn\u00f6ss\u00e4 kuvatut 100 Techin k\u00e4ytt\u00f6\u00f6n liittyv\u00e4t oikeudelliset tai hallinnolliset toimet on aloitettava 90 p\u00e4iv\u00e4n kuluessa vaatimukseen johtaneesta tapahtumasta.<\/p>\n<\/div><!--advertisement--><div class=\"mx-5 sm:mx-0 sm:text-3xl text-2xl font-medium title-font mb-4 text-gray-900 text-left\">\n<h2>VII jakso \u2013 Lains\u00e4\u00e4d\u00e4nt\u00f6 ja laink\u00e4ytt\u00f6valta<\/h2>\n<\/div><div class=\"mx-5 sm:mx-0 prose leading-relaxed text-lg mb-5 text-left wp-paragraph\">\n<p><strong>7.1<\/strong> N\u00e4it\u00e4 k\u00e4ytt\u00f6ehtoja on tulkittava yhdess\u00e4 tietosuojak\u00e4yt\u00e4nn\u00f6n kanssa. Molempia s\u00e4\u00e4telev\u00e4t Brasilian liittotasavallan lait, mukaan lukien liittovaltion perustuslaki, siviililaki, kuluttajansuojalaki, yleinen internetin kansalaisoikeuksien puitelaki ja yleinen tietosuojalaki.<\/p>\n<\/div><div class=\"mx-5 sm:mx-0 prose leading-relaxed text-lg mb-5 text-left wp-paragraph\">\n<p><strong>7.2.<\/strong> N\u00e4iden ehtojen ja tietosuojak\u00e4yt\u00e4nn\u00f6n tulkintaan tai t\u00e4yt\u00e4nt\u00f6\u00f6npanoon liittyviss\u00e4 asioissa osapuolet sopivat alistuvansa yksinomaan Tallinnan kauppakamarin (Viron kauppa- ja teollisuuskamarin v\u00e4limiesoikeus) toimivaltaan. T\u00e4m\u00e4 koskee my\u00f6s n\u00e4ist\u00e4 k\u00e4ytt\u00f6ehdoista johtuvia riitoja tai kysymyksi\u00e4.<\/p>\n<\/div><!--advertisement--><div class=\"mx-5 sm:mx-0 sm:text-3xl text-2xl font-medium title-font mb-4 text-gray-900 text-left\">\n<h2>VIII osio \u2013 Sis\u00e4lt\u00f6 ja immateriaalioikeudet<\/h2>\n<\/div><div class=\"mx-5 sm:mx-0 prose leading-relaxed text-lg mb-5 text-left wp-paragraph\">\n<p><strong>8.1. Sis\u00e4lt\u00f6 ja immateriaalioikeudet<\/strong><\/p>\n<\/div><div class=\"mx-5 sm:mx-0 prose leading-relaxed text-lg mb-5 text-left wp-paragraph\">\n<p>RubikTech O\u00dc:n ja sen kumppaneiden omistaman 100 Tech -verkkosivuston sis\u00e4lt\u00f6 on tekij\u00e4noikeuslakien ja muiden immateriaalioikeuslakien suojaama. T\u00e4m\u00e4n sis\u00e4ll\u00f6n kopiointi, muokkaaminen, levitt\u00e4minen, n\u00e4ytt\u00e4minen tai siit\u00e4 johdannaisteosten luominen on kielletty ilman RubikTech O\u00dc:n nimenomaista kirjallista lupaa.<\/p>\n<\/div><div class=\"mx-5 sm:mx-0 prose leading-relaxed text-lg mb-5 text-left wp-paragraph\">\n<p><strong>8.2 Vastuu<\/strong><\/p>\n<\/div><div class=\"mx-5 sm:mx-0 prose leading-relaxed text-lg mb-5 text-left wp-paragraph\">\n<p>100 Tech ei ole vastuussa kolmansien osapuolten tuottamasta sis\u00e4ll\u00f6st\u00e4, kuten kommenteista ja julkaisuista foorumeilla tai sosiaalisessa mediassa. Se ei my\u00f6sk\u00e4\u00e4n ole vastuussa verkkosivuston k\u00e4yt\u00f6st\u00e4 aiheutuvista suorista, ep\u00e4suorista, satunnaisista tai seuraamuksellisista vahingoista.<\/p>\n<\/div><div class=\"mx-5 sm:mx-0 prose leading-relaxed text-lg mb-5 text-left wp-paragraph\">\n<p><strong>8.3 Rikkomukset<\/strong><\/p>\n<\/div><div class=\"mx-5 sm:mx-0 prose leading-relaxed text-lg mb-5 text-left wp-paragraph\">\n<p>100 Tech pid\u00e4tt\u00e4\u00e4 oikeuden poistaa sis\u00e4lt\u00f6\u00e4, joka rikkoo n\u00e4it\u00e4 ehtoja, erityisesti sis\u00e4lt\u00f6\u00e4, joka on laitonta, loukkaavaa, herjaavaa tai loukkaa kolmansien osapuolten oikeuksia. RubikTech O\u00dc voi my\u00f6s irtisanoa niiden k\u00e4ytt\u00e4jien tilit, jotka rikkovat n\u00e4it\u00e4 ehtoja.<\/p>\n<\/div><!--advertisement--><div class=\"mx-5 sm:mx-0 sm:text-3xl text-2xl font-medium title-font mb-4 text-gray-900 text-left\">\n<h2>Osa IX \u2013 Ehtojen muuttaminen<\/h2>\n<\/div><div class=\"mx-5 sm:mx-0 prose leading-relaxed text-lg mb-5 text-left wp-paragraph\">\n<p>100 Tech pid\u00e4tt\u00e4\u00e4 oikeuden muokata, keskeytt\u00e4\u00e4 tai lopettaa mink\u00e4 tahansa osan palveluistaan milloin tahansa ilman ennakkoilmoitusta. 100 Tech ei ole vastuussa sinulle tai kolmannelle osapuolelle t\u00e4llaisista muutoksista.<\/p>\n<\/div><div class=\"mx-5 sm:mx-0 prose leading-relaxed text-lg mb-5 text-left wp-paragraph\">\n<p><strong>100 Tech -verkkosivuston k\u00e4ytt\u00f6 edellytt\u00e4\u00e4 n\u00e4iden k\u00e4ytt\u00f6ehtojen pakollista ja sitovaa hyv\u00e4ksymist\u00e4. Jokaisen, joka ei hyv\u00e4ksy n\u00e4it\u00e4 ehtoja, tulee pid\u00e4tt\u00e4yty\u00e4 verkkosivuston k\u00e4yt\u00f6st\u00e4.<\/strong><\/p>\n<\/div><!--advertisement--><div class=\"mx-5 sm:mx-0 sm:text-3xl text-2xl font-medium title-font mb-4 text-gray-900 text-left\">\n<h2>Osa X \u2013 Yhteystiedot<\/h2>\n<\/div><div class=\"mx-5 sm:mx-0 prose leading-relaxed text-lg mb-5 text-left wp-paragraph\">\n<p>Jos sinulla on kysytt\u00e4v\u00e4\u00e4 tai ehdotuksia palveluistamme, ota yhteytt\u00e4 asiakaspalveluumme. L\u00e4het\u00e4 viestisi seuraavaan s\u00e4hk\u00f6postiosoitteeseen: <a style=\" color:;\" href=\"mailto:contato@100t.com.br\">contato@100t.com.br<\/a>.<\/p>\n<\/div>","protected":false},"excerpt":{"rendered":"<p>P\u00e4ivitetty 22. marraskuuta 2023. RubikTech O\u00dc, Virossa perustettu osakeyhti\u00f6 (LLC, tunnetaan my\u00f6s nimell\u00e4 O\u00dc), rekister\u00f6ity ALV-numerolla EE102662223 ja sijaitsee Tallinnassa osoitteessa Keemia katu tn 4, 10616, Harju, Viro. Se on vastuussa 100 Tech -verkkosivuston luomisesta, omistajuudesta ja hallinnoinnista. Verkkosivusto on k\u00e4ytett\u00e4viss\u00e4\u2026 <a class=\"more-link\" href=\"https:\/\/100t.com.br\/fi\/terms\/\">Jatka lukemista <span class=\"screen-reader-text\">K\u00e4ytt\u00f6ehdot \u2013 100 Tech<\/span><\/a><\/p>","protected":false},"author":4,"featured_media":0,"parent":0,"menu_order":0,"comment_status":"closed","ping_status":"closed","template":"","meta":[],"yoast_head":"<!-- This site is optimized with the Yoast SEO Premium plugin v18.7 (Yoast SEO v19.1) - https:\/\/yoast.com\/wordpress\/plugins\/seo\/ -->\n<title>Termos de Uso - 100 Tech - 100 Tech<\/title>\n<meta name=\"robots\" content=\"index, follow, max-snippet:-1, max-image-preview:large, max-video-preview:-1\" \/>\n<link rel=\"canonical\" href=\"https:\/\/100t.com.br\/fi\/terms\/\" \/>\n<meta property=\"og:locale\" content=\"fi_FI\" \/>\n<meta property=\"og:type\" content=\"article\" \/>\n<meta property=\"og:title\" content=\"Termos de Uso - 100 Tech\" \/>\n<meta property=\"og:description\" content=\"Atualizado em 22 de Novembro de 2023. A RubikTech O\u00dc, uma companhia de responsabilidade limitada estabelecida na Estonia (LLC, tamb\u00e9m conhecida por O\u00dc), registada com o VAT EE102662223 e localizada em Tallinn, na Rua Keemia tn 4, 10616, Harju, Est\u00f3nia, \u00e9 a entidade respons\u00e1vel pela cria\u00e7\u00e3o, titularidade e gest\u00e3o do website 100 Tech, acess\u00edvel atrav\u00e9s&hellip; Continue reading Termos de Uso &#8211; 100 Tech\" \/>\n<meta property=\"og:url\" content=\"https:\/\/100t.com.br\/fi\/terms\/\" \/>\n<meta property=\"og:site_name\" content=\"100 Tech\" \/>\n<meta property=\"article:modified_time\" content=\"2023-11-22T20:57:25+00:00\" \/>\n<meta name=\"twitter:card\" content=\"summary_large_image\" \/>\n<meta name=\"twitter:label1\" content=\"Est. reading time\" \/>\n\t<meta name=\"twitter:data1\" content=\"9 minutes\" \/>\n<script type=\"application\/ld+json\" class=\"yoast-schema-graph\">{\"@context\":\"https:\/\/schema.org\",\"@graph\":[{\"@type\":\"WebSite\",\"@id\":\"https:\/\/100t.com.br\/#website\",\"url\":\"https:\/\/100t.com.br\/\",\"name\":\"100 Tech\",\"description\":\"Tecnologia e Informa\u00e7\u00e3o\",\"potentialAction\":[{\"@type\":\"SearchAction\",\"target\":{\"@type\":\"EntryPoint\",\"urlTemplate\":\"https:\/\/100t.com.br\/?s={search_term_string}\"},\"query-input\":\"required name=search_term_string\"}],\"inLanguage\":\"fi\"},{\"@type\":\"WebPage\",\"@id\":\"https:\/\/100t.com.br\/terms\/#webpage\",\"url\":\"https:\/\/100t.com.br\/terms\/\",\"name\":\"Termos de Uso - 100 Tech - 100 Tech\",\"isPartOf\":{\"@id\":\"https:\/\/100t.com.br\/#website\"},\"datePublished\":\"2023-03-31T16:29:55+00:00\",\"dateModified\":\"2023-11-22T20:57:25+00:00\",\"breadcrumb\":{\"@id\":\"https:\/\/100t.com.br\/terms\/#breadcrumb\"},\"inLanguage\":\"fi\",\"potentialAction\":[{\"@type\":\"ReadAction\",\"target\":[\"https:\/\/100t.com.br\/terms\/\"]}]},{\"@type\":\"BreadcrumbList\",\"@id\":\"https:\/\/100t.com.br\/terms\/#breadcrumb\",\"itemListElement\":[{\"@type\":\"ListItem\",\"position\":1,\"name\":\"Home\",\"item\":\"https:\/\/100t.com.br\/fi\/\"},{\"@type\":\"ListItem\",\"position\":2,\"name\":\"Termos de Uso &#8211; 100 Tech\"}]}]}<\/script>\n<!-- \/ Yoast SEO Premium plugin. -->","yoast_head_json":{"title":"Termos de Uso - 100 Tech - 100 Tech","robots":{"index":"index","follow":"follow","max-snippet":"max-snippet:-1","max-image-preview":"max-image-preview:large","max-video-preview":"max-video-preview:-1"},"canonical":"https:\/\/100t.com.br\/fi\/terms\/","og_locale":"fi_FI","og_type":"article","og_title":"Termos de Uso - 100 Tech","og_description":"Atualizado em 22 de Novembro de 2023. A RubikTech O\u00dc, uma companhia de responsabilidade limitada estabelecida na Estonia (LLC, tamb\u00e9m conhecida por O\u00dc), registada com o VAT EE102662223 e localizada em Tallinn, na Rua Keemia tn 4, 10616, Harju, Est\u00f3nia, \u00e9 a entidade respons\u00e1vel pela cria\u00e7\u00e3o, titularidade e gest\u00e3o do website 100 Tech, acess\u00edvel atrav\u00e9s&hellip; Continue reading Termos de Uso &#8211; 100 Tech","og_url":"https:\/\/100t.com.br\/fi\/terms\/","og_site_name":"100 Tech","article_modified_time":"2023-11-22T20:57:25+00:00","twitter_card":"summary_large_image","twitter_misc":{"Est. reading time":"9 minutes"},"schema":{"@context":"https:\/\/schema.org","@graph":[{"@type":"WebSite","@id":"https:\/\/100t.com.br\/#website","url":"https:\/\/100t.com.br\/","name":"100 Tech","description":"Tecnologia e Informa\u00e7\u00e3o","potentialAction":[{"@type":"SearchAction","target":{"@type":"EntryPoint","urlTemplate":"https:\/\/100t.com.br\/?s={search_term_string}"},"query-input":"required name=search_term_string"}],"inLanguage":"fi"},{"@type":"WebPage","@id":"https:\/\/100t.com.br\/terms\/#webpage","url":"https:\/\/100t.com.br\/terms\/","name":"Termos de Uso - 100 Tech - 100 Tech","isPartOf":{"@id":"https:\/\/100t.com.br\/#website"},"datePublished":"2023-03-31T16:29:55+00:00","dateModified":"2023-11-22T20:57:25+00:00","breadcrumb":{"@id":"https:\/\/100t.com.br\/terms\/#breadcrumb"},"inLanguage":"fi","potentialAction":[{"@type":"ReadAction","target":["https:\/\/100t.com.br\/terms\/"]}]},{"@type":"BreadcrumbList","@id":"https:\/\/100t.com.br\/terms\/#breadcrumb","itemListElement":[{"@type":"ListItem","position":1,"name":"Home","item":"https:\/\/100t.com.br\/fi\/"},{"@type":"ListItem","position":2,"name":"Termos de Uso &#8211; 100 Tech"}]}]}},"_links":{"self":[{"href":"https:\/\/100t.com.br\/fi\/wp-json\/wp\/v2\/pages\/4830"}],"collection":[{"href":"https:\/\/100t.com.br\/fi\/wp-json\/wp\/v2\/pages"}],"about":[{"href":"https:\/\/100t.com.br\/fi\/wp-json\/wp\/v2\/types\/page"}],"author":[{"embeddable":true,"href":"https:\/\/100t.com.br\/fi\/wp-json\/wp\/v2\/users\/4"}],"replies":[{"embeddable":true,"href":"https:\/\/100t.com.br\/fi\/wp-json\/wp\/v2\/comments?post=4830"}],"version-history":[{"count":0,"href":"https:\/\/100t.com.br\/fi\/wp-json\/wp\/v2\/pages\/4830\/revisions"}],"wp:attachment":[{"href":"https:\/\/100t.com.br\/fi\/wp-json\/wp\/v2\/media?parent=4830"}],"curies":[{"name":"wp","href":"https:\/\/api.w.org\/{rel}","templated":true}]}}