{"id":4828,"date":"2023-03-31T16:22:41","date_gmt":"2023-03-31T16:22:41","guid":{"rendered":"https:\/\/100t.com.br\/?page_id=4828"},"modified":"2026-01-15T14:15:08","modified_gmt":"2026-01-15T14:15:08","slug":"privacy","status":"publish","type":"page","link":"https:\/\/100t.com.br\/fi\/privacy\/","title":{"rendered":"Tietosuojak\u00e4yt\u00e4nt\u00f6 \u2013 100 Tecnologia"},"content":{"rendered":"<div class=\"mx-5 sm:mx-0 prose leading-relaxed text-lg mb-5 text-left wp-paragraph\">\n<p>P\u00e4ivitetty 17.11.2023.<\/p>\n<\/div><!--advertisement--><div class=\"mx-5 sm:mx-0 sm:text-3xl text-2xl font-medium title-font mb-4 text-gray-900 text-left\">\n<h2 id=\"h-introducao-e-sumario\">Johdanto ja yhteenveto<\/h2>\n<\/div><div class=\"mx-5 sm:mx-0 prose leading-relaxed text-lg mb-5 text-left wp-paragraph\">\n<p>Verkkosivuston omistaa ja sit\u00e4 yll\u00e4pit\u00e4\u00e4 Rubiktech O\u00dc, Virossa rekisterinumerolla 16826788 rekister\u00f6ity yritys.<\/p>\n<\/div><div class=\"mx-5 sm:mx-0 prose leading-relaxed text-lg mb-5 text-left wp-paragraph\">\n<p>100 Tecnologia -verkkosivusto, osoitteessa <a style=\" color:;\" href=\"https:\/\/100t.com.br\/fi\/\">https:\/\/100t.com.br<\/a>, tarjoaa laajan valikoiman sis\u00e4lt\u00f6\u00e4, mukaan lukien ajankohtaiset uutiset ja tarjoukset eri tuotteista ja palveluista. Lis\u00e4ksi se esittelee tarjouksia kumppaneilta ja ohjaa k\u00e4ytt\u00e4j\u00e4t heid\u00e4n kiinnostuksen kohteidensa kannalta oleville sivustoille.<\/p>\n<\/div><div class=\"mx-5 sm:mx-0 prose leading-relaxed text-lg mb-5 text-left wp-paragraph\">\n<p>P\u00e4\u00e4tavoitteemme on yhdist\u00e4\u00e4 k\u00e4ytt\u00e4j\u00e4t sopivimpiin palveluihin, jotka kattavat muun muassa sovellukset, viihteen, vinkit ja tekniikan kehityksen.<\/p>\n<\/div><div class=\"mx-5 sm:mx-0 prose leading-relaxed text-lg mb-5 text-left wp-paragraph\">\n<p>Pid\u00e4mme eritt\u00e4in t\u00e4rke\u00e4n\u00e4 henkil\u00f6tietojesi turvallisuutta. Tietosuojak\u00e4yt\u00e4nt\u00f6mme kuvastaa sitoutumistamme yksityisyytesi ja tietojesi turvallisuuden suojaamiseen.<\/p>\n<\/div><div class=\"mx-5 sm:mx-0 prose leading-relaxed text-lg mb-5 text-left wp-paragraph\">\n<p>Jos haluat selvent\u00e4\u00e4 tai saada lis\u00e4tietoja oikeuksistasi ja vaihtoehdoistasi, voit tutustua tietosuojak\u00e4yt\u00e4nt\u00f6\u00f6mme tai ottaa meihin yhteytt\u00e4 s\u00e4hk\u00f6postitse osoitteeseen contato@100t.com.br.<\/p>\n<\/div><!--advertisement--><div class=\"mx-5 sm:mx-0 sm:text-3xl text-2xl font-medium title-font mb-4 text-gray-900 text-left\">\n<h2 id=\"h-escopo-da-politica-de-privacidade\">Tietosuojak\u00e4yt\u00e4nn\u00f6n laajuus<\/h2>\n<\/div><div class=\"mx-5 sm:mx-0 prose leading-relaxed text-lg mb-5 text-left wp-paragraph\">\n<p>100 Tecnologia toimii sis\u00e4ll\u00f6lle ja tuotteiden ja palveluiden edist\u00e4miselle omistettuna alustana erityisesti sovellusten ja teknologisten innovaatioiden aloilla. Sen teht\u00e4v\u00e4 on tiukasti myynninedist\u00e4mistarkoituksessa, ilman suoria sopimuksia k\u00e4ytt\u00e4jien kanssa.<\/p>\n<\/div><div class=\"mx-5 sm:mx-0 prose leading-relaxed text-lg mb-5 text-left wp-paragraph\">\n<p>Kaikki kaupallinen vuorovaikutus k\u00e4ytt\u00e4jien ja kumppanimainostajien v\u00e4lill\u00e4 tapahtuu ymp\u00e4rist\u00f6iss\u00e4, jotka eiv\u00e4t kuulu 100 Tecnologiaan, joka ei pyyd\u00e4 tai tallenna k\u00e4ytt\u00e4jien pankki- tai taloustietoja. Sivuston suhde k\u00e4ytt\u00e4jiin perustuu yksinomaan tietoon.<\/p>\n<\/div><div class=\"mx-5 sm:mx-0 prose leading-relaxed text-lg mb-5 text-left wp-paragraph\">\n<p>On t\u00e4rke\u00e4\u00e4, ett\u00e4 k\u00e4ytt\u00e4j\u00e4t ilmoittavat 100 Tecnologialle s\u00e4hk\u00f6postitse osoitteeseen contato@100t.com.br, jos he saavat henkil\u00f6tietoja koskevia pyynt\u00f6j\u00e4. Alusta ei ota vastuuta ulkopuolisten tahojen tekemist\u00e4 petosyrityksist\u00e4.<\/p>\n<\/div><!--advertisement--><div class=\"mx-5 sm:mx-0 sm:text-3xl text-2xl font-medium title-font mb-4 text-gray-900 text-left\">\n<h2 id=\"h-sobre-consentimento\">Tietoja suostumuksesta<\/h2>\n<\/div><div class=\"mx-5 sm:mx-0 prose leading-relaxed text-lg mb-5 text-left wp-paragraph\">\n<p>K\u00e4ytt\u00e4ess\u00e4\u00e4n 100 Tecnologiaa k\u00e4ytt\u00e4j\u00e4t hyv\u00e4ksyv\u00e4t implisiittisesti tietosuojak\u00e4yt\u00e4nt\u00f6mme, joka on olennaista kaikkien osapuolien suojelemiseksi. <strong>Jos et hyv\u00e4ksy n\u00e4it\u00e4 k\u00e4yt\u00e4nt\u00f6j\u00e4, suosittelemme, ett\u00e4 et k\u00e4yt\u00e4 palveluitamme<\/strong>.<\/p>\n<\/div><div class=\"mx-5 sm:mx-0 prose leading-relaxed text-lg mb-5 text-left wp-paragraph\">\n<p>On t\u00e4rke\u00e4\u00e4, ett\u00e4 t\u00e4t\u00e4 politiikkaa tarkastellaan yhdess\u00e4 <a style=\" color:;\" href=\"https:\/\/100t.com.br\/fi\/terms\/\">K\u00e4ytt\u00f6ehdot<\/a>oikeudellisista syist\u00e4 johtuen. N\u00e4m\u00e4 asiakirjat yhdess\u00e4 muodostavat 100 Tecnologian tiedonkeruuta koskevaa k\u00e4yt\u00e4nt\u00f6\u00e4 ja niit\u00e4 vastaavat velvoitteet, jotka kattavat sek\u00e4 sivuston hallinnan ett\u00e4 sen k\u00e4yt\u00f6n k\u00e4ytt\u00e4jien toimesta.<\/p>\n<\/div><!--advertisement--><div class=\"mx-5 sm:mx-0 sm:text-3xl text-2xl font-medium title-font mb-4 text-gray-900 text-left\">\n<h2 id=\"h-i-informacoes-que-coletamos\">I. Ker\u00e4\u00e4m\u00e4mme tiedot<\/h2>\n<\/div><div class=\"mx-5 sm:mx-0 prose leading-relaxed text-lg mb-5 text-left wp-paragraph\">\n<p><strong>A. SUORAAN KER\u00c4YTETTY TIEDOT<\/strong><\/p>\n<\/div><div class=\"mx-5 sm:mx-0 prose leading-relaxed text-lg mb-5 text-left wp-paragraph\">\n<p>100 Tecnologian selaaminen ei tarkoita henkil\u00f6tietojen automaattista ker\u00e4\u00e4mist\u00e4. K\u00e4ytt\u00e4\u00e4kseen eksklusiivista sis\u00e4lt\u00f6\u00e4 k\u00e4ytt\u00e4j\u00e4t voivat kuitenkin rekister\u00f6ity\u00e4 antamalla tietoja, kuten nimen, s\u00e4hk\u00f6postiosoitteen, puhelinnumeron ja osoitteen.<\/p>\n<\/div><div class=\"mx-5 sm:mx-0 prose leading-relaxed text-lg mb-5 text-left wp-paragraph\">\n<p>T\u00e4m\u00e4 tiedonkeruu rajoitetuilla alueilla antaa 100 Tecnologialle mahdollisuuden tarjota henkil\u00f6kohtaista sis\u00e4lt\u00f6\u00e4 ja varmistaa k\u00e4ytt\u00e4jien henkil\u00f6llisyyden, olivatpa he sitten yksityishenkil\u00f6it\u00e4 tai yrityksi\u00e4. T\u00e4m\u00e4 auttaa my\u00f6s sinua luomaan yksil\u00f6llisi\u00e4 strategioita jokaiselle k\u00e4ytt\u00e4j\u00e4lle.<\/p>\n<\/div><div class=\"mx-5 sm:mx-0 prose leading-relaxed text-lg mb-5 text-left wp-paragraph\">\n<p>Lis\u00e4ksi ker\u00e4\u00e4mme henkil\u00f6tietoja, kun k\u00e4ytt\u00e4j\u00e4t ottavat yhteytt\u00e4 100 Tecnologiaan pyyt\u00e4\u00e4kseen tietoja tai ilmoittaakseen ongelmista. N\u00e4m\u00e4 tiedot tallennetaan verkkosivuston hallintaa ja valvontaa varten.<\/p>\n<\/div><div class=\"mx-5 sm:mx-0 prose leading-relaxed text-lg mb-5 text-left wp-paragraph\">\n<p><strong>B. AUTOMAATTISESTI KER\u00c4YTETTY TIEDOT<\/strong><\/p>\n<\/div><div class=\"mx-5 sm:mx-0 prose leading-relaxed text-lg mb-5 text-left wp-paragraph\">\n<p>100 Tecnologia ker\u00e4\u00e4 rekister\u00f6innin tai suoran yhteydenoton yhteydess\u00e4 vapaaehtoisesti annettujen henkil\u00f6tietojen lis\u00e4ksi my\u00f6s ei-henkil\u00f6kohtaisia tietoja verkkosivustoa selatessaan. T\u00e4m\u00e4 kokoelma parantaa k\u00e4ytt\u00f6kokemusta ja ohjaa kumppanisivustojemme kampanjoita.<\/p>\n<\/div><div class=\"mx-5 sm:mx-0 prose leading-relaxed text-lg mb-5 text-left wp-paragraph\">\n<p>K\u00e4ytt\u00f6tietueet (lokitiedostot) tallentavat tietoja, kuten IP-osoitteita, selaintyyppej\u00e4, Internet-palveluntarjoajia, k\u00e4ytt\u00f6p\u00e4ivi\u00e4 ja -aikaa, sis\u00e4\u00e4n- ja poistumissivuja ja napsautuksia.<\/p>\n<\/div><div class=\"mx-5 sm:mx-0 prose leading-relaxed text-lg mb-5 text-left wp-paragraph\">\n<p>K\u00e4yt\u00e4mme ev\u00e4steit\u00e4 ymm\u00e4rt\u00e4\u00e4ksemme k\u00e4ytt\u00e4jien mieltymyksi\u00e4. Ev\u00e4steet seuraavat toimintoja, kuten napsautuksia kuluttajaprofiilien muodostamiseksi. T\u00e4m\u00e4 auttaa meit\u00e4 r\u00e4\u00e4t\u00e4l\u00f6im\u00e4\u00e4n tarjouksia ja kokemuksia, mik\u00e4 lis\u00e4\u00e4 osuvuutta ja k\u00e4ytt\u00e4jien hyv\u00e4ksynt\u00e4\u00e4. Ev\u00e4steet voidaan poistaa k\u00e4yt\u00f6st\u00e4 k\u00e4ytt\u00e4jien k\u00e4ytt\u00f6j\u00e4rjestelm\u00e4n asetuksista; <strong>Jos deaktivointi ep\u00e4onnistuu, se tarkoittaa suostumusta sen k\u00e4ytt\u00f6\u00f6n<\/strong>.<\/p>\n<\/div><div class=\"mx-5 sm:mx-0 prose leading-relaxed text-lg mb-5 text-left wp-paragraph\">\n<p><strong>C. ULKAISISTA L\u00c4HTEIT\u00c4 SAATUT TIEDOT<\/strong><\/p>\n<\/div><div class=\"mx-5 sm:mx-0 prose leading-relaxed text-lg mb-5 text-left wp-paragraph\">\n<p>100 Tecnologia k\u00e4ytt\u00e4\u00e4 Google Analyticsia verkkosivujen k\u00e4yt\u00f6n analysointiin ja k\u00e4ytt\u00f6kokemuksen parantamiseen. Ev\u00e4steet valvovat tietoja, kuten vierailun pituutta ja avattuja sivuja, ja lis\u00e4tietoja on saatavilla virallisella verkkosivustolla <a style=\" color:;\" href=\"https:\/\/developers.google.com\/analytics\/devguides\/collection\/gajs\/cookie-usage?hl=pt-br\">Google Analytics<\/a>.<\/p>\n<\/div><div class=\"mx-5 sm:mx-0 prose leading-relaxed text-lg mb-5 text-left wp-paragraph\">\n<p>K\u00e4yt\u00e4mme my\u00f6s kolmannen osapuolen analytiikkaa ja ev\u00e4steit\u00e4 kiinnostavan sis\u00e4ll\u00f6n luomiseen seuraamalla sivustolla vietetty\u00e4 aikaa ja vierailtuja sivuja. Uusien ominaisuuksien testausvaiheissa ev\u00e4steet auttavat yll\u00e4pit\u00e4m\u00e4\u00e4n yhdenmukaista k\u00e4ytt\u00f6kokemusta ja arvioimaan tarvittavia optimointeja.<\/p>\n<\/div><div class=\"mx-5 sm:mx-0 prose leading-relaxed text-lg mb-5 text-left wp-paragraph\">\n<p>K\u00e4yt\u00e4mme mainontaan Google AdSensea, joka k\u00e4ytt\u00e4\u00e4 ev\u00e4steit\u00e4 n\u00e4ytt\u00e4\u00e4kseen osuvia mainoksia ja rajoittaakseen niiden toistumista. Lis\u00e4tietoja l\u00f6ytyy FAQ:sta <a style=\" color:;\" href=\"https:\/\/support.google.com\/adsense\/answer\/3394713?hl=pt-BR\">Google AdSense<\/a>.<\/p>\n<\/div><div class=\"mx-5 sm:mx-0 prose leading-relaxed text-lg mb-5 text-left wp-paragraph\">\n<p>Mainonta on sivuston ja tulevan kehityksen rahoitusl\u00e4hde. K\u00e4ytt\u00e4ytymiseen perustuvien mainonnan ev\u00e4steiden tarkoituksena on n\u00e4ytt\u00e4\u00e4 sinulle osuvia mainoksia. Lis\u00e4ksi affiliate-seurantaev\u00e4steet auttavat meit\u00e4 tunnistamaan, onko k\u00e4ytt\u00e4j\u00e4 saapunut kumppanin kautta, mik\u00e4 mahdollistaa asianmukaisen hyvityksen.<\/p>\n<\/div><div class=\"mx-5 sm:mx-0 prose leading-relaxed text-lg mb-5 text-left wp-paragraph\">\n<p>Emme hallinnoi kumppaniev\u00e4steit\u00e4, mutta k\u00e4ytt\u00e4j\u00e4t voivat poistaa ne k\u00e4yt\u00f6st\u00e4 k\u00e4ytt\u00f6j\u00e4rjestelm\u00e4asetuksissaan. Uudelleenohjaukset kumppanisivuille eiv\u00e4t tarkoita suoraa suhdetta. Tietosuojak\u00e4yt\u00e4nt\u00f6mme on voimassa vain 100 Tecnologian vierailuille.<\/p>\n<\/div><!--advertisement--><div class=\"mx-5 sm:mx-0 sm:text-3xl text-2xl font-medium title-font mb-4 text-gray-900 text-left\">\n<h2 id=\"h-ii-como-usamos-suas-informacoes\">II. Kuinka k\u00e4yt\u00e4mme tietojasi<\/h2>\n<\/div><div class=\"mx-5 sm:mx-0 prose leading-relaxed text-lg mb-5 text-left wp-paragraph\">\n<p>100 Tecnologia k\u00e4ytt\u00e4\u00e4 verkkosivujen kautta saamiaan tietoja parantaakseen k\u00e4ytt\u00f6kokemusta ja toiminnan tehokkuutta. Se sis\u00e4lt\u00e4\u00e4:<\/p>\n<\/div><div class=\"mx-5 sm:mx-0 prose text-left mb-5\">\n<ul><div class=\"mx-5 sm:mx-0 prose text-left mb-5\">\n<li>Yll\u00e4pid\u00e4 verkkosivustoa varmistaaksesi sen tehokkaan toiminnan.<\/li>\n<\/div>\n\n<div class=\"mx-5 sm:mx-0 prose text-left mb-5\">\n<li>Mukauta ja laajenna verkkosivuston tarjontaa vastaamaan k\u00e4ytt\u00e4jien tarpeita ja mieltymyksi\u00e4.<\/li>\n<\/div>\n\n<div class=\"mx-5 sm:mx-0 prose text-left mb-5\">\n<li>Analysoi k\u00e4ytt\u00e4jien k\u00e4ytt\u00f6tapoja muokataksesi verkkosivuston toimintoja ja sis\u00e4lt\u00f6\u00e4.<\/li>\n<\/div>\n\n<div class=\"mx-5 sm:mx-0 prose text-left mb-5\">\n<li>Kehit\u00e4 uusia tuotteita, palveluita ja ominaisuuksia k\u00e4ytt\u00e4jien kasvavien vaatimusten ja teknisten innovaatioiden mukaisesti.<\/li>\n<\/div>\n\n<div class=\"mx-5 sm:mx-0 prose text-left mb-5\">\n<li>Ole vuorovaikutuksessa suoraan k\u00e4ytt\u00e4jien kanssa tai kumppaneiden kautta tarjoamalla asiakastukea, verkkosivustop\u00e4ivityksi\u00e4 ja tietoja markkinointia ja kampanjoita varten.<\/li>\n<\/div>\n\n<div class=\"mx-5 sm:mx-0 prose text-left mb-5\">\n<li>L\u00e4het\u00e4 s\u00e4hk\u00f6postiviestej\u00e4 kiinnostavista aiheista, kuten uutiskirjeit\u00e4, tarjouksia ja muita ilmoituksia.<\/li>\n<\/div>\n\n<div class=\"mx-5 sm:mx-0 prose text-left mb-5\">\n<li>Tunnista ja ehk\u00e4ise vilpillinen toiminta suojellaksesi verkkosivuston turvallisuutta ja k\u00e4ytt\u00e4jien henkil\u00f6tietojen eheytt\u00e4.<\/li>\n<\/div><\/ul>\n<\/div><!--advertisement--><div class=\"mx-5 sm:mx-0 sm:text-3xl text-2xl font-medium title-font mb-4 text-gray-900 text-left\">\n<h2 id=\"h-iii-comprometimento-em-proteger-suas-informacoes\">III. Sitoutuminen tietojesi suojaamiseen<\/h2>\n<\/div><div class=\"mx-5 sm:mx-0 prose leading-relaxed text-lg mb-5 text-left wp-paragraph\">\n<p>100 Tecnologia ei myy k\u00e4ytt\u00e4j\u00e4tietoja. Kuten jo mainittiin, voimme kuitenkin jakaa tietoja kumppaneillemme parantaaksemme k\u00e4ytt\u00f6kokemusta ja kehitt\u00e4\u00e4ksemme strategioita tuotteillemme ja palveluillemme. K\u00e4ytt\u00e4j\u00e4t voivat halutessaan olla jakamatta tietojaan yleisen tietosuojalain (LGPD) mukaisesti.<\/p>\n<\/div><div class=\"mx-5 sm:mx-0 prose leading-relaxed text-lg mb-5 text-left wp-paragraph\">\n<p>Toistamme sitoutumisemme turvallisuuteen tiedonkeruun ja -tallentamisen yhteydess\u00e4, tavoitteenamme parantaa k\u00e4ytt\u00e4j\u00e4kokemusta ja kehitt\u00e4\u00e4 strategioita, palveluita ja tuotteita verkkosivustolle.<\/p>\n<\/div><div class=\"mx-5 sm:mx-0 prose leading-relaxed text-lg mb-5 text-left wp-paragraph\">\n<p>Ymm\u00e4rr\u00e4mme, ett\u00e4 t\u00e4ydellist\u00e4 tietoturvaa Internetiss\u00e4 ei taata. T\u00e4st\u00e4 syyst\u00e4 100 Tecnologia varaa oikeuden vastata laillisesti kaikkiin haitallisten kolmansien osapuolien tietoturvaloukkauksiin.<\/p>\n<\/div><!--advertisement--><div class=\"mx-5 sm:mx-0 sm:text-3xl text-2xl font-medium title-font mb-4 text-gray-900 text-left\">\n<h2 id=\"h-iv-exercitando-os-seus-direitos\">IV. Oikeuksien k\u00e4ytt\u00e4minen<\/h2>\n<\/div><div class=\"mx-5 sm:mx-0 prose leading-relaxed text-lg mb-5 text-left wp-paragraph\">\n<p><strong>1. Sinun oikeutesi<\/strong><\/p>\n<\/div><div class=\"mx-5 sm:mx-0 prose leading-relaxed text-lg mb-5 text-left wp-paragraph\">\n<p>100 Tecnologia ker\u00e4\u00e4 henkil\u00f6tietoja vain silloin, kun se on v\u00e4ltt\u00e4m\u00e4t\u00f6nt\u00e4 tietyn palvelun tarjoamiseksi. T\u00e4m\u00e4 ker\u00e4\u00e4minen tapahtuu reilusti ja laillisesti, t\u00e4ysin avoimesti ja k\u00e4ytt\u00e4j\u00e4n suostumuksella, ja selvenn\u00e4mme n\u00e4iden tietojen tarkoitusta ja k\u00e4ytt\u00f6\u00e4.<\/p>\n<\/div><div class=\"mx-5 sm:mx-0 prose leading-relaxed text-lg mb-5 text-left wp-paragraph\">\n<p>Voit halutessasi olla antamatta henkil\u00f6kohtaisia tietojasi, mutta t\u00e4m\u00e4 saattaa rajoittaa kyky\u00e4mme tarjota tiettyj\u00e4 palveluita. Emme paljasta henkil\u00f6tietojasi julkisesti tai kolmansille osapuolille, ellei laki sit\u00e4 vaadi. Jos haluat, ett\u00e4 henkil\u00f6tietosi poistetaan rekisterist\u00e4mme, ota meihin yhteytt\u00e4.<\/p>\n<\/div><div class=\"mx-5 sm:mx-0 prose leading-relaxed text-lg mb-5 text-left wp-paragraph\">\n<p><strong>2. Tietojen s\u00e4ilytysk\u00e4yt\u00e4nt\u00f6<\/strong><\/p>\n<\/div><div class=\"mx-5 sm:mx-0 prose leading-relaxed text-lg mb-5 text-left wp-paragraph\">\n<p>100 Tecnologia s\u00e4ilytt\u00e4\u00e4 ker\u00e4tyt tiedot vain niin kauan kuin on tarpeen pyydetyn palvelun tarjoamiseksi. Tietoja s\u00e4ilytet\u00e4\u00e4n tehokkailla turvatoimilla est\u00e4m\u00e4\u00e4n katoaminen, varkaudet, luvaton p\u00e4\u00e4sy, paljastaminen, kopioiminen, k\u00e4ytt\u00f6 tai muuttaminen.<\/p>\n<\/div><!--advertisement--><div class=\"mx-5 sm:mx-0 sm:text-3xl text-2xl font-medium title-font mb-4 text-gray-900 text-left\">\n<h2 id=\"h-v-lei-geral-de-protecao-de-dados-lgpd\">V. Yleinen tietosuojalaki (LGPD)<\/h2>\n<\/div><div class=\"mx-5 sm:mx-0 prose leading-relaxed text-lg mb-5 text-left wp-paragraph\">\n<p>Brasiliassa yleinen tietosuojalaki (LGPD) takaa k\u00e4ytt\u00e4j\u00e4tietojen suojan Internetiss\u00e4. LGPD:n mukaan k\u00e4ytt\u00e4jill\u00e4 on oikeus p\u00e4\u00e4st\u00e4 k\u00e4siksi ker\u00e4\u00e4miins\u00e4 tietoihin, pyyt\u00e4\u00e4 niiden poistamista ja tarvittaessa ryhty\u00e4 oikeustoimiin yrityksi\u00e4 vastaan.<\/p>\n<\/div><div class=\"mx-5 sm:mx-0 prose leading-relaxed text-lg mb-5 text-left wp-paragraph\">\n<p>100 Tecnologia on sitoutunut tarjoamaan kaikki tarvittavat tiedot ja helpottamaan asianmukaisia menettelyj\u00e4, jotta k\u00e4ytt\u00e4j\u00e4t voivat k\u00e4ytt\u00e4\u00e4 LGPD:n mukaisia oikeuksiaan. T\u00e4t\u00e4 varten tarjoamme suoran yhteydenottokanavan s\u00e4hk\u00f6postitse contato@100t.com.br.<\/p>\n<\/div><!--advertisement--><div class=\"mx-5 sm:mx-0 sm:text-3xl text-2xl font-medium title-font mb-4 text-gray-900 text-left\">\n<h2 id=\"h-vi-avisos-parentais\">N\u00c4IN. Vanhempien varoitukset<\/h2>\n<\/div><div class=\"mx-5 sm:mx-0 prose leading-relaxed text-lg mb-5 text-left wp-paragraph\">\n<p>100 Tecnologia LGPD:n mukaisesti ei pyri ker\u00e4\u00e4m\u00e4\u00e4n tietoja alle 18-vuotiailta lapsilta ja kannustaa vanhempia ja huoltajia seuraamaan lasten ja nuorten internetin k\u00e4ytt\u00f6\u00e4.<\/p>\n<\/div><div class=\"mx-5 sm:mx-0 prose leading-relaxed text-lg mb-5 text-left wp-paragraph\">\n<p>Koska k\u00e4ytt\u00e4jien i\u00e4n tarkistaminen on vaikeaa, sitoudumme poistamaan v\u00e4litt\u00f6m\u00e4sti kaikki alaik\u00e4isten henkil\u00f6tiedot heti, kun ne tunnistetaan.<\/p>\n<\/div><div class=\"mx-5 sm:mx-0 prose leading-relaxed text-lg mb-5 text-left wp-paragraph\">\n<p>Jos haluat ilmoittaa alaik\u00e4isilt\u00e4 tiedonkeruutapauksista, vanhemmat ja huoltajat voivat ottaa meihin yhteytt\u00e4 s\u00e4hk\u00f6postitse osoitteeseen contato@100t.com.br, jotta voimme ryhty\u00e4 toimiin n\u00e4iden tietojen poistamiseksi.<\/p>\n<\/div><!--advertisement--><div class=\"mx-5 sm:mx-0 sm:text-3xl text-2xl font-medium title-font mb-4 text-gray-900 text-left\">\n<h2 id=\"h-vii-revisao-da-nossa-politica-de-privacidade\">VII. Tarkista tietosuojak\u00e4yt\u00e4nt\u00f6mme<\/h2>\n<\/div><div class=\"mx-5 sm:mx-0 prose leading-relaxed text-lg mb-5 text-left wp-paragraph\">\n<p>100 Tecnologia pid\u00e4tt\u00e4\u00e4 itsell\u00e4\u00e4n oikeuden muuttaa tietosuojak\u00e4yt\u00e4nt\u00f6\u00e4\u00e4n tarpeen mukaan, mukautuakseen uusiin teknologioihin, lakeihin tai toiminnallisiin muutoksiin.<\/p>\n<\/div><div class=\"mx-5 sm:mx-0 prose leading-relaxed text-lg mb-5 text-left wp-paragraph\">\n<p>Olemme sitoutuneet tiedottamaan kaikista muutoksista k\u00e4ytt\u00e4jillemme selke\u00e4sti ja oikea-aikaisesti. Suosittelemme sinua tarkistamaan tietosuojak\u00e4yt\u00e4nt\u00f6mme s\u00e4\u00e4nn\u00f6llisesti, jotta pysyt ajan tasalla tietojesi suojasta. Jatkamalla palveluidemme k\u00e4ytt\u00f6\u00e4 muutosten j\u00e4lkeen hyv\u00e4ksyt uudet ehdot.<\/p>\n<\/div><!--advertisement--><div class=\"mx-5 sm:mx-0 sm:text-3xl text-2xl font-medium title-font mb-4 text-gray-900 text-left\">\n<h2 id=\"h-viii-nossas-informacoes-de-contato\">VIII. Yhteystietomme<\/h2>\n<\/div><div class=\"mx-5 sm:mx-0 prose leading-relaxed text-lg mb-5 text-left wp-paragraph\">\n<p>Jos sinulla on kysytt\u00e4v\u00e4\u00e4 tai kommentoitavaa tietosuojak\u00e4yt\u00e4nn\u00f6st\u00e4, henkil\u00f6tiedoistasi, tiedonkeruu- ja jakamismenetelmist\u00e4mme tai haluat keskustella suostumusasetuksistasi, ota meihin yhteytt\u00e4 osoitteessa contato@100t.com.br.<\/p>\n<\/div><div class=\"mx-5 sm:mx-0 prose leading-relaxed text-lg mb-5 text-left wp-paragraph\">\n<p>RubikTech O\u00dc<\/p>\n<\/div><div class=\"mx-5 sm:mx-0 prose leading-relaxed text-lg mb-5 text-left wp-paragraph\">\n<p>Rekister\u00f6intikoodi: 16826788<\/p>\n<\/div><div class=\"mx-5 sm:mx-0 prose leading-relaxed text-lg mb-5 text-left wp-paragraph\">\n<p>Viro.<\/p>\n<\/div>","protected":false},"excerpt":{"rendered":"<p>Atualizada em 17 de Novembro de 2023. Introdu\u00e7\u00e3o e Sum\u00e1rio O site \u00e9 propriedade e operado pela Rubiktech O\u00dc, uma empresa registrada na Est\u00f4nia sob o n\u00famero de registro 16826788. O site 100 Tecnologia, acess\u00edvel em https:\/\/100t.com.br, oferece uma ampla gama de conte\u00fados, incluindo not\u00edcias atualizadas e promo\u00e7\u00f5es de diversos produtos e servi\u00e7os. Al\u00e9m disso,&hellip; <a class=\"more-link\" href=\"https:\/\/100t.com.br\/fi\/privacy\/\">Jatka lukemista <span class=\"screen-reader-text\">Tietosuojak\u00e4yt\u00e4nt\u00f6 \u2013 100 Tecnologia<\/span><\/a><\/p>","protected":false},"author":4,"featured_media":0,"parent":0,"menu_order":0,"comment_status":"closed","ping_status":"closed","template":"","meta":[],"yoast_head":"<!-- This site is optimized with the Yoast SEO Premium plugin v18.7 (Yoast SEO v19.1) - https:\/\/yoast.com\/wordpress\/plugins\/seo\/ -->\n<title>Pol\u00edtica de Privacidade - 100 Tecnologia - 100 Tech<\/title>\n<meta name=\"robots\" content=\"index, follow, max-snippet:-1, max-image-preview:large, max-video-preview:-1\" \/>\n<link rel=\"canonical\" href=\"https:\/\/100t.com.br\/fi\/privacy\/\" \/>\n<meta property=\"og:locale\" content=\"fi_FI\" \/>\n<meta property=\"og:type\" content=\"article\" \/>\n<meta property=\"og:title\" content=\"Pol\u00edtica de Privacidade - 100 Tecnologia\" \/>\n<meta property=\"og:description\" content=\"Atualizada em 17 de Novembro de 2023. Introdu\u00e7\u00e3o e Sum\u00e1rio O site \u00e9 propriedade e operado pela Rubiktech O\u00dc, uma empresa registrada na Est\u00f4nia sob o n\u00famero de registro 16826788. O site 100 Tecnologia, acess\u00edvel em https:\/\/100t.com.br, oferece uma ampla gama de conte\u00fados, incluindo not\u00edcias atualizadas e promo\u00e7\u00f5es de diversos produtos e servi\u00e7os. Al\u00e9m disso,&hellip; Continue reading Pol\u00edtica de Privacidade &#8211; 100 Tecnologia\" \/>\n<meta property=\"og:url\" content=\"https:\/\/100t.com.br\/fi\/privacy\/\" \/>\n<meta property=\"og:site_name\" content=\"100 Tech\" \/>\n<meta property=\"article:modified_time\" content=\"2026-01-15T14:15:08+00:00\" \/>\n<meta name=\"twitter:card\" content=\"summary_large_image\" \/>\n<meta name=\"twitter:label1\" content=\"Est. reading time\" \/>\n\t<meta name=\"twitter:data1\" content=\"9 minutes\" \/>\n<script type=\"application\/ld+json\" class=\"yoast-schema-graph\">{\"@context\":\"https:\/\/schema.org\",\"@graph\":[{\"@type\":\"WebSite\",\"@id\":\"https:\/\/100t.com.br\/#website\",\"url\":\"https:\/\/100t.com.br\/\",\"name\":\"100 Tech\",\"description\":\"Tecnologia e Informa\u00e7\u00e3o\",\"potentialAction\":[{\"@type\":\"SearchAction\",\"target\":{\"@type\":\"EntryPoint\",\"urlTemplate\":\"https:\/\/100t.com.br\/?s={search_term_string}\"},\"query-input\":\"required name=search_term_string\"}],\"inLanguage\":\"fi\"},{\"@type\":\"WebPage\",\"@id\":\"https:\/\/100t.com.br\/privacy\/#webpage\",\"url\":\"https:\/\/100t.com.br\/privacy\/\",\"name\":\"Pol\u00edtica de Privacidade - 100 Tecnologia - 100 Tech\",\"isPartOf\":{\"@id\":\"https:\/\/100t.com.br\/#website\"},\"datePublished\":\"2023-03-31T16:22:41+00:00\",\"dateModified\":\"2026-01-15T14:15:08+00:00\",\"breadcrumb\":{\"@id\":\"https:\/\/100t.com.br\/privacy\/#breadcrumb\"},\"inLanguage\":\"fi\",\"potentialAction\":[{\"@type\":\"ReadAction\",\"target\":[\"https:\/\/100t.com.br\/privacy\/\"]}]},{\"@type\":\"BreadcrumbList\",\"@id\":\"https:\/\/100t.com.br\/privacy\/#breadcrumb\",\"itemListElement\":[{\"@type\":\"ListItem\",\"position\":1,\"name\":\"Home\",\"item\":\"https:\/\/100t.com.br\/fi\/\"},{\"@type\":\"ListItem\",\"position\":2,\"name\":\"Pol\u00edtica de Privacidade &#8211; 100 Tecnologia\"}]}]}<\/script>\n<!-- \/ Yoast SEO Premium plugin. -->","yoast_head_json":{"title":"Pol\u00edtica de Privacidade - 100 Tecnologia - 100 Tech","robots":{"index":"index","follow":"follow","max-snippet":"max-snippet:-1","max-image-preview":"max-image-preview:large","max-video-preview":"max-video-preview:-1"},"canonical":"https:\/\/100t.com.br\/fi\/privacy\/","og_locale":"fi_FI","og_type":"article","og_title":"Pol\u00edtica de Privacidade - 100 Tecnologia","og_description":"Atualizada em 17 de Novembro de 2023. Introdu\u00e7\u00e3o e Sum\u00e1rio O site \u00e9 propriedade e operado pela Rubiktech O\u00dc, uma empresa registrada na Est\u00f4nia sob o n\u00famero de registro 16826788. O site 100 Tecnologia, acess\u00edvel em https:\/\/100t.com.br, oferece uma ampla gama de conte\u00fados, incluindo not\u00edcias atualizadas e promo\u00e7\u00f5es de diversos produtos e servi\u00e7os. Al\u00e9m disso,&hellip; Continue reading Pol\u00edtica de Privacidade &#8211; 100 Tecnologia","og_url":"https:\/\/100t.com.br\/fi\/privacy\/","og_site_name":"100 Tech","article_modified_time":"2026-01-15T14:15:08+00:00","twitter_card":"summary_large_image","twitter_misc":{"Est. reading time":"9 minutes"},"schema":{"@context":"https:\/\/schema.org","@graph":[{"@type":"WebSite","@id":"https:\/\/100t.com.br\/#website","url":"https:\/\/100t.com.br\/","name":"100 Tech","description":"Tecnologia e Informa\u00e7\u00e3o","potentialAction":[{"@type":"SearchAction","target":{"@type":"EntryPoint","urlTemplate":"https:\/\/100t.com.br\/?s={search_term_string}"},"query-input":"required name=search_term_string"}],"inLanguage":"fi"},{"@type":"WebPage","@id":"https:\/\/100t.com.br\/privacy\/#webpage","url":"https:\/\/100t.com.br\/privacy\/","name":"Pol\u00edtica de Privacidade - 100 Tecnologia - 100 Tech","isPartOf":{"@id":"https:\/\/100t.com.br\/#website"},"datePublished":"2023-03-31T16:22:41+00:00","dateModified":"2026-01-15T14:15:08+00:00","breadcrumb":{"@id":"https:\/\/100t.com.br\/privacy\/#breadcrumb"},"inLanguage":"fi","potentialAction":[{"@type":"ReadAction","target":["https:\/\/100t.com.br\/privacy\/"]}]},{"@type":"BreadcrumbList","@id":"https:\/\/100t.com.br\/privacy\/#breadcrumb","itemListElement":[{"@type":"ListItem","position":1,"name":"Home","item":"https:\/\/100t.com.br\/fi\/"},{"@type":"ListItem","position":2,"name":"Pol\u00edtica de Privacidade &#8211; 100 Tecnologia"}]}]}},"_links":{"self":[{"href":"https:\/\/100t.com.br\/fi\/wp-json\/wp\/v2\/pages\/4828"}],"collection":[{"href":"https:\/\/100t.com.br\/fi\/wp-json\/wp\/v2\/pages"}],"about":[{"href":"https:\/\/100t.com.br\/fi\/wp-json\/wp\/v2\/types\/page"}],"author":[{"embeddable":true,"href":"https:\/\/100t.com.br\/fi\/wp-json\/wp\/v2\/users\/4"}],"replies":[{"embeddable":true,"href":"https:\/\/100t.com.br\/fi\/wp-json\/wp\/v2\/comments?post=4828"}],"version-history":[{"count":0,"href":"https:\/\/100t.com.br\/fi\/wp-json\/wp\/v2\/pages\/4828\/revisions"}],"wp:attachment":[{"href":"https:\/\/100t.com.br\/fi\/wp-json\/wp\/v2\/media?parent=4828"}],"curies":[{"name":"wp","href":"https:\/\/api.w.org\/{rel}","templated":true}]}}