{"id":4830,"date":"2023-03-31T16:29:55","date_gmt":"2023-03-31T16:29:55","guid":{"rendered":"https:\/\/100t.com.br\/?page_id=4830"},"modified":"2023-11-22T20:57:25","modified_gmt":"2023-11-22T20:57:25","slug":"terms","status":"publish","type":"page","link":"https:\/\/100t.com.br\/es\/terms\/","title":{"rendered":"T\u00e9rminos de uso \u2013 100 Tecnolog\u00eda"},"content":{"rendered":"<div class=\"mx-5 sm:mx-0 prose leading-relaxed text-lg mb-5 text-left wp-paragraph\">\n<p>Actualizado el 22 de noviembre de 2023.<\/p>\n<\/div><div class=\"mx-5 sm:mx-0 prose leading-relaxed text-lg mb-5 text-left wp-paragraph\">\n<p>A <strong>RubikTech O\u00dc<\/strong>, una sociedad de responsabilidad limitada establecida en Estonia (LLC, tambi\u00e9n conocida como O\u00dc), registrada con IVA EE102662223 y ubicada en Tallin, en Keemia Street tn 4, 10616, Harju, Estonia, es la entidad responsable de la creaci\u00f3n, propiedad y gesti\u00f3n de el sitio web de 100 Tech, accesible a trav\u00e9s de la direcci\u00f3n <a style=\" color:;\" href=\"https:\/\/100t.com.br\/es\/\">https:\/\/100t.com.br<\/a>.<\/p>\n<\/div><div class=\"mx-5 sm:mx-0 prose leading-relaxed text-lg mb-5 text-left wp-paragraph\">\n<p>El citado portal est\u00e1 gestionado por 100 Tech. Las referencias a &quot;nosotros&quot;, &quot;nos&quot; y &quot;nuestro&quot; en este documento se refieren \u00fanicamente a 100 Tech. Este portal, que incluye toda la informaci\u00f3n, servicios y contenidos disponibles, es proporcionado por 100 Tech, sujeto a la aceptaci\u00f3n por parte del usuario de todos los t\u00e9rminos, condiciones y pol\u00edticas aqu\u00ed estipuladas. El uso de nuestros servicios implica navegar e interactuar con nuestro portal.<\/p>\n<\/div><div class=\"mx-5 sm:mx-0 prose leading-relaxed text-lg mb-5 text-left wp-paragraph\">\n<p>100 Tech se distingue como un sitio web especializado en la creaci\u00f3n de contenidos informativos y an\u00e1lisis de una amplia gama de productos y servicios (incluyendo aplicaciones, tecnolog\u00eda, entretenimiento y otros), ofrecidos por entidades nacionales e internacionales.<\/p>\n<\/div><div class=\"mx-5 sm:mx-0 prose leading-relaxed text-lg mb-5 text-left wp-paragraph\">\n<p>Es importante se\u00f1alar que el uso de este sitio web est\u00e1 sujeto tanto a estos T\u00e9rminos como a la Pol\u00edtica de Privacidad de 100 Tech, que puede consultarse en https:\/\/100t.com.br\/privacy, adem\u00e1s de cumplir con la legislaci\u00f3n aplicable. .<\/p>\n<\/div><div class=\"mx-5 sm:mx-0 prose leading-relaxed text-lg mb-5 text-left wp-paragraph\">\n<p>Por tanto, los T\u00e9rminos y Condiciones Generales de Uso tienen como objetivo aclarar las responsabilidades, obligaciones y deberes de todo usuario que acceda y\/o utilice el sitio web de 100 Tech, tal y como se detalla en los puntos siguientes.<\/p>\n<\/div><div class=\"mx-5 sm:mx-0 prose leading-relaxed text-lg mb-5 text-left wp-paragraph\">\n<p><strong>Es fundamental que lea atentamente nuestros T\u00e9rminos de Uso. Si no est\u00e1 de acuerdo con los t\u00e9rminos aqu\u00ed establecidos, le solicitamos que se abstenga de utilizar los servicios proporcionados por 100 Tech.<\/strong><\/p>\n<\/div><!--advertisement--><div class=\"mx-5 sm:mx-0 sm:text-3xl text-2xl font-medium title-font mb-4 text-gray-900 text-left\">\n<h2 id=\"h-secao-i-admissao\">Secci\u00f3n I \u2013 Admisi\u00f3n<\/h2>\n<\/div><div class=\"mx-5 sm:mx-0 prose leading-relaxed text-lg mb-5 text-left wp-paragraph\">\n<p><strong>1.1 <\/strong>Al utilizar 100 Tech, el Usuario se compromete a cumplir con los T\u00e9rminos y Condiciones Generales de Uso, as\u00ed como las <a style=\" color:;\" href=\"https:\/\/100t.com.br\/es\/privacy\/\">Pol\u00edtica de privacidad<\/a> de 100 tec.<\/p>\n<\/div><div class=\"mx-5 sm:mx-0 prose leading-relaxed text-lg mb-5 text-left wp-paragraph\">\n<p><strong>1.2 <\/strong>El Usuario, al acceder y\/o utilizar 100 Tech, declara tener al menos 18 (dieciocho) a\u00f1os de edad y tener plena capacidad jur\u00eddica y expresa para aceptar los presentes T\u00e9rminos y Condiciones de Uso para todos los efectos legales.<\/p>\n<\/div><div class=\"mx-5 sm:mx-0 prose leading-relaxed text-lg mb-5 text-left wp-paragraph\">\n<p><strong>1.3 <\/strong>Si el Usuario no cumple con los criterios mencionados anteriormente y\/o no est\u00e1 de acuerdo, total o parcialmente, con los t\u00e9rminos y condiciones presentes en estos T\u00e9rminos y Condiciones de Uso, deber\u00e1 abstenerse de acceder y\/o utilizar los servicios. puestos a disposici\u00f3n por 100 Tech, as\u00ed como los sitios web y servicios gestionados por ella.<\/p>\n<\/div><!--advertisement--><div class=\"mx-5 sm:mx-0 sm:text-3xl text-2xl font-medium title-font mb-4 text-gray-900 text-left\">\n<h2>Secci\u00f3n II \u2013 Contacto<\/h2>\n<\/div><div class=\"mx-5 sm:mx-0 prose leading-relaxed text-lg mb-5 text-left wp-paragraph\">\n<p><strong>2.1 <\/strong>El Usuario puede utilizar este servicio para aclarar dudas, resolver problemas y presentar quejas u otra informaci\u00f3n sobre los productos\/servicios disponibles en 100 Tech.<\/p>\n<\/div><div class=\"mx-5 sm:mx-0 prose leading-relaxed text-lg mb-5 text-left wp-paragraph\">\n<p><strong>2.2<\/strong> Para ponerse en contacto, el Usuario puede utilizar el formulario disponible en <a style=\" color:;\" href=\"https:\/\/100t.com.br\/es\/contact\/\">https:\/\/100t.com.br\/contact\/<\/a>.<\/p>\n<\/div><!--advertisement--><div class=\"mx-5 sm:mx-0 sm:text-3xl text-2xl font-medium title-font mb-4 text-gray-900 text-left\">\n<h2>Secci\u00f3n III \u2013 Responsabilidades de las Partes<\/h2>\n<\/div><div class=\"mx-5 sm:mx-0 prose leading-relaxed text-lg mb-5 text-left wp-paragraph\">\n<p><strong>3.1 <\/strong>Al acceder y utilizar los servicios y productos del sitio web de 100 Tech, el Usuario reconoce que ha le\u00eddo, comprendido y aceptado todas las disposiciones contenidas en estos T\u00e9rminos y Condiciones de Uso, as\u00ed como la Pol\u00edtica de Privacidad.<\/p>\n<\/div><div class=\"mx-5 sm:mx-0 prose leading-relaxed text-lg mb-5 text-left wp-paragraph\">\n<p><strong>3.2 <\/strong>100 Tech proporciona enlaces y redirige al Usuario a sitios web de terceros, donde se pueden contratar servicios y adquirir productos directamente de las empresas correspondientes. 100 Tech no interfiere en este proceso.<\/p>\n<\/div><div class=\"mx-5 sm:mx-0 prose leading-relaxed text-lg mb-5 text-left wp-paragraph\">\n<p><strong>3.3 <\/strong>Al ser redirigido al sitio web de una empresa asociada, el Usuario debe revisar y aceptar expl\u00edcitamente los t\u00e9rminos de uso y las pol\u00edticas de privacidad de la empresa respectiva.<\/p>\n<\/div><div class=\"mx-5 sm:mx-0 prose leading-relaxed text-lg mb-5 text-left wp-paragraph\">\n<p><strong>3.4 <\/strong>100 Tech no es responsable de las pol\u00edticas y t\u00e9rminos de uso de empresas de terceros, informaci\u00f3n de servicios o productos anunciados, ni de ninguna oferta o contrato realizado con estas empresas.<\/p>\n<\/div><div class=\"mx-5 sm:mx-0 prose leading-relaxed text-lg mb-5 text-left wp-paragraph\">\n<p><strong>3.5 <\/strong>100 Tech no se hace responsable de los da\u00f1os causados por virus o malware adquiridos durante la navegaci\u00f3n o la transferencia de datos en Internet. Se recomienda que el Usuario mantenga actualizados los sistemas de seguridad.<\/p>\n<\/div><div class=\"mx-5 sm:mx-0 prose leading-relaxed text-lg mb-5 text-left wp-paragraph\">\n<p><strong>3.6 <\/strong>100 Tech no ser\u00e1 responsable de las p\u00e9rdidas resultantes del mal uso del sitio web o de eventos de fuerza mayor.<\/p>\n<\/div><div class=\"mx-5 sm:mx-0 prose leading-relaxed text-lg mb-5 text-left wp-paragraph\">\n<p><strong>3.7 <\/strong>100 Tech no solicita dep\u00f3sitos ni transferencias bancarias para la aprobaci\u00f3n u otorgamiento de productos financieros.<\/p>\n<\/div><div class=\"mx-5 sm:mx-0 prose leading-relaxed text-lg mb-5 text-left wp-paragraph\">\n<p><strong>3.8 <\/strong>100 Tech no env\u00eda correos electr\u00f3nicos solicitando datos personales o de registro, ni archivos adjuntos ejecutables o enlaces de descarga. Si recibe dichas comunicaciones, inf\u00f3rmenos a trav\u00e9s de nuestro formulario de contacto en <a style=\" color:;\" href=\"https:\/\/100t.com.br\/es\/contact\/\">https:\/\/100t.com.br\/contact\/<\/a>.<\/p>\n<\/div><!--advertisement--><div class=\"mx-5 sm:mx-0 sm:text-3xl text-2xl font-medium title-font mb-4 text-gray-900 text-left\">\n<h2>Secci\u00f3n IV \u2013 Condiciones de Uso y Restricciones<\/h2>\n<\/div><div class=\"mx-5 sm:mx-0 prose leading-relaxed text-lg mb-5 text-left wp-paragraph\">\n<p>Seg\u00fan los T\u00e9rminos de servicio, hemos impuesto restricciones estrictas al uso de nuestro sitio web y su contenido. Queda expresamente prohibido:<\/p>\n<\/div><div class=\"mx-5 sm:mx-0 prose text-left mb-5\">\n<ol><div class=\"mx-5 sm:mx-0 prose text-left mb-5\">\n<li>Utilizar el sitio web con fines ilegales o para promover actividades ilegales.<\/li>\n<\/div>\n\n<div class=\"mx-5 sm:mx-0 prose text-left mb-5\">\n<li>Ignore cualquier ley o reglamento local, estatal, federal, provincial o internacional.<\/li>\n<\/div>\n\n<div class=\"mx-5 sm:mx-0 prose text-left mb-5\">\n<li>Infringir o violar nuestros derechos de propiedad intelectual o los de terceros.<\/li>\n<\/div>\n\n<div class=\"mx-5 sm:mx-0 prose text-left mb-5\">\n<li>Participar en comportamientos como acoso, abuso, difamaci\u00f3n, intimidaci\u00f3n o discriminaci\u00f3n por motivos de g\u00e9nero, orientaci\u00f3n sexual, religi\u00f3n, origen \u00e9tnico, raza, edad, origen nacional o discapacidad.<\/li>\n<\/div>\n\n<div class=\"mx-5 sm:mx-0 prose text-left mb-5\">\n<li>Difundir informaci\u00f3n falsa o enga\u00f1osa.<\/li>\n<\/div>\n\n<div class=\"mx-5 sm:mx-0 prose text-left mb-5\">\n<li>Difundir virus o cualquier otro c\u00f3digo que pueda da\u00f1ar el funcionamiento del Servicio, sitios relacionados, otros sitios o Internet.<\/li>\n<\/div>\n\n<div class=\"mx-5 sm:mx-0 prose text-left mb-5\">\n<li>Recopilar o rastrear datos personales de terceros sin consentimiento.<\/li>\n<\/div>\n\n<div class=\"mx-5 sm:mx-0 prose text-left mb-5\">\n<li>Practique spam, phishing, pharm, pretext, spider, rastreo o scrape.<\/li>\n<\/div>\n\n<div class=\"mx-5 sm:mx-0 prose text-left mb-5\">\n<li>Usar el sitio web con fines obscenos o inmorales.<\/li>\n<\/div>\n\n<div class=\"mx-5 sm:mx-0 prose text-left mb-5\">\n<li>Interferir o eludir las medidas de seguridad del Servicio, sitios relacionados, otros sitios o Internet.<\/li>\n<\/div><\/ol>\n<\/div><div class=\"mx-5 sm:mx-0 prose leading-relaxed text-lg mb-5 text-left wp-paragraph\">\n<p><strong>Nos reservamos el derecho de cancelar o suspender su uso de nuestros Servicios y cualquier sitio web relacionado si viola cualquiera de estas restricciones.<\/strong><\/p>\n<\/div><!--advertisement--><div class=\"mx-5 sm:mx-0 sm:text-3xl text-2xl font-medium title-font mb-4 text-gray-900 text-left\">\n<h2>Secci\u00f3n V \u2013 Limitaciones de Responsabilidad y Garant\u00edas<\/h2>\n<\/div><div class=\"mx-5 sm:mx-0 prose leading-relaxed text-lg mb-5 text-left wp-paragraph\">\n<p>Reconocemos que el uso de nuestro Servicio puede no ser continuo, completamente seguro o estar libre de errores. No garantizamos que los resultados obtenidos del Servicio ser\u00e1n siempre precisos o confiables.<\/p>\n<\/div><div class=\"mx-5 sm:mx-0 prose leading-relaxed text-lg mb-5 text-left wp-paragraph\">\n<p>Ocasionalmente, el acceso al Servicio podr\u00e1 ser suspendido o incluso cancelado en cualquier momento, sin necesidad de previo aviso.<\/p>\n<\/div><div class=\"mx-5 sm:mx-0 prose leading-relaxed text-lg mb-5 text-left wp-paragraph\">\n<p>Usted acepta que cualquier uso o imposibilidad de utilizar el Servicio es bajo su propio riesgo. El Servicio se proporciona &quot;tal cual&quot; y &quot;seg\u00fan est\u00e9 disponible&quot; sin garant\u00edas, expresas o impl\u00edcitas, incluidas, entre otras, garant\u00edas de comerciabilidad, idoneidad para un prop\u00f3sito particular o no infracci\u00f3n.<\/p>\n<\/div><div class=\"mx-5 sm:mx-0 prose leading-relaxed text-lg mb-5 text-left wp-paragraph\">\n<p>En ning\u00fan caso 100 Tech, sus directores, empleados o socios ser\u00e1n responsables de ning\u00fan da\u00f1o, p\u00e9rdida o reclamo que surja del uso del Servicio. Esto incluye, entre otros, p\u00e9rdida de ganancias, datos u otras p\u00e9rdidas intangibles, resultantes del uso de cualquier servicio o producto obtenido a trav\u00e9s del Servicio, o por cualquier otro reclamo relacionado con el uso del servicio.<\/p>\n<\/div><div class=\"mx-5 sm:mx-0 prose leading-relaxed text-lg mb-5 text-left wp-paragraph\">\n<p>En jurisdicciones donde no se permite la exclusi\u00f3n o limitaci\u00f3n de responsabilidad por da\u00f1os consecuentes o incidentales, nuestra responsabilidad se limitar\u00e1 al m\u00e1ximo permitido por la ley aplicable.<\/p>\n<\/div><!--advertisement--><div class=\"mx-5 sm:mx-0 sm:text-3xl text-2xl font-medium title-font mb-4 text-gray-900 text-left\">\n<h2>Secci\u00f3n VI \u2013 Vigencia y Plazo<\/h2>\n<\/div><div class=\"mx-5 sm:mx-0 prose leading-relaxed text-lg mb-5 text-left wp-paragraph\">\n<p>Estos T\u00e9rminos y Condiciones Generales de Uso tienen una vigencia indefinida. Cualquier acci\u00f3n legal o administrativa relacionada con el uso de 100 Tech, tal como se describe en estos T\u00e9rminos Generales de Uso o la Pol\u00edtica de Privacidad, debe iniciarse dentro de los 90 d\u00edas posteriores al evento que dio origen al reclamo.<\/p>\n<\/div><!--advertisement--><div class=\"mx-5 sm:mx-0 sm:text-3xl text-2xl font-medium title-font mb-4 text-gray-900 text-left\">\n<h2>Secci\u00f3n VII \u2013 Foro de Legislaci\u00f3n y Elecciones<\/h2>\n<\/div><div class=\"mx-5 sm:mx-0 prose leading-relaxed text-lg mb-5 text-left wp-paragraph\">\n<p><strong>7.1<\/strong> Este T\u00e9rmino y las Condiciones Generales de Uso deben entenderse junto con la Pol\u00edtica de Privacidad. Ambos se rigen por las leyes de la Rep\u00fablica Federativa de Brasil, incluyendo la Constituci\u00f3n Federal, el C\u00f3digo Civil, el C\u00f3digo de Protecci\u00f3n al Consumidor, la Ley General del Marco Civil de Internet y la Ley General de Protecci\u00f3n de Datos.<\/p>\n<\/div><div class=\"mx-5 sm:mx-0 prose leading-relaxed text-lg mb-5 text-left wp-paragraph\">\n<p><strong>7.2.<\/strong> Para preguntas relacionadas con la interpretaci\u00f3n o aplicaci\u00f3n de estos T\u00e9rminos y la Pol\u00edtica de Privacidad, las partes acuerdan someterse exclusivamente a la jurisdicci\u00f3n de la C\u00e1mara de Comercio de Tallin, Estonia (El Tribunal de Arbitraje de la C\u00e1mara de Comercio e Industria de Estonia). Esto incluye cualquier disputa o pregunta que surja de estos T\u00e9rminos de uso.<\/p>\n<\/div><!--advertisement--><div class=\"mx-5 sm:mx-0 sm:text-3xl text-2xl font-medium title-font mb-4 text-gray-900 text-left\">\n<h2>Secci\u00f3n VIII \u2013 Contenido y Propiedad Intelectual<\/h2>\n<\/div><div class=\"mx-5 sm:mx-0 prose leading-relaxed text-lg mb-5 text-left wp-paragraph\">\n<p><strong>8.1. Contenido y propiedad intelectual<\/strong><\/p>\n<\/div><div class=\"mx-5 sm:mx-0 prose leading-relaxed text-lg mb-5 text-left wp-paragraph\">\n<p>El contenido del sitio web de 100 Tech, propiedad de RubikTech O\u00dc y sus socios, est\u00e1 protegido por las leyes de derechos de autor y propiedad intelectual. Est\u00e1 prohibida la reproducci\u00f3n, alteraci\u00f3n, distribuci\u00f3n, exhibici\u00f3n o creaci\u00f3n de trabajos derivados de este contenido sin el permiso expreso por escrito de RubikTech O\u00dc.<\/p>\n<\/div><div class=\"mx-5 sm:mx-0 prose leading-relaxed text-lg mb-5 text-left wp-paragraph\">\n<p><strong>8.2 Responsabilidad<\/strong><\/p>\n<\/div><div class=\"mx-5 sm:mx-0 prose leading-relaxed text-lg mb-5 text-left wp-paragraph\">\n<p>100 Tech no es responsable del contenido producido por terceros, como comentarios y publicaciones en foros o redes sociales. Asimismo, no se hace responsable de los da\u00f1os causados por el uso del sitio web, ya sean directos, indirectos, incidentales o consecuentes.<\/p>\n<\/div><div class=\"mx-5 sm:mx-0 prose leading-relaxed text-lg mb-5 text-left wp-paragraph\">\n<p><strong>8.3 Infracciones<\/strong><\/p>\n<\/div><div class=\"mx-5 sm:mx-0 prose leading-relaxed text-lg mb-5 text-left wp-paragraph\">\n<p>100 Tech tiene el derecho de eliminar contenido que viole estos t\u00e9rminos, especialmente aquellos que sean ilegales, ofensivos, difamatorios o infrinjan los derechos de terceros. RubikTech O\u00dc tambi\u00e9n puede cancelar las cuentas de los usuarios que no cumplan con estos t\u00e9rminos.<\/p>\n<\/div><!--advertisement--><div class=\"mx-5 sm:mx-0 sm:text-3xl text-2xl font-medium title-font mb-4 text-gray-900 text-left\">\n<h2>Secci\u00f3n IX \u2013 Modificaci\u00f3n de T\u00e9rminos y Condiciones<\/h2>\n<\/div><div class=\"mx-5 sm:mx-0 prose leading-relaxed text-lg mb-5 text-left wp-paragraph\">\n<p>100 Tech se reserva el derecho de modificar, suspender o cancelar cualquier parte de sus servicios en cualquier momento, sin previo aviso. Al realizar dichos cambios, 100 Tech no tendr\u00e1 ninguna responsabilidad ante usted ni ante terceros.<\/p>\n<\/div><div class=\"mx-5 sm:mx-0 prose leading-relaxed text-lg mb-5 text-left wp-paragraph\">\n<p><strong>El uso del sitio web de 100 Tech implica la aceptaci\u00f3n obligatoria y vinculante de estos T\u00e9rminos y Condiciones. Cualquier persona que no est\u00e9 de acuerdo con estos T\u00e9rminos deber\u00e1 abstenerse de utilizar el sitio web.<\/strong><\/p>\n<\/div><!--advertisement--><div class=\"mx-5 sm:mx-0 sm:text-3xl text-2xl font-medium title-font mb-4 text-gray-900 text-left\">\n<h2>Secci\u00f3n X \u2013 Informaci\u00f3n de contacto<\/h2>\n<\/div><div class=\"mx-5 sm:mx-0 prose leading-relaxed text-lg mb-5 text-left wp-paragraph\">\n<p>Para cualquier duda o sugerencia respecto a nuestros servicios, le animamos a ponerse en contacto con nuestro equipo de atenci\u00f3n al cliente. Por favor env\u00ede su mensaje a la direcci\u00f3n de correo electr\u00f3nico: <a style=\" color:;\" href=\"mailto:contato@100t.com.br\">contacto@100t.com.br<\/a>.<\/p>\n<\/div>","protected":false},"excerpt":{"rendered":"<p>Actualizado el 22 de noviembre de 2023. RubikTech O\u00dc, una sociedad de responsabilidad limitada establecida en Estonia (LLC, tambi\u00e9n conocida como O\u00dc), registrada con IVA EE102662223 y ubicada en Tallin, en 10616 Keemia Street tn 4, Harju, Estonia, es la entidad responsable para crear, poseer y administrar el sitio web de 100 Tech, accesible a trav\u00e9s de... <a class=\"more-link\" href=\"https:\/\/100t.com.br\/es\/terms\/\">sigue leyendo <span class=\"screen-reader-text\">T\u00e9rminos de uso \u2013 100 Tecnolog\u00eda<\/span><\/a><\/p>","protected":false},"author":4,"featured_media":0,"parent":0,"menu_order":0,"comment_status":"closed","ping_status":"closed","template":"","meta":[],"yoast_head":"<!-- This site is optimized with the Yoast SEO Premium plugin v18.7 (Yoast SEO v19.1) - https:\/\/yoast.com\/wordpress\/plugins\/seo\/ -->\n<title>Termos de Uso - 100 Tech - 100 Tech<\/title>\n<meta name=\"robots\" content=\"index, follow, max-snippet:-1, max-image-preview:large, max-video-preview:-1\" \/>\n<link rel=\"canonical\" href=\"https:\/\/100t.com.br\/es\/terms\/\" \/>\n<meta property=\"og:locale\" content=\"es_ES\" \/>\n<meta property=\"og:type\" content=\"article\" \/>\n<meta property=\"og:title\" content=\"Termos de Uso - 100 Tech\" \/>\n<meta property=\"og:description\" content=\"Atualizado em 22 de Novembro de 2023. A RubikTech O\u00dc, uma companhia de responsabilidade limitada estabelecida na Estonia (LLC, tamb\u00e9m conhecida por O\u00dc), registada com o VAT EE102662223 e localizada em Tallinn, na Rua Keemia tn 4, 10616, Harju, Est\u00f3nia, \u00e9 a entidade respons\u00e1vel pela cria\u00e7\u00e3o, titularidade e gest\u00e3o do website 100 Tech, acess\u00edvel atrav\u00e9s&hellip; Continue reading Termos de Uso &#8211; 100 Tech\" \/>\n<meta property=\"og:url\" content=\"https:\/\/100t.com.br\/es\/terms\/\" \/>\n<meta property=\"og:site_name\" content=\"100 Tech\" \/>\n<meta property=\"article:modified_time\" content=\"2023-11-22T20:57:25+00:00\" \/>\n<meta name=\"twitter:card\" content=\"summary_large_image\" \/>\n<meta name=\"twitter:label1\" content=\"Est. reading time\" \/>\n\t<meta name=\"twitter:data1\" content=\"9 minutes\" \/>\n<script type=\"application\/ld+json\" class=\"yoast-schema-graph\">{\"@context\":\"https:\/\/schema.org\",\"@graph\":[{\"@type\":\"WebSite\",\"@id\":\"https:\/\/100t.com.br\/#website\",\"url\":\"https:\/\/100t.com.br\/\",\"name\":\"100 Tech\",\"description\":\"Tecnologia e Informa\u00e7\u00e3o\",\"potentialAction\":[{\"@type\":\"SearchAction\",\"target\":{\"@type\":\"EntryPoint\",\"urlTemplate\":\"https:\/\/100t.com.br\/?s={search_term_string}\"},\"query-input\":\"required name=search_term_string\"}],\"inLanguage\":\"es-ES\"},{\"@type\":\"WebPage\",\"@id\":\"https:\/\/100t.com.br\/terms\/#webpage\",\"url\":\"https:\/\/100t.com.br\/terms\/\",\"name\":\"Termos de Uso - 100 Tech - 100 Tech\",\"isPartOf\":{\"@id\":\"https:\/\/100t.com.br\/#website\"},\"datePublished\":\"2023-03-31T16:29:55+00:00\",\"dateModified\":\"2023-11-22T20:57:25+00:00\",\"breadcrumb\":{\"@id\":\"https:\/\/100t.com.br\/terms\/#breadcrumb\"},\"inLanguage\":\"es-ES\",\"potentialAction\":[{\"@type\":\"ReadAction\",\"target\":[\"https:\/\/100t.com.br\/terms\/\"]}]},{\"@type\":\"BreadcrumbList\",\"@id\":\"https:\/\/100t.com.br\/terms\/#breadcrumb\",\"itemListElement\":[{\"@type\":\"ListItem\",\"position\":1,\"name\":\"Home\",\"item\":\"https:\/\/100t.com.br\/es\/\"},{\"@type\":\"ListItem\",\"position\":2,\"name\":\"Termos de Uso &#8211; 100 Tech\"}]}]}<\/script>\n<!-- \/ Yoast SEO Premium plugin. -->","yoast_head_json":{"title":"Termos de Uso - 100 Tech - 100 Tech","robots":{"index":"index","follow":"follow","max-snippet":"max-snippet:-1","max-image-preview":"max-image-preview:large","max-video-preview":"max-video-preview:-1"},"canonical":"https:\/\/100t.com.br\/es\/terms\/","og_locale":"es_ES","og_type":"article","og_title":"Termos de Uso - 100 Tech","og_description":"Atualizado em 22 de Novembro de 2023. A RubikTech O\u00dc, uma companhia de responsabilidade limitada estabelecida na Estonia (LLC, tamb\u00e9m conhecida por O\u00dc), registada com o VAT EE102662223 e localizada em Tallinn, na Rua Keemia tn 4, 10616, Harju, Est\u00f3nia, \u00e9 a entidade respons\u00e1vel pela cria\u00e7\u00e3o, titularidade e gest\u00e3o do website 100 Tech, acess\u00edvel atrav\u00e9s&hellip; Continue reading Termos de Uso &#8211; 100 Tech","og_url":"https:\/\/100t.com.br\/es\/terms\/","og_site_name":"100 Tech","article_modified_time":"2023-11-22T20:57:25+00:00","twitter_card":"summary_large_image","twitter_misc":{"Est. reading time":"9 minutes"},"schema":{"@context":"https:\/\/schema.org","@graph":[{"@type":"WebSite","@id":"https:\/\/100t.com.br\/#website","url":"https:\/\/100t.com.br\/","name":"100 Tech","description":"Tecnologia e Informa\u00e7\u00e3o","potentialAction":[{"@type":"SearchAction","target":{"@type":"EntryPoint","urlTemplate":"https:\/\/100t.com.br\/?s={search_term_string}"},"query-input":"required name=search_term_string"}],"inLanguage":"es-ES"},{"@type":"WebPage","@id":"https:\/\/100t.com.br\/terms\/#webpage","url":"https:\/\/100t.com.br\/terms\/","name":"Termos de Uso - 100 Tech - 100 Tech","isPartOf":{"@id":"https:\/\/100t.com.br\/#website"},"datePublished":"2023-03-31T16:29:55+00:00","dateModified":"2023-11-22T20:57:25+00:00","breadcrumb":{"@id":"https:\/\/100t.com.br\/terms\/#breadcrumb"},"inLanguage":"es-ES","potentialAction":[{"@type":"ReadAction","target":["https:\/\/100t.com.br\/terms\/"]}]},{"@type":"BreadcrumbList","@id":"https:\/\/100t.com.br\/terms\/#breadcrumb","itemListElement":[{"@type":"ListItem","position":1,"name":"Home","item":"https:\/\/100t.com.br\/es\/"},{"@type":"ListItem","position":2,"name":"Termos de Uso &#8211; 100 Tech"}]}]}},"_links":{"self":[{"href":"https:\/\/100t.com.br\/es\/wp-json\/wp\/v2\/pages\/4830"}],"collection":[{"href":"https:\/\/100t.com.br\/es\/wp-json\/wp\/v2\/pages"}],"about":[{"href":"https:\/\/100t.com.br\/es\/wp-json\/wp\/v2\/types\/page"}],"author":[{"embeddable":true,"href":"https:\/\/100t.com.br\/es\/wp-json\/wp\/v2\/users\/4"}],"replies":[{"embeddable":true,"href":"https:\/\/100t.com.br\/es\/wp-json\/wp\/v2\/comments?post=4830"}],"version-history":[{"count":0,"href":"https:\/\/100t.com.br\/es\/wp-json\/wp\/v2\/pages\/4830\/revisions"}],"wp:attachment":[{"href":"https:\/\/100t.com.br\/es\/wp-json\/wp\/v2\/media?parent=4830"}],"curies":[{"name":"wp","href":"https:\/\/api.w.org\/{rel}","templated":true}]}}