{"id":4828,"date":"2023-03-31T16:22:41","date_gmt":"2023-03-31T16:22:41","guid":{"rendered":"https:\/\/100t.com.br\/?page_id=4828"},"modified":"2026-01-15T14:15:08","modified_gmt":"2026-01-15T14:15:08","slug":"privacy","status":"publish","type":"page","link":"https:\/\/100t.com.br\/es\/privacy\/","title":{"rendered":"Pol\u00edtica de Privacidad \u2013 100 Tecnolog\u00eda"},"content":{"rendered":"<div class=\"mx-5 sm:mx-0 prose leading-relaxed text-lg mb-5 text-left wp-paragraph\">\n<p>Actualizado el 17 de noviembre de 2023.<\/p>\n<\/div><!--advertisement--><div class=\"mx-5 sm:mx-0 sm:text-3xl text-2xl font-medium title-font mb-4 text-gray-900 text-left\">\n<h2 id=\"h-introducao-e-sumario\">Introducci\u00f3n y resumen<\/h2>\n<\/div><div class=\"mx-5 sm:mx-0 prose leading-relaxed text-lg mb-5 text-left wp-paragraph\">\n<p>El sitio web es propiedad y est\u00e1 operado por Rubiktech O\u00dc, una empresa registrada en Estonia con el n\u00famero de registro 16826788.<\/p>\n<\/div><div class=\"mx-5 sm:mx-0 prose leading-relaxed text-lg mb-5 text-left wp-paragraph\">\n<p>El sitio web de 100 Tecnolog\u00eda, accesible en <a style=\" color:;\" href=\"https:\/\/100t.com.br\/es\/\">https:\/\/100t.com.br<\/a>, ofrece una amplia gama de contenidos, incluidas noticias actualizadas y promociones de diversos productos y servicios. Adem\u00e1s, presenta ofertas de socios, dirigiendo a los usuarios a sitios relevantes para sus intereses.<\/p>\n<\/div><div class=\"mx-5 sm:mx-0 prose leading-relaxed text-lg mb-5 text-left wp-paragraph\">\n<p>Nuestro principal enfoque es conectar a los usuarios con los servicios m\u00e1s adecuados, abarcando \u00e1reas como aplicaciones, entretenimiento, tips y avances tecnol\u00f3gicos.<\/p>\n<\/div><div class=\"mx-5 sm:mx-0 prose leading-relaxed text-lg mb-5 text-left wp-paragraph\">\n<p>Damos gran importancia a la seguridad de sus datos personales. Nuestra Pol\u00edtica de Privacidad refleja nuestro compromiso de proteger su privacidad y la seguridad de su informaci\u00f3n.<\/p>\n<\/div><div class=\"mx-5 sm:mx-0 prose leading-relaxed text-lg mb-5 text-left wp-paragraph\">\n<p>Para aclaraciones o informaci\u00f3n adicional sobre sus derechos y opciones, los usuarios pueden acceder a nuestra pol\u00edtica de privacidad o contactarnos a trav\u00e9s del correo electr\u00f3nico contato@100t.com.br.<\/p>\n<\/div><!--advertisement--><div class=\"mx-5 sm:mx-0 sm:text-3xl text-2xl font-medium title-font mb-4 text-gray-900 text-left\">\n<h2 id=\"h-escopo-da-politica-de-privacidade\">Alcance de la Pol\u00edtica de Privacidad<\/h2>\n<\/div><div class=\"mx-5 sm:mx-0 prose leading-relaxed text-lg mb-5 text-left wp-paragraph\">\n<p>100 Tecnologia act\u00faa como una plataforma dedicada al contenido y promoci\u00f3n de productos y servicios, especialmente en \u00e1reas como aplicaciones e innovaciones tecnol\u00f3gicas. Su funci\u00f3n es estrictamente promocional, sin establecer contratos directos con los usuarios.<\/p>\n<\/div><div class=\"mx-5 sm:mx-0 prose leading-relaxed text-lg mb-5 text-left wp-paragraph\">\n<p>Cualquier interacci\u00f3n comercial entre usuarios y anunciantes asociados se produce en entornos externos a 100 Tecnologia, que no solicita ni almacena datos bancarios o financieros de los usuarios. La relaci\u00f3n del sitio web con los usuarios se basa \u00fanicamente en informaci\u00f3n.<\/p>\n<\/div><div class=\"mx-5 sm:mx-0 prose leading-relaxed text-lg mb-5 text-left wp-paragraph\">\n<p>Es importante que los usuarios notifiquen a 100 Tecnologia por correo electr\u00f3nico a contato@100t.com.br si reciben solicitudes de datos personales. La plataforma no se responsabiliza de los intentos de fraude por parte de entidades externas.<\/p>\n<\/div><!--advertisement--><div class=\"mx-5 sm:mx-0 sm:text-3xl text-2xl font-medium title-font mb-4 text-gray-900 text-left\">\n<h2 id=\"h-sobre-consentimento\">Acerca del consentimiento<\/h2>\n<\/div><div class=\"mx-5 sm:mx-0 prose leading-relaxed text-lg mb-5 text-left wp-paragraph\">\n<p>Al utilizar 100 Tecnologia, los usuarios aceptan impl\u00edcitamente nuestra Pol\u00edtica de Privacidad, que es esencial para la protecci\u00f3n de todas las partes involucradas. <strong>Si no est\u00e1 de acuerdo con estas pol\u00edticas, le recomendamos no utilizar nuestros servicios.<\/strong>.<\/p>\n<\/div><div class=\"mx-5 sm:mx-0 prose leading-relaxed text-lg mb-5 text-left wp-paragraph\">\n<p>Es importante que esta Pol\u00edtica sea considerada junto con la <a style=\" color:;\" href=\"https:\/\/100t.com.br\/es\/terms\/\">Terminos de uso<\/a>, por aspectos legales. Estos documentos, en conjunto, establecen las pr\u00e1cticas de 100 Tecnologia en relaci\u00f3n con la recopilaci\u00f3n de datos y las obligaciones correspondientes, abarcando tanto la gesti\u00f3n del sitio web como su uso por parte de los usuarios.<\/p>\n<\/div><!--advertisement--><div class=\"mx-5 sm:mx-0 sm:text-3xl text-2xl font-medium title-font mb-4 text-gray-900 text-left\">\n<h2 id=\"h-i-informacoes-que-coletamos\">I. Informaci\u00f3n que recopilamos<\/h2>\n<\/div><div class=\"mx-5 sm:mx-0 prose leading-relaxed text-lg mb-5 text-left wp-paragraph\">\n<p><strong>A. INFORMACI\u00d3N RECOPILADA DIRECTAMENTE<\/strong><\/p>\n<\/div><div class=\"mx-5 sm:mx-0 prose leading-relaxed text-lg mb-5 text-left wp-paragraph\">\n<p>La navegaci\u00f3n por 100 Tecnologia no implica la recogida autom\u00e1tica de datos personales. Sin embargo, para acceder a contenidos exclusivos, los usuarios pueden registrarse, proporcionando datos como nombre, correo electr\u00f3nico, tel\u00e9fono y direcci\u00f3n.<\/p>\n<\/div><div class=\"mx-5 sm:mx-0 prose leading-relaxed text-lg mb-5 text-left wp-paragraph\">\n<p>Esta recogida de datos en \u00e1reas restringidas permite a 100 Tecnologia ofrecer contenidos personalizados y verificar la identidad de los usuarios, ya sean particulares o empresas. Esto tambi\u00e9n te ayuda a crear estrategias personalizadas para cada usuario.<\/p>\n<\/div><div class=\"mx-5 sm:mx-0 prose leading-relaxed text-lg mb-5 text-left wp-paragraph\">\n<p>Adem\u00e1s, recopilamos datos personales cuando los usuarios se ponen en contacto con 100 Tecnologia para solicitar informaci\u00f3n o informar problemas. Estos datos se almacenan para la administraci\u00f3n y el control del sitio web.<\/p>\n<\/div><div class=\"mx-5 sm:mx-0 prose leading-relaxed text-lg mb-5 text-left wp-paragraph\">\n<p><strong>B. INFORMACI\u00d3N RECOPILADA AUTOM\u00c1TICAMENTE<\/strong><\/p>\n<\/div><div class=\"mx-5 sm:mx-0 prose leading-relaxed text-lg mb-5 text-left wp-paragraph\">\n<p>100 Tecnologia recoge no s\u00f3lo datos personales proporcionados voluntariamente durante el registro o el contacto directo, sino tambi\u00e9n datos no personales durante la navegaci\u00f3n por el sitio web. Esta colecci\u00f3n mejora la experiencia del usuario y orienta las campa\u00f1as de nuestros sitios asociados.<\/p>\n<\/div><div class=\"mx-5 sm:mx-0 prose leading-relaxed text-lg mb-5 text-left wp-paragraph\">\n<p>Los registros de acceso (archivos de registro) capturan informaci\u00f3n como direcciones IP, tipos de navegador, proveedores de servicios de Internet, fechas y horas de acceso, p\u00e1ginas de entrada y salida y clics realizados.<\/p>\n<\/div><div class=\"mx-5 sm:mx-0 prose leading-relaxed text-lg mb-5 text-left wp-paragraph\">\n<p>Utilizamos cookies para comprender las preferencias del usuario. Las cookies rastrean actividades como los clics para formar perfiles de consumidores. Esto nos ayuda a personalizar ofertas y experiencias, aumentando la relevancia y aceptaci\u00f3n por parte de los usuarios. Las cookies se pueden desactivar en la configuraci\u00f3n del sistema operativo de los usuarios; <strong>La no desactivaci\u00f3n implica consentimiento a su uso.<\/strong>.<\/p>\n<\/div><div class=\"mx-5 sm:mx-0 prose leading-relaxed text-lg mb-5 text-left wp-paragraph\">\n<p><strong>C. INFORMACI\u00d3N DE FUENTES EXTERNAS<\/strong><\/p>\n<\/div><div class=\"mx-5 sm:mx-0 prose leading-relaxed text-lg mb-5 text-left wp-paragraph\">\n<p>100 Tecnologia utiliza Google Analytics para analizar el uso del sitio web y mejorar la experiencia del usuario. Las cookies monitorean informaci\u00f3n como la duraci\u00f3n de la visita y las p\u00e1ginas visitadas, con m\u00e1s detalles disponibles en el sitio web oficial de <a style=\" color:;\" href=\"https:\/\/developers.google.com\/analytics\/devguides\/collection\/gajs\/cookie-usage?hl=pt-br\">Google analitico<\/a>.<\/p>\n<\/div><div class=\"mx-5 sm:mx-0 prose leading-relaxed text-lg mb-5 text-left wp-paragraph\">\n<p>Tambi\u00e9n utilizamos cookies y an\u00e1lisis de terceros para generar contenido atractivo mediante el seguimiento del tiempo en el sitio y las p\u00e1ginas visitadas. En las fases de prueba de nuevas funciones, las cookies ayudan a mantener una experiencia consistente y evaluar las optimizaciones necesarias.<\/p>\n<\/div><div class=\"mx-5 sm:mx-0 prose leading-relaxed text-lg mb-5 text-left wp-paragraph\">\n<p>Para publicidad utilizamos Google AdSense, que utiliza cookies para mostrar anuncios relevantes y limitar su repetici\u00f3n. Puede encontrar m\u00e1s informaci\u00f3n en las preguntas frecuentes de <a style=\" color:;\" href=\"https:\/\/support.google.com\/adsense\/answer\/3394713?hl=pt-BR\">Publicidad de Google<\/a>.<\/p>\n<\/div><div class=\"mx-5 sm:mx-0 prose leading-relaxed text-lg mb-5 text-left wp-paragraph\">\n<p>La publicidad es una fuente de financiaci\u00f3n para el sitio y futuros desarrollos. Las cookies de publicidad comportamental tienen como objetivo mostrarle anuncios relevantes. Adem\u00e1s, las cookies de seguimiento de afiliados nos ayudan a identificar si un usuario lleg\u00f3 a trav\u00e9s de un socio, lo que permite obtener el cr\u00e9dito adecuado.<\/p>\n<\/div><div class=\"mx-5 sm:mx-0 prose leading-relaxed text-lg mb-5 text-left wp-paragraph\">\n<p>Las cookies de socios no las gestionamos nosotros, pero los usuarios pueden desactivarlas en la configuraci\u00f3n de su sistema operativo. Los redireccionamientos a p\u00e1ginas de socios no implican una relaci\u00f3n directa. Nuestra pol\u00edtica de privacidad s\u00f3lo es v\u00e1lida para visitas a 100 Tecnologia.<\/p>\n<\/div><!--advertisement--><div class=\"mx-5 sm:mx-0 sm:text-3xl text-2xl font-medium title-font mb-4 text-gray-900 text-left\">\n<h2 id=\"h-ii-como-usamos-suas-informacoes\">II. C\u00f3mo utilizamos su informaci\u00f3n<\/h2>\n<\/div><div class=\"mx-5 sm:mx-0 prose leading-relaxed text-lg mb-5 text-left wp-paragraph\">\n<p>100 Tecnologia utiliza la informaci\u00f3n obtenida a trav\u00e9s del sitio web para mejorar la experiencia del usuario y la eficiencia operativa. Eso incluye:<\/p>\n<\/div><div class=\"mx-5 sm:mx-0 prose text-left mb-5\">\n<ul><div class=\"mx-5 sm:mx-0 prose text-left mb-5\">\n<li>Mantener el sitio web para garantizar su funcionamiento eficiente.<\/li>\n<\/div>\n\n<div class=\"mx-5 sm:mx-0 prose text-left mb-5\">\n<li>Personalizar y ampliar la oferta del sitio web, satisfaciendo las necesidades y preferencias de los usuarios.<\/li>\n<\/div>\n\n<div class=\"mx-5 sm:mx-0 prose text-left mb-5\">\n<li>Analizar los patrones de uso de los usuarios para ajustar la funcionalidad y el contenido del sitio web.<\/li>\n<\/div>\n\n<div class=\"mx-5 sm:mx-0 prose text-left mb-5\">\n<li>Desarrollar nuevos productos, servicios y caracter\u00edsticas, alineados con las crecientes demandas de los usuarios y las innovaciones tecnol\u00f3gicas.<\/li>\n<\/div>\n\n<div class=\"mx-5 sm:mx-0 prose text-left mb-5\">\n<li>Interactuar directamente con los usuarios o a trav\u00e9s de socios, brindando atenci\u00f3n al cliente, actualizaciones del sitio web e informaci\u00f3n para marketing y promociones.<\/li>\n<\/div>\n\n<div class=\"mx-5 sm:mx-0 prose text-left mb-5\">\n<li>Enviar correos electr\u00f3nicos sobre temas de inter\u00e9s, como boletines, promociones y otros anuncios.<\/li>\n<\/div>\n\n<div class=\"mx-5 sm:mx-0 prose text-left mb-5\">\n<li>Identificar y prevenir actividades fraudulentas para proteger la seguridad del sitio web y la integridad de la informaci\u00f3n personal de los usuarios.<\/li>\n<\/div><\/ul>\n<\/div><!--advertisement--><div class=\"mx-5 sm:mx-0 sm:text-3xl text-2xl font-medium title-font mb-4 text-gray-900 text-left\">\n<h2 id=\"h-iii-comprometimento-em-proteger-suas-informacoes\">III. Compromiso de proteger su informaci\u00f3n<\/h2>\n<\/div><div class=\"mx-5 sm:mx-0 prose leading-relaxed text-lg mb-5 text-left wp-paragraph\">\n<p>100 Tecnologia no vende informaci\u00f3n de los usuarios. Sin embargo, como ya se mencion\u00f3, podemos compartir datos con socios para mejorar la experiencia del usuario y desarrollar estrategias para nuestros productos y servicios. Los usuarios pueden optar por no compartir su informaci\u00f3n, de acuerdo con la Ley General de Protecci\u00f3n de Datos (LGPD).<\/p>\n<\/div><div class=\"mx-5 sm:mx-0 prose leading-relaxed text-lg mb-5 text-left wp-paragraph\">\n<p>Reiteramos nuestro compromiso con la seguridad en la recolecci\u00f3n y almacenamiento de datos, con el objetivo de mejorar la experiencia del usuario y desarrollar estrategias, servicios y productos para el sitio web.<\/p>\n<\/div><div class=\"mx-5 sm:mx-0 prose leading-relaxed text-lg mb-5 text-left wp-paragraph\">\n<p>Reconocemos que no se garantiza la seguridad completa de los datos en Internet. Por tanto, 100 Tecnologia se reserva el derecho de responder legalmente ante cualquier filtraci\u00f3n de datos por parte de terceros malintencionados.<\/p>\n<\/div><!--advertisement--><div class=\"mx-5 sm:mx-0 sm:text-3xl text-2xl font-medium title-font mb-4 text-gray-900 text-left\">\n<h2 id=\"h-iv-exercitando-os-seus-direitos\">IV. Ejercicio de sus derechos<\/h2>\n<\/div><div class=\"mx-5 sm:mx-0 prose leading-relaxed text-lg mb-5 text-left wp-paragraph\">\n<p><strong>1. Tus derechos<\/strong><\/p>\n<\/div><div class=\"mx-5 sm:mx-0 prose leading-relaxed text-lg mb-5 text-left wp-paragraph\">\n<p>100 Tecnologia recopila informaci\u00f3n personal \u00fanicamente cuando es esencial para proporcionar un servicio espec\u00edfico. Esta recopilaci\u00f3n se realiza de manera justa y legal, con total transparencia y consentimiento del usuario, y aclaramos el prop\u00f3sito y uso de estos datos.<\/p>\n<\/div><div class=\"mx-5 sm:mx-0 prose leading-relaxed text-lg mb-5 text-left wp-paragraph\">\n<p>Puede optar por no proporcionar su informaci\u00f3n personal, pero esto puede limitar nuestra capacidad para brindar ciertos servicios. No divulgamos su informaci\u00f3n personal p\u00fablicamente ni a terceros a menos que sea requerido legalmente. Si desea que sus datos personales se eliminen de nuestros registros, comun\u00edquese con nosotros.<\/p>\n<\/div><div class=\"mx-5 sm:mx-0 prose leading-relaxed text-lg mb-5 text-left wp-paragraph\">\n<p><strong>2. Pol\u00edtica de retenci\u00f3n de informaci\u00f3n<\/strong><\/p>\n<\/div><div class=\"mx-5 sm:mx-0 prose leading-relaxed text-lg mb-5 text-left wp-paragraph\">\n<p>100 Tecnologia almacena la informaci\u00f3n recopilada \u00fanicamente durante el per\u00edodo necesario para prestar el servicio solicitado. Los datos se almacenan con medidas de seguridad eficaces para evitar su p\u00e9rdida, robo, acceso no autorizado, divulgaci\u00f3n, copia, uso o alteraci\u00f3n.<\/p>\n<\/div><!--advertisement--><div class=\"mx-5 sm:mx-0 sm:text-3xl text-2xl font-medium title-font mb-4 text-gray-900 text-left\">\n<h2 id=\"h-v-lei-geral-de-protecao-de-dados-lgpd\">V. Ley General de Protecci\u00f3n de Datos (LGPD)<\/h2>\n<\/div><div class=\"mx-5 sm:mx-0 prose leading-relaxed text-lg mb-5 text-left wp-paragraph\">\n<p>En Brasil, la Ley General de Protecci\u00f3n de Datos (LGPD) garantiza la protecci\u00f3n de los datos de los usuarios en Internet. Seg\u00fan la LGPD, los usuarios tienen derecho a acceder a los datos recopilados, solicitar su supresi\u00f3n y emprender acciones legales contra las empresas si fuera necesario.<\/p>\n<\/div><div class=\"mx-5 sm:mx-0 prose leading-relaxed text-lg mb-5 text-left wp-paragraph\">\n<p>100 Tecnologia se compromete a proporcionar toda la informaci\u00f3n necesaria y facilitar los procedimientos adecuados para que los usuarios puedan ejercer sus derechos derivados de la LGPD. Para ello, proporcionamos un canal de contacto directo a trav\u00e9s del correo electr\u00f3nico contato@100t.com.br.<\/p>\n<\/div><!--advertisement--><div class=\"mx-5 sm:mx-0 sm:text-3xl text-2xl font-medium title-font mb-4 text-gray-900 text-left\">\n<h2 id=\"h-vi-avisos-parentais\">SIERRA. Advertencias para los padres<\/h2>\n<\/div><div class=\"mx-5 sm:mx-0 prose leading-relaxed text-lg mb-5 text-left wp-paragraph\">\n<p>100 Tecnologia, en cumplimiento de la LGPD, no tiene como objetivo recopilar datos de ni\u00f1os menores de 18 a\u00f1os y anima a los padres y tutores a controlar el uso de Internet de ni\u00f1os y adolescentes.<\/p>\n<\/div><div class=\"mx-5 sm:mx-0 prose leading-relaxed text-lg mb-5 text-left wp-paragraph\">\n<p>Reconociendo la dificultad de verificar las edades de los usuarios, nos comprometemos a eliminar inmediatamente cualquier dato personal de los menores tan pronto como sean identificados.<\/p>\n<\/div><div class=\"mx-5 sm:mx-0 prose leading-relaxed text-lg mb-5 text-left wp-paragraph\">\n<p>Para informar incidentes de recopilaci\u00f3n de datos de menores, los padres y tutores pueden contactarnos por correo electr\u00f3nico a contato@100t.com.br, para que podamos actuar para eliminar esta informaci\u00f3n.<\/p>\n<\/div><!--advertisement--><div class=\"mx-5 sm:mx-0 sm:text-3xl text-2xl font-medium title-font mb-4 text-gray-900 text-left\">\n<h2 id=\"h-vii-revisao-da-nossa-politica-de-privacidade\">VII. Revisi\u00f3n de nuestra pol\u00edtica de privacidad<\/h2>\n<\/div><div class=\"mx-5 sm:mx-0 prose leading-relaxed text-lg mb-5 text-left wp-paragraph\">\n<p>100 Tecnologia se reserva el derecho de modificar su Pol\u00edtica de Privacidad seg\u00fan sea necesario, para adaptarse a nuevas tecnolog\u00edas, leyes o cambios operativos.<\/p>\n<\/div><div class=\"mx-5 sm:mx-0 prose leading-relaxed text-lg mb-5 text-left wp-paragraph\">\n<p>Nos comprometemos a comunicar cualquier cambio a nuestros usuarios de forma clara y oportuna. Le recomendamos que revise peri\u00f3dicamente nuestra Pol\u00edtica de privacidad para mantenerse actualizado sobre c\u00f3mo se protege su informaci\u00f3n. Al continuar utilizando nuestros servicios despu\u00e9s de los cambios, acepta los nuevos t\u00e9rminos.<\/p>\n<\/div><!--advertisement--><div class=\"mx-5 sm:mx-0 sm:text-3xl text-2xl font-medium title-font mb-4 text-gray-900 text-left\">\n<h2 id=\"h-viii-nossas-informacoes-de-contato\">VIII. Nuestra informaci\u00f3n de contacto<\/h2>\n<\/div><div class=\"mx-5 sm:mx-0 prose leading-relaxed text-lg mb-5 text-left wp-paragraph\">\n<p>Si tiene alguna pregunta o comentario sobre la Pol\u00edtica de privacidad, inquietudes sobre sus datos personales, nuestros m\u00e9todos de recopilaci\u00f3n y compartici\u00f3n de datos, o para discutir sus preferencias de consentimiento, cont\u00e1ctenos en contato@100t.com.br.<\/p>\n<\/div><div class=\"mx-5 sm:mx-0 prose leading-relaxed text-lg mb-5 text-left wp-paragraph\">\n<p>RubikTech O\u00dc<\/p>\n<\/div><div class=\"mx-5 sm:mx-0 prose leading-relaxed text-lg mb-5 text-left wp-paragraph\">\n<p>C\u00f3digo de registro: 16826788<\/p>\n<\/div><div class=\"mx-5 sm:mx-0 prose leading-relaxed text-lg mb-5 text-left wp-paragraph\">\n<p>Estonia.<\/p>\n<\/div>","protected":false},"excerpt":{"rendered":"<p>Atualizada em 17 de Novembro de 2023. Introdu\u00e7\u00e3o e Sum\u00e1rio O site \u00e9 propriedade e operado pela Rubiktech O\u00dc, uma empresa registrada na Est\u00f4nia sob o n\u00famero de registro 16826788. O site 100 Tecnologia, acess\u00edvel em https:\/\/100t.com.br, oferece uma ampla gama de conte\u00fados, incluindo not\u00edcias atualizadas e promo\u00e7\u00f5es de diversos produtos e servi\u00e7os. Al\u00e9m disso,&hellip; <a class=\"more-link\" href=\"https:\/\/100t.com.br\/es\/privacy\/\">sigue leyendo <span class=\"screen-reader-text\">Pol\u00edtica de Privacidad \u2013 100 Tecnolog\u00eda<\/span><\/a><\/p>","protected":false},"author":4,"featured_media":0,"parent":0,"menu_order":0,"comment_status":"closed","ping_status":"closed","template":"","meta":[],"yoast_head":"<!-- This site is optimized with the Yoast SEO Premium plugin v18.7 (Yoast SEO v19.1) - https:\/\/yoast.com\/wordpress\/plugins\/seo\/ -->\n<title>Pol\u00edtica de Privacidade - 100 Tecnologia - 100 Tech<\/title>\n<meta name=\"robots\" content=\"index, follow, max-snippet:-1, max-image-preview:large, max-video-preview:-1\" \/>\n<link rel=\"canonical\" href=\"https:\/\/100t.com.br\/es\/privacy\/\" \/>\n<meta property=\"og:locale\" content=\"es_ES\" \/>\n<meta property=\"og:type\" content=\"article\" \/>\n<meta property=\"og:title\" content=\"Pol\u00edtica de Privacidade - 100 Tecnologia\" \/>\n<meta property=\"og:description\" content=\"Atualizada em 17 de Novembro de 2023. Introdu\u00e7\u00e3o e Sum\u00e1rio O site \u00e9 propriedade e operado pela Rubiktech O\u00dc, uma empresa registrada na Est\u00f4nia sob o n\u00famero de registro 16826788. O site 100 Tecnologia, acess\u00edvel em https:\/\/100t.com.br, oferece uma ampla gama de conte\u00fados, incluindo not\u00edcias atualizadas e promo\u00e7\u00f5es de diversos produtos e servi\u00e7os. Al\u00e9m disso,&hellip; Continue reading Pol\u00edtica de Privacidade &#8211; 100 Tecnologia\" \/>\n<meta property=\"og:url\" content=\"https:\/\/100t.com.br\/es\/privacy\/\" \/>\n<meta property=\"og:site_name\" content=\"100 Tech\" \/>\n<meta property=\"article:modified_time\" content=\"2026-01-15T14:15:08+00:00\" \/>\n<meta name=\"twitter:card\" content=\"summary_large_image\" \/>\n<meta name=\"twitter:label1\" content=\"Est. reading time\" \/>\n\t<meta name=\"twitter:data1\" content=\"9 minutes\" \/>\n<script type=\"application\/ld+json\" class=\"yoast-schema-graph\">{\"@context\":\"https:\/\/schema.org\",\"@graph\":[{\"@type\":\"WebSite\",\"@id\":\"https:\/\/100t.com.br\/#website\",\"url\":\"https:\/\/100t.com.br\/\",\"name\":\"100 Tech\",\"description\":\"Tecnologia e Informa\u00e7\u00e3o\",\"potentialAction\":[{\"@type\":\"SearchAction\",\"target\":{\"@type\":\"EntryPoint\",\"urlTemplate\":\"https:\/\/100t.com.br\/?s={search_term_string}\"},\"query-input\":\"required name=search_term_string\"}],\"inLanguage\":\"es-ES\"},{\"@type\":\"WebPage\",\"@id\":\"https:\/\/100t.com.br\/privacy\/#webpage\",\"url\":\"https:\/\/100t.com.br\/privacy\/\",\"name\":\"Pol\u00edtica de Privacidade - 100 Tecnologia - 100 Tech\",\"isPartOf\":{\"@id\":\"https:\/\/100t.com.br\/#website\"},\"datePublished\":\"2023-03-31T16:22:41+00:00\",\"dateModified\":\"2026-01-15T14:15:08+00:00\",\"breadcrumb\":{\"@id\":\"https:\/\/100t.com.br\/privacy\/#breadcrumb\"},\"inLanguage\":\"es-ES\",\"potentialAction\":[{\"@type\":\"ReadAction\",\"target\":[\"https:\/\/100t.com.br\/privacy\/\"]}]},{\"@type\":\"BreadcrumbList\",\"@id\":\"https:\/\/100t.com.br\/privacy\/#breadcrumb\",\"itemListElement\":[{\"@type\":\"ListItem\",\"position\":1,\"name\":\"Home\",\"item\":\"https:\/\/100t.com.br\/es\/\"},{\"@type\":\"ListItem\",\"position\":2,\"name\":\"Pol\u00edtica de Privacidade &#8211; 100 Tecnologia\"}]}]}<\/script>\n<!-- \/ Yoast SEO Premium plugin. -->","yoast_head_json":{"title":"Pol\u00edtica de Privacidade - 100 Tecnologia - 100 Tech","robots":{"index":"index","follow":"follow","max-snippet":"max-snippet:-1","max-image-preview":"max-image-preview:large","max-video-preview":"max-video-preview:-1"},"canonical":"https:\/\/100t.com.br\/es\/privacy\/","og_locale":"es_ES","og_type":"article","og_title":"Pol\u00edtica de Privacidade - 100 Tecnologia","og_description":"Atualizada em 17 de Novembro de 2023. Introdu\u00e7\u00e3o e Sum\u00e1rio O site \u00e9 propriedade e operado pela Rubiktech O\u00dc, uma empresa registrada na Est\u00f4nia sob o n\u00famero de registro 16826788. O site 100 Tecnologia, acess\u00edvel em https:\/\/100t.com.br, oferece uma ampla gama de conte\u00fados, incluindo not\u00edcias atualizadas e promo\u00e7\u00f5es de diversos produtos e servi\u00e7os. Al\u00e9m disso,&hellip; Continue reading Pol\u00edtica de Privacidade &#8211; 100 Tecnologia","og_url":"https:\/\/100t.com.br\/es\/privacy\/","og_site_name":"100 Tech","article_modified_time":"2026-01-15T14:15:08+00:00","twitter_card":"summary_large_image","twitter_misc":{"Est. reading time":"9 minutes"},"schema":{"@context":"https:\/\/schema.org","@graph":[{"@type":"WebSite","@id":"https:\/\/100t.com.br\/#website","url":"https:\/\/100t.com.br\/","name":"100 Tech","description":"Tecnologia e Informa\u00e7\u00e3o","potentialAction":[{"@type":"SearchAction","target":{"@type":"EntryPoint","urlTemplate":"https:\/\/100t.com.br\/?s={search_term_string}"},"query-input":"required name=search_term_string"}],"inLanguage":"es-ES"},{"@type":"WebPage","@id":"https:\/\/100t.com.br\/privacy\/#webpage","url":"https:\/\/100t.com.br\/privacy\/","name":"Pol\u00edtica de Privacidade - 100 Tecnologia - 100 Tech","isPartOf":{"@id":"https:\/\/100t.com.br\/#website"},"datePublished":"2023-03-31T16:22:41+00:00","dateModified":"2026-01-15T14:15:08+00:00","breadcrumb":{"@id":"https:\/\/100t.com.br\/privacy\/#breadcrumb"},"inLanguage":"es-ES","potentialAction":[{"@type":"ReadAction","target":["https:\/\/100t.com.br\/privacy\/"]}]},{"@type":"BreadcrumbList","@id":"https:\/\/100t.com.br\/privacy\/#breadcrumb","itemListElement":[{"@type":"ListItem","position":1,"name":"Home","item":"https:\/\/100t.com.br\/es\/"},{"@type":"ListItem","position":2,"name":"Pol\u00edtica de Privacidade &#8211; 100 Tecnologia"}]}]}},"_links":{"self":[{"href":"https:\/\/100t.com.br\/es\/wp-json\/wp\/v2\/pages\/4828"}],"collection":[{"href":"https:\/\/100t.com.br\/es\/wp-json\/wp\/v2\/pages"}],"about":[{"href":"https:\/\/100t.com.br\/es\/wp-json\/wp\/v2\/types\/page"}],"author":[{"embeddable":true,"href":"https:\/\/100t.com.br\/es\/wp-json\/wp\/v2\/users\/4"}],"replies":[{"embeddable":true,"href":"https:\/\/100t.com.br\/es\/wp-json\/wp\/v2\/comments?post=4828"}],"version-history":[{"count":0,"href":"https:\/\/100t.com.br\/es\/wp-json\/wp\/v2\/pages\/4828\/revisions"}],"wp:attachment":[{"href":"https:\/\/100t.com.br\/es\/wp-json\/wp\/v2\/media?parent=4828"}],"curies":[{"name":"wp","href":"https:\/\/api.w.org\/{rel}","templated":true}]}}