{"id":4836,"date":"2023-03-31T17:35:45","date_gmt":"2023-03-31T17:35:45","guid":{"rendered":"https:\/\/100t.com.br\/?page_id=4836"},"modified":"2025-07-25T19:36:23","modified_gmt":"2025-07-25T19:36:23","slug":"about","status":"publish","type":"page","link":"https:\/\/100t.com.br\/de\/about\/","title":{"rendered":"\u00dcber uns"},"content":{"rendered":"<!--advertisement--><div class=\"mx-5 sm:mx-0 sm:text-3xl text-2xl font-medium title-font mb-4 text-gray-900 text-left\">\n<h2 id=\"h-informacao-inteligente-para-quem-quer-estar-sempre-a-frente\">Smarte Informationen f\u00fcr alle, die immer einen Schritt voraus sein wollen<\/h2>\n<\/div><div class=\"mx-5 sm:mx-0 prose leading-relaxed text-lg mb-5 text-left wp-paragraph\">\n<p>Technologie ist \u00fcberall \u2013 in der App, die Ihren Alltag erleichtert, in der Sportart, die Sie betreiben, in der Reise, die Sie planen, oder sogar in der Stellenausschreibung, die Ihr Leben ver\u00e4ndern k\u00f6nnte. <strong>100 techn<\/strong> existiert, um Sie auf einfache, schnelle und n\u00fctzliche Weise mit all dem zu verbinden.<\/p>\n<\/div><!--advertisement--><div class=\"mx-5 sm:mx-0 sm:text-3xl text-2xl font-medium title-font mb-4 text-gray-900 text-left\">\n<h2>Wer wir sind?<\/h2>\n<\/div><div class=\"mx-5 sm:mx-0 prose leading-relaxed text-lg mb-5 text-left wp-paragraph\">\n<p>RubikTech ist ein Content- und Informationsunternehmen, das sich der Bereitstellung stets der besten Inhalte in einem klaren und aktuellen Format verschrieben hat.<\/p>\n<\/div><div class=\"mx-5 sm:mx-0 prose leading-relaxed text-lg mb-5 text-left wp-paragraph\">\n<p>Wir sprechen \u00fcber die neuesten Trends in der App-Welt, empfehlen die besten digitalen Tools f\u00fcr alle, die nach Freizeit, Arbeit oder Komfort suchen, und gehen auf die Trends ein, die Gegenwart und Zukunft pr\u00e4gen.<\/p>\n<\/div><!--advertisement--><div class=\"mx-5 sm:mx-0 sm:text-3xl text-2xl font-medium title-font mb-4 text-gray-900 text-left\">\n<h2>Was wir tun<\/h2>\n<\/div><div class=\"mx-5 sm:mx-0 prose text-left mb-5\">\n<ul><div class=\"mx-5 sm:mx-0 prose text-left mb-5\">\n<li><strong>Wir empfehlen n\u00fctzliche und aktuelle Apps<\/strong>: Produktivit\u00e4t, Gesundheit, Unterhaltung und mehr.<\/li>\n<\/div>\n\n<div class=\"mx-5 sm:mx-0 prose text-left mb-5\">\n<li><strong>Wir verbinden Sie mit den neuesten Trends aus Sport und Unterhaltung<\/strong>, mit Schwerpunkt auf digitalen Plattformen.<\/li>\n<\/div>\n\n<div class=\"mx-5 sm:mx-0 prose text-left mb-5\">\n<li><strong>Wir zeigen, wie Technologie T\u00fcren f\u00fcr diejenigen \u00f6ffnet, die arbeiten, reisen oder ein Unternehmen gr\u00fcnden m\u00f6chten.<\/strong><\/li>\n<\/div>\n\n<div class=\"mx-5 sm:mx-0 prose text-left mb-5\">\n<li><strong>Wir erkl\u00e4ren alles klar<\/strong>: direkte, zug\u00e4ngliche und zuverl\u00e4ssige Inhalte.<\/li>\n<\/div><\/ul>\n<\/div><div class=\"mx-5 sm:mx-0 prose leading-relaxed text-lg mb-5 text-left wp-paragraph\">\n<p>Wir m\u00f6chten Ihnen dabei helfen, bessere Entscheidungen zu treffen, Zeit zu sparen und das Beste aus allem herauszuholen, was die Technologie zu bieten hat.<\/p>\n<\/div><!--advertisement--><div class=\"mx-5 sm:mx-0 sm:text-3xl text-2xl font-medium title-font mb-4 text-gray-900 text-left\">\n<h3>Rechtliche Hinweise<\/h3>\n<\/div><div class=\"mx-5 sm:mx-0 prose leading-relaxed text-lg mb-5 text-left wp-paragraph\">\n<p>\u00d6 <strong>100 techn<\/strong> ist ein Portal f\u00fcr ausschlie\u00dflich Informationszwecke. Wir haben keine kommerziellen Verbindungen zu den in unseren Inhalten erw\u00e4hnten Produkten, Anwendungen oder Unternehmen. Alle Empfehlungen erfolgen unabh\u00e4ngig und mit dem Ziel, unseren Lesern zu helfen, fundiertere und informiertere Entscheidungen in der digitalen Welt zu treffen.<\/p>\n<\/div><!--advertisement--><div class=\"mx-5 sm:mx-0 sm:text-3xl text-2xl font-medium title-font mb-4 text-gray-900 text-left\">\n<h2>helfen Sie uns, uns zu verbessern<\/h2>\n<\/div><div class=\"mx-5 sm:mx-0 prose leading-relaxed text-lg mb-5 text-left wp-paragraph\">\n<p>Wir sch\u00e4tzen Ihre Ideen und Vorschl\u00e4ge, damit wir uns noch weiter verbessern k\u00f6nnen. Teilen Sie uns Ihre Meinung mit!<\/p>\n<\/div>","protected":false},"excerpt":{"rendered":"<p>Intelligente Informationen f\u00fcr alle, die immer einen Schritt voraus sein wollen. Technologie ist allgegenw\u00e4rtig \u2013 in der App, die Ihren Alltag erleichtert, in der Sportart, die Sie betreiben, in der Reise, die Sie planen, oder sogar in der Stellenausschreibung, die Ihr Leben ver\u00e4ndern k\u00f6nnte. 100 Tech verbindet Sie einfach und schnell mit all dem \u2026 <a class=\"more-link\" href=\"https:\/\/100t.com.br\/de\/about\/\">Weiterlesen <span class=\"screen-reader-text\">\u00dcber uns<\/span><\/a><\/p>","protected":false},"author":4,"featured_media":0,"parent":0,"menu_order":0,"comment_status":"closed","ping_status":"closed","template":"","meta":[],"yoast_head":"<!-- This site is optimized with the Yoast SEO Premium plugin v18.7 (Yoast SEO v19.1) - https:\/\/yoast.com\/wordpress\/plugins\/seo\/ -->\n<title>Sobre N\u00f3s - 100 Tech<\/title>\n<meta name=\"robots\" content=\"index, follow, max-snippet:-1, max-image-preview:large, max-video-preview:-1\" \/>\n<link rel=\"canonical\" href=\"https:\/\/100t.com.br\/de\/about\/\" \/>\n<meta property=\"og:locale\" content=\"de_DE\" \/>\n<meta property=\"og:type\" content=\"article\" \/>\n<meta property=\"og:title\" content=\"Sobre N\u00f3s\" \/>\n<meta property=\"og:description\" content=\"Informa\u00e7\u00e3o inteligente para quem quer estar sempre \u00e0 frente A tecnologia est\u00e1 em tudo \u2014 no app que facilita sua rotina, no esporte que voc\u00ea acompanha, na viagem que planeja ou at\u00e9 naquela vaga de emprego que pode mudar sua vida. O 100 Tech existe para conectar voc\u00ea a tudo isso de forma simples, r\u00e1pida&hellip; Continue reading Sobre N\u00f3s\" \/>\n<meta property=\"og:url\" content=\"https:\/\/100t.com.br\/de\/about\/\" \/>\n<meta property=\"og:site_name\" content=\"100 Tech\" \/>\n<meta property=\"article:modified_time\" content=\"2025-07-25T19:36:23+00:00\" \/>\n<meta name=\"twitter:card\" content=\"summary_large_image\" \/>\n<meta name=\"twitter:label1\" content=\"Est. reading time\" \/>\n\t<meta name=\"twitter:data1\" content=\"2 minutes\" \/>\n<script type=\"application\/ld+json\" class=\"yoast-schema-graph\">{\"@context\":\"https:\/\/schema.org\",\"@graph\":[{\"@type\":\"WebSite\",\"@id\":\"https:\/\/100t.com.br\/#website\",\"url\":\"https:\/\/100t.com.br\/\",\"name\":\"100 Tech\",\"description\":\"Tecnologia e Informa\u00e7\u00e3o\",\"potentialAction\":[{\"@type\":\"SearchAction\",\"target\":{\"@type\":\"EntryPoint\",\"urlTemplate\":\"https:\/\/100t.com.br\/?s={search_term_string}\"},\"query-input\":\"required name=search_term_string\"}],\"inLanguage\":\"de-DE\"},{\"@type\":\"WebPage\",\"@id\":\"https:\/\/100t.com.br\/about\/#webpage\",\"url\":\"https:\/\/100t.com.br\/about\/\",\"name\":\"Sobre N\u00f3s - 100 Tech\",\"isPartOf\":{\"@id\":\"https:\/\/100t.com.br\/#website\"},\"datePublished\":\"2023-03-31T17:35:45+00:00\",\"dateModified\":\"2025-07-25T19:36:23+00:00\",\"breadcrumb\":{\"@id\":\"https:\/\/100t.com.br\/about\/#breadcrumb\"},\"inLanguage\":\"de-DE\",\"potentialAction\":[{\"@type\":\"ReadAction\",\"target\":[\"https:\/\/100t.com.br\/about\/\"]}]},{\"@type\":\"BreadcrumbList\",\"@id\":\"https:\/\/100t.com.br\/about\/#breadcrumb\",\"itemListElement\":[{\"@type\":\"ListItem\",\"position\":1,\"name\":\"Home\",\"item\":\"https:\/\/100t.com.br\/de\/\"},{\"@type\":\"ListItem\",\"position\":2,\"name\":\"Sobre N\u00f3s\"}]}]}<\/script>\n<!-- \/ Yoast SEO Premium plugin. -->","yoast_head_json":{"title":"Sobre N\u00f3s - 100 Tech","robots":{"index":"index","follow":"follow","max-snippet":"max-snippet:-1","max-image-preview":"max-image-preview:large","max-video-preview":"max-video-preview:-1"},"canonical":"https:\/\/100t.com.br\/de\/about\/","og_locale":"de_DE","og_type":"article","og_title":"Sobre N\u00f3s","og_description":"Informa\u00e7\u00e3o inteligente para quem quer estar sempre \u00e0 frente A tecnologia est\u00e1 em tudo \u2014 no app que facilita sua rotina, no esporte que voc\u00ea acompanha, na viagem que planeja ou at\u00e9 naquela vaga de emprego que pode mudar sua vida. O 100 Tech existe para conectar voc\u00ea a tudo isso de forma simples, r\u00e1pida&hellip; Continue reading Sobre N\u00f3s","og_url":"https:\/\/100t.com.br\/de\/about\/","og_site_name":"100 Tech","article_modified_time":"2025-07-25T19:36:23+00:00","twitter_card":"summary_large_image","twitter_misc":{"Est. reading time":"2 minutes"},"schema":{"@context":"https:\/\/schema.org","@graph":[{"@type":"WebSite","@id":"https:\/\/100t.com.br\/#website","url":"https:\/\/100t.com.br\/","name":"100 Tech","description":"Tecnologia e Informa\u00e7\u00e3o","potentialAction":[{"@type":"SearchAction","target":{"@type":"EntryPoint","urlTemplate":"https:\/\/100t.com.br\/?s={search_term_string}"},"query-input":"required name=search_term_string"}],"inLanguage":"de-DE"},{"@type":"WebPage","@id":"https:\/\/100t.com.br\/about\/#webpage","url":"https:\/\/100t.com.br\/about\/","name":"Sobre N\u00f3s - 100 Tech","isPartOf":{"@id":"https:\/\/100t.com.br\/#website"},"datePublished":"2023-03-31T17:35:45+00:00","dateModified":"2025-07-25T19:36:23+00:00","breadcrumb":{"@id":"https:\/\/100t.com.br\/about\/#breadcrumb"},"inLanguage":"de-DE","potentialAction":[{"@type":"ReadAction","target":["https:\/\/100t.com.br\/about\/"]}]},{"@type":"BreadcrumbList","@id":"https:\/\/100t.com.br\/about\/#breadcrumb","itemListElement":[{"@type":"ListItem","position":1,"name":"Home","item":"https:\/\/100t.com.br\/de\/"},{"@type":"ListItem","position":2,"name":"Sobre N\u00f3s"}]}]}},"_links":{"self":[{"href":"https:\/\/100t.com.br\/de\/wp-json\/wp\/v2\/pages\/4836"}],"collection":[{"href":"https:\/\/100t.com.br\/de\/wp-json\/wp\/v2\/pages"}],"about":[{"href":"https:\/\/100t.com.br\/de\/wp-json\/wp\/v2\/types\/page"}],"author":[{"embeddable":true,"href":"https:\/\/100t.com.br\/de\/wp-json\/wp\/v2\/users\/4"}],"replies":[{"embeddable":true,"href":"https:\/\/100t.com.br\/de\/wp-json\/wp\/v2\/comments?post=4836"}],"version-history":[{"count":0,"href":"https:\/\/100t.com.br\/de\/wp-json\/wp\/v2\/pages\/4836\/revisions"}],"wp:attachment":[{"href":"https:\/\/100t.com.br\/de\/wp-json\/wp\/v2\/media?parent=4836"}],"curies":[{"name":"wp","href":"https:\/\/api.w.org\/{rel}","templated":true}]}}