{"id":4830,"date":"2023-03-31T16:29:55","date_gmt":"2023-03-31T16:29:55","guid":{"rendered":"https:\/\/100t.com.br\/?page_id=4830"},"modified":"2023-11-22T20:57:25","modified_gmt":"2023-11-22T20:57:25","slug":"terms","status":"publish","type":"page","link":"https:\/\/100t.com.br\/de\/terms\/","title":{"rendered":"Nutzungsbedingungen \u2013 100 Tech"},"content":{"rendered":"<div class=\"mx-5 sm:mx-0 prose leading-relaxed text-lg mb-5 text-left wp-paragraph\">\n<p>Aktualisiert am 22. November 2023.<\/p>\n<\/div><div class=\"mx-5 sm:mx-0 prose leading-relaxed text-lg mb-5 text-left wp-paragraph\">\n<p>A <strong>RubikTech O\u00dc<\/strong>, eine in Estland gegr\u00fcndete Gesellschaft mit beschr\u00e4nkter Haftung (LLC, auch bekannt als O\u00dc), registriert unter der Umsatzsteuernummer EE102662223 und mit Sitz in Tallinn, Keemia Street tn 4, 10616, Harju, Estland, ist das f\u00fcr die Gr\u00fcndung, den Besitz und die Verwaltung von verantwortliche Unternehmen die 100 Tech-Website, erreichbar \u00fcber die Adresse <a style=\" color:;\" href=\"https:\/\/100t.com.br\/de\/\">https:\/\/100t.com.br<\/a>.<\/p>\n<\/div><div class=\"mx-5 sm:mx-0 prose leading-relaxed text-lg mb-5 text-left wp-paragraph\">\n<p>Das oben genannte Portal wird von 100 Tech verwaltet. Verweise auf \u201ewir\u201c, \u201euns\u201c und \u201eunser\u201c in diesem Dokument beziehen sich ausschlie\u00dflich auf 100 Tech. Dieses Portal, einschlie\u00dflich aller verf\u00fcgbaren Informationen, Dienste und Inhalte, wird von 100 Tech bereitgestellt, vorbehaltlich der Zustimmung des Benutzers zu allen hierin festgelegten Bedingungen, Konditionen und Richtlinien. Die Nutzung unserer Dienste umfasst das Durchsuchen und Interagieren auf unserem Portal.<\/p>\n<\/div><div class=\"mx-5 sm:mx-0 prose leading-relaxed text-lg mb-5 text-left wp-paragraph\">\n<p>100 Tech zeichnet sich als Website aus, die auf die Erstellung informativer Inhalte und Analysen einer breiten Palette von Produkten und Dienstleistungen (einschlie\u00dflich Anwendungen, Technologie, Unterhaltung und anderen) spezialisiert ist, die von nationalen und internationalen Unternehmen angeboten werden.<\/p>\n<\/div><div class=\"mx-5 sm:mx-0 prose leading-relaxed text-lg mb-5 text-left wp-paragraph\">\n<p>Es ist wichtig zu beachten, dass die Nutzung dieser Website sowohl diesen Bedingungen als auch der Datenschutzrichtlinie von 100 Tech unterliegt, die unter https:\/\/100t.com.br\/privacy eingesehen werden kann, und dass dar\u00fcber hinaus die geltenden Gesetze eingehalten werden .<\/p>\n<\/div><div class=\"mx-5 sm:mx-0 prose leading-relaxed text-lg mb-5 text-left wp-paragraph\">\n<p>Daher sollen die Allgemeinen Nutzungsbedingungen die Verantwortlichkeiten, Pflichten und Pflichten aller Benutzer klarstellen, die auf die 100 Tech-Website zugreifen und\/oder diese nutzen, wie in den folgenden Punkten beschrieben.<\/p>\n<\/div><div class=\"mx-5 sm:mx-0 prose leading-relaxed text-lg mb-5 text-left wp-paragraph\">\n<p><strong>Es ist wichtig, dass Sie unsere Nutzungsbedingungen sorgf\u00e4ltig lesen. Wenn Sie mit den hier festgelegten Bedingungen nicht einverstanden sind, bitten wir Sie, die von 100 Tech bereitgestellten Dienste nicht zu nutzen.<\/strong><\/p>\n<\/div><!--advertisement--><div class=\"mx-5 sm:mx-0 sm:text-3xl text-2xl font-medium title-font mb-4 text-gray-900 text-left\">\n<h2 id=\"h-secao-i-admissao\">Abschnitt I \u2013 Zulassung<\/h2>\n<\/div><div class=\"mx-5 sm:mx-0 prose leading-relaxed text-lg mb-5 text-left wp-paragraph\">\n<p><strong>1.1 <\/strong>Bei der Nutzung von 100 Tech verpflichtet sich der Nutzer zur Einhaltung der Allgemeinen Nutzungsbedingungen sowie der <a style=\" color:;\" href=\"https:\/\/100t.com.br\/de\/privacy\/\">Datenschutz-Bestimmungen<\/a> ab 100 Tech.<\/p>\n<\/div><div class=\"mx-5 sm:mx-0 prose leading-relaxed text-lg mb-5 text-left wp-paragraph\">\n<p><strong>1.2 <\/strong>Der Nutzer erkl\u00e4rt beim Zugriff auf und\/oder der Nutzung von 100 Tech, dass er mindestens 18 (achtzehn) Jahre alt ist und \u00fcber die volle Rechtsf\u00e4higkeit verf\u00fcgt, diese Nutzungsbedingungen f\u00fcr alle rechtlichen Zwecke zu akzeptieren.<\/p>\n<\/div><div class=\"mx-5 sm:mx-0 prose leading-relaxed text-lg mb-5 text-left wp-paragraph\">\n<p><strong>1.3 <\/strong>Erf\u00fcllt der Nutzer die oben genannten Kriterien nicht und\/oder ist er mit den in diesen Nutzungsbedingungen enthaltenen Bedingungen ganz oder teilweise nicht einverstanden, muss er den Zugriff und\/oder die Nutzung der Dienste unterlassen von 100 Tech zur Verf\u00fcgung gestellten Inhalte sowie die von ihr verwalteten Websites und Dienste.<\/p>\n<\/div><!--advertisement--><div class=\"mx-5 sm:mx-0 sm:text-3xl text-2xl font-medium title-font mb-4 text-gray-900 text-left\">\n<h2>Abschnitt II \u2013 Kontakt<\/h2>\n<\/div><div class=\"mx-5 sm:mx-0 prose leading-relaxed text-lg mb-5 text-left wp-paragraph\">\n<p><strong>2.1 <\/strong>Der Benutzer kann diesen Service nutzen, um etwaige Zweifel zu kl\u00e4ren, etwaige Probleme zu l\u00f6sen und Beschwerden oder andere Informationen \u00fcber die auf 100 Tech verf\u00fcgbaren Produkte\/Dienstleistungen einzureichen.<\/p>\n<\/div><div class=\"mx-5 sm:mx-0 prose leading-relaxed text-lg mb-5 text-left wp-paragraph\">\n<p><strong>2.2<\/strong> Zur Kontaktaufnahme kann der Nutzer das unter verf\u00fcgbare Formular verwenden <a style=\" color:;\" href=\"https:\/\/100t.com.br\/de\/contact\/\">https:\/\/100t.com.br\/contact\/<\/a>.<\/p>\n<\/div><!--advertisement--><div class=\"mx-5 sm:mx-0 sm:text-3xl text-2xl font-medium title-font mb-4 text-gray-900 text-left\">\n<h2>Abschnitt III \u2013 Verantwortlichkeiten der Parteien<\/h2>\n<\/div><div class=\"mx-5 sm:mx-0 prose leading-relaxed text-lg mb-5 text-left wp-paragraph\">\n<p><strong>3.1 <\/strong>Durch den Zugriff auf und die Nutzung der Dienste und Produkte auf der 100 Tech-Website best\u00e4tigt der Benutzer, dass er alle in diesen Nutzungsbedingungen enthaltenen Bestimmungen sowie die Datenschutzrichtlinie gelesen, verstanden und akzeptiert hat.<\/p>\n<\/div><div class=\"mx-5 sm:mx-0 prose leading-relaxed text-lg mb-5 text-left wp-paragraph\">\n<p><strong>3.2 <\/strong>100 Tech stellt Links bereit und leitet den Benutzer zu Websites Dritter weiter, auf denen Dienstleistungen direkt bei den entsprechenden Unternehmen in Anspruch genommen und Produkte erworben werden k\u00f6nnen. 100 Tech greift in diesen Prozess nicht ein.<\/p>\n<\/div><div class=\"mx-5 sm:mx-0 prose leading-relaxed text-lg mb-5 text-left wp-paragraph\">\n<p><strong>3.3 <\/strong>Bei der Weiterleitung auf die Website eines Partnerunternehmens muss der Nutzer die Nutzungsbedingungen und Datenschutzrichtlinien des jeweiligen Unternehmens lesen und ihnen ausdr\u00fccklich zustimmen.<\/p>\n<\/div><div class=\"mx-5 sm:mx-0 prose leading-relaxed text-lg mb-5 text-left wp-paragraph\">\n<p><strong>3.4 <\/strong>100 Tech ist weder f\u00fcr die Richtlinien und Nutzungsbedingungen von Drittunternehmen, Serviceinformationen oder beworbenen Produkte noch f\u00fcr mit diesen Unternehmen geschlossene Angebote oder Vertr\u00e4ge verantwortlich.<\/p>\n<\/div><div class=\"mx-5 sm:mx-0 prose leading-relaxed text-lg mb-5 text-left wp-paragraph\">\n<p><strong>3.5 <\/strong>100 Tech ist nicht verantwortlich f\u00fcr Sch\u00e4den, die durch Viren oder Malware verursacht werden, die beim Surfen oder \u00dcbertragen von Daten im Internet erworben werden. Es wird empfohlen, dass der Benutzer \u00fcber aktuelle Sicherheitssysteme verf\u00fcgt.<\/p>\n<\/div><div class=\"mx-5 sm:mx-0 prose leading-relaxed text-lg mb-5 text-left wp-paragraph\">\n<p><strong>3.6 <\/strong>100 Tech \u00fcbernimmt keine Haftung f\u00fcr Verluste, die durch Missbrauch der Website oder Ereignisse h\u00f6herer Gewalt entstehen.<\/p>\n<\/div><div class=\"mx-5 sm:mx-0 prose leading-relaxed text-lg mb-5 text-left wp-paragraph\">\n<p><strong>3.7 <\/strong>100 Tech verlangt keine Anzahlungen oder Bank\u00fcberweisungen f\u00fcr die Genehmigung oder Gew\u00e4hrung von Finanzprodukten.<\/p>\n<\/div><div class=\"mx-5 sm:mx-0 prose leading-relaxed text-lg mb-5 text-left wp-paragraph\">\n<p><strong>3.8 <\/strong>100 Tech versendet keine E-Mails mit der Bitte um pers\u00f6nliche oder Registrierungsdaten, noch ausf\u00fchrbare Anh\u00e4nge oder Download-Links. Wenn Sie solche Mitteilungen erhalten, informieren Sie uns bitte \u00fcber unser Kontaktformular unter <a style=\" color:;\" href=\"https:\/\/100t.com.br\/de\/contact\/\">https:\/\/100t.com.br\/contact\/<\/a>.<\/p>\n<\/div><!--advertisement--><div class=\"mx-5 sm:mx-0 sm:text-3xl text-2xl font-medium title-font mb-4 text-gray-900 text-left\">\n<h2>Abschnitt IV \u2013 Nutzungsbedingungen und Einschr\u00e4nkungen<\/h2>\n<\/div><div class=\"mx-5 sm:mx-0 prose leading-relaxed text-lg mb-5 text-left wp-paragraph\">\n<p>Gem\u00e4\u00df den Nutzungsbedingungen haben wir strenge Beschr\u00e4nkungen f\u00fcr die Nutzung unserer Website und Inhalte festgelegt. Es ist ausdr\u00fccklich verboten:<\/p>\n<\/div><div class=\"mx-5 sm:mx-0 prose text-left mb-5\">\n<ol><div class=\"mx-5 sm:mx-0 prose text-left mb-5\">\n<li>Nutzen Sie die Website f\u00fcr illegale Zwecke oder zur F\u00f6rderung illegaler Aktivit\u00e4ten.<\/li>\n<\/div>\n\n<div class=\"mx-5 sm:mx-0 prose text-left mb-5\">\n<li>Missachten Sie alle lokalen, staatlichen, bundesstaatlichen, regionalen oder internationalen Gesetze oder Vorschriften.<\/li>\n<\/div>\n\n<div class=\"mx-5 sm:mx-0 prose text-left mb-5\">\n<li>Unsere geistigen Eigentumsrechte oder die Rechte Dritter verletzen oder verletzen.<\/li>\n<\/div>\n\n<div class=\"mx-5 sm:mx-0 prose text-left mb-5\">\n<li>Sich an Verhaltensweisen wie Bel\u00e4stigung, Missbrauch, Verleumdung, Einsch\u00fcchterung oder Diskriminierung aufgrund von Geschlecht, sexueller Orientierung, Religion, ethnischer Zugeh\u00f6rigkeit, Rasse, Alter, nationaler Herkunft oder Behinderung beteiligen.<\/li>\n<\/div>\n\n<div class=\"mx-5 sm:mx-0 prose text-left mb-5\">\n<li>Verbreiten Sie falsche oder irref\u00fchrende Informationen.<\/li>\n<\/div>\n\n<div class=\"mx-5 sm:mx-0 prose text-left mb-5\">\n<li>Verbreitung von Viren oder anderen Codes, die den Betrieb des Dienstes, verwandter Websites, anderer Websites oder des Internets beeintr\u00e4chtigen k\u00f6nnten.<\/li>\n<\/div>\n\n<div class=\"mx-5 sm:mx-0 prose text-left mb-5\">\n<li>Sammeln oder verfolgen Sie personenbezogene Daten Dritter ohne Zustimmung.<\/li>\n<\/div>\n\n<div class=\"mx-5 sm:mx-0 prose text-left mb-5\">\n<li>\u00dcben Sie Spam, Phishing, Pharm, Vorwand, Spider, Crawl oder Scrape.<\/li>\n<\/div>\n\n<div class=\"mx-5 sm:mx-0 prose text-left mb-5\">\n<li>Nutzung der Website f\u00fcr obsz\u00f6ne oder unmoralische Zwecke.<\/li>\n<\/div>\n\n<div class=\"mx-5 sm:mx-0 prose text-left mb-5\">\n<li>Die Sicherheitsma\u00dfnahmen des Dienstes, verwandter Websites, anderer Websites oder des Internets st\u00f6ren oder umgehen.<\/li>\n<\/div><\/ol>\n<\/div><div class=\"mx-5 sm:mx-0 prose leading-relaxed text-lg mb-5 text-left wp-paragraph\">\n<p><strong>Wir behalten uns das Recht vor, Ihre Nutzung unserer Dienste und aller zugeh\u00f6rigen Websites zu beenden oder auszusetzen, wenn Sie gegen eine dieser Einschr\u00e4nkungen versto\u00dfen.<\/strong><\/p>\n<\/div><!--advertisement--><div class=\"mx-5 sm:mx-0 sm:text-3xl text-2xl font-medium title-font mb-4 text-gray-900 text-left\">\n<h2>Abschnitt V \u2013 Haftungsbeschr\u00e4nkungen und Gew\u00e4hrleistungen<\/h2>\n<\/div><div class=\"mx-5 sm:mx-0 prose leading-relaxed text-lg mb-5 text-left wp-paragraph\">\n<p>Wir sind uns bewusst, dass die Nutzung unseres Dienstes m\u00f6glicherweise nicht kontinuierlich, v\u00f6llig sicher oder fehlerfrei ist. Wir garantieren nicht, dass die durch den Dienst erzielten Ergebnisse immer korrekt oder zuverl\u00e4ssig sind.<\/p>\n<\/div><div class=\"mx-5 sm:mx-0 prose leading-relaxed text-lg mb-5 text-left wp-paragraph\">\n<p>Der Zugriff auf den Dienst kann gelegentlich und ohne vorherige Ank\u00fcndigung ausgesetzt oder sogar gek\u00fcndigt werden.<\/p>\n<\/div><div class=\"mx-5 sm:mx-0 prose leading-relaxed text-lg mb-5 text-left wp-paragraph\">\n<p>Sie erkl\u00e4ren sich damit einverstanden, dass die Nutzung oder Unm\u00f6glichkeit der Nutzung des Dienstes auf Ihr alleiniges Risiko erfolgt. Der Dienst wird \u201ewie besehen\u201c und \u201ewie verf\u00fcgbar\u201c ohne ausdr\u00fcckliche oder stillschweigende Garantien bereitgestellt, einschlie\u00dflich, aber nicht beschr\u00e4nkt auf Garantien der Marktg\u00e4ngigkeit, der Eignung f\u00fcr einen bestimmten Zweck oder der Nichtverletzung von Rechten Dritter.<\/p>\n<\/div><div class=\"mx-5 sm:mx-0 prose leading-relaxed text-lg mb-5 text-left wp-paragraph\">\n<p>In keinem Fall haften 100 Tech, seine Direktoren, Mitarbeiter oder Partner f\u00fcr Sch\u00e4den, Verluste oder Anspr\u00fcche, die sich aus der Nutzung des Dienstes ergeben. Dazu geh\u00f6ren unter anderem entgangene Gewinne, Daten oder andere immaterielle Verluste, die sich aus der Nutzung eines \u00fcber den Dienst erhaltenen Dienstes oder Produkts ergeben, oder f\u00fcr alle anderen Anspr\u00fcche im Zusammenhang mit der Nutzung des Dienstes.<\/p>\n<\/div><div class=\"mx-5 sm:mx-0 prose leading-relaxed text-lg mb-5 text-left wp-paragraph\">\n<p>In Gerichtsbarkeiten, in denen der Ausschluss oder die Beschr\u00e4nkung der Haftung f\u00fcr Folge- oder Nebensch\u00e4den nicht zul\u00e4ssig ist, ist unsere Haftung auf den gesetzlich zul\u00e4ssigen H\u00f6chstumfang beschr\u00e4nkt.<\/p>\n<\/div><!--advertisement--><div class=\"mx-5 sm:mx-0 sm:text-3xl text-2xl font-medium title-font mb-4 text-gray-900 text-left\">\n<h2>Abschnitt VI \u2013 G\u00fcltigkeit und Frist<\/h2>\n<\/div><div class=\"mx-5 sm:mx-0 prose leading-relaxed text-lg mb-5 text-left wp-paragraph\">\n<p>Diese Allgemeinen Nutzungsbedingungen gelten auf unbestimmte Zeit. Alle rechtlichen oder administrativen Schritte im Zusammenhang mit der Nutzung von 100 Tech, wie in diesen Allgemeinen Nutzungsbedingungen oder der Datenschutzrichtlinie beschrieben, m\u00fcssen innerhalb von 90 Tagen nach dem Ereignis, das den Anspruch begr\u00fcndet, eingeleitet werden.<\/p>\n<\/div><!--advertisement--><div class=\"mx-5 sm:mx-0 sm:text-3xl text-2xl font-medium title-font mb-4 text-gray-900 text-left\">\n<h2>Abschnitt VII \u2013 Gesetzgebungs- und Wahlforum<\/h2>\n<\/div><div class=\"mx-5 sm:mx-0 prose leading-relaxed text-lg mb-5 text-left wp-paragraph\">\n<p><strong>7.1<\/strong> Diese Bedingungen und die Allgemeinen Nutzungsbedingungen m\u00fcssen zusammen mit der Datenschutzerkl\u00e4rung verstanden werden. F\u00fcr beide gelten die Gesetze der F\u00f6derativen Republik Brasilien, darunter die Bundesverfassung, das B\u00fcrgerliche Gesetzbuch, das Verbraucherschutzgesetz, das Allgemeine Internet-Zivilrecht und das Allgemeine Datenschutzgesetz.<\/p>\n<\/div><div class=\"mx-5 sm:mx-0 prose leading-relaxed text-lg mb-5 text-left wp-paragraph\">\n<p><strong>7.2.<\/strong> Bei Fragen im Zusammenhang mit der Auslegung oder Durchsetzung dieser Bedingungen und der Datenschutzrichtlinie vereinbaren die Parteien, sich ausschlie\u00dflich der Gerichtsbarkeit der Handelskammer von Tallinn, Estland (dem Schiedsgericht der estnischen Industrie- und Handelskammer) zu unterwerfen. Dies gilt auch f\u00fcr alle Streitigkeiten oder Fragen, die sich aus diesen Nutzungsbedingungen ergeben.<\/p>\n<\/div><!--advertisement--><div class=\"mx-5 sm:mx-0 sm:text-3xl text-2xl font-medium title-font mb-4 text-gray-900 text-left\">\n<h2>Abschnitt VIII \u2013 Inhalt und geistiges Eigentum<\/h2>\n<\/div><div class=\"mx-5 sm:mx-0 prose leading-relaxed text-lg mb-5 text-left wp-paragraph\">\n<p><strong>8.1. Inhalt und geistiges Eigentum<\/strong><\/p>\n<\/div><div class=\"mx-5 sm:mx-0 prose leading-relaxed text-lg mb-5 text-left wp-paragraph\">\n<p>Der Inhalt der 100 Tech-Website, Eigentum von RubikTech O\u00dc und seinen Partnern, ist durch Urheberrechte und Gesetze zum Schutz des geistigen Eigentums gesch\u00fctzt. Die Vervielf\u00e4ltigung, \u00c4nderung, Verbreitung, Anzeige oder Erstellung abgeleiteter Werke aus diesem Inhalt ist ohne ausdr\u00fcckliche schriftliche Genehmigung von RubikTech O\u00dc untersagt.<\/p>\n<\/div><div class=\"mx-5 sm:mx-0 prose leading-relaxed text-lg mb-5 text-left wp-paragraph\">\n<p><strong>8.2 Verantwortung<\/strong><\/p>\n<\/div><div class=\"mx-5 sm:mx-0 prose leading-relaxed text-lg mb-5 text-left wp-paragraph\">\n<p>100 Tech \u00fcbernimmt keine Verantwortung f\u00fcr von Dritten erstellte Inhalte wie Kommentare und Beitr\u00e4ge in Foren oder sozialen Netzwerken. Ebenso ist sie nicht verantwortlich f\u00fcr Sch\u00e4den, die durch die Nutzung der Website entstehen, seien es direkte, indirekte, zuf\u00e4llige oder Folgesch\u00e4den.<\/p>\n<\/div><div class=\"mx-5 sm:mx-0 prose leading-relaxed text-lg mb-5 text-left wp-paragraph\">\n<p><strong>8.3 Verst\u00f6\u00dfe<\/strong><\/p>\n<\/div><div class=\"mx-5 sm:mx-0 prose leading-relaxed text-lg mb-5 text-left wp-paragraph\">\n<p>100 Tech hat das Recht, Inhalte zu entfernen, die gegen diese Bedingungen versto\u00dfen, insbesondere solche, die rechtswidrig, beleidigend oder verleumderisch sind oder die Rechte Dritter verletzen. RubikTech O\u00dc kann auch Konten von Benutzern k\u00fcndigen, die diese Bedingungen nicht einhalten.<\/p>\n<\/div><!--advertisement--><div class=\"mx-5 sm:mx-0 sm:text-3xl text-2xl font-medium title-font mb-4 text-gray-900 text-left\">\n<h2>Abschnitt IX \u2013 \u00c4nderung der Allgemeinen Gesch\u00e4ftsbedingungen<\/h2>\n<\/div><div class=\"mx-5 sm:mx-0 prose leading-relaxed text-lg mb-5 text-left wp-paragraph\">\n<p>100 Tech beh\u00e4lt sich das Recht vor, Teile seiner Dienste jederzeit und ohne vorherige Ank\u00fcndigung zu \u00e4ndern, auszusetzen oder zu beenden. Bei der Durchf\u00fchrung solcher \u00c4nderungen \u00fcbernimmt 100 Tech weder Ihnen noch Dritten gegen\u00fcber eine Haftung.<\/p>\n<\/div><div class=\"mx-5 sm:mx-0 prose leading-relaxed text-lg mb-5 text-left wp-paragraph\">\n<p><strong>Die Nutzung der 100 Tech-Website setzt die obligatorische und verbindliche Annahme dieser Allgemeinen Gesch\u00e4ftsbedingungen voraus. Wer mit diesen Bedingungen nicht einverstanden ist, muss die Nutzung der Website unterlassen.<\/strong><\/p>\n<\/div><!--advertisement--><div class=\"mx-5 sm:mx-0 sm:text-3xl text-2xl font-medium title-font mb-4 text-gray-900 text-left\">\n<h2>Abschnitt X \u2013 Kontaktinformationen<\/h2>\n<\/div><div class=\"mx-5 sm:mx-0 prose leading-relaxed text-lg mb-5 text-left wp-paragraph\">\n<p>Bei Fragen oder Anregungen zu unseren Dienstleistungen empfehlen wir Ihnen, sich an unser Kundendienstteam zu wenden. Bitte senden Sie Ihre Nachricht an die E-Mail-Adresse: <a style=\" color:;\" href=\"mailto:contato@100t.com.br\">contato@100t.com.br<\/a>.<\/p>\n<\/div>","protected":false},"excerpt":{"rendered":"<p>Aktualisiert am 22. November 2023. RubikTech O\u00dc, eine in Estland gegr\u00fcndete Gesellschaft mit beschr\u00e4nkter Haftung (LLC, auch bekannt als O\u00dc), registriert mit der Umsatzsteuernummer EE102662223 und Sitz in Tallinn, 10616 Keemia Street tn 4, Harju, Estland, ist die verantwortliche Stelle f\u00fcr die Erstellung, den Besitz und die Verwaltung der 100 Tech-Website, zug\u00e4nglich \u00fcber\u2026 <a class=\"more-link\" href=\"https:\/\/100t.com.br\/de\/terms\/\">Weiterlesen <span class=\"screen-reader-text\">Nutzungsbedingungen \u2013 100 Tech<\/span><\/a><\/p>","protected":false},"author":4,"featured_media":0,"parent":0,"menu_order":0,"comment_status":"closed","ping_status":"closed","template":"","meta":[],"yoast_head":"<!-- This site is optimized with the Yoast SEO Premium plugin v18.7 (Yoast SEO v19.1) - https:\/\/yoast.com\/wordpress\/plugins\/seo\/ -->\n<title>Termos de Uso - 100 Tech - 100 Tech<\/title>\n<meta name=\"robots\" content=\"index, follow, max-snippet:-1, max-image-preview:large, max-video-preview:-1\" \/>\n<link rel=\"canonical\" href=\"https:\/\/100t.com.br\/de\/terms\/\" \/>\n<meta property=\"og:locale\" content=\"de_DE\" \/>\n<meta property=\"og:type\" content=\"article\" \/>\n<meta property=\"og:title\" content=\"Termos de Uso - 100 Tech\" \/>\n<meta property=\"og:description\" content=\"Atualizado em 22 de Novembro de 2023. A RubikTech O\u00dc, uma companhia de responsabilidade limitada estabelecida na Estonia (LLC, tamb\u00e9m conhecida por O\u00dc), registada com o VAT EE102662223 e localizada em Tallinn, na Rua Keemia tn 4, 10616, Harju, Est\u00f3nia, \u00e9 a entidade respons\u00e1vel pela cria\u00e7\u00e3o, titularidade e gest\u00e3o do website 100 Tech, acess\u00edvel atrav\u00e9s&hellip; Continue reading Termos de Uso &#8211; 100 Tech\" \/>\n<meta property=\"og:url\" content=\"https:\/\/100t.com.br\/de\/terms\/\" \/>\n<meta property=\"og:site_name\" content=\"100 Tech\" \/>\n<meta property=\"article:modified_time\" content=\"2023-11-22T20:57:25+00:00\" \/>\n<meta name=\"twitter:card\" content=\"summary_large_image\" \/>\n<meta name=\"twitter:label1\" content=\"Est. reading time\" \/>\n\t<meta name=\"twitter:data1\" content=\"9 minutes\" \/>\n<script type=\"application\/ld+json\" class=\"yoast-schema-graph\">{\"@context\":\"https:\/\/schema.org\",\"@graph\":[{\"@type\":\"WebSite\",\"@id\":\"https:\/\/100t.com.br\/#website\",\"url\":\"https:\/\/100t.com.br\/\",\"name\":\"100 Tech\",\"description\":\"Tecnologia e Informa\u00e7\u00e3o\",\"potentialAction\":[{\"@type\":\"SearchAction\",\"target\":{\"@type\":\"EntryPoint\",\"urlTemplate\":\"https:\/\/100t.com.br\/?s={search_term_string}\"},\"query-input\":\"required name=search_term_string\"}],\"inLanguage\":\"de-DE\"},{\"@type\":\"WebPage\",\"@id\":\"https:\/\/100t.com.br\/terms\/#webpage\",\"url\":\"https:\/\/100t.com.br\/terms\/\",\"name\":\"Termos de Uso - 100 Tech - 100 Tech\",\"isPartOf\":{\"@id\":\"https:\/\/100t.com.br\/#website\"},\"datePublished\":\"2023-03-31T16:29:55+00:00\",\"dateModified\":\"2023-11-22T20:57:25+00:00\",\"breadcrumb\":{\"@id\":\"https:\/\/100t.com.br\/terms\/#breadcrumb\"},\"inLanguage\":\"de-DE\",\"potentialAction\":[{\"@type\":\"ReadAction\",\"target\":[\"https:\/\/100t.com.br\/terms\/\"]}]},{\"@type\":\"BreadcrumbList\",\"@id\":\"https:\/\/100t.com.br\/terms\/#breadcrumb\",\"itemListElement\":[{\"@type\":\"ListItem\",\"position\":1,\"name\":\"Home\",\"item\":\"https:\/\/100t.com.br\/de\/\"},{\"@type\":\"ListItem\",\"position\":2,\"name\":\"Termos de Uso &#8211; 100 Tech\"}]}]}<\/script>\n<!-- \/ Yoast SEO Premium plugin. -->","yoast_head_json":{"title":"Termos de Uso - 100 Tech - 100 Tech","robots":{"index":"index","follow":"follow","max-snippet":"max-snippet:-1","max-image-preview":"max-image-preview:large","max-video-preview":"max-video-preview:-1"},"canonical":"https:\/\/100t.com.br\/de\/terms\/","og_locale":"de_DE","og_type":"article","og_title":"Termos de Uso - 100 Tech","og_description":"Atualizado em 22 de Novembro de 2023. A RubikTech O\u00dc, uma companhia de responsabilidade limitada estabelecida na Estonia (LLC, tamb\u00e9m conhecida por O\u00dc), registada com o VAT EE102662223 e localizada em Tallinn, na Rua Keemia tn 4, 10616, Harju, Est\u00f3nia, \u00e9 a entidade respons\u00e1vel pela cria\u00e7\u00e3o, titularidade e gest\u00e3o do website 100 Tech, acess\u00edvel atrav\u00e9s&hellip; Continue reading Termos de Uso &#8211; 100 Tech","og_url":"https:\/\/100t.com.br\/de\/terms\/","og_site_name":"100 Tech","article_modified_time":"2023-11-22T20:57:25+00:00","twitter_card":"summary_large_image","twitter_misc":{"Est. reading time":"9 minutes"},"schema":{"@context":"https:\/\/schema.org","@graph":[{"@type":"WebSite","@id":"https:\/\/100t.com.br\/#website","url":"https:\/\/100t.com.br\/","name":"100 Tech","description":"Tecnologia e Informa\u00e7\u00e3o","potentialAction":[{"@type":"SearchAction","target":{"@type":"EntryPoint","urlTemplate":"https:\/\/100t.com.br\/?s={search_term_string}"},"query-input":"required name=search_term_string"}],"inLanguage":"de-DE"},{"@type":"WebPage","@id":"https:\/\/100t.com.br\/terms\/#webpage","url":"https:\/\/100t.com.br\/terms\/","name":"Termos de Uso - 100 Tech - 100 Tech","isPartOf":{"@id":"https:\/\/100t.com.br\/#website"},"datePublished":"2023-03-31T16:29:55+00:00","dateModified":"2023-11-22T20:57:25+00:00","breadcrumb":{"@id":"https:\/\/100t.com.br\/terms\/#breadcrumb"},"inLanguage":"de-DE","potentialAction":[{"@type":"ReadAction","target":["https:\/\/100t.com.br\/terms\/"]}]},{"@type":"BreadcrumbList","@id":"https:\/\/100t.com.br\/terms\/#breadcrumb","itemListElement":[{"@type":"ListItem","position":1,"name":"Home","item":"https:\/\/100t.com.br\/de\/"},{"@type":"ListItem","position":2,"name":"Termos de Uso &#8211; 100 Tech"}]}]}},"_links":{"self":[{"href":"https:\/\/100t.com.br\/de\/wp-json\/wp\/v2\/pages\/4830"}],"collection":[{"href":"https:\/\/100t.com.br\/de\/wp-json\/wp\/v2\/pages"}],"about":[{"href":"https:\/\/100t.com.br\/de\/wp-json\/wp\/v2\/types\/page"}],"author":[{"embeddable":true,"href":"https:\/\/100t.com.br\/de\/wp-json\/wp\/v2\/users\/4"}],"replies":[{"embeddable":true,"href":"https:\/\/100t.com.br\/de\/wp-json\/wp\/v2\/comments?post=4830"}],"version-history":[{"count":0,"href":"https:\/\/100t.com.br\/de\/wp-json\/wp\/v2\/pages\/4830\/revisions"}],"wp:attachment":[{"href":"https:\/\/100t.com.br\/de\/wp-json\/wp\/v2\/media?parent=4830"}],"curies":[{"name":"wp","href":"https:\/\/api.w.org\/{rel}","templated":true}]}}