{"id":4828,"date":"2023-03-31T16:22:41","date_gmt":"2023-03-31T16:22:41","guid":{"rendered":"https:\/\/100t.com.br\/?page_id=4828"},"modified":"2026-01-15T14:15:08","modified_gmt":"2026-01-15T14:15:08","slug":"privacy","status":"publish","type":"page","link":"https:\/\/100t.com.br\/de\/privacy\/","title":{"rendered":"Datenschutzrichtlinie \u2013 100 Tecnologia"},"content":{"rendered":"<div class=\"mx-5 sm:mx-0 prose leading-relaxed text-lg mb-5 text-left wp-paragraph\">\n<p>Aktualisiert am 17. November 2023.<\/p>\n<\/div><!--advertisement--><div class=\"mx-5 sm:mx-0 sm:text-3xl text-2xl font-medium title-font mb-4 text-gray-900 text-left\">\n<h2 id=\"h-introducao-e-sumario\">Einleitung und Zusammenfassung<\/h2>\n<\/div><div class=\"mx-5 sm:mx-0 prose leading-relaxed text-lg mb-5 text-left wp-paragraph\">\n<p>Die Website ist Eigentum der Rubiktech O\u00dc und wird von ihr betrieben. Die Rubiktech O\u00dc ist ein in Estland unter der Registrierungsnummer 16826788 eingetragenes Unternehmen.<\/p>\n<\/div><div class=\"mx-5 sm:mx-0 prose leading-relaxed text-lg mb-5 text-left wp-paragraph\">\n<p>Die 100 Tecnologia-Website, zug\u00e4nglich unter <a style=\" color:;\" href=\"https:\/\/100t.com.br\/de\/\">https:\/\/100t.com.br<\/a>bietet eine breite Palette an Inhalten, darunter aktuelle Nachrichten und Werbeaktionen f\u00fcr verschiedene Produkte und Dienstleistungen. Dar\u00fcber hinaus pr\u00e4sentiert es Angebote von Partnern und leitet Benutzer zu Websites weiter, die f\u00fcr ihre Interessen relevant sind.<\/p>\n<\/div><div class=\"mx-5 sm:mx-0 prose leading-relaxed text-lg mb-5 text-left wp-paragraph\">\n<p>Unser Hauptaugenmerk liegt darauf, Benutzer mit den am besten geeigneten Diensten zu verbinden und dabei Bereiche wie Anwendungen, Unterhaltung, Tipps und technologische Fortschritte abzudecken.<\/p>\n<\/div><div class=\"mx-5 sm:mx-0 prose leading-relaxed text-lg mb-5 text-left wp-paragraph\">\n<p>Wir legen gro\u00dfen Wert auf die Sicherheit Ihrer pers\u00f6nlichen Daten. Unsere Datenschutzrichtlinie spiegelt unser Engagement f\u00fcr den Schutz Ihrer Privatsph\u00e4re und die Sicherheit Ihrer Daten wider.<\/p>\n<\/div><div class=\"mx-5 sm:mx-0 prose leading-relaxed text-lg mb-5 text-left wp-paragraph\">\n<p>Zur Klarstellung oder f\u00fcr zus\u00e4tzliche Informationen zu Ihren Rechten und Optionen k\u00f6nnen Benutzer auf unsere Datenschutzrichtlinie zugreifen oder uns per E-Mail unter contato@100t.com.br kontaktieren.<\/p>\n<\/div><!--advertisement--><div class=\"mx-5 sm:mx-0 sm:text-3xl text-2xl font-medium title-font mb-4 text-gray-900 text-left\">\n<h2 id=\"h-escopo-da-politica-de-privacidade\">Geltungsbereich der Datenschutzerkl\u00e4rung<\/h2>\n<\/div><div class=\"mx-5 sm:mx-0 prose leading-relaxed text-lg mb-5 text-left wp-paragraph\">\n<p>100 Tecnologia fungiert als Plattform f\u00fcr Inhalte und Werbung f\u00fcr Produkte und Dienstleistungen, insbesondere in Bereichen wie Anwendungen und technologische Innovationen. Seine Funktion ist rein werblich, ohne dass direkte Vertr\u00e4ge mit den Nutzern geschlossen werden.<\/p>\n<\/div><div class=\"mx-5 sm:mx-0 prose leading-relaxed text-lg mb-5 text-left wp-paragraph\">\n<p>Jegliche kommerzielle Interaktion zwischen Nutzern und Partner-Werbetreibenden findet in Umgebungen au\u00dferhalb von 100 Tecnologia statt, wo keine Bank- oder Finanzdaten der Nutzer abgefragt oder gespeichert werden. Die Beziehung der Website zu den Benutzern basiert ausschlie\u00dflich auf Informationen.<\/p>\n<\/div><div class=\"mx-5 sm:mx-0 prose leading-relaxed text-lg mb-5 text-left wp-paragraph\">\n<p>Es ist wichtig, dass Benutzer 100 Tecnologia per E-Mail an contato@100t.com.br benachrichtigen, wenn sie Anfragen nach personenbezogenen Daten erhalten. Die Plattform \u00fcbernimmt keine Verantwortung f\u00fcr Betrugsversuche externer Stellen.<\/p>\n<\/div><!--advertisement--><div class=\"mx-5 sm:mx-0 sm:text-3xl text-2xl font-medium title-font mb-4 text-gray-900 text-left\">\n<h2 id=\"h-sobre-consentimento\">\u00dcber die Einwilligung<\/h2>\n<\/div><div class=\"mx-5 sm:mx-0 prose leading-relaxed text-lg mb-5 text-left wp-paragraph\">\n<p>Bei der Nutzung von 100 Tecnologia stimmen Benutzer stillschweigend unserer Datenschutzrichtlinie zu, die f\u00fcr den Schutz aller Beteiligten unerl\u00e4sslich ist. <strong>Wenn Sie mit diesen Richtlinien nicht einverstanden sind, empfehlen wir Ihnen, unsere Dienste nicht zu nutzen<\/strong>.<\/p>\n<\/div><div class=\"mx-5 sm:mx-0 prose leading-relaxed text-lg mb-5 text-left wp-paragraph\">\n<p>Es ist wichtig, dass diese Richtlinie zusammen mit der betrachtet wird <a style=\" color:;\" href=\"https:\/\/100t.com.br\/de\/terms\/\">Nutzungsbedingungen<\/a>, aus rechtlichen Gr\u00fcnden. Diese Dokumente legen zusammen die Praktiken von 100 Tecnologia in Bezug auf die Datenerfassung und die entsprechenden Verpflichtungen fest, die sowohl die Verwaltung der Website als auch ihre Nutzung durch Benutzer umfassen.<\/p>\n<\/div><!--advertisement--><div class=\"mx-5 sm:mx-0 sm:text-3xl text-2xl font-medium title-font mb-4 text-gray-900 text-left\">\n<h2 id=\"h-i-informacoes-que-coletamos\">I. Informationen, die wir sammeln<\/h2>\n<\/div><div class=\"mx-5 sm:mx-0 prose leading-relaxed text-lg mb-5 text-left wp-paragraph\">\n<p><strong>A. DIREKT ERHOBENE INFORMATIONEN<\/strong><\/p>\n<\/div><div class=\"mx-5 sm:mx-0 prose leading-relaxed text-lg mb-5 text-left wp-paragraph\">\n<p>Das Durchsuchen von 100 Tecnologia bedeutet nicht, dass personenbezogene Daten automatisch erfasst werden. Um jedoch auf exklusive Inhalte zuzugreifen, k\u00f6nnen sich Benutzer registrieren und dabei Informationen wie Name, E-Mail, Telefonnummer und Adresse angeben.<\/p>\n<\/div><div class=\"mx-5 sm:mx-0 prose leading-relaxed text-lg mb-5 text-left wp-paragraph\">\n<p>Diese Datenerfassung in eingeschr\u00e4nkten Bereichen erm\u00f6glicht es 100 Tecnologia, personalisierte Inhalte anzubieten und die Identit\u00e4t der Benutzer zu \u00fcberpr\u00fcfen, unabh\u00e4ngig davon, ob es sich um Einzelpersonen oder Unternehmen handelt. Dies hilft Ihnen auch dabei, personalisierte Strategien f\u00fcr jeden Benutzer zu erstellen.<\/p>\n<\/div><div class=\"mx-5 sm:mx-0 prose leading-relaxed text-lg mb-5 text-left wp-paragraph\">\n<p>Dar\u00fcber hinaus erfassen wir personenbezogene Daten, wenn Benutzer 100 Tecnologia kontaktieren, um Informationen anzufordern oder Probleme zu melden. Die Speicherung dieser Daten erfolgt zur Website-Administration und -Steuerung.<\/p>\n<\/div><div class=\"mx-5 sm:mx-0 prose leading-relaxed text-lg mb-5 text-left wp-paragraph\">\n<p><strong>B. AUTOMATISCH ERFASSTE INFORMATIONEN<\/strong><\/p>\n<\/div><div class=\"mx-5 sm:mx-0 prose leading-relaxed text-lg mb-5 text-left wp-paragraph\">\n<p>100 Tecnologia erhebt nicht nur personenbezogene Daten, die bei der Registrierung oder dem direkten Kontakt freiwillig angegeben werden, sondern auch nicht personenbezogene Daten beim Surfen auf der Website. Diese Sammlung verbessert das Benutzererlebnis und leitet die Kampagnen unserer Partnerseiten.<\/p>\n<\/div><div class=\"mx-5 sm:mx-0 prose leading-relaxed text-lg mb-5 text-left wp-paragraph\">\n<p>Zugriffsaufzeichnungen (Protokolldateien) erfassen Informationen wie IP-Adressen, Browsertypen, Internetdienstanbieter, Zugriffsdaten und -zeiten, Ein- und Ausstiegsseiten sowie get\u00e4tigte Klicks.<\/p>\n<\/div><div class=\"mx-5 sm:mx-0 prose leading-relaxed text-lg mb-5 text-left wp-paragraph\">\n<p>Wir verwenden Cookies, um Benutzerpr\u00e4ferenzen zu verstehen. Cookies verfolgen Aktivit\u00e4ten wie Klicks, um Verbraucherprofile zu erstellen. Dies hilft uns, Angebote und Erlebnisse zu personalisieren und so die Relevanz und Akzeptanz bei den Nutzern zu erh\u00f6hen. Cookies k\u00f6nnen in den Betriebssystemeinstellungen der Benutzer deaktiviert werden; <strong>Die Nichtdeaktivierung impliziert die Zustimmung zu seiner Verwendung<\/strong>.<\/p>\n<\/div><div class=\"mx-5 sm:mx-0 prose leading-relaxed text-lg mb-5 text-left wp-paragraph\">\n<p><strong>C. INFORMATIONEN AUS EXTERNEN QUELLEN<\/strong><\/p>\n<\/div><div class=\"mx-5 sm:mx-0 prose leading-relaxed text-lg mb-5 text-left wp-paragraph\">\n<p>100 Tecnologia verwendet Google Analytics, um die Website-Nutzung zu analysieren und das Benutzererlebnis zu verbessern. Cookies \u00fcberwachen Informationen wie die Dauer des Besuchs und die aufgerufenen Seiten. Weitere Einzelheiten finden Sie auf der offiziellen Website von <a style=\" color:;\" href=\"https:\/\/developers.google.com\/analytics\/devguides\/collection\/gajs\/cookie-usage?hl=pt-br\">Google Analytics<\/a>.<\/p>\n<\/div><div class=\"mx-5 sm:mx-0 prose leading-relaxed text-lg mb-5 text-left wp-paragraph\">\n<p>Wir verwenden auch Analysen und Cookies von Drittanbietern, um ansprechende Inhalte zu generieren, indem wir die Zeit auf der Website und die besuchten Seiten erfassen. In Testphasen neuer Funktionen helfen Cookies dabei, ein konsistentes Erlebnis aufrechtzuerhalten und notwendige Optimierungen zu bewerten.<\/p>\n<\/div><div class=\"mx-5 sm:mx-0 prose leading-relaxed text-lg mb-5 text-left wp-paragraph\">\n<p>F\u00fcr Werbung verwenden wir Google AdSense, das Cookies verwendet, um relevante Anzeigen anzuzeigen und deren Wiederholung zu begrenzen. Weitere Informationen finden Sie in den FAQs von <a style=\" color:;\" href=\"https:\/\/support.google.com\/adsense\/answer\/3394713?hl=pt-BR\">Google AdSense<\/a>.<\/p>\n<\/div><div class=\"mx-5 sm:mx-0 prose leading-relaxed text-lg mb-5 text-left wp-paragraph\">\n<p>Werbung ist eine Finanzierungsquelle f\u00fcr die Website und zuk\u00fcnftige Entwicklungen. Verhaltensbezogene Werbe-Cookies zielen darauf ab, Ihnen relevante Werbung anzuzeigen. Dar\u00fcber hinaus helfen uns Affiliate-Tracking-Cookies dabei, zu erkennen, ob ein Benutzer \u00fcber einen Partner gelangt ist, und erm\u00f6glichen so eine entsprechende Gutschrift.<\/p>\n<\/div><div class=\"mx-5 sm:mx-0 prose leading-relaxed text-lg mb-5 text-left wp-paragraph\">\n<p>Partner-Cookies werden nicht von uns verwaltet, Benutzer k\u00f6nnen sie jedoch in den Einstellungen ihres Betriebssystems deaktivieren. Weiterleitungen auf Partnerseiten stellen keine direkte Beziehung dar. Unsere Datenschutzerkl\u00e4rung gilt nur f\u00fcr Besuche bei 100 Tecnologia.<\/p>\n<\/div><!--advertisement--><div class=\"mx-5 sm:mx-0 sm:text-3xl text-2xl font-medium title-font mb-4 text-gray-900 text-left\">\n<h2 id=\"h-ii-como-usamos-suas-informacoes\">II. Wie wir Ihre Informationen verwenden<\/h2>\n<\/div><div class=\"mx-5 sm:mx-0 prose leading-relaxed text-lg mb-5 text-left wp-paragraph\">\n<p>100 Tecnologia nutzt die \u00fcber die Website erhaltenen Informationen, um das Benutzererlebnis und die betriebliche Effizienz zu verbessern. Dazu geh\u00f6rt:<\/p>\n<\/div><div class=\"mx-5 sm:mx-0 prose text-left mb-5\">\n<ul><div class=\"mx-5 sm:mx-0 prose text-left mb-5\">\n<li>Pflegen Sie die Website, um ihre effiziente Funktionalit\u00e4t sicherzustellen.<\/li>\n<\/div>\n\n<div class=\"mx-5 sm:mx-0 prose text-left mb-5\">\n<li>Personalisieren und erweitern Sie das Angebot der Website und erf\u00fcllen Sie dabei die Bed\u00fcrfnisse und Vorlieben der Benutzer.<\/li>\n<\/div>\n\n<div class=\"mx-5 sm:mx-0 prose text-left mb-5\">\n<li>Analysieren Sie Benutzernutzungsmuster, um die Funktionalit\u00e4t und den Inhalt der Website anzupassen.<\/li>\n<\/div>\n\n<div class=\"mx-5 sm:mx-0 prose text-left mb-5\">\n<li>Entwickeln Sie neue Produkte, Dienstleistungen und Funktionen, abgestimmt auf wachsende Benutzeranforderungen und technologische Innovationen.<\/li>\n<\/div>\n\n<div class=\"mx-5 sm:mx-0 prose text-left mb-5\">\n<li>Interagieren Sie direkt mit Benutzern oder \u00fcber Partner und stellen Sie Kundensupport, Website-Updates und Informationen f\u00fcr Marketing und Werbeaktionen bereit.<\/li>\n<\/div>\n\n<div class=\"mx-5 sm:mx-0 prose text-left mb-5\">\n<li>Senden Sie E-Mails zu interessanten Themen wie Newslettern, Werbeaktionen und anderen Ank\u00fcndigungen.<\/li>\n<\/div>\n\n<div class=\"mx-5 sm:mx-0 prose text-left mb-5\">\n<li>Identifizieren und verhindern Sie betr\u00fcgerische Aktivit\u00e4ten, um die Sicherheit der Website und die Integrit\u00e4t der pers\u00f6nlichen Daten der Benutzer zu sch\u00fctzen.<\/li>\n<\/div><\/ul>\n<\/div><!--advertisement--><div class=\"mx-5 sm:mx-0 sm:text-3xl text-2xl font-medium title-font mb-4 text-gray-900 text-left\">\n<h2 id=\"h-iii-comprometimento-em-proteger-suas-informacoes\">III. Verpflichtung zum Schutz Ihrer Daten<\/h2>\n<\/div><div class=\"mx-5 sm:mx-0 prose leading-relaxed text-lg mb-5 text-left wp-paragraph\">\n<p>100 Tecnologia verkauft keine Benutzerinformationen. Allerdings k\u00f6nnen wir, wie bereits erw\u00e4hnt, Daten mit Partnern teilen, um die Benutzererfahrung zu verbessern und Strategien f\u00fcr unsere Produkte und Dienstleistungen zu entwickeln. Benutzer k\u00f6nnen gem\u00e4\u00df dem Allgemeinen Datenschutzgesetz (LGPD) entscheiden, dass ihre Daten nicht weitergegeben werden.<\/p>\n<\/div><div class=\"mx-5 sm:mx-0 prose leading-relaxed text-lg mb-5 text-left wp-paragraph\">\n<p>Wir bekr\u00e4ftigen unser Engagement f\u00fcr Sicherheit bei der Datenerfassung und -speicherung mit dem Ziel, das Benutzererlebnis zu verbessern und Strategien, Dienste und Produkte f\u00fcr die Website zu entwickeln.<\/p>\n<\/div><div class=\"mx-5 sm:mx-0 prose leading-relaxed text-lg mb-5 text-left wp-paragraph\">\n<p>Wir sind uns bewusst, dass eine vollst\u00e4ndige Datensicherheit im Internet nicht gew\u00e4hrleistet ist. Daher beh\u00e4lt sich 100 Tecnologia das Recht vor, rechtlich auf Datenschutzverletzungen durch b\u00f6swillige Dritte zu reagieren.<\/p>\n<\/div><!--advertisement--><div class=\"mx-5 sm:mx-0 sm:text-3xl text-2xl font-medium title-font mb-4 text-gray-900 text-left\">\n<h2 id=\"h-iv-exercitando-os-seus-direitos\">IV. Aus\u00fcbung Ihrer Rechte<\/h2>\n<\/div><div class=\"mx-5 sm:mx-0 prose leading-relaxed text-lg mb-5 text-left wp-paragraph\">\n<p><strong>1. Ihre Rechte<\/strong><\/p>\n<\/div><div class=\"mx-5 sm:mx-0 prose leading-relaxed text-lg mb-5 text-left wp-paragraph\">\n<p>Pers\u00f6nliche Daten werden von 100 Tecnologia nur dann erfasst, wenn dies f\u00fcr die Erbringung einer bestimmten Dienstleistung erforderlich ist. Diese Erhebung erfolgt fair und rechtm\u00e4\u00dfig, mit voller Transparenz und Zustimmung des Nutzers, und wir kl\u00e4ren den Zweck und die Verwendung dieser Daten auf.<\/p>\n<\/div><div class=\"mx-5 sm:mx-0 prose leading-relaxed text-lg mb-5 text-left wp-paragraph\">\n<p>Sie haben die M\u00f6glichkeit, Ihre personenbezogenen Daten nicht anzugeben, dies kann jedoch unsere M\u00f6glichkeiten zur Erbringung bestimmter Dienstleistungen einschr\u00e4nken. Wir geben Ihre pers\u00f6nlichen Daten nicht \u00f6ffentlich oder an Dritte weiter, es sei denn, dies ist gesetzlich vorgeschrieben. Wenn Sie die L\u00f6schung Ihrer personenbezogenen Daten aus unseren Aufzeichnungen w\u00fcnschen, kontaktieren Sie uns bitte.<\/p>\n<\/div><div class=\"mx-5 sm:mx-0 prose leading-relaxed text-lg mb-5 text-left wp-paragraph\">\n<p><strong>2. Richtlinie zur Datenaufbewahrung<\/strong><\/p>\n<\/div><div class=\"mx-5 sm:mx-0 prose leading-relaxed text-lg mb-5 text-left wp-paragraph\">\n<p>100 Tecnologia speichert die gesammelten Informationen nur f\u00fcr den Zeitraum, der f\u00fcr die Bereitstellung der angeforderten Dienstleistung erforderlich ist. Die Daten werden mit wirksamen Sicherheitsma\u00dfnahmen gespeichert, um Verlust, Diebstahl, unbefugten Zugriff, Offenlegung, Kopieren, Verwendung oder \u00c4nderung zu verhindern.<\/p>\n<\/div><!--advertisement--><div class=\"mx-5 sm:mx-0 sm:text-3xl text-2xl font-medium title-font mb-4 text-gray-900 text-left\">\n<h2 id=\"h-v-lei-geral-de-protecao-de-dados-lgpd\">V. Allgemeines Datenschutzgesetz (LGPD)<\/h2>\n<\/div><div class=\"mx-5 sm:mx-0 prose leading-relaxed text-lg mb-5 text-left wp-paragraph\">\n<p>In Brasilien gew\u00e4hrleistet das Allgemeine Datenschutzgesetz (LGPD) den Schutz der Benutzerdaten im Internet. Gem\u00e4\u00df der LGPD haben Nutzer das Recht, auf ihre gesammelten Daten zuzugreifen, deren L\u00f6schung zu verlangen und gegebenenfalls rechtliche Schritte gegen Unternehmen einzuleiten.<\/p>\n<\/div><div class=\"mx-5 sm:mx-0 prose leading-relaxed text-lg mb-5 text-left wp-paragraph\">\n<p>100 Tecnologia verpflichtet sich, alle notwendigen Informationen bereitzustellen und geeignete Verfahren zu erm\u00f6glichen, damit Benutzer ihre Rechte gem\u00e4\u00df der LGPD aus\u00fcben k\u00f6nnen. Zu diesem Zweck bieten wir einen direkten Kontaktkanal per E-Mail contato@100t.com.br an.<\/p>\n<\/div><!--advertisement--><div class=\"mx-5 sm:mx-0 sm:text-3xl text-2xl font-medium title-font mb-4 text-gray-900 text-left\">\n<h2 id=\"h-vi-avisos-parentais\">GESEHEN. Elternwarnungen<\/h2>\n<\/div><div class=\"mx-5 sm:mx-0 prose leading-relaxed text-lg mb-5 text-left wp-paragraph\">\n<p>100 Tecnologia hat in \u00dcbereinstimmung mit der LGPD nicht das Ziel, Daten von Kindern unter 18 Jahren zu sammeln, und fordert Eltern und Erziehungsberechtigte auf, die Internetnutzung von Kindern und Jugendlichen zu \u00fcberwachen.<\/p>\n<\/div><div class=\"mx-5 sm:mx-0 prose leading-relaxed text-lg mb-5 text-left wp-paragraph\">\n<p>Da wir uns der Schwierigkeit bewusst sind, das Alter der Nutzer zu \u00fcberpr\u00fcfen, verpflichten wir uns, alle personenbezogenen Daten von Minderj\u00e4hrigen sofort zu l\u00f6schen, sobald sie identifiziert werden.<\/p>\n<\/div><div class=\"mx-5 sm:mx-0 prose leading-relaxed text-lg mb-5 text-left wp-paragraph\">\n<p>Um Vorf\u00e4lle der Datenerfassung von Minderj\u00e4hrigen zu melden, k\u00f6nnen Eltern und Erziehungsberechtigte uns per E-Mail unter contato@100t.com.br kontaktieren, damit wir Ma\u00dfnahmen ergreifen k\u00f6nnen, um diese Informationen zu entfernen.<\/p>\n<\/div><!--advertisement--><div class=\"mx-5 sm:mx-0 sm:text-3xl text-2xl font-medium title-font mb-4 text-gray-900 text-left\">\n<h2 id=\"h-vii-revisao-da-nossa-politica-de-privacidade\">VII. \u00dcberpr\u00fcfung unserer Datenschutzrichtlinie<\/h2>\n<\/div><div class=\"mx-5 sm:mx-0 prose leading-relaxed text-lg mb-5 text-left wp-paragraph\">\n<p>100 Tecnologia beh\u00e4lt sich das Recht vor, seine Datenschutzrichtlinie bei Bedarf zu \u00e4ndern, um sie an neue Technologien, Gesetze oder betriebliche \u00c4nderungen anzupassen.<\/p>\n<\/div><div class=\"mx-5 sm:mx-0 prose leading-relaxed text-lg mb-5 text-left wp-paragraph\">\n<p>Wir sind bestrebt, unseren Nutzern alle \u00c4nderungen klar und zeitnah mitzuteilen. Wir empfehlen Ihnen, unsere Datenschutzrichtlinie regelm\u00e4\u00dfig zu lesen, um \u00fcber den Schutz Ihrer Daten auf dem Laufenden zu bleiben. Indem Sie unsere Dienste nach \u00c4nderungen weiterhin nutzen, stimmen Sie den neuen Bedingungen zu.<\/p>\n<\/div><!--advertisement--><div class=\"mx-5 sm:mx-0 sm:text-3xl text-2xl font-medium title-font mb-4 text-gray-900 text-left\">\n<h2 id=\"h-viii-nossas-informacoes-de-contato\">VIII. Unsere Kontaktinformationen<\/h2>\n<\/div><div class=\"mx-5 sm:mx-0 prose leading-relaxed text-lg mb-5 text-left wp-paragraph\">\n<p>Wenn Sie Fragen oder Anmerkungen zur Datenschutzrichtlinie haben, Bedenken hinsichtlich Ihrer personenbezogenen Daten, unserer Methoden zur Datenerfassung und -weitergabe haben oder Ihre Einwilligungspr\u00e4ferenzen besprechen m\u00f6chten, kontaktieren Sie uns bitte unter contato@100t.com.br.<\/p>\n<\/div><div class=\"mx-5 sm:mx-0 prose leading-relaxed text-lg mb-5 text-left wp-paragraph\">\n<p>RubikTech O\u00dc<\/p>\n<\/div><div class=\"mx-5 sm:mx-0 prose leading-relaxed text-lg mb-5 text-left wp-paragraph\">\n<p>Registrierungscode: 16826788<\/p>\n<\/div><div class=\"mx-5 sm:mx-0 prose leading-relaxed text-lg mb-5 text-left wp-paragraph\">\n<p>Estland.<\/p>\n<\/div>","protected":false},"excerpt":{"rendered":"<p>Atualizada em 17 de Novembro de 2023. Introdu\u00e7\u00e3o e Sum\u00e1rio O site \u00e9 propriedade e operado pela Rubiktech O\u00dc, uma empresa registrada na Est\u00f4nia sob o n\u00famero de registro 16826788. O site 100 Tecnologia, acess\u00edvel em https:\/\/100t.com.br, oferece uma ampla gama de conte\u00fados, incluindo not\u00edcias atualizadas e promo\u00e7\u00f5es de diversos produtos e servi\u00e7os. Al\u00e9m disso,&hellip; <a class=\"more-link\" href=\"https:\/\/100t.com.br\/de\/privacy\/\">Weiterlesen <span class=\"screen-reader-text\">Datenschutzrichtlinie \u2013 100 Tecnologia<\/span><\/a><\/p>","protected":false},"author":4,"featured_media":0,"parent":0,"menu_order":0,"comment_status":"closed","ping_status":"closed","template":"","meta":[],"yoast_head":"<!-- This site is optimized with the Yoast SEO Premium plugin v18.7 (Yoast SEO v19.1) - https:\/\/yoast.com\/wordpress\/plugins\/seo\/ -->\n<title>Pol\u00edtica de Privacidade - 100 Tecnologia - 100 Tech<\/title>\n<meta name=\"robots\" content=\"index, follow, max-snippet:-1, max-image-preview:large, max-video-preview:-1\" \/>\n<link rel=\"canonical\" href=\"https:\/\/100t.com.br\/de\/privacy\/\" \/>\n<meta property=\"og:locale\" content=\"de_DE\" \/>\n<meta property=\"og:type\" content=\"article\" \/>\n<meta property=\"og:title\" content=\"Pol\u00edtica de Privacidade - 100 Tecnologia\" \/>\n<meta property=\"og:description\" content=\"Atualizada em 17 de Novembro de 2023. Introdu\u00e7\u00e3o e Sum\u00e1rio O site \u00e9 propriedade e operado pela Rubiktech O\u00dc, uma empresa registrada na Est\u00f4nia sob o n\u00famero de registro 16826788. O site 100 Tecnologia, acess\u00edvel em https:\/\/100t.com.br, oferece uma ampla gama de conte\u00fados, incluindo not\u00edcias atualizadas e promo\u00e7\u00f5es de diversos produtos e servi\u00e7os. Al\u00e9m disso,&hellip; Continue reading Pol\u00edtica de Privacidade &#8211; 100 Tecnologia\" \/>\n<meta property=\"og:url\" content=\"https:\/\/100t.com.br\/de\/privacy\/\" \/>\n<meta property=\"og:site_name\" content=\"100 Tech\" \/>\n<meta property=\"article:modified_time\" content=\"2026-01-15T14:15:08+00:00\" \/>\n<meta name=\"twitter:card\" content=\"summary_large_image\" \/>\n<meta name=\"twitter:label1\" content=\"Est. reading time\" \/>\n\t<meta name=\"twitter:data1\" content=\"9 minutes\" \/>\n<script type=\"application\/ld+json\" class=\"yoast-schema-graph\">{\"@context\":\"https:\/\/schema.org\",\"@graph\":[{\"@type\":\"WebSite\",\"@id\":\"https:\/\/100t.com.br\/#website\",\"url\":\"https:\/\/100t.com.br\/\",\"name\":\"100 Tech\",\"description\":\"Tecnologia e Informa\u00e7\u00e3o\",\"potentialAction\":[{\"@type\":\"SearchAction\",\"target\":{\"@type\":\"EntryPoint\",\"urlTemplate\":\"https:\/\/100t.com.br\/?s={search_term_string}\"},\"query-input\":\"required name=search_term_string\"}],\"inLanguage\":\"de-DE\"},{\"@type\":\"WebPage\",\"@id\":\"https:\/\/100t.com.br\/privacy\/#webpage\",\"url\":\"https:\/\/100t.com.br\/privacy\/\",\"name\":\"Pol\u00edtica de Privacidade - 100 Tecnologia - 100 Tech\",\"isPartOf\":{\"@id\":\"https:\/\/100t.com.br\/#website\"},\"datePublished\":\"2023-03-31T16:22:41+00:00\",\"dateModified\":\"2026-01-15T14:15:08+00:00\",\"breadcrumb\":{\"@id\":\"https:\/\/100t.com.br\/privacy\/#breadcrumb\"},\"inLanguage\":\"de-DE\",\"potentialAction\":[{\"@type\":\"ReadAction\",\"target\":[\"https:\/\/100t.com.br\/privacy\/\"]}]},{\"@type\":\"BreadcrumbList\",\"@id\":\"https:\/\/100t.com.br\/privacy\/#breadcrumb\",\"itemListElement\":[{\"@type\":\"ListItem\",\"position\":1,\"name\":\"Home\",\"item\":\"https:\/\/100t.com.br\/de\/\"},{\"@type\":\"ListItem\",\"position\":2,\"name\":\"Pol\u00edtica de Privacidade &#8211; 100 Tecnologia\"}]}]}<\/script>\n<!-- \/ Yoast SEO Premium plugin. -->","yoast_head_json":{"title":"Pol\u00edtica de Privacidade - 100 Tecnologia - 100 Tech","robots":{"index":"index","follow":"follow","max-snippet":"max-snippet:-1","max-image-preview":"max-image-preview:large","max-video-preview":"max-video-preview:-1"},"canonical":"https:\/\/100t.com.br\/de\/privacy\/","og_locale":"de_DE","og_type":"article","og_title":"Pol\u00edtica de Privacidade - 100 Tecnologia","og_description":"Atualizada em 17 de Novembro de 2023. Introdu\u00e7\u00e3o e Sum\u00e1rio O site \u00e9 propriedade e operado pela Rubiktech O\u00dc, uma empresa registrada na Est\u00f4nia sob o n\u00famero de registro 16826788. O site 100 Tecnologia, acess\u00edvel em https:\/\/100t.com.br, oferece uma ampla gama de conte\u00fados, incluindo not\u00edcias atualizadas e promo\u00e7\u00f5es de diversos produtos e servi\u00e7os. Al\u00e9m disso,&hellip; Continue reading Pol\u00edtica de Privacidade &#8211; 100 Tecnologia","og_url":"https:\/\/100t.com.br\/de\/privacy\/","og_site_name":"100 Tech","article_modified_time":"2026-01-15T14:15:08+00:00","twitter_card":"summary_large_image","twitter_misc":{"Est. reading time":"9 minutes"},"schema":{"@context":"https:\/\/schema.org","@graph":[{"@type":"WebSite","@id":"https:\/\/100t.com.br\/#website","url":"https:\/\/100t.com.br\/","name":"100 Tech","description":"Tecnologia e Informa\u00e7\u00e3o","potentialAction":[{"@type":"SearchAction","target":{"@type":"EntryPoint","urlTemplate":"https:\/\/100t.com.br\/?s={search_term_string}"},"query-input":"required name=search_term_string"}],"inLanguage":"de-DE"},{"@type":"WebPage","@id":"https:\/\/100t.com.br\/privacy\/#webpage","url":"https:\/\/100t.com.br\/privacy\/","name":"Pol\u00edtica de Privacidade - 100 Tecnologia - 100 Tech","isPartOf":{"@id":"https:\/\/100t.com.br\/#website"},"datePublished":"2023-03-31T16:22:41+00:00","dateModified":"2026-01-15T14:15:08+00:00","breadcrumb":{"@id":"https:\/\/100t.com.br\/privacy\/#breadcrumb"},"inLanguage":"de-DE","potentialAction":[{"@type":"ReadAction","target":["https:\/\/100t.com.br\/privacy\/"]}]},{"@type":"BreadcrumbList","@id":"https:\/\/100t.com.br\/privacy\/#breadcrumb","itemListElement":[{"@type":"ListItem","position":1,"name":"Home","item":"https:\/\/100t.com.br\/de\/"},{"@type":"ListItem","position":2,"name":"Pol\u00edtica de Privacidade &#8211; 100 Tecnologia"}]}]}},"_links":{"self":[{"href":"https:\/\/100t.com.br\/de\/wp-json\/wp\/v2\/pages\/4828"}],"collection":[{"href":"https:\/\/100t.com.br\/de\/wp-json\/wp\/v2\/pages"}],"about":[{"href":"https:\/\/100t.com.br\/de\/wp-json\/wp\/v2\/types\/page"}],"author":[{"embeddable":true,"href":"https:\/\/100t.com.br\/de\/wp-json\/wp\/v2\/users\/4"}],"replies":[{"embeddable":true,"href":"https:\/\/100t.com.br\/de\/wp-json\/wp\/v2\/comments?post=4828"}],"version-history":[{"count":0,"href":"https:\/\/100t.com.br\/de\/wp-json\/wp\/v2\/pages\/4828\/revisions"}],"wp:attachment":[{"href":"https:\/\/100t.com.br\/de\/wp-json\/wp\/v2\/media?parent=4828"}],"curies":[{"name":"wp","href":"https:\/\/api.w.org\/{rel}","templated":true}]}}