{"id":4836,"date":"2023-03-31T17:35:45","date_gmt":"2023-03-31T17:35:45","guid":{"rendered":"https:\/\/100t.com.br\/?page_id=4836"},"modified":"2025-07-25T19:36:23","modified_gmt":"2025-07-25T19:36:23","slug":"about","status":"publish","type":"page","link":"https:\/\/100t.com.br\/cs\/about\/","title":{"rendered":"O n\u00e1s"},"content":{"rendered":"<!--advertisement--><div class=\"mx-5 sm:mx-0 sm:text-3xl text-2xl font-medium title-font mb-4 text-gray-900 text-left\">\n<h2 id=\"h-informacao-inteligente-para-quem-quer-estar-sempre-a-frente\">Inteligentn\u00ed informace pro ty, kte\u0159\u00ed cht\u011bj\u00ed b\u00fdt v\u017edy o krok nap\u0159ed.<\/h2>\n<\/div><div class=\"mx-5 sm:mx-0 prose leading-relaxed text-lg mb-5 text-left wp-paragraph\">\n<p>Technologie je v\u0161ude \u2013 v aplikaci, kter\u00e1 zjednodu\u0161uje va\u0161i rutinu, ve sportu, kter\u00fd sledujete, na cest\u011b, kterou pl\u00e1nujete, nebo dokonce v pracovn\u00ed nab\u00eddce, kter\u00e1 by v\u00e1m mohla zm\u011bnit \u017eivot. <strong>100 Tech<\/strong> Existuje proto, aby v\u00e1s s t\u00edm v\u0161\u00edm propojil jednoduch\u00fdm, rychl\u00fdm a u\u017eite\u010dn\u00fdm zp\u016fsobem.<\/p>\n<\/div><!--advertisement--><div class=\"mx-5 sm:mx-0 sm:text-3xl text-2xl font-medium title-font mb-4 text-gray-900 text-left\">\n<h2>Kdo jsme?<\/h2>\n<\/div><div class=\"mx-5 sm:mx-0 prose leading-relaxed text-lg mb-5 text-left wp-paragraph\">\n<p>RubikTech je spole\u010dnost zab\u00fdvaj\u00edc\u00ed se obsahem a informacemi, kter\u00e1 se zav\u00e1zala k trval\u00e9mu poskytov\u00e1n\u00ed nejlep\u0161\u00edho obsahu jasn\u00fdm a aktu\u00e1ln\u00edm zp\u016fsobem.<\/p>\n<\/div><div class=\"mx-5 sm:mx-0 prose leading-relaxed text-lg mb-5 text-left wp-paragraph\">\n<p>Diskutujeme o trendech ve sv\u011bt\u011b aplikac\u00ed, doporu\u010dujeme nejlep\u0161\u00ed digit\u00e1ln\u00ed n\u00e1stroje pro ty, kte\u0159\u00ed hledaj\u00ed voln\u00fd \u010das, pr\u00e1ci nebo pohodl\u00ed, a pono\u0159ujeme se do trend\u016f, kter\u00e9 formuj\u00ed sou\u010dasnost i budoucnost.<\/p>\n<\/div><!--advertisement--><div class=\"mx-5 sm:mx-0 sm:text-3xl text-2xl font-medium title-font mb-4 text-gray-900 text-left\">\n<h2>Co d\u011bl\u00e1me<\/h2>\n<\/div><div class=\"mx-5 sm:mx-0 prose text-left mb-5\">\n<ul><div class=\"mx-5 sm:mx-0 prose text-left mb-5\">\n<li><strong>Doporu\u010dujeme u\u017eite\u010dn\u00e9 a aktu\u00e1ln\u00ed aplikace.<\/strong>Produktivita, zdrav\u00ed, z\u00e1bava a dal\u0161\u00ed.<\/li>\n<\/div>\n\n<div class=\"mx-5 sm:mx-0 prose text-left mb-5\">\n<li><strong>Propojujeme v\u00e1s s trendy ve sportu a z\u00e1bav\u011b.<\/strong>, se zam\u011b\u0159en\u00edm na digit\u00e1ln\u00ed platformy.<\/li>\n<\/div>\n\n<div class=\"mx-5 sm:mx-0 prose text-left mb-5\">\n<li><strong>Ukazujeme, jak technologie otev\u00edraj\u00ed dve\u0159e t\u011bm, kte\u0159\u00ed cht\u011bj\u00ed pracovat, cestovat nebo za\u010d\u00edt podnikat.<\/strong><\/li>\n<\/div>\n\n<div class=\"mx-5 sm:mx-0 prose text-left mb-5\">\n<li><strong>V\u0161echno jsme srozumiteln\u011b vysv\u011btlili.<\/strong>P\u0159\u00edm\u00fd, p\u0159\u00edstupn\u00fd a spolehliv\u00fd obsah.<\/li>\n<\/div><\/ul>\n<\/div><div class=\"mx-5 sm:mx-0 prose leading-relaxed text-lg mb-5 text-left wp-paragraph\">\n<p>Na\u0161\u00edm z\u00e1vazkem je pom\u00e1hat v\u00e1m \u010dinit lep\u0161\u00ed rozhodnut\u00ed, \u0161et\u0159it \u010das a vyt\u011b\u017eit maximum ze v\u0161eho, co technologie nab\u00edz\u00ed.<\/p>\n<\/div><!--advertisement--><div class=\"mx-5 sm:mx-0 sm:text-3xl text-2xl font-medium title-font mb-4 text-gray-900 text-left\">\n<h3>Pr\u00e1vn\u00ed upozorn\u011bn\u00ed<\/h3>\n<\/div><div class=\"mx-5 sm:mx-0 prose leading-relaxed text-lg mb-5 text-left wp-paragraph\">\n<p>\u00d3 <strong>100 Tech<\/strong> Toto je port\u00e1l s v\u00fdhradn\u011b informativn\u00edm charakterem. Nem\u00e1me \u017e\u00e1dn\u00e9 komer\u010dn\u00ed vazby na produkty, aplikace ani spole\u010dnosti zm\u00edn\u011bn\u00e9 v na\u0161em obsahu. Ve\u0161ker\u00e1 doporu\u010den\u00ed jsou vytv\u00e1\u0159ena nez\u00e1visle s c\u00edlem pomoci na\u0161im \u010dten\u00e1\u0159\u016fm \u010dinit v\u011bdom\u011bj\u0161\u00ed a informovan\u011bj\u0161\u00ed rozhodnut\u00ed v digit\u00e1ln\u00edm sv\u011bt\u011b.<\/p>\n<\/div><!--advertisement--><div class=\"mx-5 sm:mx-0 sm:text-3xl text-2xl font-medium title-font mb-4 text-gray-900 text-left\">\n<h2>Pomozte n\u00e1m zlep\u0161it se<\/h2>\n<\/div><div class=\"mx-5 sm:mx-0 prose leading-relaxed text-lg mb-5 text-left wp-paragraph\">\n<p>V\u00e1\u017e\u00edme si va\u0161ich n\u00e1pad\u016f a n\u00e1vrh\u016f, abychom se mohli d\u00e1le zlep\u0161ovat. Pod\u011blte se s n\u00e1mi o sv\u00e9 n\u00e1zory!<\/p>\n<\/div>","protected":false},"excerpt":{"rendered":"<p>Inteligentn\u00ed informace pro ty, kte\u0159\u00ed cht\u011bj\u00ed b\u00fdt v\u017edy o krok nap\u0159ed. Technologie je v\u0161ude \u2013 v aplikaci, kter\u00e1 zjednodu\u0161uje va\u0161i rutinu, ve sportu, kter\u00fd sledujete, na pl\u00e1novan\u00e9 cest\u011b, nebo dokonce v pracovn\u00ed nab\u00eddce, kter\u00e1 by v\u00e1m mohla zm\u011bnit \u017eivot. 100 Tech existuje proto, aby v\u00e1s s t\u00edm v\u0161\u00edm propojila jednoduch\u00fdm a rychl\u00fdm zp\u016fsobem\u2026 <a class=\"more-link\" href=\"https:\/\/100t.com.br\/cs\/about\/\">pokra\u010dovat ve \u010dten\u00ed <span class=\"screen-reader-text\">O n\u00e1s<\/span><\/a><\/p>","protected":false},"author":4,"featured_media":0,"parent":0,"menu_order":0,"comment_status":"closed","ping_status":"closed","template":"","meta":[],"yoast_head":"<!-- This site is optimized with the Yoast SEO Premium plugin v18.7 (Yoast SEO v19.1) - https:\/\/yoast.com\/wordpress\/plugins\/seo\/ -->\n<title>Sobre N\u00f3s - 100 Tech<\/title>\n<meta name=\"robots\" content=\"index, follow, max-snippet:-1, max-image-preview:large, max-video-preview:-1\" \/>\n<link rel=\"canonical\" href=\"https:\/\/100t.com.br\/cs\/about\/\" \/>\n<meta property=\"og:locale\" content=\"cs_CZ\" \/>\n<meta property=\"og:type\" content=\"article\" \/>\n<meta property=\"og:title\" content=\"Sobre N\u00f3s\" \/>\n<meta property=\"og:description\" content=\"Informa\u00e7\u00e3o inteligente para quem quer estar sempre \u00e0 frente A tecnologia est\u00e1 em tudo \u2014 no app que facilita sua rotina, no esporte que voc\u00ea acompanha, na viagem que planeja ou at\u00e9 naquela vaga de emprego que pode mudar sua vida. O 100 Tech existe para conectar voc\u00ea a tudo isso de forma simples, r\u00e1pida&hellip; Continue reading Sobre N\u00f3s\" \/>\n<meta property=\"og:url\" content=\"https:\/\/100t.com.br\/cs\/about\/\" \/>\n<meta property=\"og:site_name\" content=\"100 Tech\" \/>\n<meta property=\"article:modified_time\" content=\"2025-07-25T19:36:23+00:00\" \/>\n<meta name=\"twitter:card\" content=\"summary_large_image\" \/>\n<meta name=\"twitter:label1\" content=\"Est. reading time\" \/>\n\t<meta name=\"twitter:data1\" content=\"2 minutes\" \/>\n<script type=\"application\/ld+json\" class=\"yoast-schema-graph\">{\"@context\":\"https:\/\/schema.org\",\"@graph\":[{\"@type\":\"WebSite\",\"@id\":\"https:\/\/100t.com.br\/#website\",\"url\":\"https:\/\/100t.com.br\/\",\"name\":\"100 Tech\",\"description\":\"Tecnologia e Informa\u00e7\u00e3o\",\"potentialAction\":[{\"@type\":\"SearchAction\",\"target\":{\"@type\":\"EntryPoint\",\"urlTemplate\":\"https:\/\/100t.com.br\/?s={search_term_string}\"},\"query-input\":\"required name=search_term_string\"}],\"inLanguage\":\"cs-CZ\"},{\"@type\":\"WebPage\",\"@id\":\"https:\/\/100t.com.br\/about\/#webpage\",\"url\":\"https:\/\/100t.com.br\/about\/\",\"name\":\"Sobre N\u00f3s - 100 Tech\",\"isPartOf\":{\"@id\":\"https:\/\/100t.com.br\/#website\"},\"datePublished\":\"2023-03-31T17:35:45+00:00\",\"dateModified\":\"2025-07-25T19:36:23+00:00\",\"breadcrumb\":{\"@id\":\"https:\/\/100t.com.br\/about\/#breadcrumb\"},\"inLanguage\":\"cs-CZ\",\"potentialAction\":[{\"@type\":\"ReadAction\",\"target\":[\"https:\/\/100t.com.br\/about\/\"]}]},{\"@type\":\"BreadcrumbList\",\"@id\":\"https:\/\/100t.com.br\/about\/#breadcrumb\",\"itemListElement\":[{\"@type\":\"ListItem\",\"position\":1,\"name\":\"Home\",\"item\":\"https:\/\/100t.com.br\/cs\/\"},{\"@type\":\"ListItem\",\"position\":2,\"name\":\"Sobre N\u00f3s\"}]}]}<\/script>\n<!-- \/ Yoast SEO Premium plugin. -->","yoast_head_json":{"title":"Sobre N\u00f3s - 100 Tech","robots":{"index":"index","follow":"follow","max-snippet":"max-snippet:-1","max-image-preview":"max-image-preview:large","max-video-preview":"max-video-preview:-1"},"canonical":"https:\/\/100t.com.br\/cs\/about\/","og_locale":"cs_CZ","og_type":"article","og_title":"Sobre N\u00f3s","og_description":"Informa\u00e7\u00e3o inteligente para quem quer estar sempre \u00e0 frente A tecnologia est\u00e1 em tudo \u2014 no app que facilita sua rotina, no esporte que voc\u00ea acompanha, na viagem que planeja ou at\u00e9 naquela vaga de emprego que pode mudar sua vida. O 100 Tech existe para conectar voc\u00ea a tudo isso de forma simples, r\u00e1pida&hellip; Continue reading Sobre N\u00f3s","og_url":"https:\/\/100t.com.br\/cs\/about\/","og_site_name":"100 Tech","article_modified_time":"2025-07-25T19:36:23+00:00","twitter_card":"summary_large_image","twitter_misc":{"Est. reading time":"2 minutes"},"schema":{"@context":"https:\/\/schema.org","@graph":[{"@type":"WebSite","@id":"https:\/\/100t.com.br\/#website","url":"https:\/\/100t.com.br\/","name":"100 Tech","description":"Tecnologia e Informa\u00e7\u00e3o","potentialAction":[{"@type":"SearchAction","target":{"@type":"EntryPoint","urlTemplate":"https:\/\/100t.com.br\/?s={search_term_string}"},"query-input":"required name=search_term_string"}],"inLanguage":"cs-CZ"},{"@type":"WebPage","@id":"https:\/\/100t.com.br\/about\/#webpage","url":"https:\/\/100t.com.br\/about\/","name":"Sobre N\u00f3s - 100 Tech","isPartOf":{"@id":"https:\/\/100t.com.br\/#website"},"datePublished":"2023-03-31T17:35:45+00:00","dateModified":"2025-07-25T19:36:23+00:00","breadcrumb":{"@id":"https:\/\/100t.com.br\/about\/#breadcrumb"},"inLanguage":"cs-CZ","potentialAction":[{"@type":"ReadAction","target":["https:\/\/100t.com.br\/about\/"]}]},{"@type":"BreadcrumbList","@id":"https:\/\/100t.com.br\/about\/#breadcrumb","itemListElement":[{"@type":"ListItem","position":1,"name":"Home","item":"https:\/\/100t.com.br\/cs\/"},{"@type":"ListItem","position":2,"name":"Sobre N\u00f3s"}]}]}},"_links":{"self":[{"href":"https:\/\/100t.com.br\/cs\/wp-json\/wp\/v2\/pages\/4836"}],"collection":[{"href":"https:\/\/100t.com.br\/cs\/wp-json\/wp\/v2\/pages"}],"about":[{"href":"https:\/\/100t.com.br\/cs\/wp-json\/wp\/v2\/types\/page"}],"author":[{"embeddable":true,"href":"https:\/\/100t.com.br\/cs\/wp-json\/wp\/v2\/users\/4"}],"replies":[{"embeddable":true,"href":"https:\/\/100t.com.br\/cs\/wp-json\/wp\/v2\/comments?post=4836"}],"version-history":[{"count":0,"href":"https:\/\/100t.com.br\/cs\/wp-json\/wp\/v2\/pages\/4836\/revisions"}],"wp:attachment":[{"href":"https:\/\/100t.com.br\/cs\/wp-json\/wp\/v2\/media?parent=4836"}],"curies":[{"name":"wp","href":"https:\/\/api.w.org\/{rel}","templated":true}]}}